{"id":40413,"date":"2024-09-20T12:40:27","date_gmt":"2024-09-20T10:40:27","guid":{"rendered":"https:\/\/www.apiagentura.gov.cz\/?page_id=40413"},"modified":"2026-04-07T13:27:25","modified_gmt":"2026-04-07T11:27:25","slug":"aplikace-mezinarodni-spoluprace","status":"publish","type":"page","link":"https:\/\/apiagentura.gov.cz\/cs\/podporovane-aktivity-optak\/aplikace-optak\/aplikace-mezinarodni-spoluprace\/","title":{"rendered":"Aplikace &#8211; Mezin\u00e1rodn\u00ed spolupr\u00e1ce"},"content":{"rendered":"<p><strong>Upozorn\u011bn\u00ed pro \u017eadatele a p\u0159\u00edjemce:<\/strong><\/p>\n<p><strong>5. 3. 2026:<\/strong> MPO zve\u0159ejnilo podklady k povinnosti p\u0159\u00edjemc\u016f zpracovat informace o v\u00fdstupech projektu v Rejst\u0159\u00edku informac\u00ed o v\u00fdsledc\u00edch (sou\u010d\u00e1st Informa\u010dn\u00edho syst\u00e9mu v\u00fdzkumu, v\u00fdvoje a inovac\u00ed (IS VaVaI), kter\u00fd shroma\u017e\u010fuje informace o v\u00fdzkumu, v\u00fdvoji a inovac\u00edch).<\/p>\n<p><strong>12. 1. 2026:<\/strong> <strong>Ministerstvo pr\u016fmyslu a obchodu informovalo o zve\u0159ejn\u011bn\u00ed aktualizovan\u00fdch dokument\u016f k v\u00fdzv\u011b Aplikace \u2013 mezin\u00e1rodn\u00ed spolupr\u00e1ce.<\/strong>\u00a0Aktualizace se t\u00fdk\u00e1 zejm\u00e9na: roz\u0161\u00ed\u0159en\u00ed mo\u017enost\u00ed mezin\u00e1rodn\u00ed spolupr\u00e1ce o\u00a0s\u00ed\u0165\u00a0<strong>Cornet<\/strong>\u00a0a\u00a0<strong>\u0160v\u00fdcarsko<\/strong><strong>;\u00a0<\/strong>a<strong>\u00a0<\/strong>roz\u0161\u00ed\u0159en\u00ed mo\u017en\u00fdch v\u00fdstup\u016f projektu o\u00a0<strong>digit\u00e1ln\u00ed \u0159e\u0161en\u00ed<\/strong>. Uveden\u00e9 zm\u011bny se vztahuj\u00ed<strong>\u00a0na nov\u011b podan\u00e9 projektov\u00e9 \u017e\u00e1dosti<\/strong><strong>.\u00a0<\/strong>Pro zaji\u0161t\u011bn\u00ed p\u0159ehlednosti jsou aktualizovan\u00e9 dokumenty zve\u0159ejn\u011bny formou\u00a0<strong>revidovan\u00fdch verz\u00ed<\/strong><strong>.<\/strong><\/p>\n<p>\u017dadatele zapojen\u00e9 do\u00a0spolupr\u00e1ce v\u00a0r\u00e1mci s\u00edt\u011b\u00a0<strong>Cornet<\/strong>\u00a0upozor\u0148ujeme na\u00a0<strong>specifickou verzi tabulky rozpo\u010dtov\u00fdch polo\u017eek<\/strong>, kterou je nutn\u00e9 p\u0159i\u00a0p\u0159\u00edprav\u011b \u017e\u00e1dosti pou\u017e\u00edt.<\/p>\n<p><strong>5. 1. 2026:<\/strong> Ministerstvo pr\u016fmyslu a obchodu informovalo o vyd\u00e1n\u00ed P\u0159\u00edlohy \u010d. 4 \u2013 Vzoru Rozhodnut\u00ed o poskytnut\u00ed podpory, \u010destn\u00fdch prohl\u00e1\u0161en\u00ed k RoPD a p\u0159\u00edlohy RoPD \u2013 seznam partner\u016f projektu.<\/p>\n<p><span data-olk-copy-source=\"MessageBody\"><strong>10. 7. 2025:<\/strong> \u0158\u00edd\u00edc\u00ed org\u00e1n OP TAK vydal nov\u00fd informa\u010dn\u00ed dokumentu pro p\u0159\u00edjemce dotace s n\u00e1zvem <strong>P\u0159ehled nej\u010dast\u011bj\u0161\u00edch \u017e\u00e1dost\u00ed o zm\u011bnu v aktivit\u011b Aplikace<\/strong>. Pros\u00edme p\u0159\u00edjemce o vyu\u017e\u00edv\u00e1n\u00ed a aplikov\u00e1n\u00ed dokumentu pro uleh\u010den\u00ed cel\u00e9ho procesu administrace \u017e\u00e1dosti o zm\u011bnu.<\/span><\/p>\n<p><strong>5. 6. 2025:<\/strong> MPO informuje o vyhl\u00e1\u0161en\u00ed 36. v\u00fdzvy s\u00edt\u011b IraSME, kter\u00e1 je otev\u0159ena do 24. z\u00e1\u0159\u00ed 2025. Pro z\u00e1jemce o tuto formu mezin\u00e1rodn\u00ed spolupr\u00e1ce jsou podrobn\u00e9 informace <a href=\"https:\/\/eur06.safelinks.protection.outlook.com\/?url=https%3A%2F%2Foptak.gov.cz%2Fvyhlaseni-36-vyzvy-site-irasme%2Fa-533%2F&amp;data=05%7C02%7CAdela.Maskova%40agentura-api.org%7C9406ed995504411035cb08dda417e7ca%7C7f4d05a7f98a45789ef7f80fe5d8a22b%7C0%7C0%7C638847144798776868%7CUnknown%7CTWFpbGZsb3d8eyJFbXB0eU1hcGkiOnRydWUsIlYiOiIwLjAuMDAwMCIsIlAiOiJXaW4zMiIsIkFOIjoiTWFpbCIsIldUIjoyfQ%3D%3D%7C0%7C%7C%7C&amp;sdata=JvYAAqtOHQ%2FI1YYohURfE%2F9pD6cp7niw%2F483DnrANAA%3D&amp;reserved=0\">zde<\/a>.<\/p>\n<p><strong>5. 3. 2025:<\/strong> Upozor\u0148ujeme p\u0159\u00edjemce, \u017ee pro V\u00fdzvu Aplikace \u2013 Mezin\u00e1rodn\u00ed spolupr\u00e1ce plat\u00ed P\u0159\u00edloha \u010d. 9 Pravidel pro \u017eadatele a p\u0159\u00edjemce \u2013 obecn\u00e1 \u010d\u00e1st \u2013 Mzdov\u00e1 tabulka pro OP TAK \u2013 Aplikace \u2013 s \u00fa\u010dinnost\u00ed od 28.2.2025 zve\u0159ejn\u011bnou <a href=\"https:\/\/apiagentura.gov.cz\/cs\/metodika-op-tak\/\">zde<\/a> (s limitem 3. kvartil).<\/p>\n<p>P\u0159edstaven\u00ed aktu\u00e1ln\u011b vyhl\u00e1\u0161en\u00e9 v\u00fdzvy Aplikace &#8211; Mezin\u00e1rodn\u00ed spolupr\u00e1ce a IraSME <a class=\"btn\" href=\"https:\/\/www.youtube.com\/watch?v=4sJHtLWzvBo&amp;feature=youtu.be\">Z\u00c1ZNAM WEBIN\u00c1\u0158E<\/a><\/p>\n<p><strong>Informace o vyhl\u00e1\u0161en\u00ed 37. v\u00fdzvy s\u00edt\u011b IraSME, kter\u00e1 je otev\u0159ena do 25. b\u0159ezna 2026, naleznete <a href=\"https:\/\/apiagentura.gov.cz\/cs\/vyhlaseni-37-vyzvy-site-irasme\/\">zde<\/a>.<\/strong><\/p>\n<p><strong>1. 10. 2024:<\/strong> Ministerstvo pr\u016fmyslu a obchodu jako \u0158\u00edd\u00edc\u00ed org\u00e1n OP TAK informovalo o <strong>aktualizaci p\u0159\u00edlohy v\u00fdzvy \u010d. 6 Tabulky rozpo\u010dtov\u00fdch polo\u017eek<\/strong>, z\u00a0d\u016fvodu \u00fapravy v\u00fdpo\u010dtu polo\u017eky \u201eOstatn\u00ed re\u017eie\u201c a zve\u0159ejn\u011bn\u00ed P\u0159\u00edru\u010dky pro pod\u00e1n\u00ed \u017e\u00e1dosti o podporu. Pros\u00edme \u017eadatele o vyu\u017e\u00edvan\u00ed nov\u00e9 verze tabulky.<\/p>\n<table class=\"call-detail\" style=\"height: 278px; width: 70.479%;\" width=\"749\">\n<tbody>\n<tr style=\"height: 24px;\">\n<td style=\"width: 33.3333%; height: 24px;\" rowspan=\"2\"><strong>Na co lze z\u00edskat podporu<\/strong>\u00a0(podporovan\u00e9 aktivity):<\/p>\n<ul>\n<li>Realizace pr\u016fmyslov\u00e9ho v\u00fdzkumu a experiment\u00e1ln\u00edho v\u00fdvoje realizovan\u00e9 ve\u202fspolupr\u00e1ci s alespo\u0148 jedn\u00edm zahrani\u010dn\u00edm partnerem.<\/li>\n<\/ul>\n<p><strong>Kdo m\u016f\u017ee \u017e\u00e1dat (p\u0159\u00edjemci podpory):<\/strong><\/p>\n<ul>\n<li>MSP,<\/li>\n<li>spole\u010dnost se st\u0159edn\u00ed tr\u017en\u00ed kapitalizac\u00ed<\/li>\n<li>mal\u00e1 spole\u010dnost se st\u0159edn\u00ed tr\u017en\u00ed kapitalizac\u00ed,<\/li>\n<li>velk\u00e9 podniky nad <strong>3000<\/strong>\u00a0zam\u011bstnanc\u016f pouze v \u00fa\u010dinn\u00e9 spolupr\u00e1ci s MSP (s min. pod\u00edlem\u00a0<strong>30 % CZV<\/strong> projektu), nebo s podm\u00ednkou min. <strong>20 % pro MSP a min. 10 % pro VO<\/strong>,<\/li>\n<li>VO pouze v\u00a0roli partnera<\/li>\n<\/ul>\n<p><strong>Syst\u00e9m sb\u011bru \u017e\u00e1dost\u00ed:<\/strong><\/p>\n<ul>\n<li>pr\u016fb\u011b\u017en\u00fd<\/li>\n<\/ul>\n<p><strong>Podporovan\u00fdmi v\u00fdstupy projektu jsou:<\/strong><\/p>\n<ul>\n<li>poloprovoz<\/li>\n<li>ov\u011b\u0159en\u00e1 technologie<\/li>\n<li>u\u017eitn\u00fd vzor<\/li>\n<li>pr\u016fmyslov\u00fd vzor<\/li>\n<li>prototyp<\/li>\n<li>funk\u010dn\u00ed vzorek<\/li>\n<li>software<\/li>\n<\/ul>\n<\/td>\n<td style=\"width: 33.3333%; height: 24px;\"><strong>Kolik lze z\u00edskat na jeden projekt\u00a0<\/strong>(forma a v\u00fd\u0161e podpory):<\/p>\n<ul>\n<li>Dotace na\u00a0projekt je poskytov\u00e1na <strong>minim\u00e1ln\u011b<\/strong> ve v\u00fd\u0161i\u00a0<strong>3 mil. K\u010d<\/strong> a\u00a0<strong>maxim\u00e1ln\u011b<\/strong> do\u00a0v\u00fd\u0161e\u00a0<strong>50 mil. K\u010d<\/strong>.<\/li>\n<\/ul>\n<p><strong>M\u00edra podpory:<\/strong><\/p>\n<ul>\n<li>Dle kategorie \u010dinnosti (PV\/EV) a velikosti podniku <strong>25 % &#8211; 80 %, VO\u00a085 %<\/strong><\/li>\n<\/ul>\n<\/td>\n<td style=\"width: 33.3333%; height: 24px;\"><img loading=\"lazy\" decoding=\"async\" class=\"alignnone wp-image-38896 size-full\" src=\"https:\/\/www.apiagentura.gov.cz\/wp-content\/uploads\/2024\/05\/ico-optak-1-aplikace.png\" alt=\"\" width=\"512\" height=\"512\" srcset=\"https:\/\/apiagentura.gov.cz\/wp-content\/uploads\/2024\/05\/ico-optak-1-aplikace.png 512w, https:\/\/apiagentura.gov.cz\/wp-content\/uploads\/2024\/05\/ico-optak-1-aplikace-300x300.png 300w, https:\/\/apiagentura.gov.cz\/wp-content\/uploads\/2024\/05\/ico-optak-1-aplikace-150x150.png 150w\" sizes=\"auto, (max-width: 512px) 100vw, 512px\" \/><\/td>\n<\/tr>\n<tr style=\"height: 24px;\">\n<td style=\"width: 33.3333%; height: 24px;\"><strong>Jak\u00e9 v\u00fddaje je mo\u017en\u00e9 podpo\u0159it\u00a0<\/strong>(zp\u016fsobil\u00e9 v\u00fddaje):<\/p>\n<p><strong>Osobn\u00ed n\u00e1klady<\/strong><\/p>\n<ul>\n<li>N\u00e1klady na n\u00e1stroje, p\u0159\u00edstroje a vybaven\u00ed<br \/>\npo\u0159\u00edzen\u00fdch od t\u0159et\u00edch stran v podob\u011b odpis\u016f dlouhodob\u00e9ho hmotn\u00e9ho movit\u00e9ho majetku.<\/li>\n<li>N\u00e1klady na smluvn\u00ed v\u00fdzkum.<\/li>\n<li>N\u00e1klady na poradensk\u00e9 slu\u017eby v\u00fdzkumu<br \/>\na v\u00fdvoje.<\/li>\n<li>Dodate\u010dn\u00e9 re\u017eijn\u00ed n\u00e1klady v\u010detn\u011b n\u00e1klad\u016f na materi\u00e1l, komponenty a dod\u00e1vky.<\/li>\n<\/ul>\n<\/td>\n<td style=\"width: 33.3333%; height: 24px;\" rowspan=\"2\"><strong>Mezin\u00e1rodn\u00ed spolupr\u00e1ce<\/strong><\/p>\n<p><strong>Projekty v r\u00e1mci mezin\u00e1rodn\u00ed s\u00edt\u011b IraSME<\/strong><\/p>\n<ul>\n<li>Mezin\u00e1rodn\u00ed projekt mus\u00ed b\u00fdt pod\u00e1n do jedn\u00e9 z vyhl\u00e1\u0161en\u00fdch v\u00fdzev s\u00edt\u011b IraSME. Projekt mus\u00ed b\u00fdt schv\u00e1len v\u0161emi p\u0159\u00edslu\u0161n\u00fdmi poskytovateli podpory.<\/li>\n<\/ul>\n<p><strong>Ostatn\u00ed projekty se zahrani\u010dn\u00edmi partnery z jedn\u00e9 \u010di v\u00edce zem\u00ed<\/strong><\/p>\n<ul>\n<li>Zahrani\u010dn\u00ed partner \u010di partne\u0159i zajist\u00ed financov\u00e1n\u00ed jejich \u010d\u00e1sti projektu prost\u0159ednictv\u00edm region\u00e1ln\u00edch<br \/>\n\u010di n\u00e1rodn\u00edch program\u016f.<\/li>\n<\/ul>\n<p><strong>Specifika a omezen\u00ed:<\/strong><\/p>\n<ul>\n<li>Projekt mus\u00ed b\u00fdt realizov\u00e1n na \u00fazem\u00ed \u010cR mimo NUTS 2 Praha.<\/li>\n<li><span data-teams=\"true\"><span class=\"ui-provider a b c d e f g h i j k l m n o p q r s t u v w x y z ab ac ae af ag ah ai aj ak\" dir=\"ltr\">\u017dadatel je v t\u00e9to V\u00fdzv\u011b opr\u00e1vn\u011bn p\u0159edlo\u017eit maxim\u00e1ln\u011b <strong>\u010dty\u0159i projekty<\/strong> (tj. \u010dty\u0159i aktivn\u00ed \u017e\u00e1dosti o podporu, ve kter\u00fdch vystupuje jako \u017eadatel nebo partner).<\/span><\/span><\/li>\n<li>Pro projekty realizovan\u00e9 v r\u00e1mci tuzemsk\u00e9ho konsorcia je celkov\u00fd<strong> po\u010det \u010dlen\u016f omezen na 5<\/strong> (1 hlavn\u00ed \u017eadatel a 4 \u010de\u0161t\u00ed partne\u0159i s finan\u010dn\u00edm p\u0159\u00edsp\u011bvkem).<\/li>\n<li>Nejzaz\u0161\u00ed datum pro ukon\u010den\u00ed fyzick\u00e9 realizace projektu je <strong>30. 6. 2029.<\/strong><\/li>\n<li>Maxim\u00e1ln\u00ed pl\u00e1novan\u00e1 doba realizace projektu je<strong> 42<\/strong> <strong>m\u011bs\u00edc\u016f<\/strong>.<\/li>\n<\/ul>\n<\/td>\n<\/tr>\n<tr style=\"height: 24px;\">\n<td style=\"width: 66.6666%; height: 24px;\" colspan=\"2\"><img loading=\"lazy\" decoding=\"async\" class=\"alignnone wp-image-40422 size-full\" src=\"https:\/\/www.apiagentura.gov.cz\/wp-content\/uploads\/2024\/08\/novinka-web-aplikace.png\" alt=\"\" width=\"1280\" height=\"656\" srcset=\"https:\/\/apiagentura.gov.cz\/wp-content\/uploads\/2024\/08\/novinka-web-aplikace.png 1280w, https:\/\/apiagentura.gov.cz\/wp-content\/uploads\/2024\/08\/novinka-web-aplikace-300x154.png 300w, https:\/\/apiagentura.gov.cz\/wp-content\/uploads\/2024\/08\/novinka-web-aplikace-1024x525.png 1024w, https:\/\/apiagentura.gov.cz\/wp-content\/uploads\/2024\/08\/novinka-web-aplikace-768x394.png 768w\" sizes=\"auto, (max-width: 1280px) 100vw, 1280px\" \/><\/td>\n<\/tr>\n<\/tbody>\n<\/table>\n<p>&nbsp;<\/p>","protected":false},"excerpt":{"rendered":"<p>C\u00edlem v\u00fdzvy je z\u00edsk\u00e1v\u00e1n\u00ed nov\u00fdch znalost\u00ed pot\u0159ebn\u00fdch pro v\u00fdvoj nov\u00fdch produkt\u016f, materi\u00e1l\u016f, technologi\u00ed  a slu\u017eeb prost\u0159ednictv\u00edm projekt\u016f pr\u016fmyslov\u00e9ho v\u00fdzkumu a experiment\u00e1ln\u00edho v\u00fdvoje, kter\u00e9 jsou realizov\u00e1ny v r\u00e1mci mezin\u00e1rodn\u00ed spolupr\u00e1ce.<\/p>\n","protected":false},"author":1,"featured_media":0,"parent":30015,"menu_order":0,"comment_status":"closed","ping_status":"closed","template":"","meta":{"inline_featured_image":false,"footnotes":""},"class_list":["post-40413","page","type-page","status-publish","hentry"],"publishpress_future_action":{"enabled":false,"date":"2026-05-07 20:44:51","action":"change-status","newStatus":"draft","terms":[],"taxonomy":"","extraData":[]},"publishpress_future_workflow_manual_trigger":{"enabledWorkflows":[]},"_links":{"self":[{"href":"https:\/\/apiagentura.gov.cz\/cs\/wp-json\/wp\/v2\/pages\/40413","targetHints":{"allow":["GET"]}}],"collection":[{"href":"https:\/\/apiagentura.gov.cz\/cs\/wp-json\/wp\/v2\/pages"}],"about":[{"href":"https:\/\/apiagentura.gov.cz\/cs\/wp-json\/wp\/v2\/types\/page"}],"author":[{"embeddable":true,"href":"https:\/\/apiagentura.gov.cz\/cs\/wp-json\/wp\/v2\/users\/1"}],"replies":[{"embeddable":true,"href":"https:\/\/apiagentura.gov.cz\/cs\/wp-json\/wp\/v2\/comments?post=40413"}],"version-history":[{"count":4,"href":"https:\/\/apiagentura.gov.cz\/cs\/wp-json\/wp\/v2\/pages\/40413\/revisions"}],"predecessor-version":[{"id":45571,"href":"https:\/\/apiagentura.gov.cz\/cs\/wp-json\/wp\/v2\/pages\/40413\/revisions\/45571"}],"up":[{"embeddable":true,"href":"https:\/\/apiagentura.gov.cz\/cs\/wp-json\/wp\/v2\/pages\/30015"}],"wp:attachment":[{"href":"https:\/\/apiagentura.gov.cz\/cs\/wp-json\/wp\/v2\/media?parent=40413"}],"curies":[{"name":"wp","href":"https:\/\/api.w.org\/{rel}","templated":true}]}}