{"id":40533,"date":"2024-08-08T13:58:08","date_gmt":"2024-08-08T11:58:08","guid":{"rendered":"https:\/\/www.apiagentura.gov.cz\/?page_id=40533"},"modified":"2026-01-28T14:52:38","modified_gmt":"2026-01-28T13:52:38","slug":"predchozi-poskytnute-informace","status":"publish","type":"page","link":"https:\/\/apiagentura.gov.cz\/cs\/o-api\/povinne-zverejnovane-informace\/predchozi-poskytnute-informace\/","title":{"rendered":"P\u0159edchoz\u00ed poskytnut\u00e9 informace"},"content":{"rendered":"<p>Rozhodnut\u00ed \u010d.j. API\/01879\/16 ze dne 31. 10. 2016 je k dispozici\u00a0<a href=\"https:\/\/www.apiagentura.gov.cz\/wp-content\/uploads\/2016\/11\/Rozhodnut%C3%AD-o-neposkytnut%C3%AD-informac%C3%AD_1.11..pdf\" target=\"_blank\" rel=\"noopener\">zde<\/a>.<\/p>\n<p>Poskytnut\u00ed informac\u00ed dle z\u00e1kona \u010d. 106\/1999 Sb. ze dne 10. 4. 2017 je k dispozici\u00a0<a href=\"https:\/\/www.apiagentura.gov.cz\/wp-content\/uploads\/2017\/04\/%C5%BD%C3%A1dost-o-informace-podle-z%C3%A1kona-%C4%8D.-106_1999-Sb.-10.4.2017.pdf\" target=\"_blank\" rel=\"noopener\">zde.<\/a><\/p>\n<p>Poskytnut\u00ed informac\u00ed dle z\u00e1kona \u010d. 106\/1999 Sb. ze dne 11. 12. 2017 je k dispozici\u00a0<a href=\"https:\/\/www.apiagentura.gov.cz\/wp-content\/uploads\/2017\/12\/106_%C5%BE%C3%A1dost-o-poskytnut%C3%AD-a-poskytnut%C3%AD-informac%C3%AD_171221.pdf\">zde<\/a>.<\/p>\n<p>Poskytnut\u00ed informac\u00ed dle z\u00e1kona \u010d. 106\/1999 Sb. ze dne 10. 4. 2018 je k dispozici\u00a0<a href=\"https:\/\/www.apiagentura.gov.cz\/wp-content\/uploads\/2018\/04\/Sd%C4%9Blen%C3%AD-o-poskytnut%C3%AD-informace.pdf\">zde<\/a>.<\/p>\n<p>Poskytnut\u00ed informac\u00ed dle z\u00e1kona \u010d. 106\/1999 Sb. ze dne 9. 5. 2018 je k dispozici\u00a0<a href=\"https:\/\/www.apiagentura.gov.cz\/wp-content\/uploads\/2018\/05\/Sd%C4%9Blen%C3%AD-o-poskytnut%C3%AD-informace11.5.2018.pdf\">zde<\/a>.<\/p>\n<p>Poskytnut\u00ed informac\u00ed dle z\u00e1kona \u010d. 106\/1999 Sb. ze dne 24. 5. 2018 je k dispozici\u00a0<a href=\"https:\/\/www.apiagentura.gov.cz\/wp-content\/uploads\/2018\/05\/edited_API_02087_18-Siemens-Reakce-na-%C5%BE%C3%A1dost-o-informace-dle-z%C3%A1kona-106_1999-seznam-%C5%BEadatel%C5%AF-v-programu-Technologie-V%C3%BDzva-anonymizovan%C3%A9.pdf\">zde<\/a>.<\/p>\n<p>Poskytnut\u00ed informac\u00ed dle z\u00e1kona \u010d. 106\/1999 Sb. ze dne 5. 9. 2018 je k dispozici\u00a0<a href=\"https:\/\/www.apiagentura.gov.cz\/wp-content\/uploads\/2018\/09\/API_03180_18-Poskytnut%C3%AD-informac%C3%AD-podle-z%C3%A1kona-%C4%8D.-106_1999-Sb._anonym-sken.pdf\">zde<\/a>.<\/p>\n<p>Poskytnut\u00ed informac\u00ed dle z\u00e1kona \u010d. 106\/1999 Sb. ze dne 10.12.2018 je k dispozici\u00a0<a href=\"https:\/\/www.apiagentura.gov.cz\/wp-content\/uploads\/2019\/02\/106-dotaz.pdf\">zde<\/a><\/p>\n<p>Sd\u011blen\u00ed\u00a0o poskytnut\u00ed informac\u00ed dle z\u00e1kona 106\/1999 Sb. ze dne 10.8.2018 je k dispozici\u00a0<a href=\"https:\/\/www.apiagentura.gov.cz\/wp-content\/uploads\/2018\/09\/API_02944_18-Frank-Bold-advok%C3%A1ti-Sd%C4%9Blen%C3%AD-o-poskytnut%C3%AD-informace-dle-z%C3%A1kona-106_1999.pdf\">zde<\/a>.<\/p>\n<p>Odm\u00edtnut\u00ed poskytnut\u00ed informac\u00ed dle z\u00e1kona \u010d. 106\/1999 Sb., o svobodn\u00e9m p\u0159\u00edstupu k\u00a0informac\u00edm ze dne 22. 8. 2017 je k dispozici\u00a0<a href=\"https:\/\/www.apiagentura.gov.cz\/wp-content\/uploads\/2017\/08\/Odm%C3%ADtnut%C3%AD.pdf\">zde<\/a>.<\/p>\n<p>Odm\u00edtnut\u00ed poskytnut\u00ed informac\u00ed dle z\u00e1kona \u010d. 106\/1999 Sb., o svobodn\u00e9m p\u0159\u00edstupu k\u00a0informac\u00edm ze dne 21. 9. 2017 je k dispozici\u00a0<a href=\"https:\/\/www.apiagentura.gov.cz\/wp-content\/uploads\/2017\/09\/API_03775_17-Poskytnut%C3%AD-informac%C3%AD-podle-z%C3%A1kona-%C4%8D.-106_1999-Sb.-Ivory-Energy-%C4%8D.-7070.pdf\">zde<\/a>.<\/p>\n<p>Odm\u00edtnut\u00ed poskytnut\u00ed informac\u00ed dle z\u00e1kona \u010d. 106\/1999 Sb., o svobodn\u00e9m p\u0159\u00edstupu k\u00a0informac\u00edm ze dne 21. 9. 2017 je k dispozici\u00a0<a href=\"https:\/\/www.apiagentura.gov.cz\/wp-content\/uploads\/2017\/09\/API_03776_17-Poskytnut%C3%AD-informac%C3%AD-podle-z%C3%A1kona-%C4%8D.-106_1999-Sb.-Ivory-Energy-%C4%8D.-7163.pdf\">zde<\/a>.<\/p>\n<p>Odm\u00edtnut\u00ed poskytnut\u00ed informac\u00ed dle z\u00e1kona \u010d. 106\/1999 Sb., o svobodn\u00e9m p\u0159\u00edstupu k\u00a0informac\u00edm ze dne 11.12. 2017 je k dispozici\u00a0<a href=\"https:\/\/www.apiagentura.gov.cz\/wp-content\/uploads\/2017\/12\/106_%C5%BE%C3%A1dost-o-poskytnut%C3%AD-informac%C3%AD-a-odm%C3%ADtnut%C3%AD_171221.pdf\">zde<\/a>.<\/p>\n<p>Vy\u0159\u00edzen\u00ed \u017e\u00e1dosti o informace dle z\u00e1kona \u010d. 106\/1999 Sb. ze dne 25.3.2019\u00a0 je k dispozici\u00a0<a href=\"https:\/\/www.apiagentura.gov.cz\/wp-content\/uploads\/2019\/03\/COMATEX-Czech-Vy%C5%99%C3%ADzen%C3%AD-%C5%BE%C3%A1dosti-o-informace-podle-z%C3%A1kona-%C4%8D.-106_1999-Sb_anonymizovany.pdf\">zde<\/a>.<\/p>\n<p>Ve\u0159ejnopr\u00e1vn\u00ed smlouva ze dne 22.12.2017 je k\u00a0dispozici\u00a0<a href=\"https:\/\/www.apiagentura.gov.cz\/wp-content\/uploads\/2018\/01\/API_05229_17-MPO-x-API-Ve%C5%99ejnopr%C3%A1vn%C3%AD-smlouva-o-v%C3%BDkonu-n%C4%9Bkter%C3%BDch-%C3%BAkol%C5%AF-%C5%99%C3%ADdic%C3%ADho-org%C3%A1nu-zprost%C5%99edkuj%C3%ADc%C3%ADm-subjektem.pdf\">zde<\/a>.<\/p>\n<p>Dodatek \u010d. 1 k\u00a0Ve\u0159ejnopr\u00e1vn\u00ed smlouv\u011b ze dne 22.12.2017 je k\u00a0dispozici\u00a0<a href=\"https:\/\/www.apiagentura.gov.cz\/wp-content\/uploads\/2018\/08\/API_02783_18-Ve%C5%99ejnopr%C3%A1vn%C3%AD-smlouva.pdf\">zde<\/a>.<\/p>\n<p>Poskytnut\u00ed informac\u00ed dle z\u00e1kona \u010d. 106\/1999 Sb. ze dne 5.11.2019 je k dispozici\u00a0<a href=\"https:\/\/www.apiagentura.gov.cz\/wp-content\/uploads\/2019\/11\/api-04964-19-poskytnuti-informaci-dle-zakona-c.-106-1999-1.pdf\">zde<\/a>.<\/p>\n<p>Poskytnut\u00ed informac\u00ed dle z\u00e1kona \u010d. 106\/1999 Sb. ze dne 5.11.2019 je k dispozici\u00a0<a href=\"https:\/\/www.apiagentura.gov.cz\/wp-content\/uploads\/2019\/11\/poskytnuti-informaci-dle-zakona-c.-106-1999-sb.pdf\">zde<\/a>.<\/p>\n<p>Sd\u011blen\u00ed\u00a0o poskytnut\u00ed informac\u00ed dle z\u00e1kona 106\/1999 Sb. ze dne 20.10.2020 je k dispozici\u00a0<a href=\"https:\/\/www.apiagentura.gov.cz\/wp-content\/uploads\/2020\/10\/api-04945-20-kraj-vysocina-sdeleni-o-poskytnuti-informace-vcetne-zadosti-anonyn.pdf\">zde<\/a>.<\/p>\n<p>Rozhodnut\u00ed \u010d.j. API\/04946\/20 podle z\u00e1kona 106\/1999 Sb. ze dne 20.10.2020 je k dispozici\u00a0<a href=\"https:\/\/www.apiagentura.gov.cz\/wp-content\/uploads\/2020\/10\/api-04946-20-kraj-vysocina-rozhodnuti-o-odmitnuti-zadosti-vcetne-zadosti-anonym.pdf\">zde<\/a>.<\/p>\n<p>Poskytnut\u00ed informac\u00ed dle z\u00e1kona \u010d. 106\/1999 Sb. ze dne 8.3.2021 je k\u00a0dispozici\u00a0<a href=\"https:\/\/www.apiagentura.gov.cz\/wp-content\/uploads\/2021\/03\/api-00900-21-poskytnuti-informaci-dle-zakona-c.-106-1999.pdf\">zde<\/a>.<\/p>\n<p>Poskytnut\u00ed informac\u00ed dle z\u00e1kona \u010d. 106\/1999 Sb. ze dne 2.7.2021 je k dispozici\u00a0<a href=\"https:\/\/www.apiagentura.gov.cz\/wp-content\/uploads\/2021\/07\/02785-poskytnuti-informaci-anonym.pdf\">zde<\/a>.<\/p>\n<p>Poskytnut\u00ed informac\u00ed dle z\u00e1kona \u010d.\u00a0106\/1999 Sb. ze dne 15.7.2021 je k dispozici\u00a0<a href=\"https:\/\/www.apiagentura.gov.cz\/wp-content\/uploads\/2021\/07\/poskytnuti-informaci-dle-zakona-c.-106-1999-sb.-anonym.pdf\">zde<\/a>.<\/p>\n<p>Ve\u0159ejnopr\u00e1vn\u00ed smlouva ze dne 6.10.2021 je k\u00a0dispozici\u00a0<u><a href=\"https:\/\/www.apiagentura.gov.cz\/wp-content\/uploads\/2021\/10\/verejnopravni-smlouva-mpo-x-api-zajisteni-realizace-programu-covid-kultura.pdf\">zde<\/a>.<\/u><\/p>\n<p>Poskytnut\u00ed informac\u00ed dle z\u00e1kona \u010d. 106\/1999 Sb. ze dne 27.10.2021 je k dispozici\u00a0<a href=\"https:\/\/www.apiagentura.gov.cz\/wp-content\/uploads\/2021\/10\/api-04260-21-poskytnuti-informaci-dle-zakona-c.-106-1999-anon.pdf\">zde<\/a>.<\/p>\n<p>Poskytnut\u00ed informac\u00ed dle z\u00e1kona \u010d. 106\/1999 Sb. ze dne 18.2.2022 je k dispozici\u00a0<a href=\"https:\/\/www.apiagentura.gov.cz\/wp-content\/uploads\/2022\/02\/api-00502-22-poskytnuti-informaci-dle-zakona-c.-106-1999-sb.pdf\">zde<\/a>.<\/p>\n<p>Odlo\u017een\u00ed \u017e\u00e1dosti o informace dle z\u00e1kona \u010d. 106\/1999 Sb. ze dne 8.6.2022 je k dispozici\u00a0<a href=\"https:\/\/www.apiagentura.gov.cz\/wp-content\/uploads\/2022\/06\/api-01762-22-odlozeni-zadosti-o-informace-dle-zakona-c.-106-1999-sb.pdf\">zde<\/a>.<\/p>\n<p>Poskytnut\u00ed informac\u00ed dle z\u00e1kona \u010d.\u00a0106\/1999 Sb. ze dne 8.7.2022 je k dispozici\u00a0<u><a href=\"https:\/\/www.apiagentura.gov.cz\/wp-content\/uploads\/2022\/07\/api-02094-22-poskytnuti-informaci-dle-zakona-c.-106-1999.pdf\">zde<\/a><\/u>.<\/p>\n<p>Ve\u0159ejnopr\u00e1vn\u00ed smlouva ze dne 3.8.2022 je k dispozici\u00a0<a href=\"https:\/\/www.apiagentura.gov.cz\/wp-content\/uploads\/2022\/08\/verejnopravni-smlouva-op-tak-pdf-a.pdf\">zde<\/a>.<\/p>\n<p>Poskytnut\u00ed informac\u00ed dle z\u00e1kona \u010d. 106\/1999 Sb. ze dne 5.9.2022 je k dispozici\u00a0<a href=\"https:\/\/www.apiagentura.gov.cz\/wp-content\/uploads\/2023\/03\/poskytnuti-informaci-dle-zakona-c.-106-19999.pdf\">zde<\/a>.<u><\/u><\/p>\n<p>Odlo\u017een\u00ed \u017e\u00e1dosti o informace dle z\u00e1kona \u010d.\u00a0106\/1999 Sb. ze dne 2.11.2022 je k dispozici\u00a0<a href=\"https:\/\/www.apiagentura.gov.cz\/wp-content\/uploads\/2022\/11\/odlozeni-zadosti-o-informace-dle-zakona-c.-106-1999.pdf\">zde<\/a>.<\/p>\n<p>Poskytnut\u00ed informac\u00ed dle z\u00e1kona \u010d.\u00a0106\/1999 Sb. ze dne 8.3.2023 je k dispozici\u00a0<a href=\"https:\/\/www.apiagentura.gov.cz\/wp-content\/uploads\/2023\/03\/api-00786-23-hlidac-statu-poskytnuti-informaci-dle-zakona-c.-106-1999-sb.pdf\">zde<\/a>.<\/p>\n<p>Poskytnut\u00ed informac\u00ed dle z\u00e1kona \u010d.\u00a0106\/1999 Sb. ze dne 10.3.2023 je k dispozici\u00a0<a href=\"https:\/\/www.apiagentura.gov.cz\/wp-content\/uploads\/2023\/03\/aurrie-poskytnuti-informaci-dle-zakona-106-1999-nemovitosti-ii.-vyzva.pdf\">zde<\/a>.<\/p>\n<p>Poskytnut\u00ed informac\u00ed dle z\u00e1kona \u010d.\u00a0106\/1999 Sb. ze dne 13.3.2023 je k dispozici\u00a0<a href=\"https:\/\/www.apiagentura.gov.cz\/wp-content\/uploads\/2023\/03\/poskytnuti-informaci-vysokorychlostni-internet-ii.-vyzva.pdf\">zde<\/a>.<\/p>\n<p>Poskytnut\u00ed informac\u00ed dle z\u00e1kona \u010d. 106\/1999 Sb. ze dne 2.8.2023 je k dispozici\u00a0<a href=\"https:\/\/www.apiagentura.gov.cz\/wp-content\/uploads\/2023\/08\/poskytnuti-informaci-eubuilding-na-web.pdf\">zde<\/a>.<\/p>\n<p>Poskytnut\u00ed informac\u00ed dle z\u00e1kona \u010d. 106\/1999 Sb. ze dne 2.8.2023 je k dispozici\u00a0<a href=\"https:\/\/www.apiagentura.gov.cz\/wp-content\/uploads\/2023\/08\/poskytnuti-informaci-rsm-cz-na-web.pdf\">zde<\/a>.<\/p>\n<p>Poskytnut\u00ed informac\u00ed dle z\u00e1kona \u010d.\u00a0106\/1999 Sb. ze dne 4.8.2023 je k dispozici\u00a0<a href=\"https:\/\/www.apiagentura.gov.cz\/wp-content\/uploads\/2023\/08\/poskytnuti-informaci-dle-zakona-106-1999-e-life.pdf\">zde<\/a>.<\/p>\n<p>Poskytnut\u00ed informac\u00ed dle z\u00e1kona \u010d. 106\/1999 Sb. ze dne 2.11.2023 je k dispozici\u00a0<a href=\"https:\/\/www.apiagentura.gov.cz\/wp-content\/uploads\/2023\/11\/poskytnuti-informaci-dle-zakona-c.-106-1999.pdf\">zde<\/a>.<\/p>\n<p>Poskytnut\u00ed informac\u00ed dle z\u00e1kona \u010d. 106\/1999 Sb. ze dne 14.11.2023 je k dispozici\u00a0<a href=\"https:\/\/www.apiagentura.gov.cz\/wp-content\/uploads\/2023\/11\/api-04107-23-poskytnuti-informaci-dle-zakona-c.-106-1999.pdf\">zde<\/a>.<\/p>\n<p>Odlo\u017een\u00ed \u017e\u00e1dosti o informace dle z\u00e1kona \u010d.\u00a0106\/1999 Sb. ze dne 13.2.2024 je k dispozici\u00a0<u><a href=\"https:\/\/www.apiagentura.gov.cz\/wp-content\/uploads\/2024\/02\/odlozeni-zadosti-o-informace-ze-dne-13.2.2024.pdf\">zde<\/a>.<\/u><\/p>\n<p>Poskytnut\u00ed informac\u00ed dle z\u00e1kona \u010d.\u00a0106\/1999 Sb. ze dne 21.2.2024 je k dispozici\u00a0<u><a href=\"https:\/\/www.apiagentura.gov.cz\/wp-content\/uploads\/2024\/02\/poskytnuti-informaci-dle-zakona-c.-106-1999-sb.-ze-dne-21.2.2024.pdf\">zde<\/a>.<\/u><\/p>\n<p>Odlo\u017een\u00ed \u017e\u00e1dosti o informace dle z\u00e1kona \u010d.\u00a0106\/1999 Sb. ze dne 21.3.2024 je k dispozici\u00a0<u><a href=\"https:\/\/www.apiagentura.gov.cz\/wp-content\/uploads\/2024\/03\/odlozeni-zadosti-o-informace-dle-zak.-c.-106-1999.pdf\">zde<\/a>.<\/u><\/p>\n<p>Poskytnut\u00ed informac\u00ed dle z\u00e1kona \u010d.\u00a0106\/1999 Sb. ze dne 28.3.2024 je k dispozici\u00a0<a href=\"https:\/\/www.apiagentura.gov.cz\/wp-content\/uploads\/2024\/03\/poskytnuti-informaci-dle-zakona-c.-106-1999.pdf\">zde<\/a>.<\/p>\n<p>Poskytnut\u00ed informac\u00ed dle z\u00e1kona \u010d. 106\/1999 Sb. ze dne 3.6.2024 je k dispozici\u00a0<a href=\"https:\/\/www.apiagentura.gov.cz\/wp-content\/uploads\/2024\/06\/poskytnuti-informaci-dle-zakona-c.-106-1999-ze-dne-3.6.2024.pdf\">zde<\/a>.<\/p>\n<p>Poskytnut\u00ed informac\u00ed\u00a0dle z\u00e1kona \u010d.\u00a0106\/1999 Sb. ze dne\u00a026.2.2025\u00a0je k dispozici <u><a href=\"https:\/\/apiagentura.gov.cz\/wp-content\/uploads\/2025\/02\/poskytnuti-informaci-dle-zakona-c.-106-1999-sb.pdf\">zde<\/a>.<\/u><\/p>\n<p>Poskytnut\u00ed informac\u00ed dle z\u00e1kona \u010d. 106\/1999 Sb. ze dne 26.2.2025 je k dispozici <a href=\"https:\/\/apiagentura.gov.cz\/wp-content\/uploads\/2025\/02\/poskytnuti-informaci-dle-zakona-106-1999-sb.pdf\">zde<\/a>.<\/p>\n<p>Poskytnut\u00ed informac\u00ed dle z\u00e1kona \u010d. 106\/1999 Sb. ze dne 7.3.2025 je k dispozici <a href=\"https:\/\/apiagentura.gov.cz\/wp-content\/uploads\/2025\/03\/poskytnuti-informaci-dle-zakona-c.-106-1999-sb.-ze-dne-7.3.2025.pdf\">zde<\/a>.<\/p>\n<p><span data-olk-copy-source=\"MessageBody\">Poskytnut\u00ed informac\u00ed<\/span>\u00a0dle z\u00e1kona \u010d.\u00a0106\/1999 Sb. ze dne\u00a011.6.2025\u00a0je k dispozici\u00a0<a href=\"https:\/\/apiagentura.gov.cz\/wp-content\/uploads\/2025\/06\/poskytnuti-informaci-dle-zakona-c.-106-1999-sb.pdf\"><u>zde<\/u><\/a>.<\/p>\n<p><span data-olk-copy-source=\"MessageBody\">Poskytnut\u00ed informac\u00ed<\/span> dle z\u00e1kona \u010d. 106\/1999 Sb. ze dne 19.6.2025 je k dispozici <a href=\"https:\/\/apiagentura.gov.cz\/wp-content\/uploads\/2025\/06\/poskytnuti-informaci-dle-zakona-c.-106-1999-sb-1.pdf\">zde<\/a>.<\/p>\n<p><span data-olk-copy-source=\"MessageBody\">Poskytnut\u00ed informac\u00ed<\/span> dle z\u00e1kona \u010d. 106\/1999 Sb. ze dne 10.12.2025 je k dispozici <a href=\"https:\/\/apiagentura.gov.cz\/wp-content\/uploads\/2025\/12\/poskytnuti-informaci-dle-zakona-c.-106-1999-sb.pdf\">zde<\/a>.<\/p>\n<p><span data-olk-copy-source=\"MessageBody\">Poskytnut\u00ed informac\u00ed<\/span> dle z\u00e1kona \u010d. 106\/1999 Sb. ze dne 27.1.2026 je k dispozici <a href=\"https:\/\/apiagentura.gov.cz\/wp-content\/uploads\/2026\/01\/api-00175-26-106-2026-hlidac-statu-poskytnuti-informaci-anonym.pdf\">zde<\/a>.<\/p>","protected":false},"excerpt":{"rendered":"<p>Rozhodnut\u00ed \u010d.j. API\/01879\/16 ze dne 31. 10. 2016 je k dispozici\u00a0zde. Poskytnut\u00ed informac\u00ed dle z\u00e1kona \u010d. 106\/1999 Sb. ze dne 10. 4. 2017 je k dispozici\u00a0zde. Poskytnut\u00ed informac\u00ed dle z\u00e1kona \u010d. 106\/1999 Sb. ze dne 11. 12. 2017 je k dispozici\u00a0zde. Poskytnut\u00ed informac\u00ed dle z\u00e1kona \u010d. 106\/1999 Sb. ze dne 10. 4. 2018 je k [&hellip;]<\/p>\n","protected":false},"author":1,"featured_media":0,"parent":161,"menu_order":0,"comment_status":"closed","ping_status":"closed","template":"","meta":{"inline_featured_image":false,"footnotes":""},"class_list":["post-40533","page","type-page","status-publish","hentry"],"publishpress_future_action":{"enabled":false,"date":"2026-05-09 13:12:11","action":"change-status","newStatus":"draft","terms":[],"taxonomy":"","extraData":[]},"publishpress_future_workflow_manual_trigger":{"enabledWorkflows":[]},"_links":{"self":[{"href":"https:\/\/apiagentura.gov.cz\/cs\/wp-json\/wp\/v2\/pages\/40533","targetHints":{"allow":["GET"]}}],"collection":[{"href":"https:\/\/apiagentura.gov.cz\/cs\/wp-json\/wp\/v2\/pages"}],"about":[{"href":"https:\/\/apiagentura.gov.cz\/cs\/wp-json\/wp\/v2\/types\/page"}],"author":[{"embeddable":true,"href":"https:\/\/apiagentura.gov.cz\/cs\/wp-json\/wp\/v2\/users\/1"}],"replies":[{"embeddable":true,"href":"https:\/\/apiagentura.gov.cz\/cs\/wp-json\/wp\/v2\/comments?post=40533"}],"version-history":[{"count":1,"href":"https:\/\/apiagentura.gov.cz\/cs\/wp-json\/wp\/v2\/pages\/40533\/revisions"}],"predecessor-version":[{"id":45273,"href":"https:\/\/apiagentura.gov.cz\/cs\/wp-json\/wp\/v2\/pages\/40533\/revisions\/45273"}],"up":[{"embeddable":true,"href":"https:\/\/apiagentura.gov.cz\/cs\/wp-json\/wp\/v2\/pages\/161"}],"wp:attachment":[{"href":"https:\/\/apiagentura.gov.cz\/cs\/wp-json\/wp\/v2\/media?parent=40533"}],"curies":[{"name":"wp","href":"https:\/\/api.w.org\/{rel}","templated":true}]}}