{"id":40541,"date":"2024-08-09T10:54:23","date_gmt":"2024-08-09T08:54:23","guid":{"rendered":"https:\/\/www.apiagentura.gov.cz\/?page_id=40541"},"modified":"2024-08-09T11:12:04","modified_gmt":"2024-08-09T09:12:04","slug":"podporovane-formaty-souboru-datove-schranky","status":"publish","type":"page","link":"https:\/\/apiagentura.gov.cz\/cs\/kontakty-api\/podporovane-formaty-souboru-datove-schranky\/","title":{"rendered":"Podporovan\u00e9 form\u00e1ty soubor\u016f datov\u00e9 zpr\u00e1vy"},"content":{"rendered":"<p>Celkov\u00e1 velikost v\u0161ech p\u0159ipojen\u00fdch p\u0159\u00edloh nesm\u00ed u jedn\u00e9 zpr\u00e1vy p\u0159es\u00e1hnout <strong>100 MB<\/strong>.<\/p>\n<p>Jako p\u00edsemnost lze p\u0159ipojit soubory ve vstupn\u00edch form\u00e1tech pro DS (maxim\u00e1ln\u00ed velikost 20 MB):<\/p>\n<p>PDF, verze 1.7 a vy\u0161\u0161\u00ed, PDF\/A, ISO 19005, TXT, RTF, DOC, DOCX, dokument ve form\u00e1tu textov\u00e9ho editoru Microsoft Word verze 6.0 a vy\u0161\u0161\u00ed, XLS\/XLSX, ODT, ZFO, PNG, ISO\/IEC 15948, TIF\/TIFF, revize 6 \u2013 nekomprimovan\u00fd, JPG\/JPEG\/JFIF, ISO\/IEC 10918, MPEG-2, ISO\/IEC 13818, MPEG-1, ISO\/IEC 11172, GIF, MPEG-1 Audio Layer II, MPEG-2 Audio Layer II (MP2), MPEG-1 Audio Layer III, MPEG-2 Audio Layer III (MP3), WAV, PCM, XML, kde sou\u010d\u00e1st\u00ed p\u0159ed\u00e1van\u00e9ho dokumentu v datov\u00e9m form\u00e1tu XML je popis jeho struktury pomoc\u00ed sch\u00e9matu XML nebo Document Type Definition (DTD).<\/p>","protected":false},"excerpt":{"rendered":"<p>Celkov\u00e1 velikost v\u0161ech p\u0159ipojen\u00fdch p\u0159\u00edloh nesm\u00ed u jedn\u00e9 zpr\u00e1vy p\u0159es\u00e1hnout 100 MB. Jako p\u00edsemnost lze p\u0159ipojit soubory ve vstupn\u00edch form\u00e1tech pro DS (maxim\u00e1ln\u00ed velikost 20 MB): PDF, verze 1.7 a vy\u0161\u0161\u00ed, PDF\/A, ISO 19005, TXT, RTF, DOC, DOCX, dokument ve form\u00e1tu textov\u00e9ho editoru Microsoft Word verze 6.0 a vy\u0161\u0161\u00ed, XLS\/XLSX, ODT, ZFO, PNG, ISO\/IEC 15948, [&hellip;]<\/p>\n","protected":false},"author":35,"featured_media":0,"parent":39035,"menu_order":0,"comment_status":"closed","ping_status":"closed","template":"","meta":{"inline_featured_image":false,"footnotes":""},"class_list":["post-40541","page","type-page","status-publish","hentry"],"publishpress_future_action":{"enabled":false,"date":"2026-05-09 14:16:40","action":"change-status","newStatus":"draft","terms":[],"taxonomy":"","extraData":[]},"publishpress_future_workflow_manual_trigger":{"enabledWorkflows":[]},"_links":{"self":[{"href":"https:\/\/apiagentura.gov.cz\/cs\/wp-json\/wp\/v2\/pages\/40541","targetHints":{"allow":["GET"]}}],"collection":[{"href":"https:\/\/apiagentura.gov.cz\/cs\/wp-json\/wp\/v2\/pages"}],"about":[{"href":"https:\/\/apiagentura.gov.cz\/cs\/wp-json\/wp\/v2\/types\/page"}],"author":[{"embeddable":true,"href":"https:\/\/apiagentura.gov.cz\/cs\/wp-json\/wp\/v2\/users\/35"}],"replies":[{"embeddable":true,"href":"https:\/\/apiagentura.gov.cz\/cs\/wp-json\/wp\/v2\/comments?post=40541"}],"version-history":[{"count":0,"href":"https:\/\/apiagentura.gov.cz\/cs\/wp-json\/wp\/v2\/pages\/40541\/revisions"}],"up":[{"embeddable":true,"href":"https:\/\/apiagentura.gov.cz\/cs\/wp-json\/wp\/v2\/pages\/39035"}],"wp:attachment":[{"href":"https:\/\/apiagentura.gov.cz\/cs\/wp-json\/wp\/v2\/media?parent=40541"}],"curies":[{"name":"wp","href":"https:\/\/api.w.org\/{rel}","templated":true}]}}