{"id":4102,"date":"2017-01-25T16:43:53","date_gmt":"2017-01-25T15:43:53","guid":{"rendered":"https:\/\/www.apiagentura.gov.cz\/?page_id=4102"},"modified":"2021-11-23T13:23:05","modified_gmt":"2021-11-23T12:23:05","slug":"obnovitelne-zdroje-energie-vyzva-ii","status":"publish","type":"page","link":"https:\/\/apiagentura.gov.cz\/cs\/programy-podpory\/obnovitelne-zdroje-energie\/obnovitelne-zdroje-energie-vyzva-ii\/","title":{"rendered":"Obnoviteln\u00e9 zdroje energie &#8211; V\u00fdzva II"},"content":{"rendered":"<p><\/p>\n<h3 style=\"text-align: left;\">Z\u00e1kladn\u00ed charakteristiky<\/h3>\n<p style=\"text-align: left;\"><strong>Kdo m\u016f\u017ee \u017e\u00e1dat\u00a0(p\u0159\u00edjemci podpory):\u00a0\u00a0<\/strong><\/p>\n<ul style=\"text-align: left;\">\n<li style=\"text-align: justify;\">mal\u00e9, st\u0159edn\u00ed i velk\u00e9 podniky, kte\u0159\u00ed se hodlaj\u00ed soust\u0159edit\/ji\u017e soust\u0159ed\u00ed na oblast v\u00fdroby energie z OZE; typy podporovan\u00fdch pr\u00e1vn\u00edch forem stanovuje text V\u00fdzvy<\/li>\n<\/ul>\n<p style=\"text-align: left;\"><strong>Podporovan\u00e9 aktivity:<\/strong><\/p>\n<ul style=\"text-align: left;\">\n<li style=\"text-align: justify;\">a) vyveden\u00ed tepla ze st\u00e1vaj\u00edc\u00edch v\u00fdroben elekt\u0159iny &#8211; bioplynov\u00fdch stanic vyu\u017e\u00edvaj\u00edc\u00ed bioplyn v bioplynov\u00e9 stanici k v\u00fdrob\u011b elekt\u0159iny a tepla pomoc\u00ed tepeln\u00fdch rozvodn\u00fdch za\u0159\u00edzen\u00ed do m\u00edsta spot\u0159eby; vyveden\u00ed bioplynu ze st\u00e1vaj\u00edc\u00edch bioplynov\u00fdch stanic pomoc\u00ed bioplynovodu do vzd\u00e1len\u00e9 kogenera\u010dn\u00ed jednotky vyu\u017e\u00edvaj\u00edc\u00ed bioplyn ze st\u00e1vaj\u00edc\u00ed bioplynov\u00e9 stanice za \u00fa\u010delem vyu\u017eit\u00ed u\u017eite\u010dn\u00e9ho tepla dodan\u00e9ho do rozvodn\u00e9ho tepeln\u00e9ho za\u0159\u00edzen\u00ed soustavy z\u00e1sobov\u00e1n\u00ed tepelnou energi\u00ed<\/li>\n<li style=\"text-align: justify;\">b) v\u00fdstavba a rekonstrukce zdroj\u016f kombinovan\u00e9 v\u00fdroby elekt\u0159iny a tepla z\u00a0biomasy mimo vlastn\u00ed spot\u0159ebu a vyveden\u00ed tepla do v\u00fdm\u011bn\u00edkov\u00e9 stanice v\u010detn\u011b<\/li>\n<li style=\"text-align: justify;\">c) v\u00fdstavba a rekonstrukce zdroj\u016f tepla z biomasy mimo vlastn\u00ed spot\u0159ebu a vyveden\u00ed tepla do v\u00fdm\u011bn\u00edkov\u00e9 stanice v\u010detn\u011b<\/li>\n<li style=\"text-align: justify;\">d) v\u00fdstavba a rekonstrukce a modernizace mal\u00fdch vodn\u00edch elektr\u00e1ren (do 10 MWe instalovan\u00e9ho v\u00fdkonu)<\/li>\n<\/ul>\n<p style=\"text-align: left;\"><strong>Kolik lze z\u00edskat na jeden projekt\u00a0(forma a v\u00fd\u0161e podpory):<\/strong><\/p>\n<ul style=\"text-align: left;\">\n<li style=\"text-align: justify;\">dotace na projekt je poskytov\u00e1na minim\u00e1ln\u011b ve v\u00fd\u0161i 1 mil. K\u010d a maxim\u00e1ln\u011b do v\u00fd\u0161e 100 mil. K\u010d<\/li>\n<li style=\"text-align: justify;\">ka\u017ed\u00e1 podporovan\u00e1 oblast m\u00e1 svou limitn\u00ed alokaci:<\/li>\n<\/ul>\n<p style=\"text-align: left; padding-left: 30px;\">&#8211; v oblasti vyveden\u00ed tepla, bioplynu ze st\u00e1vaj\u00edc\u00edch bioplynov\u00fdch stanic, limitn\u011b do v\u00fd\u0161e 400 mil. K\u010d<\/p>\n<p style=\"text-align: left; padding-left: 30px;\">&#8211; v oblasti KVET z biomasy, limitn\u011b do v\u00fd\u0161e 150 mil. K\u010d<\/p>\n<p style=\"text-align: left; padding-left: 30px;\">&#8211; v oblasti v\u00fdtopen z biomasy, limitn\u011b do v\u00fd\u0161e 150 mil. K\u010d<\/p>\n<p style=\"text-align: left; padding-left: 30px;\">&#8211; v oblasti MVE, limitn\u011b do v\u00fd\u0161e 100 mil. K\u010d<\/p>\n<ul style=\"text-align: left;\">\n<li style=\"text-align: justify;\">maxim\u00e1ln\u00ed absolutn\u00ed v\u00fd\u0161e dotace na Energetick\u00fd posudek \u010din\u00ed 350 tis. K\u010d<\/li>\n<\/ul>\n<p style=\"text-align: left;\"><strong>M\u00edra podpory:<\/strong><\/p>\n<ul style=\"text-align: left;\">\n<li style=\"text-align: justify;\"><strong>V\u00a0p\u0159\u00edpad\u011b opat\u0159en\u00ed t\u00fdkaj\u00edc\u00ed se MVE, KVET z\u00a0biomasy a v\u00fdtopen z\u00a0biomasy:<\/strong><\/li>\n<\/ul>\n<p style=\"text-align: left; padding-left: 30px;\">&#8211; je-li p\u0159\u00edjemcem mal\u00fd podnik, je podpora poskytov\u00e1na a\u017e do v\u00fd\u0161e 80 % ZV<\/p>\n<p style=\"text-align: left; padding-left: 30px;\">&#8211; je-li p\u0159\u00edjemcem st\u0159edn\u00ed podnik, je podpora poskytov\u00e1na a\u017e do v\u00fd\u0161e 70 % ZV<\/p>\n<p style=\"text-align: left; padding-left: 30px;\">&#8211; je-li p\u0159\u00edjemcem velk\u00fd podnik, je podpora poskytov\u00e1na a\u017e do v\u00fd\u0161e 60 % ZV<\/p>\n<ul style=\"text-align: left;\">\n<li style=\"text-align: justify;\"><strong>V\u00a0p\u0159\u00edpad\u011b vyveden\u00ed tepla a bioplynu ze st\u00e1vaj\u00edc\u00edch bioplynov\u00fdch stanic:<\/strong><\/li>\n<\/ul>\n<p style=\"text-align: left; padding-left: 30px;\">&#8211; je-li p\u0159\u00edjemcem mal\u00fd podnik, je podpora poskytov\u00e1na a\u017e do v\u00fd\u0161e 50 % ZV<\/p>\n<p style=\"text-align: left; padding-left: 30px;\">&#8211; je-li p\u0159\u00edjemcem st\u0159edn\u00ed podnik, je podpora poskytov\u00e1na a\u017e do v\u00fd\u0161e 45 % ZV<\/p>\n<p style=\"text-align: left; padding-left: 30px;\">&#8211; je-li p\u0159\u00edjemcem velk\u00fd podnik, je podpora poskytov\u00e1na a\u017e do v\u00fd\u0161e 40 % ZV<\/p>\n<ul style=\"text-align: left;\">\n<li style=\"text-align: justify;\"><strong>M\u00edra podpory na energetick\u00fd posudek a projektovou dokumentaci v p\u0159\u00edpad\u011b vyveden\u00ed tepla a bioplynu ze st\u00e1vaj\u00edc\u00edch bioplynov\u00fdch stanic: \u00a0 \u00a0 \u00a0 \u00a0 \u00a0 \u00a0\u00a0<\/strong><\/li>\n<\/ul>\n<p style=\"text-align: left; padding-left: 30px;\">&#8211; je-li p\u0159\u00edjemcem mal\u00fd podnik, je podpora poskytov\u00e1na a\u017e do v\u00fd\u0161e 50 % ZV<\/p>\n<p style=\"text-align: left; padding-left: 30px;\">&#8211; je-li p\u0159\u00edjemcem st\u0159edn\u00ed podnik, je podpora poskytov\u00e1na a\u017e do v\u00fd\u0161e 45 % ZV<\/p>\n<p style=\"text-align: left; padding-left: 30px;\">&#8211; je-li p\u0159\u00edjemcem velk\u00fd podnik, je podpora poskytov\u00e1na a\u017e do v\u00fd\u0161e 40 % ZV<\/p>\n<ul>\n<li style=\"text-align: left; padding-left: 30px;\"><strong><strong>M\u00edra podpory na energetick\u00fd posudek a projektovou dokumentaci v p\u0159\u00edpad\u011b MVE, KVET z biomasy a v\u00fdtopen z biomasy: <\/strong><\/strong><\/li>\n<\/ul>\n<p><strong><strong>\u00a0 \u00a0 \u00a0 \u00a0<\/strong><\/strong>&#8211; je-li p\u0159\u00edjemcem mal\u00fd podnik, je podpora poskytov\u00e1na a\u017e do v\u00fd\u0161e 80 % ZV<\/p>\n<p style=\"text-align: left; padding-left: 30px;\">&#8211; je-li p\u0159\u00edjemcem st\u0159edn\u00ed podnik, je podpora poskytov\u00e1na a\u017e do v\u00fd\u0161e 70 % ZV<\/p>\n<p style=\"text-align: left; padding-left: 30px;\">&#8211; je-li p\u0159\u00edjemcem velk\u00fd podnik, je podpora poskytov\u00e1na a\u017e do v\u00fd\u0161e 60 % ZV<\/p>\n<p style=\"text-align: left;\"><strong>Na co nelze z\u00edskat podporu\u00a0(nepodporovan\u00e9 aktivity):<\/strong><\/p>\n<ul style=\"text-align: left;\">\n<li style=\"text-align: justify;\">v\u00fdstavba \u010di rekonstrukce sol\u00e1rn\u00edch, v\u011btrn\u00fdch, geoterm\u00e1ln\u00edch zdroj\u016f \u010di bioplynov\u00fdch stanic<\/li>\n<li style=\"text-align: justify;\">vyu\u017eit\u00ed odpadn\u00edho tepla v\u00a0r\u00e1mci ORC syst\u00e9mu pro bioplynov\u00e9 stanice pro v\u00fdrobu elektrick\u00e9 energie, kde by se jednalo o \u00fasporu technologick\u00e9 spot\u0159eby elektrick\u00e9 energie<\/li>\n<li style=\"text-align: justify;\">instalace OZE pro vlastn\u00ed spot\u0159ebu podniku (biomasa, sol\u00e1rn\u00ed syst\u00e9my, tepeln\u00e1 \u010derpadla a fotovoltaick\u00e9 syst\u00e9my)<\/li>\n<\/ul>\n<p style=\"text-align: left;\"><strong>Jak\u00e9 v\u00fddaje je mo\u017en\u00e9 podpo\u0159it\u00a0(zp\u016fsobil\u00e9 v\u00fddaje):<\/strong><\/p>\n<ul style=\"text-align: left;\">\n<li style=\"text-align: justify;\">dlouhodob\u00fd hmotn\u00fd majetek<\/li>\n<li style=\"text-align: justify;\">dlouhodob\u00fd nehmotn\u00fd majetek (pokud je nezbytn\u00fd k \u0159\u00e1dn\u00e9mu provozov\u00e1n\u00ed dlouhodob\u00e9ho hmotn\u00e9ho majetku)<\/li>\n<li style=\"text-align: justify;\">Energetick\u00fd posudek<\/li>\n<\/ul>\n<p style=\"text-align: left;\"><strong>Specifika a omezen\u00ed:<\/strong><\/p>\n<ul style=\"text-align: left;\">\n<li style=\"text-align: justify;\">projekt mus\u00ed b\u00fdt realizov\u00e1n na \u00fazem\u00ed \u010cR mimo hlavn\u00edho m\u011bsta Prahy; v r\u00e1mci projektu lze uplatnit pouze jedno m\u00edsto realizace odpov\u00eddaj\u00edc\u00ed p\u0159\u00edslu\u0161n\u00e9 v\u00fdrobn\u011b elekt\u0159iny \u2013 bioplynov\u00fdch stanic, zdroji KVET z biomasy, zdroji tepla z biomasy a MVE<\/li>\n<li style=\"text-align: justify;\">vyroben\u00e1 energie bude ur\u010dena prim\u00e1rn\u011b pro distribuci, nikoliv vlastn\u00ed spot\u0159ebu<\/li>\n<li style=\"text-align: justify;\">v r\u00e1mci t\u00e9to v\u00fdzvy lze na jeden ekonomick\u00fd subjekt (jedno I\u010c) podat maxim\u00e1ln\u011b 4 \u017e\u00e1dosti o podporu<\/li>\n<\/ul>\n<p style=\"text-align: left;\"><strong>Syst\u00e9m sb\u011bru \u017e\u00e1dost\u00ed:<\/strong><\/p>\n<ul>\n<li style=\"text-align: left;\">kolov\u00fd<\/li>\n<\/ul>\n<p><\/p>","protected":false},"excerpt":{"rendered":"<p>C\u00edlem programu Obnoviteln\u00e9 zdroje energie je podpora v\u00fdroby a distribuce energie poch\u00e1zej\u00edc\u00ed z obnoviteln\u00fdch zdroj\u016f. Podporov\u00e1ny budou za\u0159\u00edzen\u00ed s nejv\u011bt\u0161\u00ed efektivitou a bez negativn\u00edho vlivu na elektriza\u010dn\u00ed soustavu.<\/p>\n","protected":false},"author":1,"featured_media":0,"parent":136,"menu_order":0,"comment_status":"closed","ping_status":"closed","template":"","meta":{"inline_featured_image":false,"footnotes":""},"class_list":["post-4102","page","type-page","status-publish","hentry"],"publishpress_future_action":{"enabled":false,"date":"2026-05-06 21:43:22","action":"change-status","newStatus":"draft","terms":[],"taxonomy":"","extraData":[]},"publishpress_future_workflow_manual_trigger":{"enabledWorkflows":[]},"_links":{"self":[{"href":"https:\/\/apiagentura.gov.cz\/cs\/wp-json\/wp\/v2\/pages\/4102","targetHints":{"allow":["GET"]}}],"collection":[{"href":"https:\/\/apiagentura.gov.cz\/cs\/wp-json\/wp\/v2\/pages"}],"about":[{"href":"https:\/\/apiagentura.gov.cz\/cs\/wp-json\/wp\/v2\/types\/page"}],"author":[{"embeddable":true,"href":"https:\/\/apiagentura.gov.cz\/cs\/wp-json\/wp\/v2\/users\/1"}],"replies":[{"embeddable":true,"href":"https:\/\/apiagentura.gov.cz\/cs\/wp-json\/wp\/v2\/comments?post=4102"}],"version-history":[{"count":0,"href":"https:\/\/apiagentura.gov.cz\/cs\/wp-json\/wp\/v2\/pages\/4102\/revisions"}],"up":[{"embeddable":true,"href":"https:\/\/apiagentura.gov.cz\/cs\/wp-json\/wp\/v2\/pages\/136"}],"wp:attachment":[{"href":"https:\/\/apiagentura.gov.cz\/cs\/wp-json\/wp\/v2\/media?parent=4102"}],"curies":[{"name":"wp","href":"https:\/\/api.w.org\/{rel}","templated":true}]}}