{"id":41079,"date":"2024-10-09T13:00:09","date_gmt":"2024-10-09T11:00:09","guid":{"rendered":"https:\/\/www.apiagentura.gov.cz\/?page_id=41079"},"modified":"2025-03-24T12:21:29","modified_gmt":"2025-03-24T11:21:29","slug":"potencial-vyzva-ii","status":"publish","type":"page","link":"https:\/\/apiagentura.gov.cz\/cs\/podporovane-aktivity-optak\/potencial-optak\/potencial-vyzva-ii\/","title":{"rendered":"Potenci\u00e1l &#8211; v\u00fdzva II"},"content":{"rendered":"<p><strong>Upozorn\u011bn\u00ed pro \u017eadatele a p\u0159\u00edjemce:<\/strong><\/p>\n<p><strong>30. 1. 2025:<\/strong> P\u0159edstaven\u00ed v\u00fdzvy II aktivity Potenci\u00e1l prob\u011bhlo v r\u00e1mci webin\u00e1\u0159e. <a class=\"btn\" href=\"https:\/\/www.youtube.com\/watch?v=sxy_MWGU-8U\">Z\u00c1ZNAM WEBIN\u00c1\u0158E<\/a><\/p>\n<p><span style=\"color: black; background: white;\"><strong>23. 1. 2025:<\/strong> Ministerstvo pr\u016fmyslu a obchodu jako \u0158\u00eddic\u00ed org\u00e1n OP TAK (\u0158O) informuje o zm\u011bn\u011b v\u00fdzvy II. programu OP TAK Potenci\u00e1l. Vzhledem ke <\/span><span style=\"color: black;\">skute\u010dnosti pod\u00e1n\u00ed mal\u00e9ho po\u010dtu\u00a0projektov\u00fdch \u017e\u00e1dost\u00ed a kv\u016fli nutnosti zaji\u0161t\u011bn\u00ed rychlej\u0161\u00edho \u010derp\u00e1n\u00ed alokace v\u00fdzvy a spln\u011bn\u00ed o\u010dek\u00e1van\u00fdch miln\u00edk\u016f a c\u00edl\u016f OP TAK, stanovuje \u0158O <b>nov\u00fd\u00a0term\u00edn ukon\u010den\u00ed p\u0159\u00edjmu \u017e\u00e1dost\u00ed o podporu na 20.5. 2025 v \u010dase 12:00<\/b>.<\/span><\/p>\n<table class=\"call-detail\" style=\"height: 58px; width: 70.479%;\" width=\"749\">\n<tbody>\n<tr style=\"height: 24px;\">\n<td style=\"width: 33.3333%; height: 34px;\" rowspan=\"2\"><strong>Na co lze z\u00edskat podporu<\/strong>\u00a0(podporovan\u00e9 aktivity):<\/p>\n<ul>\n<li>Zalo\u017een\u00ed nebo roz\u0161\u00ed\u0159en\u00ed <strong>center pr\u016fmyslov\u00e9ho v\u00fdzkumu<\/strong>, <strong>v\u00fdvoje a inovac\u00ed<\/strong> spo\u010d\u00edvaj\u00edc\u00ed v po\u0159\u00edzen\u00ed technologi\u00ed, za\u0159\u00edzen\u00ed a jin\u00e9ho vybaven\u00ed nezbytn\u00e9ho pro zaji\u0161t\u011bn\u00ed v\u00fdzkumn\u00fdch a v\u00fdvojov\u00fdch aktivit.<\/li>\n<\/ul>\n<p><strong>Kdo m\u016f\u017ee \u017e\u00e1dat (p\u0159\u00edjemci podpory):<\/strong><\/p>\n<ul>\n<li>mal\u00e9 a st\u0159edn\u00ed podniky<\/li>\n<li>small mid-caps, mid-caps<\/li>\n<\/ul>\n<p><strong>Syst\u00e9m sb\u011bru \u017e\u00e1dost\u00ed:<\/strong><\/p>\n<ul>\n<li>pr\u016fb\u011b\u017en\u00fd<\/li>\n<\/ul>\n<\/td>\n<td style=\"width: 33.3333%; height: 24px;\"><strong>Kolik lze z\u00edskat na jeden projekt\u00a0<\/strong>(forma a v\u00fd\u0161e podpory):<\/p>\n<ul>\n<li>Dotace na projekt je poskytov\u00e1na minim\u00e1ln\u011b ve v\u00fd\u0161i <strong>2 mil. K\u010d<\/strong>\u00a0a maxim\u00e1ln\u011b do v\u00fd\u0161e <strong>100 mil. K\u010d<\/strong>.<\/li>\n<\/ul>\n<p><strong>M\u00edra podpory:<\/strong><\/p>\n<ul>\n<li>V\u00fd\u0161e podpory od <strong>15 % do 70 %<\/strong> <strong>dle regionu<\/strong> VIZ v\u00fdzva.<\/li>\n<\/ul>\n<\/td>\n<td style=\"width: 33.3333%; height: 24px;\"><img loading=\"lazy\" decoding=\"async\" class=\"alignnone wp-image-33533 size-full\" src=\"https:\/\/www.apiagentura.gov.cz\/wp-content\/uploads\/2023\/05\/optak-aktivita-1-potencial-660x660-1.png\" alt=\"\" width=\"660\" height=\"660\" srcset=\"https:\/\/apiagentura.gov.cz\/wp-content\/uploads\/2023\/05\/optak-aktivita-1-potencial-660x660-1.png 660w, https:\/\/apiagentura.gov.cz\/wp-content\/uploads\/2023\/05\/optak-aktivita-1-potencial-660x660-1-300x300.png 300w, https:\/\/apiagentura.gov.cz\/wp-content\/uploads\/2023\/05\/optak-aktivita-1-potencial-660x660-1-150x150.png 150w\" sizes=\"auto, (max-width: 660px) 100vw, 660px\" \/><\/td>\n<\/tr>\n<tr style=\"height: 24px;\">\n<td style=\"width: 33.3333%; height: 10px;\"><strong>Jak\u00e9 v\u00fddaje je mo\u017en\u00e9 podpo\u0159it\u00a0<\/strong>(zp\u016fsobil\u00e9 v\u00fddaje):<\/p>\n<ul>\n<li>Dlouhodob\u00fd hmotn\u00fd majetek.<\/li>\n<li>Dlouhodob\u00fd nehmotn\u00fd majetek (patenty, licence, know-how, software).<br \/>\n<em>(Max. do v\u00fd\u0161e 50 % celkov\u00fdch zp\u016fsobil\u00fdch v\u00fddaj\u016f projektu).<\/em><\/li>\n<li>Investice do budov \u2013 novostavby a stavebn\u00ed \u00fapravy.<br \/>\n<em>(Max. do v\u00fd\u0161e 40 % celkov\u00fdch zp\u016fsobil\u00fdch v\u00fddaj\u016f projektu).<\/em><\/li>\n<\/ul>\n<\/td>\n<td style=\"width: 33.3333%; height: 34px;\" rowspan=\"2\"><strong>Specifika a omezen\u00ed:<\/strong><\/p>\n<ul>\n<li>Projekt mus\u00ed b\u00fdt realizov\u00e1n na \u00fazem\u00ed \u010cR mimo NUTS 2 Praha.<\/li>\n<li>Ka\u017ed\u00fd \u017eadatel (1 I\u010c) je v t\u00e9to v\u00fdzv\u011b opr\u00e1vn\u011bn p\u0159edlo\u017eit maxim\u00e1ln\u011b 2 projekty.<\/li>\n<li><strong>Preferov\u00e1ny<\/strong> budou projekty zam\u011b\u0159uj\u00edc\u00ed se na oblasti <strong>DEEP TECH:<\/strong><\/li>\n<li>Pokro\u010dil\u00e9 materi\u00e1ly a v\u00fdroba.<\/li>\n<li>Letectv\u00ed a kosmonautika, chytr\u00e1 mobilita<br \/>\na bezpilotn\u00ed syst\u00e9my.<\/li>\n<li>Um\u011bl\u00e1 inteligence, strojov\u00e9 u\u010den\u00ed, v\u010detn\u011b velk\u00fdch dat.<\/li>\n<li>Polovodi\u010de (mikro\u010dipy).<\/li>\n<li>Biotechnologie a pokro\u010dil\u00e9 technologie ve zdravotnictv\u00ed.<\/li>\n<li>Elektronika a fotonika.<\/li>\n<li>Pokro\u010dil\u00e1 v\u00fdpo\u010detn\u00ed technika\/kvantov\u00e1 v\u00fdpo\u010detn\u00ed technika.<\/li>\n<li>Robotika.<\/li>\n<li>Udr\u017eiteln\u00e9 energie a \u010dist\u00e9 technologie.<\/li>\n<li>Komunika\u010dn\u00ed a s\u00edtov\u00e9 technologie.<\/li>\n<li>Jako Deep technology se klasifikuj\u00ed technologie, kter\u00e9 p\u0159edstavuj\u00ed v\u00fdznamn\u00e9 v\u011bdeck\u00e9 nebo technick\u00e9 v\u00fdzvy vy\u017eaduj\u00edc\u00ed del\u0161\u00ed v\u00fdzkum, v\u00fdvoj a vy\u0161\u0161\u00ed investice.<\/li>\n<\/ul>\n<\/td>\n<\/tr>\n<tr style=\"height: 24px;\">\n<td style=\"width: 66.6666%; height: 24px;\" colspan=\"2\"><img loading=\"lazy\" decoding=\"async\" class=\"alignnone wp-image-41138 size-full\" src=\"https:\/\/www.apiagentura.gov.cz\/wp-content\/uploads\/2024\/10\/web-vyzva-optak-pot-ii.png\" alt=\"\" width=\"1072\" height=\"500\" srcset=\"https:\/\/apiagentura.gov.cz\/wp-content\/uploads\/2024\/10\/web-vyzva-optak-pot-ii.png 1072w, https:\/\/apiagentura.gov.cz\/wp-content\/uploads\/2024\/10\/web-vyzva-optak-pot-ii-300x140.png 300w, https:\/\/apiagentura.gov.cz\/wp-content\/uploads\/2024\/10\/web-vyzva-optak-pot-ii-1024x478.png 1024w, https:\/\/apiagentura.gov.cz\/wp-content\/uploads\/2024\/10\/web-vyzva-optak-pot-ii-768x358.png 768w\" sizes=\"auto, (max-width: 1072px) 100vw, 1072px\" \/><\/td>\n<\/tr>\n<\/tbody>\n<\/table>\n<p><\/p>","protected":false},"excerpt":{"rendered":"<p>C\u00edlem v\u00fdzvy je podpora zvy\u0161ov\u00e1n\u00ed po\u010dtu podnik\u016f s infrastrukturou pro v\u00fdzkum a v\u00fdvoj a rozvoj a posilov\u00e1n\u00ed jejich v\u00fdzkumn\u00fdch a inova\u010dn\u00edch kapacit.<\/p>\n","protected":false},"author":1,"featured_media":0,"parent":30021,"menu_order":0,"comment_status":"closed","ping_status":"closed","template":"","meta":{"inline_featured_image":false,"footnotes":""},"class_list":["post-41079","page","type-page","status-publish","hentry"],"publishpress_future_action":{"enabled":false,"date":"2026-05-07 11:19:28","action":"change-status","newStatus":"draft","terms":[],"taxonomy":"","extraData":[]},"publishpress_future_workflow_manual_trigger":{"enabledWorkflows":[]},"_links":{"self":[{"href":"https:\/\/apiagentura.gov.cz\/cs\/wp-json\/wp\/v2\/pages\/41079","targetHints":{"allow":["GET"]}}],"collection":[{"href":"https:\/\/apiagentura.gov.cz\/cs\/wp-json\/wp\/v2\/pages"}],"about":[{"href":"https:\/\/apiagentura.gov.cz\/cs\/wp-json\/wp\/v2\/types\/page"}],"author":[{"embeddable":true,"href":"https:\/\/apiagentura.gov.cz\/cs\/wp-json\/wp\/v2\/users\/1"}],"replies":[{"embeddable":true,"href":"https:\/\/apiagentura.gov.cz\/cs\/wp-json\/wp\/v2\/comments?post=41079"}],"version-history":[{"count":0,"href":"https:\/\/apiagentura.gov.cz\/cs\/wp-json\/wp\/v2\/pages\/41079\/revisions"}],"up":[{"embeddable":true,"href":"https:\/\/apiagentura.gov.cz\/cs\/wp-json\/wp\/v2\/pages\/30021"}],"wp:attachment":[{"href":"https:\/\/apiagentura.gov.cz\/cs\/wp-json\/wp\/v2\/media?parent=41079"}],"curies":[{"name":"wp","href":"https:\/\/api.w.org\/{rel}","templated":true}]}}