{"id":41571,"date":"2024-11-29T13:00:49","date_gmt":"2024-11-29T12:00:49","guid":{"rendered":"https:\/\/www.apiagentura.gov.cz\/?page_id=41571"},"modified":"2026-04-07T13:18:45","modified_gmt":"2026-04-07T11:18:45","slug":"aplikace-deep-tech-vyzva-iii","status":"publish","type":"page","link":"https:\/\/apiagentura.gov.cz\/cs\/podporovane-aktivity-optak\/aplikace-optak\/aplikace-deep-tech-vyzva-iii\/","title":{"rendered":"Aplikace \u2013 DEEP TECH &#8211; v\u00fdzva III"},"content":{"rendered":"<p><strong>Upozorn\u011bn\u00ed pro \u017eadatele a p\u0159\u00edjemce:<\/strong><\/p>\n<p><strong>5. 3. 2026:<\/strong> MPO zve\u0159ejnilo podklady k povinnosti p\u0159\u00edjemc\u016f zpracovat informace o v\u00fdstupech projektu v Rejst\u0159\u00edku informac\u00ed o v\u00fdsledc\u00edch (sou\u010d\u00e1st Informa\u010dn\u00edho syst\u00e9mu v\u00fdzkumu, v\u00fdvoje a inovac\u00ed (IS VaVaI), kter\u00fd shroma\u017e\u010fuje informace o v\u00fdzkumu, v\u00fdvoji a inovac\u00edch).<\/p>\n<p><span data-olk-copy-source=\"MessageBody\"><strong>10. 7. 2025:<\/strong> \u0158\u00edd\u00edc\u00ed org\u00e1n OP TAK vydal nov\u00fd informa\u010dn\u00ed dokumentu pro p\u0159\u00edjemce dotace s n\u00e1zvem <strong>P\u0159ehled nej\u010dast\u011bj\u0161\u00edch \u017e\u00e1dost\u00ed o zm\u011bnu v aktivit\u011b Aplikace<\/strong>. Pros\u00edme p\u0159\u00edjemce o vyu\u017e\u00edv\u00e1n\u00ed a aplikov\u00e1n\u00ed dokumentu pro uleh\u010den\u00ed cel\u00e9ho procesu administrace \u017e\u00e1dosti o zm\u011bnu.<\/span><\/p>\n<p><strong>1. 7. 2025:<\/strong> Ministerstvo pr\u016fmyslu a obchodu informovalo o vyd\u00e1n\u00ed P\u0159\u00edlohy \u010d. 4 \u2013 Vzoru Rozhodnut\u00ed o poskytnut\u00ed podpory a \u010destn\u00fdch prohl\u00e1\u0161en\u00ed k RoPD a o aktualizaci p\u0159\u00edlohy \u010d. 2 Pravidla pro \u017eadatele a p\u0159\u00edjemce v OP TAK zvl\u00e1\u0161tn\u00ed \u010d\u00e1st \u2013 p\u0159ehled zm\u011bn je uveden v tabulce dokumentu \u201eP\u0159ehled proveden\u00fdch zm\u011bn\u201c a p\u0159\u00edlohy \u010d. 3 Vymezen\u00ed zp\u016fsobil\u00fdch v\u00fddaj\u016f (zm\u011bny jsou uvedeny v reviz\u00edch).<\/p>\n<p><strong>7. 5. 2025:<\/strong> Ministerstvo pr\u016fmyslu a obchodu informovalo o nav\u00fd\u0161en\u00ed alokace V\u00fdzvy Aplikace \u2013 V\u00fdzva III \u2013 DEEP TECH. P\u016fvodn\u00ed alokace byla nav\u00fd\u0161ena na<strong> 6 miliard K\u010d<\/strong>. C\u00edlem tohoto kroku je umo\u017enit podpo\u0159en\u00ed v\u0161ech projekt\u016f, kter\u00e9 budou doporu\u010deny k financov\u00e1n\u00ed na z\u00e1klad\u011b v\u00fdsledk\u016f v\u011bcn\u00e9ho hodnocen\u00ed a posouzen\u00ed V\u00fdb\u011brovou komis\u00ed.<\/p>\n<p><strong>19. 3. 2025:<\/strong> Ministerstvo pr\u016fmyslu a obchodu informovalo o o <strong>uzav\u0159en\u00ed p\u0159\u00edjmu \u017e\u00e1dost\u00ed o podporu<\/strong> v 8:39 ve v\u00fdzv\u011b Aplikace III. &#8211; DEEP TECH, z d\u016fvodu napln\u011bn\u00ed 200 % alokace.<\/p>\n<p><strong>14. 3. 2025:<\/strong> Vzhledem k mno\u017e\u00edc\u00edm se dotaz\u016fm, \u0158\u00edd\u00edc\u00ed org\u00e1n znovu upozor\u0148uje z\u00e1jemce o podporu, \u017ee p\u0159\u00edjem \u017e\u00e1dost\u00ed o podporu ve V\u00fdzv\u011b Aplikace III. \u2013 DEEP TECH bude ukon\u010den, jakmile celkov\u00fd objem po\u017eadovan\u00e9 dotace podan\u00fdch projekt\u016f dos\u00e1hne 200 % alokace V\u00fdzvy.<\/p>\n<p><strong>5. 3. 2025:<\/strong> Upozor\u0148ujeme p\u0159\u00edjemce, \u017ee pro V\u00fdzvu Aplikace \u2013 v\u00fdzva III. \u2013 DEEP TECH plat\u00ed P\u0159\u00edloha \u010d. 9 Pravidel pro \u017eadatele a p\u0159\u00edjemce \u2013 obecn\u00e1 \u010d\u00e1st \u2013 Mzdov\u00e1 tabulka pro OP TAK \u2013 Aplikace \u2013 s \u00fa\u010dinnost\u00ed od 28.2.2025 zve\u0159ejn\u011bnou <a href=\"https:\/\/apiagentura.gov.cz\/cs\/metodika-op-tak\/\">zde<\/a> (s limitem 3. kvartil).<\/p>\n<p><strong>14. 2. 2025:<\/strong> Upozor\u0148ujeme z\u00e1jemce o\u00a0dota\u010dn\u00ed podporu v\u00a0r\u00e1mci V\u00fdzvy III. \u2013 DEEP TECH, \u017ee p\u0159\u00edjem \u017e\u00e1dost\u00ed o\u00a0podporu bude ukon\u010den, jakmile celkov\u00fd objem po\u017eadovan\u00e9 dotace podan\u00fdch projekt\u016f dos\u00e1hne\u00a0200 % alokace V\u00fdzvy. \u017d\u00e1dosti podan\u00e9 po\u00a0napln\u011bn\u00ed\u00a0200 % alokace V\u00fdzvy nebudou hodnoceny, proto doporu\u010dujeme pod\u00e1n\u00ed \u017e\u00e1dosti o\u00a0podporu neodkl\u00e1dat.<\/p>\n<p><strong>11. 12. 2024: <\/strong>MPO zve \u017eadatele na webin\u00e1\u0159 v\u011bnovan\u00fd pod\u00e1v\u00e1n\u00ed \u017e\u00e1dost\u00ed o podporu v r\u00e1mci Aplikace \u2013 V\u00fdzva III. \u2013 Deep Tech. C\u00edlem webin\u00e1\u0159e je p\u0159edstavit novou v\u00fdzvu zam\u011b\u0159enou na oblast tzv. deep tech, zopakovat kl\u00ed\u010dov\u00e9 principy pro p\u0159\u00edpravu kvalitn\u00edch \u017e\u00e1dost\u00ed o podporu a sezn\u00e1mit \u00fa\u010dastn\u00edky s nej\u010dast\u011bj\u0161\u00edmi chybami p\u0159i kontrole form\u00e1ln\u00edch n\u00e1le\u017eitost\u00ed, pod\u00e1v\u00e1n\u00ed \u017e\u00e1dost\u00ed o zm\u011bnu a \u017e\u00e1dost\u00ed o platbu. Registrovat se m\u016f\u017eete <a href=\"https:\/\/events.teams.microsoft.com\/event\/47324167-85be-4c18-8df6-c5d190100e2d@1f9775f0-c6d0-40f3-b27c-91cb5bbd294a\/registration\">zde<\/a>.<\/p>\n<table class=\"call-detail\" style=\"height: 75px; width: 70.479%;\" width=\"749\">\n<tbody>\n<tr style=\"height: 24px;\">\n<td style=\"width: 33.3333%; height: 51px;\" rowspan=\"2\"><strong>Na co lze z\u00edskat podporu<\/strong>\u00a0(podporovan\u00e9 aktivity):<\/p>\n<ul>\n<li>Projekty pr\u016fmyslov\u00e9ho v\u00fdzkumu a experiment\u00e1ln\u00edho v\u00fdvoje realizovan\u00e9 s c\u00edlem zv\u00fd\u0161en\u00ed \u00farove\u0148 technologick\u00e9 p\u0159ipravenosti pokro\u010dil\u00fdch technologick\u00fdch \u0159e\u0161en\u00ed a demonstrovat vysoce inovativn\u00ed postupy, v\u00fdrobky a slu\u017eby, ve vybran\u00fdch oblastech deep tech.<\/li>\n<\/ul>\n<p><strong>Kdo m\u016f\u017ee \u017e\u00e1dat (p\u0159\u00edjemci podpory):<\/strong><\/p>\n<ul>\n<li>podnikaj\u00edc\u00ed pr\u00e1vnick\u00e9 a fyzick\u00e9 osoby<\/li>\n<li>v\u00fdzkumn\u00e9 organizace<\/li>\n<\/ul>\n<p><strong>Syst\u00e9m sb\u011bru \u017e\u00e1dost\u00ed:<\/strong><\/p>\n<ul>\n<li>kolov\u00fd<\/li>\n<\/ul>\n<\/td>\n<td style=\"width: 33.3333%; height: 24px;\"><strong>Kolik lze z\u00edskat na jeden projekt\u00a0<\/strong>(forma a v\u00fd\u0161e podpory):<\/p>\n<ul>\n<li>Dotace na projekt je poskytov\u00e1na minim\u00e1ln\u011b ve v\u00fd\u0161i <strong>3 mil. K\u010d<\/strong> maxim\u00e1ln\u011b do v\u00fd\u0161e<strong> 125 mil. K\u010d<\/strong>.<\/li>\n<\/ul>\n<p><strong>M\u00edra podpory:<\/strong><\/p>\n<ul>\n<li><strong>25 % &#8211; 85 %<\/strong> dle velikosti podniku a kategorie \u010dinnosti VIZ v\u00fdzva<\/li>\n<\/ul>\n<\/td>\n<td style=\"width: 33.3333%; height: 24px;\"><img loading=\"lazy\" decoding=\"async\" class=\"alignnone wp-image-30399 size-full\" src=\"https:\/\/www.apiagentura.gov.cz\/wp-content\/uploads\/2022\/08\/optak-aktivita-1-aplikace-660x660-1.png\" alt=\"\" width=\"660\" height=\"660\" srcset=\"https:\/\/apiagentura.gov.cz\/wp-content\/uploads\/2022\/08\/optak-aktivita-1-aplikace-660x660-1.png 660w, https:\/\/apiagentura.gov.cz\/wp-content\/uploads\/2022\/08\/optak-aktivita-1-aplikace-660x660-1-300x300.png 300w, https:\/\/apiagentura.gov.cz\/wp-content\/uploads\/2022\/08\/optak-aktivita-1-aplikace-660x660-1-150x150.png 150w\" sizes=\"auto, (max-width: 660px) 100vw, 660px\" \/><\/td>\n<\/tr>\n<tr style=\"height: 24px;\">\n<td style=\"width: 33.3333%; height: 27px;\"><strong>Jak\u00e9 v\u00fddaje je mo\u017en\u00e9 podpo\u0159it\u00a0<\/strong>(zp\u016fsobil\u00e9 v\u00fddaje):<\/p>\n<ul>\n<li>osobn\u00ed n\u00e1klady<\/li>\n<li>n\u00e1klady na n\u00e1stroje, p\u0159\u00edstroje a vybaven\u00ed po\u0159\u00edzen\u00fdch od t\u0159et\u00edch stran v podob\u011b odpis\u016f dlouhodob\u00e9ho hmotn\u00e9ho movit\u00e9ho majetku.<\/li>\n<li>n\u00e1klady na smluvn\u00ed v\u00fdzkum a poradensk\u00e9 slu\u017eby VaV<\/li>\n<li>n\u00e1klady na poradensk\u00e9 slu\u017eby v\u00fdzkumu a v\u00fdvoje<\/li>\n<li>dodate\u010dn\u00e9 re\u017eijn\u00ed n\u00e1klady v\u010detn\u011b n\u00e1klad\u016f na materi\u00e1l, komponenty a dod\u00e1vky<\/li>\n<\/ul>\n<\/td>\n<td style=\"width: 33.3333%; height: 51px;\" rowspan=\"2\"><strong>Specifika a omezen\u00ed:<\/strong><\/p>\n<ul>\n<li>Projekt mus\u00ed b\u00fdt realizov\u00e1n na \u00fazem\u00ed \u010cR mimo NUTS 2 Praha.<\/li>\n<li>Podpora pr\u016fmyslov\u00e9ho v\u00fdzkumu m\u016f\u017ee tvo\u0159it<strong> max. 50 % z celkov\u00fdch zp\u016fsobil\u00fdch <\/strong><strong>v\u00fddaj\u016f <\/strong>projektu.<\/li>\n<li>\u017dadatel je opr\u00e1vn\u011bn podat <strong>maxim\u00e1ln\u011b 2<\/strong> <strong>projekty<\/strong>. <em>Tato podm\u00ednka se nevztahuje na v\u00fdzkumn\u00e9 organizace vystupuj\u00edc\u00ed v roli partnera projektu.<\/em><\/li>\n<\/ul>\n<p><strong>Seznam podporovan\u00fdch oblast\u00ed DEEP TECH<\/strong><\/p>\n<ul>\n<li>Polovodi\u010de (mikro\u010dipy)<\/li>\n<li>Robotika<\/li>\n<li>Um\u011bl\u00e1 inteligence a strojov\u00e9 u\u010den\u00ed, v\u010detn\u011b velk\u00fdch dat<\/li>\n<li>Letectv\u00ed a kosmonautika, chytr\u00e1 mobilita a bezpilotn\u00ed syst\u00e9my<\/li>\n<li>Biotechnologie a pokro\u010dil\u00e9 technologie ve zdravotnictv\u00ed<\/li>\n<li>Udr\u017eiteln\u00e1 energie a \u010dist\u00e9 (n\u00edzkoemisn\u00ed) technologie v\u010d. dopravn\u00edch prost\u0159edk\u016f<\/li>\n<li>Elektronika a fotonika<\/li>\n<li>Komunika\u010dn\u00ed a s\u00ed\u0165ov\u00e9 technologie<\/li>\n<li>Pokro\u010dil\u00e9 materi\u00e1ly<\/li>\n<\/ul>\n<\/td>\n<\/tr>\n<tr style=\"height: 24px;\">\n<td style=\"width: 66.6666%; height: 24px;\" colspan=\"2\"><img loading=\"lazy\" decoding=\"async\" class=\"alignnone wp-image-41582 size-full\" src=\"https:\/\/www.apiagentura.gov.cz\/wp-content\/uploads\/2024\/11\/web-vyzva-optak-apl-iii.png\" alt=\"\" width=\"1072\" height=\"500\" srcset=\"https:\/\/apiagentura.gov.cz\/wp-content\/uploads\/2024\/11\/web-vyzva-optak-apl-iii.png 1072w, https:\/\/apiagentura.gov.cz\/wp-content\/uploads\/2024\/11\/web-vyzva-optak-apl-iii-300x140.png 300w, https:\/\/apiagentura.gov.cz\/wp-content\/uploads\/2024\/11\/web-vyzva-optak-apl-iii-1024x478.png 1024w, https:\/\/apiagentura.gov.cz\/wp-content\/uploads\/2024\/11\/web-vyzva-optak-apl-iii-768x358.png 768w\" sizes=\"auto, (max-width: 1072px) 100vw, 1072px\" \/><\/td>\n<\/tr>\n<\/tbody>\n<\/table>\n<p><\/p>","protected":false},"excerpt":{"rendered":"<p>C\u00edlem v\u00fdzvy je podpora pr\u016fmyslov\u00e9ho v\u00fdzkumu a experiment\u00e1ln\u00edho v\u00fdvoje v oblastech pokro\u010dil\u00fdch technologick\u00fdch \u0159e\u0161en\u00ed.<\/p>\n","protected":false},"author":1,"featured_media":0,"parent":30015,"menu_order":0,"comment_status":"closed","ping_status":"closed","template":"","meta":{"inline_featured_image":false,"footnotes":""},"class_list":["post-41571","page","type-page","status-publish","hentry"],"publishpress_future_action":{"enabled":false,"date":"2026-05-08 15:01:50","action":"change-status","newStatus":"draft","terms":[],"taxonomy":"","extraData":[]},"publishpress_future_workflow_manual_trigger":{"enabledWorkflows":[]},"_links":{"self":[{"href":"https:\/\/apiagentura.gov.cz\/cs\/wp-json\/wp\/v2\/pages\/41571","targetHints":{"allow":["GET"]}}],"collection":[{"href":"https:\/\/apiagentura.gov.cz\/cs\/wp-json\/wp\/v2\/pages"}],"about":[{"href":"https:\/\/apiagentura.gov.cz\/cs\/wp-json\/wp\/v2\/types\/page"}],"author":[{"embeddable":true,"href":"https:\/\/apiagentura.gov.cz\/cs\/wp-json\/wp\/v2\/users\/1"}],"replies":[{"embeddable":true,"href":"https:\/\/apiagentura.gov.cz\/cs\/wp-json\/wp\/v2\/comments?post=41571"}],"version-history":[{"count":1,"href":"https:\/\/apiagentura.gov.cz\/cs\/wp-json\/wp\/v2\/pages\/41571\/revisions"}],"predecessor-version":[{"id":45569,"href":"https:\/\/apiagentura.gov.cz\/cs\/wp-json\/wp\/v2\/pages\/41571\/revisions\/45569"}],"up":[{"embeddable":true,"href":"https:\/\/apiagentura.gov.cz\/cs\/wp-json\/wp\/v2\/pages\/30015"}],"wp:attachment":[{"href":"https:\/\/apiagentura.gov.cz\/cs\/wp-json\/wp\/v2\/media?parent=41571"}],"curies":[{"name":"wp","href":"https:\/\/api.w.org\/{rel}","templated":true}]}}