{"id":41734,"date":"2024-12-12T11:30:31","date_gmt":"2024-12-12T10:30:31","guid":{"rendered":"https:\/\/www.apiagentura.gov.cz\/?page_id=41734"},"modified":"2026-02-09T09:46:01","modified_gmt":"2026-02-09T08:46:01","slug":"obnovitelne-zdroje-energie-biomasa-vyzva-i","status":"publish","type":"page","link":"https:\/\/apiagentura.gov.cz\/cs\/podporovane-aktivity-optak\/obnovitelne-zdroje-energie\/obnovitelne-zdroje-energie-biomasa-vyzva-i\/","title":{"rendered":"Obnoviteln\u00e9 zdroje energie &#8211; biomasa &#8211; v\u00fdzva I"},"content":{"rendered":"<p><strong>Upozorn\u011bn\u00ed pro \u017eadatele a p\u0159\u00edjemce:<\/strong><\/p>\n<p><strong>22. 1. 2026: Zm\u011bna textace v\u00fdzvy a Pravidel pro \u017eadatele a p\u0159\u00edjemce \u2013 zvl\u00e1\u0161tn\u00ed \u010d\u00e1st v\u00fdzvy Obnoviteln\u00e9 zdroje energie \u2013 biomasa \u2013 v\u00fdzva I.\u00a0<\/strong><\/p>\n<p>MPO informovalo o zm\u011bn\u011b v dokl\u00e1d\u00e1n\u00ed licence na v\u00fdrobu elektrick\u00e9 energie a\/nebo licence na v\u00fdrobu a rozvod tepeln\u00e9 energie a proveden\u00ed z\u00e1pisu CZ NACE. Nov\u011b bude nutn\u00e9 spln\u011bn\u00ed t\u011bchto po\u017eadavk\u016f nejpozd\u011bji k pod\u00e1n\u00ed prvn\u00ed zpr\u00e1vy o udr\u017eitelnosti. D\u016fvodem je skute\u010dnost, \u017ee mo\u017enost zaps\u00e1n\u00ed CZ NACE souvis\u00ed s kolauda\u010dn\u00edm souhlasem, p\u0159i\u010dem\u017e kolauda\u010dn\u00ed souhlas je p\u0159\u00edjemce povinen dodat spolu s prvn\u00ed Zpr\u00e1vou o udr\u017eitelnosti, p\u0159\u00edpadn\u011b nejpozd\u011bji do 24 m\u011bs\u00edc\u016f od skute\u010dn\u00e9ho ukon\u010den\u00ed.<\/p>\n<p>Zm\u011bny jsou platn\u00e9 od 26. 1. 2026.<\/p>\n<p><strong>10. 12. 2025: <\/strong>MPO informovalo, \u017ee\u00a0objem podan\u00fdch \u017e\u00e1dost\u00ed o podporu ve V\u00fdzv\u011b p\u0159ekro\u010dil p\u016fvodn\u00ed alokaci 500 mil. K\u010d. Z d\u016fvodu velk\u00e9ho z\u00e1jmu o v\u00fdzvu ze strany \u017eadatel\u016f se poskytovatel dotace rozhodl <strong>nav\u00fd\u0161it alokaci V\u00fdzvy na 700 mil. K\u010d<\/strong> a z\u00e1rove\u0148 <strong>prodlou\u017eit term\u00edn ukon\u010den\u00ed p\u0159\u00edjmu \u017e\u00e1dost\u00ed do 31. b\u0159ezna 2026<\/strong>, \u010d\u00edm\u017e bude umo\u017en\u011bno \u0161ir\u0161\u00edmu okruhu \u017eadatel\u016f dokon\u010dit p\u0159\u00edpravu projekt\u016f a podat kvalitn\u00ed \u017e\u00e1dosti o podporu.<\/p>\n<p>Zm\u011bny jsou platn\u00e9 od 10. 12. 2025<\/p>\n<table class=\"call-detail\" style=\"height: 278px; width: 70.479%;\" width=\"749\">\n<tbody>\n<tr style=\"height: 24px;\">\n<td style=\"width: 33.3333%; height: 24px;\" rowspan=\"2\"><strong>Na co lze z\u00edskat podporu<\/strong>\u00a0(podporovan\u00e9 aktivity):<\/p>\n<ul>\n<li>v\u00fdstavba zdroj\u016f tepla z biomasy a vyveden\u00ed tepla rozvodn\u00fdmi tepeln\u00fdmi za\u0159\u00edzen\u00edmi do m\u00edsta spot\u0159eby<\/li>\n<li>v\u00fdstavba zdroj\u016f kombinovan\u00e9 v\u00fdroby elekt\u0159iny a tepla z biomasy a vyveden\u00ed tepla rozvodn\u00fdmi tepeln\u00fdmi za\u0159\u00edzen\u00edmi do m\u00edsta spot\u0159eby (tepl\u00e1rny, zply\u0148ovac\u00ed tepl\u00e1rny a kogenerace bioplynu)<\/li>\n<li>vyveden\u00ed tepla ze st\u00e1vaj\u00edc\u00edch v\u00fdroben elekt\u0159iny &#8211; bioplynov\u00fdch stanic vyu\u017e\u00edvaj\u00edc\u00edch bioplyn v bioplynov\u00e9 stanici k v\u00fdrob\u011b elekt\u0159iny a tepla rozvodn\u00fdmi tepeln\u00fdmi za\u0159\u00edzen\u00edmi do m\u00edsta spot\u0159eby.<\/li>\n<\/ul>\n<p><strong>Kdo m\u016f\u017ee \u017e\u00e1dat (p\u0159\u00edjemci podpory):<\/strong><\/p>\n<ul>\n<li>mal\u00e9 a st\u0159edn\u00ed podniky (definice GBER)<\/li>\n<li>velk\u00e9 podniky<\/li>\n<\/ul>\n<p><strong>Syst\u00e9m sb\u011bru \u017e\u00e1dost\u00ed:<\/strong><\/p>\n<ul>\n<li>pr\u016fb\u011b\u017en\u00fd<\/li>\n<\/ul>\n<\/td>\n<td style=\"width: 33.3333%; height: 24px;\"><strong>Specifika a omezen\u00ed:<\/strong><\/p>\n<ul>\n<li>Projekt mus\u00ed b\u00fdt realizov\u00e1n na \u00fazem\u00ed \u010cR mimo NUTS 2 Praha.<\/li>\n<li>Po\u010det \u017e\u00e1dost\u00ed o podporu na jednoho \u017eadatele (1 I\u010c) nen\u00ed omezen<\/li>\n<li>Nejzaz\u0161\u00ed datum pro ukon\u010den\u00ed fyzick\u00e9 realizace projektu je <strong>31. 10. 2027.<\/strong><\/li>\n<\/ul>\n<p><strong>Kolik lze z\u00edskat na jeden projekt\u00a0<\/strong>(forma a v\u00fd\u0161e podpory):<\/p>\n<ul>\n<li>minim\u00e1ln\u00ed v\u00fd\u0161e celkov\u00fdch zp\u016fsobil\u00fdch v\u00fddaj\u016f na projekt mus\u00ed b\u00fdt<strong> 8 mil. K\u010d<\/strong> a maxim\u00e1ln\u011b do v\u00fd\u0161e<strong> 300 mil. K\u010d<\/strong>.<\/li>\n<\/ul>\n<\/td>\n<td style=\"width: 33.3333%; height: 24px;\"><img loading=\"lazy\" decoding=\"async\" class=\"alignnone wp-image-38964 size-full\" src=\"https:\/\/www.apiagentura.gov.cz\/wp-content\/uploads\/2024\/05\/ico-optak-4-obnovitelne-zdroje-energie.png\" alt=\"\" width=\"512\" height=\"512\" srcset=\"https:\/\/apiagentura.gov.cz\/wp-content\/uploads\/2024\/05\/ico-optak-4-obnovitelne-zdroje-energie.png 512w, https:\/\/apiagentura.gov.cz\/wp-content\/uploads\/2024\/05\/ico-optak-4-obnovitelne-zdroje-energie-300x300.png 300w, https:\/\/apiagentura.gov.cz\/wp-content\/uploads\/2024\/05\/ico-optak-4-obnovitelne-zdroje-energie-150x150.png 150w\" sizes=\"auto, (max-width: 512px) 100vw, 512px\" \/><\/td>\n<\/tr>\n<tr style=\"height: 24px;\">\n<td style=\"width: 33.3333%; height: 24px;\"><strong>Jak\u00e9 v\u00fddaje je mo\u017en\u00e9 podpo\u0159it\u00a0<\/strong>(zp\u016fsobil\u00e9 v\u00fddaje):<\/p>\n<ul>\n<li>dlouhodob\u00fd hmotn\u00fd majetek<\/li>\n<li>dlouhodob\u00fd nehmotn\u00fd majetek<\/li>\n<li>in\u017een\u00fdrsk\u00e1 \u010dinnost<\/li>\n<li>projektov\u00e1 dokumentace<\/li>\n<\/ul>\n<\/td>\n<td style=\"width: 33.3333%; height: 24px;\" rowspan=\"2\"><strong>M\u00edra podpory:<\/strong><\/p>\n<p><strong>a) p\u0159\u00edmo souvisej\u00edc\u00ed s\u00a0v\u00fdrobou energie z\u00a0obnoviteln\u00fdch zdroj\u016f energie<\/strong><\/p>\n<ul>\n<li>65 % &#8211; mal\u00fd podnik<\/li>\n<li>55 % &#8211; st\u0159edn\u00ed podnik<\/li>\n<li>45 % &#8211; velk\u00fd podnik<\/li>\n<\/ul>\n<p><strong>b) nesouvisej\u00edc\u00ed p\u0159\u00edmo s\u00a0v\u00fdrobou energie z\u00a0obnoviteln\u00fdch zdroj\u016f energie (rozvodn\u00e9 tepeln\u00e9 za\u0159\u00edzen\u00ed)<\/strong><\/p>\n<ul>\n<li>50 % &#8211; mal\u00fd podnik<\/li>\n<li>40 % &#8211; st\u0159edn\u00ed podnik<\/li>\n<li>30 % &#8211; velk\u00fd podnik<\/li>\n<\/ul>\n<p><strong>c) v\u00a0p\u0159\u00edpad\u011b vyveden\u00ed tepla ze zdroj\u016f na\u00a0biomasu nebo\u00a0z\u00a0bioplynov\u00fdch stanic,<\/strong>\u00a0<em>Energetick\u00fd regula\u010dn\u00ed \u00fa\u0159ad podle \u00a7\u00a05 z\u00e1kona \u010d.\u00a0458\/2000 Sb.<\/em><\/p>\n<ul>\n<li>65 % &#8211; mal\u00fd podnik,<\/li>\n<li>55 % &#8211; st\u0159edn\u00ed podnik,<\/li>\n<li>45 % &#8211; velk\u00fd podnik.<\/li>\n<\/ul>\n<\/td>\n<\/tr>\n<tr style=\"height: 24px;\">\n<td style=\"width: 66.6666%; height: 24px;\" colspan=\"2\"><img loading=\"lazy\" decoding=\"async\" class=\"alignnone wp-image-41732 size-full\" src=\"https:\/\/www.apiagentura.gov.cz\/wp-content\/uploads\/2024\/12\/web-vyzva-optak-oze-biomasa.png\" alt=\"\" width=\"1072\" height=\"500\" srcset=\"https:\/\/apiagentura.gov.cz\/wp-content\/uploads\/2024\/12\/web-vyzva-optak-oze-biomasa.png 1072w, https:\/\/apiagentura.gov.cz\/wp-content\/uploads\/2024\/12\/web-vyzva-optak-oze-biomasa-300x140.png 300w, https:\/\/apiagentura.gov.cz\/wp-content\/uploads\/2024\/12\/web-vyzva-optak-oze-biomasa-1024x478.png 1024w, https:\/\/apiagentura.gov.cz\/wp-content\/uploads\/2024\/12\/web-vyzva-optak-oze-biomasa-768x358.png 768w\" sizes=\"auto, (max-width: 1072px) 100vw, 1072px\" \/><\/td>\n<\/tr>\n<\/tbody>\n<\/table>\n<p><\/p>","protected":false},"excerpt":{"rendered":"<p>C\u00edlem v\u00fdzvy je efektivn\u00ed a \u0161etrn\u00e9 vyu\u017e\u00edv\u00e1n\u00ed OZE, zvy\u0161ov\u00e1n\u00ed jejich pod\u00edlu a t\u00edm p\u00e1dem sn\u00ed\u017een\u00ed spot\u0159eby prim\u00e1rn\u00edch energetick\u00fdch zdroj\u016f \u010di podpora podnikatelsk\u00fdch subjekt\u016f v oblasti vyu\u017eit\u00ed OZE.<\/p>\n","protected":false},"author":1,"featured_media":0,"parent":30069,"menu_order":0,"comment_status":"closed","ping_status":"closed","template":"","meta":{"inline_featured_image":false,"footnotes":""},"class_list":["post-41734","page","type-page","status-publish","hentry"],"publishpress_future_action":{"enabled":false,"date":"2026-05-09 19:31:31","action":"change-status","newStatus":"draft","terms":[],"taxonomy":"","extraData":[]},"publishpress_future_workflow_manual_trigger":{"enabledWorkflows":[]},"_links":{"self":[{"href":"https:\/\/apiagentura.gov.cz\/cs\/wp-json\/wp\/v2\/pages\/41734","targetHints":{"allow":["GET"]}}],"collection":[{"href":"https:\/\/apiagentura.gov.cz\/cs\/wp-json\/wp\/v2\/pages"}],"about":[{"href":"https:\/\/apiagentura.gov.cz\/cs\/wp-json\/wp\/v2\/types\/page"}],"author":[{"embeddable":true,"href":"https:\/\/apiagentura.gov.cz\/cs\/wp-json\/wp\/v2\/users\/1"}],"replies":[{"embeddable":true,"href":"https:\/\/apiagentura.gov.cz\/cs\/wp-json\/wp\/v2\/comments?post=41734"}],"version-history":[{"count":1,"href":"https:\/\/apiagentura.gov.cz\/cs\/wp-json\/wp\/v2\/pages\/41734\/revisions"}],"predecessor-version":[{"id":45216,"href":"https:\/\/apiagentura.gov.cz\/cs\/wp-json\/wp\/v2\/pages\/41734\/revisions\/45216"}],"up":[{"embeddable":true,"href":"https:\/\/apiagentura.gov.cz\/cs\/wp-json\/wp\/v2\/pages\/30069"}],"wp:attachment":[{"href":"https:\/\/apiagentura.gov.cz\/cs\/wp-json\/wp\/v2\/media?parent=41734"}],"curies":[{"name":"wp","href":"https:\/\/api.w.org\/{rel}","templated":true}]}}