{"id":42153,"date":"2025-02-05T13:25:37","date_gmt":"2025-02-05T12:25:37","guid":{"rendered":"https:\/\/apiagentura.gov.cz\/?page_id=42153"},"modified":"2026-04-07T13:13:51","modified_gmt":"2026-04-07T11:13:51","slug":"aplikace-vyzva-ii-vyvoj-digitalnich-reseni","status":"publish","type":"page","link":"https:\/\/apiagentura.gov.cz\/cs\/podporovane-aktivity-optak\/aplikace-optak\/aplikace-vyzva-ii-vyvoj-digitalnich-reseni\/","title":{"rendered":"Aplikace \u2013 v\u00fdzva II &#8211; v\u00fdvoj digit\u00e1ln\u00edch \u0159e\u0161en\u00ed"},"content":{"rendered":"<p><strong>Upozorn\u011bn\u00ed pro \u017eadatele a p\u0159\u00edjemce:<\/strong><\/p>\n<p><strong>5. 3. 2026:<\/strong> MPO zve\u0159ejnilo podklady k povinnosti p\u0159\u00edjemc\u016f zpracovat informace o v\u00fdstupech projektu v Rejst\u0159\u00edku informac\u00ed o v\u00fdsledc\u00edch (sou\u010d\u00e1st Informa\u010dn\u00edho syst\u00e9mu v\u00fdzkumu, v\u00fdvoje a inovac\u00ed (IS VaVaI), kter\u00fd shroma\u017e\u010fuje informace o v\u00fdzkumu, v\u00fdvoji a inovac\u00edch).<\/p>\n<p><strong>20. 10. 2025<\/strong>: Ministerstvo pr\u016fmyslu a obchodu informovalo o vyd\u00e1n\u00ed P\u0159\u00edlohy \u010d. 4 \u2013 Vzoru Rozhodnut\u00ed o poskytnut\u00ed podpory a \u010destn\u00fdch prohl\u00e1\u0161en\u00ed k RoPD a o aktualizaci p\u0159\u00edlohy \u010d. 2 Pravidla pro \u017eadatele a p\u0159\u00edjemce v OP TAK zvl\u00e1\u0161tn\u00ed \u010d\u00e1st \u2013 p\u0159ehled zm\u011bn je uveden v tabulce dokumentu \u201eP\u0159ehled proveden\u00fdch zm\u011bn\u201c.<\/p>\n<p><strong>29. 7. 2025:<\/strong> Ministerstvo pr\u016fmyslu a obchodu rozhodlo o nav\u00fd\u0161en\u00ed alokace v\u00fdzvy o 0,5 mld. K\u010d na 2 mld. K\u010d.<\/p>\n<p><span data-olk-copy-source=\"MessageBody\"><strong>10. 7. 2025:<\/strong> \u0158\u00edd\u00edc\u00ed org\u00e1n OP TAK vydal nov\u00fd informa\u010dn\u00ed dokumentu pro p\u0159\u00edjemce dotace s n\u00e1zvem <strong>P\u0159ehled nej\u010dast\u011bj\u0161\u00edch \u017e\u00e1dost\u00ed o zm\u011bnu v aktivit\u011b Aplikace<\/strong>. Pros\u00edme p\u0159\u00edjemce o vyu\u017e\u00edv\u00e1n\u00ed a aplikov\u00e1n\u00ed dokumentu pro uleh\u010den\u00ed cel\u00e9ho procesu administrace \u017e\u00e1dosti o zm\u011bnu.<\/span><\/p>\n<p><strong>10. 4. 2025:<\/strong> Ministerstvo pr\u016fmyslu a obchodu informovalo o<strong>\u00a0aktualizaci textace<\/strong>\u00a0V\u00fdzvy v\u00a0bodu\u00a08.2 e) v\u00a0souladu s\u00a0aktu\u00e1ln\u00edm zn\u011bn\u00edm \u00a7\u00a04c z\u00e1kona \u010d.\u00a0159\/2006 Sb., o\u00a0st\u0159etu z\u00e1jm\u016f a\u00a0\u00fapravy kapitoly\u00a01. D\u00e1le do\u0161lo k\u00a0aktualizaci Pravidel pro\u00a0\u017eadatele a\u00a0p\u0159\u00edjemce, proveden\u00e9 zm\u011bny jsou uvedeny v\u00a0dokumentu.<\/p>\n<p><strong>5. 3. 2025:<\/strong> Upozor\u0148ujeme p\u0159\u00edjemce, \u017ee pro V\u00fdzvu Aplikace \u2013 v\u00fdzva II \u2013 v\u00fdvoj digit\u00e1ln\u00edch \u0159e\u0161en\u00ed plat\u00ed P\u0159\u00edloha \u010d. <strong>8<\/strong> Pravidel pro \u017eadatele a p\u0159\u00edjemce \u2013 obecn\u00e1 \u010d\u00e1st \u2013 Mzdov\u00e1 tabulka pro OP TAK \u2013 s \u00fa\u010dinnost\u00ed od 28.2.2025 zve\u0159ejn\u011bnou <a href=\"https:\/\/apiagentura.gov.cz\/cs\/metodika-op-tak\/\">zde<\/a> (s limitem 3. kvartil).<\/p>\n<p><strong>Aktu\u00e1ln\u00ed stav podan\u00fdch \u017e\u00e1dost\u00ed o podporu<\/strong> naleznete na webu <a href=\"https:\/\/www.optak.cz\/aplikace-vyvoj-digitalnich-reseni-vyzva-ii\/a-483\/\">optak.cz<\/a><\/p>\n<p><strong>18. 2. 2025:<\/strong> MPO informovalo o zve\u0159ejn\u011bn\u00ed p\u0159\u00edru\u010dky pro pod\u00e1n\u00ed \u017e\u00e1dost\u00ed o podporu v ISKP21+.<\/p>\n<table class=\"call-detail\" style=\"height: 72px; width: 70.479%;\" width=\"749\">\n<tbody>\n<tr style=\"height: 24px;\">\n<td style=\"width: 33.3333%; height: 48px;\" rowspan=\"2\"><strong>Na co lze z\u00edskat podporu<\/strong>\u00a0(podporovan\u00e9 aktivity):<\/p>\n<ul>\n<li>Experiment\u00e1ln\u00ed v\u00fdvoj digit\u00e1ln\u00edch \u0159e\u0161en\u00ed.<\/li>\n<\/ul>\n<p><strong>Seznam podporovan\u00fdch oblast\u00ed digit\u00e1ln\u00edch \u0159e\u0161en\u00ed:<\/strong><\/p>\n<ul>\n<li>kvantov\u00e9 v\u00fdpo\u010dty a kvantov\u00e1 komunikace<\/li>\n<li>fintech a digit\u00e1ln\u00ed finance<\/li>\n<li>um\u011bl\u00e1 inteligence a strojov\u00e9 u\u010den\u00ed<\/li>\n<li>pokro\u010dil\u00e1 v\u00fdroba a robotika<\/li>\n<li>pokro\u010dil\u00e9 technologie ve zdravotnictv\u00ed<\/li>\n<li>udr\u017eiteln\u00e1 energie a \u010dist\u00e9 (n\u00edzkoemisn\u00ed) technologie<\/li>\n<li>inteligentn\u00ed dopravn\u00ed aplikace pro m\u011bsta<\/li>\n<li>blockchain a distribuovan\u00e9 s\u00edt\u011b<\/li>\n<li>kybernetick\u00e1 bezpe\u010dnost<\/li>\n<li>komunika\u010dn\u00ed a s\u00ed\u0165ov\u00e9 technologie<\/li>\n<\/ul>\n<p><strong>Kdo m\u016f\u017ee \u017e\u00e1dat (p\u0159\u00edjemci podpory):<\/strong><\/p>\n<ul>\n<li>podnikaj\u00edc\u00ed pr\u00e1vnick\u00e9 osoby<\/li>\n<li>v\u00fdzkumn\u00e9 organizace<\/li>\n<\/ul>\n<p><strong>Syst\u00e9m sb\u011bru \u017e\u00e1dost\u00ed:<\/strong><\/p>\n<ul>\n<li>kolov\u00fd<\/li>\n<\/ul>\n<\/td>\n<td style=\"width: 33.3333%; height: 24px;\"><strong>Kolik lze z\u00edskat na jeden projekt\u00a0<\/strong>(forma a v\u00fd\u0161e podpory):<\/p>\n<ul>\n<li>dotace na projekt je poskytov\u00e1na <strong>minim\u00e1ln\u011b ve v\u00fd\u0161i 3 mil K\u010d<\/strong>\u00a0a <strong>maxim\u00e1ln\u011b do v\u00fd\u0161e 50 mil K\u010d.<\/strong><\/li>\n<\/ul>\n<p><strong>M\u00edra podpory:<\/strong><\/p>\n<ul>\n<li><strong>25 % &#8211; 85 %<\/strong> dle velikosti podniku a kategorie \u010dinnosti viz v\u00fdzva kapitoly 9.1.<\/li>\n<\/ul>\n<\/td>\n<td style=\"width: 33.3333%; height: 24px;\"><img loading=\"lazy\" decoding=\"async\" class=\"alignnone wp-image-38896 size-full\" src=\"https:\/\/apiagentura.gov.cz\/wp-content\/uploads\/2024\/05\/ico-optak-1-aplikace.png\" alt=\"\" width=\"512\" height=\"512\" srcset=\"https:\/\/apiagentura.gov.cz\/wp-content\/uploads\/2024\/05\/ico-optak-1-aplikace.png 512w, https:\/\/apiagentura.gov.cz\/wp-content\/uploads\/2024\/05\/ico-optak-1-aplikace-300x300.png 300w, https:\/\/apiagentura.gov.cz\/wp-content\/uploads\/2024\/05\/ico-optak-1-aplikace-150x150.png 150w\" sizes=\"auto, (max-width: 512px) 100vw, 512px\" \/><\/td>\n<\/tr>\n<tr style=\"height: 24px;\">\n<td style=\"width: 33.3333%; height: 24px;\"><strong>Jak\u00e9 v\u00fddaje je mo\u017en\u00e9 podpo\u0159it\u00a0<\/strong>(zp\u016fsobil\u00e9 v\u00fddaje):<\/p>\n<p><strong>P\u0159\u00edm\u00e9 v\u00fddaje<\/strong><\/p>\n<ul>\n<li>osobn\u00ed n\u00e1klady<\/li>\n<li>extern\u00ed slu\u017eby &#8211; smluvn\u00ed v\u00fdzkum a poradensk\u00e9 slu\u017eby VaV (max. 40 % p\u0159\u00edm\u00fdch v\u00fddaj\u016f)<\/li>\n<\/ul>\n<p><strong>Nep\u0159\u00edm\u00e9 v\u00fddaje<\/strong><\/p>\n<ul>\n<li>pau\u0161\u00e1ln\u00ed n\u00e1klady ve v\u00fd\u0161i 20 % z celkov\u00fdch p\u0159\u00edm\u00fdch v\u00fddaj\u016f (dodate\u010dn\u00e9 re\u017eijn\u00ed a ostatn\u00ed provozn\u00ed n\u00e1klady v\u010detn\u011b v\u00fddaj\u016f na materi\u00e1l, dod\u00e1vky a podobn\u00e9 v\u00fdrobky)<\/li>\n<\/ul>\n<\/td>\n<td style=\"width: 33.3333%; height: 48px;\" rowspan=\"2\"><strong>Specifika a omezen\u00ed:<\/strong><\/p>\n<ul>\n<li>Projekt mus\u00ed b\u00fdt realizov\u00e1n na \u00fazem\u00ed \u010cR mimo NUTS 2 Praha.<\/li>\n<li>Ka\u017ed\u00fd \u017eadatel (1 I\u010c) je v t\u00e9to v\u00fdzv\u011b opr\u00e1vn\u011bn p\u0159edlo\u017eit <strong>maxim\u00e1ln\u011b 2 projekty<\/strong>.<\/li>\n<li>V\u00fdstupem projektu bude minim\u00e1ln\u011b <strong>1 digit\u00e1ln\u00ed \u0159e\u0161en\u00ed<\/strong>.<\/li>\n<li><strong>Digit\u00e1ln\u00ed \u0159e\u0161en\u00ed<\/strong> je produkt zahrnuj\u00edc\u00ed software, digit\u00e1ln\u00ed platformy, cloudov\u00e9 slu\u017eby, um\u011blou inteligenci a dal\u0161\u00ed inovativn\u00ed funkce pro zaji\u0161t\u011bn\u00ed chodu po\u010d\u00edta\u010d\u016f, stroj\u016f a za\u0159\u00edzen\u00ed. Mezi jeho v\u00fdstupy pat\u0159\u00ed t\u00e9\u017e \u0159e\u0161en\u00ed hardwarov\u00fdch a softwarov\u00fdch konflikt\u016f, v\u00fdvoj \u00fa\u010dinn\u011bj\u0161\u00edch algoritm\u016f a tvorba nov\u00fdch bezpe\u010dnostn\u00edch \u010di k\u00f3dovac\u00edch syst\u00e9m\u016f.<\/li>\n<li><strong>Velk\u00fd podnik<\/strong> m\u016f\u017ee realizovat projekt<strong> pouze<\/strong> v p\u0159\u00edpad\u011b <strong>spolupr\u00e1ce s MSP <\/strong>(min. 30 % MSP nebo 20 % MSP a 10 % VO).<\/li>\n<li>V p\u0159\u00edpad\u011b <strong>realizace v r\u00e1mci konsorcia<\/strong> je po\u010det \u010dlen\u016f <strong>omezen na<\/strong> <strong>5<\/strong> (1 hlavn\u00ed \u017eadatel + 4 partne\u0159i s finan\u010dn\u00edm p\u0159\u00edsp\u011bvkem).<\/li>\n<li><strong>V\u00fdzkumn\u00e1 organizace<\/strong> m\u016f\u017ee vstupovat do projektu <strong>pouze v roli partnera<\/strong>.<\/li>\n<\/ul>\n<\/td>\n<\/tr>\n<tr style=\"height: 24px;\">\n<td style=\"width: 66.6666%; height: 24px;\" colspan=\"2\"><img loading=\"lazy\" decoding=\"async\" class=\"alignnone wp-image-42223 size-full\" src=\"https:\/\/apiagentura.gov.cz\/wp-content\/uploads\/2025\/02\/web-vyzva-optak-apl-ii.png\" alt=\"\" width=\"1072\" height=\"500\" srcset=\"https:\/\/apiagentura.gov.cz\/wp-content\/uploads\/2025\/02\/web-vyzva-optak-apl-ii.png 1072w, https:\/\/apiagentura.gov.cz\/wp-content\/uploads\/2025\/02\/web-vyzva-optak-apl-ii-300x140.png 300w, https:\/\/apiagentura.gov.cz\/wp-content\/uploads\/2025\/02\/web-vyzva-optak-apl-ii-1024x478.png 1024w, https:\/\/apiagentura.gov.cz\/wp-content\/uploads\/2025\/02\/web-vyzva-optak-apl-ii-768x358.png 768w\" sizes=\"auto, (max-width: 1072px) 100vw, 1072px\" \/><\/td>\n<\/tr>\n<\/tbody>\n<\/table>\n<p><\/p>","protected":false},"excerpt":{"rendered":"<p>C\u00edlem v\u00fdzvy je podpora v\u00fdvoje inovativn\u00edch digit\u00e1ln\u00edch \u0159e\u0161en\u00ed.<\/p>\n","protected":false},"author":1,"featured_media":0,"parent":30015,"menu_order":0,"comment_status":"closed","ping_status":"closed","template":"","meta":{"inline_featured_image":false,"footnotes":""},"class_list":["post-42153","page","type-page","status-publish","hentry"],"publishpress_future_action":{"enabled":false,"date":"2026-05-07 15:40:15","action":"change-status","newStatus":"draft","terms":[],"taxonomy":"","extraData":[]},"publishpress_future_workflow_manual_trigger":{"enabledWorkflows":[]},"_links":{"self":[{"href":"https:\/\/apiagentura.gov.cz\/cs\/wp-json\/wp\/v2\/pages\/42153","targetHints":{"allow":["GET"]}}],"collection":[{"href":"https:\/\/apiagentura.gov.cz\/cs\/wp-json\/wp\/v2\/pages"}],"about":[{"href":"https:\/\/apiagentura.gov.cz\/cs\/wp-json\/wp\/v2\/types\/page"}],"author":[{"embeddable":true,"href":"https:\/\/apiagentura.gov.cz\/cs\/wp-json\/wp\/v2\/users\/1"}],"replies":[{"embeddable":true,"href":"https:\/\/apiagentura.gov.cz\/cs\/wp-json\/wp\/v2\/comments?post=42153"}],"version-history":[{"count":1,"href":"https:\/\/apiagentura.gov.cz\/cs\/wp-json\/wp\/v2\/pages\/42153\/revisions"}],"predecessor-version":[{"id":45568,"href":"https:\/\/apiagentura.gov.cz\/cs\/wp-json\/wp\/v2\/pages\/42153\/revisions\/45568"}],"up":[{"embeddable":true,"href":"https:\/\/apiagentura.gov.cz\/cs\/wp-json\/wp\/v2\/pages\/30015"}],"wp:attachment":[{"href":"https:\/\/apiagentura.gov.cz\/cs\/wp-json\/wp\/v2\/media?parent=42153"}],"curies":[{"name":"wp","href":"https:\/\/api.w.org\/{rel}","templated":true}]}}