{"id":4222,"date":"2017-02-02T16:28:31","date_gmt":"2017-02-02T15:28:31","guid":{"rendered":"https:\/\/www.apiagentura.gov.cz\/?page_id=4222"},"modified":"2021-11-23T12:16:44","modified_gmt":"2021-11-23T11:16:44","slug":"smart-grids-i-vyzva-ii","status":"publish","type":"page","link":"https:\/\/apiagentura.gov.cz\/cs\/programy-podpory\/smart-grids-i\/smart-grids-i-vyzva-ii\/","title":{"rendered":"Smart grids I &#8211; V\u00fdzva II"},"content":{"rendered":"<p><\/p>\n<h3><strong>Z\u00e1kladn\u00ed charakteristiky:<\/strong><\/h3>\n<p><strong>Kdo m\u016f\u017ee \u017e\u00e1dat<\/strong>\u00a0(p\u0159\u00edjemci podpory):<\/p>\n<ul>\n<li>mal\u00e9, st\u0159edn\u00ed a velk\u00e9 podniky<\/li>\n<li>typy podporovan\u00fdch pr\u00e1vn\u00edch forem stanovuje text V\u00fdzvy<\/li>\n<\/ul>\n<p><strong>Kolik lze z\u00edskat na jeden projekt\u00a0<\/strong>(forma a v\u00fd\u0161e podpory):<\/p>\n<ul>\n<li>m\u00edra podpory: podpora je poskytov\u00e1na a\u017e do v\u00fd\u0161e 40 % ZV<\/li>\n<li>m\u00edra podpory na Posudek p\u0159\u00ednos\u016f aplikace prvk\u016f inteligentn\u00edch s\u00edt\u00ed v distribu\u010dn\u00edch soustav\u00e1ch je poskytov\u00e1na a\u017e do v\u00fd\u0161e 40 % ZV<\/li>\n<li>maxim\u00e1ln\u00ed a minim\u00e1ln\u00ed v\u00fd\u0161e dotace: ka\u017ed\u00e1 podporovan\u00e1 oblast m\u00e1 svou z\u00e1kladn\u00ed alokaci:<\/li>\n<\/ul>\n<p>\u2013 v oblasti a, do v\u00fd\u0161e 100\u00a0mil. K\u010d<\/p>\n<p>\u2013 v oblasti b, do v\u00fd\u0161e 100\u00a0mil. K\u010d<\/p>\n<p>\u2013 v oblasti c, do v\u00fd\u0161e 100\u00a0mil. K\u010d<\/p>\n<p>\u2013 v oblasti d, do v\u00fd\u0161e 100\u00a0mil. K\u010d<\/p>\n<p>\u2013 v oblasti e, do v\u00fd\u0161e 100 mil. K\u010d<\/p>\n<p>Postup vy\u010derp\u00e1n\u00ed alokace: Nejd\u0159\u00edve budou vybr\u00e1ny projekty \u201ez jednotliv\u00fdch podporovan\u00fdch oblast\u00ed\u201c, kter\u00e9 dos\u00e1hnou \u201enejvy\u0161\u0161\u00edho\u201c po\u010dtu bod\u016f a z\u00e1rove\u0148 je jejich po\u017eadovan\u00e1 dotace ze 100 % pokryta z\u00e1kladn\u00ed alokac\u00ed danou podporovanou oblast\u00ed. N\u00e1sledn\u011b budou podpo\u0159eny projekty, kter\u00e9 nebyly zahrnuty do podpory dle v\u011bty prvn\u00ed z d\u016fvodu, \u017ee na \u010d\u00e1st \u010di celou v\u00fd\u0161i jejich po\u017eadovan\u00e9 dotace ji\u017e nebyla dosta\u010duj\u00edc\u00ed v\u00fd\u0161e z\u00e1kladn\u00ed alokace dan\u00e9 oblasti. Projekty budou takto uspokojov\u00e1ny v abecedn\u00edm po\u0159ad\u00ed jednotliv\u00fdch podporovan\u00fdch oblast\u00ed \u201emaxim\u00e1ln\u011b\u201c do vy\u010derp\u00e1n\u00ed celkov\u00e9 alokace na tento program, specifick\u00fd c\u00edl.<\/p>\n<ul>\n<li>dotace na projekty v jednotliv\u00fdch oblastech jsou poskytov\u00e1ny:<\/li>\n<\/ul>\n<p>\u2013 v oblasti a, minim\u00e1ln\u011b ve v\u00fd\u0161i 0,5 mil. K\u010d a maxim\u00e1ln\u011b do v\u00fd\u0161e 40 mil. K\u010d<\/p>\n<p>\u2013 v oblasti b, minim\u00e1ln\u011b ve v\u00fd\u0161i 5 mil. K\u010d a maxim\u00e1ln\u011b do v\u00fd\u0161e 80 mil. K\u010d<\/p>\n<p>\u2013 v oblasti c, minim\u00e1ln\u011b ve v\u00fd\u0161i 5 mil. K\u010d a maxim\u00e1ln\u011b do v\u00fd\u0161e 65 mil. K\u010d<\/p>\n<p>\u2013 v oblasti d, minim\u00e1ln\u011b ve v\u00fd\u0161i 5 mil. K\u010d a maxim\u00e1ln\u011b do v\u00fd\u0161e 100 mil. K\u010d<\/p>\n<p>\u2013 v oblasti e, minim\u00e1ln\u011b ve v\u00fd\u0161i 5 mil. K\u010d a maxim\u00e1ln\u011b do v\u00fd\u0161e 80 mil. K\u010d<\/p>\n<p><strong>Na co lze z\u00edskat podporu<\/strong>\u00a0(podporovan\u00e9 aktivity):<\/p>\n<ul>\n<li>a)\u00a0komplexn\u00ed opat\u0159en\u00ed ke zlep\u0161en\u00ed spolehlivosti, informovanosti a zav\u00e1d\u011bn\u00ed bilance a optimalizace provozu v distribu\u010dn\u00edch soustav\u00e1ch<\/li>\n<li>b) nasazen\u00ed automatizovan\u00fdch d\u00e1lkov\u011b ovl\u00e1dan\u00fdch prvk\u016f v distribu\u010dn\u00edch soustav\u00e1ch<\/li>\n<li>c) nasazen\u00ed technologick\u00fdch prvk\u016f \u0159\u00edzen\u00ed nap\u011bt\u00ed a v\u00fdkonu elektrick\u00e9 energie v distribu\u010dn\u00edch soustav\u00e1ch<\/li>\n<li>d) \u0159e\u0161en\u00ed lok\u00e1ln\u00ed bilance \u0159\u00edzen\u00edm tok\u016f v\u00fdkonu mezi odb\u011brateli a provozovatelem distribu\u010dn\u00ed s\u00edt\u011b<\/li>\n<li>e) v\u00fdb\u011brov\u00e9 osazen\u00ed m\u011b\u0159en\u00ed kvality elektrick\u00e9 energie v distribu\u010dn\u00edch soustav\u00e1ch<\/li>\n<\/ul>\n<p><strong>Jak\u00e9 v\u00fddaje je mo\u017en\u00e9 podpo\u0159it\u00a0(zp\u016fsobil\u00e9 v\u00fddaje):<\/strong><\/p>\n<ul>\n<li>dlouhodob\u00fd hmotn\u00fd majetek<\/li>\n<li>dlouhodob\u00fd nehmotn\u00fd majetek (pokud je nezbytn\u00fd k \u0159\u00e1dn\u00e9mu provozov\u00e1n\u00ed dlouhodob\u00e9ho hmotn\u00e9ho majetku)<\/li>\n<li>podnikatelsk\u00fd z\u00e1m\u011br a projektov\u00e1 dokumentace<\/li>\n<\/ul>\n<p><strong>Specifika a omezen\u00ed:<\/strong><\/p>\n<ul>\n<li>projekt mus\u00ed b\u00fdt realizov\u00e1n na \u00fazem\u00ed \u010cR mimo hlavn\u00edho m\u011bsta Prahy<\/li>\n<li>\u017eadatel mus\u00ed jednozna\u010dn\u011b prok\u00e1zat vlastnick\u00e1 nebo jin\u00e1 pr\u00e1va k nemovitostem a pozemk\u016fm, kde bude projekt realizov\u00e1n, dolo\u017een\u00edm, \u017ee je dr\u017eitelem licence na distribuci elekt\u0159iny vydanou Energetick\u00fdm regula\u010dn\u00edm \u00fa\u0159adem v souladu s \u00a7 5 z\u00e1kona \u010d. 458\/2000 Sb., o podm\u00ednk\u00e1ch podnik\u00e1n\u00ed a o v\u00fdkonu st\u00e1tn\u00ed spr\u00e1vy v energetick\u00fdch odv\u011btv\u00edch (energetick\u00fd z\u00e1kon)<\/li>\n<li>v r\u00e1mci aktivity a) lze uplatnit v\u00edce m\u00edst realizace projektu<\/li>\n<li>v r\u00e1mci aktivit b) a\u017e e) lze uplatnit v\u00edce m\u00edst realizace v r\u00e1mci jednoho ucelen\u00e9ho \u00fazem\u00ed; tato podm\u00ednka se nevztahuje na p\u0159enos dat do distribu\u010dn\u00edho \u0159\u00eddic\u00edho syst\u00e9mu (D\u0158S) a samotn\u00fd D\u0158S.<\/li>\n<\/ul>\n<p><strong>Syst\u00e9m sb\u011bru \u017e\u00e1dost\u00ed:<\/strong><\/p>\n<ul>\n<li>kolov\u00fd<\/li>\n<\/ul>\n<p><\/p>","protected":false},"excerpt":{"rendered":"<p>C\u00edlem V\u00fdzvy je zlep\u0161en\u00ed kvality, spolehlivosti, bezpe\u010dnosti a udr\u017eitelnosti dod\u00e1vek elekt\u0159iny kone\u010dn\u00fdm z\u00e1kazn\u00edk\u016fm a p\u0159ibl\u00ed\u017een\u00ed se na \u00farove\u0148 obvyklou v zem\u00edch EU-15 za sou\u010dasn\u00e9 minimalizace \u00fazk\u00fdch profil\u016f a integrace decentralizovan\u00fdch zdroj\u016f energie. Tyto zm\u011bny budou m\u00edt vliv na zv\u00fd\u0161en\u00ed konkurenceschopnosti, kvality \u017eivotn\u00edho prost\u0159ed\u00ed a energetick\u00e9 bezpe\u010dnosti \u010cR. Zah\u00e1jen\u00ed p\u0159\u00edjmu \u017d\u00e1dost\u00ed o podporu bude realizov\u00e1no do 5 pracovn\u00edch dn\u00ed po ofici\u00e1ln\u00edm doru\u010den\u00ed informace Evropsk\u00e9 komise o schv\u00e1len\u00ed revize OPPIK, kter\u00e1 ru\u0161\u00ed omezen\u00ed pod\u00edlu alokace pro velk\u00e9 podniky v SC 3.5.<\/p>\n","protected":false},"author":1,"featured_media":0,"parent":140,"menu_order":0,"comment_status":"closed","ping_status":"closed","template":"","meta":{"inline_featured_image":false,"footnotes":""},"class_list":["post-4222","page","type-page","status-publish","hentry"],"publishpress_future_action":{"enabled":false,"date":"2026-05-07 06:28:55","action":"change-status","newStatus":"draft","terms":[],"taxonomy":"","extraData":[]},"publishpress_future_workflow_manual_trigger":{"enabledWorkflows":[]},"_links":{"self":[{"href":"https:\/\/apiagentura.gov.cz\/cs\/wp-json\/wp\/v2\/pages\/4222","targetHints":{"allow":["GET"]}}],"collection":[{"href":"https:\/\/apiagentura.gov.cz\/cs\/wp-json\/wp\/v2\/pages"}],"about":[{"href":"https:\/\/apiagentura.gov.cz\/cs\/wp-json\/wp\/v2\/types\/page"}],"author":[{"embeddable":true,"href":"https:\/\/apiagentura.gov.cz\/cs\/wp-json\/wp\/v2\/users\/1"}],"replies":[{"embeddable":true,"href":"https:\/\/apiagentura.gov.cz\/cs\/wp-json\/wp\/v2\/comments?post=4222"}],"version-history":[{"count":0,"href":"https:\/\/apiagentura.gov.cz\/cs\/wp-json\/wp\/v2\/pages\/4222\/revisions"}],"up":[{"embeddable":true,"href":"https:\/\/apiagentura.gov.cz\/cs\/wp-json\/wp\/v2\/pages\/140"}],"wp:attachment":[{"href":"https:\/\/apiagentura.gov.cz\/cs\/wp-json\/wp\/v2\/media?parent=4222"}],"curies":[{"name":"wp","href":"https:\/\/api.w.org\/{rel}","templated":true}]}}