{"id":42804,"date":"2025-03-14T11:39:35","date_gmt":"2025-03-14T10:39:35","guid":{"rendered":"https:\/\/apiagentura.gov.cz\/?page_id=42804"},"modified":"2026-04-22T09:10:56","modified_gmt":"2026-04-22T07:10:56","slug":"inovacni-vouchery-vyzva-iv","status":"publish","type":"page","link":"https:\/\/apiagentura.gov.cz\/cs\/podporovane-aktivity-optak\/inovacni-vouchery-optak\/inovacni-vouchery-vyzva-iv\/","title":{"rendered":"Inova\u010dn\u00ed vouchery \u2013 v\u00fdzva IV"},"content":{"rendered":"<p><strong>Upozorn\u011bn\u00ed pro \u017eadatele:<\/strong><\/p>\n<p><strong>25. 3. 2026:<\/strong> Ministerstvo pr\u016fmyslu a obchodu informovalo o <strong>prodlou\u017een\u00ed doby pod\u00e1v\u00e1n\u00ed \u017e\u00e1dost\u00ed o\u00a0podporu<\/strong> z 30. 4. 2026 na\u00a0<strong>30. 4. 2027<\/strong>\u00a0a\u00a0<strong>zm\u011bnu nejzaz\u0161\u00edho term\u00ednu ukon\u010den\u00ed fyzick\u00e9 realizace projektu<\/strong> z 30. 4. 2027 na\u00a0<strong>30. 4. 2028<\/strong>\u00a0u\u00a0aktivity Inova\u010dn\u00ed vouchery-v\u00fdzva IV. Zm\u011bna byla provedena z\u00a0d\u016fvodu nevy\u010derp\u00e1n\u00ed p\u0159id\u011blen\u00e9 alokace na\u00a0v\u00fdzvu.<\/p>\n<p>Od 1. 5. 2025 se nav\u00fd\u0161il finan\u010dn\u00ed limit pro postup dle Pravidel pro v\u00fdb\u011br dodavatel\u016f z 500 tis. K\u010d bez DPH na 750 tis. K\u010d bez DPH. Tzn. v r\u00e1mci V\u00fdzvy IV. Inova\u010dn\u00ed vouchery \u017eadatel\u00e9 nemus\u00ed vypisovat v\u00fdb\u011brov\u00e9 \u0159\u00edzen\u00ed do \u010d\u00e1stky 750tis. K\u010d bez DPH. Nad tuto \u010d\u00e1stku se ji\u017e v\u00fdb\u011brov\u00e9 \u0159\u00edzen\u00ed vypisovat mus\u00ed. Postup pro vyps\u00e1n\u00ed v\u00fdb\u011brov\u00e9ho \u0159\u00edzen\u00ed naleznete zde: <a href=\"https:\/\/apiagentura.gov.cz\/cs\/metodika-op-tak\/vyber-dodavatele-op-tak\/\" data-auth=\"NotApplicable\">V\u00fdb\u011br dodavatele (OP TAK) \u2013 API<\/a>\u00a0a dopl\u0148uj\u00edc\u00ed informace jsou uvedeny v <a href=\"https:\/\/apiagentura.gov.cz\/wp-content\/uploads\/2025\/03\/priloha-c.-2-ppzp-zvlastni-cast.pdf\" data-auth=\"NotApplicable\">Pravidlech pro \u017eadatele a p\u0159\u00edjemce \u2013 zvl\u00e1\u0161tn\u00ed \u010d\u00e1st, str. 7<\/a>.<\/p>\n<table class=\"call-detail\" style=\"height: 278px;\" width=\"749\">\n<tbody>\n<tr style=\"height: 24px;\">\n<td style=\"width: 33.3333%; height: 24px;\" rowspan=\"2\"><strong>Na co lze z\u00edskat podporu<\/strong>\u00a0(podporovan\u00e9 aktivity):<\/p>\n<ul>\n<li>N\u00e1kup poradensk\u00fdch, expertn\u00edch a podp\u016frn\u00fdch slu\u017eeb v oblasti inovac\u00ed \u017eadatele od v\u00fdzkumn\u00fdch organizac\u00ed nebo akreditovan\u00fdch subjekt\u016f.<\/li>\n<\/ul>\n<p><strong>Kdo m\u016f\u017ee \u017e\u00e1dat (p\u0159\u00edjemci podpory):<\/strong><\/p>\n<ul>\n<li>mal\u00e9 a st\u0159edn\u00ed podniky<\/li>\n<\/ul>\n<p><strong>Syst\u00e9m sb\u011bru \u017e\u00e1dost\u00ed:<\/strong><\/p>\n<ul>\n<li>pr\u016fb\u011b\u017en\u00fd<\/li>\n<\/ul>\n<\/td>\n<td style=\"width: 33.3333%; height: 24px;\"><strong>Kolik lze z\u00edskat na jeden projekt\u00a0<\/strong>(forma a v\u00fd\u0161e podpory):<\/p>\n<ul>\n<li>Celkov\u00e9 zp\u016fsobil\u00e9 v\u00fddaje na projekt mus\u00ed b\u00fdt minim\u00e1ln\u011b ve v\u00fd\u0161i<strong> 100 tis. K\u010d<\/strong> a maxim\u00e1ln\u011b do v\u00fd\u0161e<strong> 2 mil. K\u010d<\/strong>.<\/li>\n<\/ul>\n<p>&nbsp;<\/p>\n<p><strong>M\u00edra podpory:<\/strong><\/p>\n<ul>\n<li><strong>75 %<\/strong> celkov\u00fdch zp\u016fsobil\u00fdch v\u00fddaj\u016f<\/li>\n<\/ul>\n<\/td>\n<td style=\"width: 33.3333%; height: 24px;\"><img loading=\"lazy\" decoding=\"async\" class=\"alignnone wp-image-30025 size-full\" src=\"https:\/\/apiagentura.gov.cz\/wp-content\/uploads\/2022\/07\/optak-aktivita-1-inovacni-vouchery-660x660-1.png\" alt=\"\" width=\"660\" height=\"660\" srcset=\"https:\/\/apiagentura.gov.cz\/wp-content\/uploads\/2022\/07\/optak-aktivita-1-inovacni-vouchery-660x660-1.png 660w, https:\/\/apiagentura.gov.cz\/wp-content\/uploads\/2022\/07\/optak-aktivita-1-inovacni-vouchery-660x660-1-300x300.png 300w, https:\/\/apiagentura.gov.cz\/wp-content\/uploads\/2022\/07\/optak-aktivita-1-inovacni-vouchery-660x660-1-150x150.png 150w\" sizes=\"auto, (max-width: 660px) 100vw, 660px\" \/><\/td>\n<\/tr>\n<tr style=\"height: 24px;\">\n<td style=\"width: 33.3333%; height: 24px;\"><strong>Specifika a omezen\u00ed:<\/strong><\/p>\n<ul>\n<li>Projekt mus\u00ed b\u00fdt realizov\u00e1n na \u00fazem\u00ed \u010cR mimo NUTS 2 Praha.<\/li>\n<li>Dotace je poskytov\u00e1na v re\u017eimu <strong>de minimis<\/strong>, tj. <strong>max. 300 tis. EUR za dobu 3 let<\/strong>.<\/li>\n<li>\u017dadatel mus\u00ed m\u00edt minim\u00e1ln\u011b <strong>2 uzav\u0159en\u00e1 zda\u0148ovac\u00ed obdob\u00ed<\/strong>.<\/li>\n<li>V\u00fdhodou v\u00fdzvy je <strong>povinnost dolo\u017een\u00ed minima doklad\u016f<\/strong> a <strong>snadn\u00e1 administrace<\/strong> \u017e\u00e1dosti.<\/li>\n<\/ul>\n<\/td>\n<td style=\"width: 33.3333%; height: 24px;\" rowspan=\"2\"><strong>Jak\u00e9 v\u00fddaje je mo\u017en\u00e9 podpo\u0159it\u00a0<\/strong>(zp\u016fsobil\u00e9 v\u00fddaje):<\/p>\n<ul>\n<li>M\u011b\u0159en\u00ed, diagnostika, testov\u00e1n\u00ed, zkou\u0161ky, rozbory, anal\u00fdzy, ov\u011b\u0159ov\u00e1n\u00ed, certifikace produkt\u016f.<\/li>\n<li>N\u00e1vrh nov\u00fdch syst\u00e9m\u016f, technologick\u00fdch<br \/>\npostup\u016f, unik\u00e1tn\u00edch konstruk\u010dn\u00edch \u0159e\u0161en\u00ed apod.<\/li>\n<li>V\u00fddaje souvisej\u00edc\u00ed s v\u00fdvojem <em>(nap\u0159. HW a SW, <\/em><em>materi\u00e1lu, za\u0159\u00edzen\u00ed, prototypu, funk\u010dn\u00edho vzorku) <\/em>nebo zav\u00e1d\u011bn\u00edm nov\u00e9ho produktu.<\/li>\n<li>Optimalizace proces\u016f a metod firem vedouc\u00edch ke zv\u00fd\u0161en\u00ed efektivity nebo naopak ke sn\u00ed\u017een\u00ed n\u00e1klad\u016f.<\/li>\n<li>Modelov\u00e1n\u00ed, simulace proces\u016f, d\u011bj\u016f, syst\u00e9m\u016f a provoz\u016f v souvislosti s v\u00fdvojem nebo zav\u00e1d\u011bn\u00edm nov\u00fdch produkt\u016f.<\/li>\n<\/ul>\n<\/td>\n<\/tr>\n<tr style=\"height: 24px;\">\n<td style=\"width: 33.3333%; height: 24px;\" colspan=\"2\"><img loading=\"lazy\" decoding=\"async\" class=\"alignnone wp-image-42808 size-full\" src=\"https:\/\/apiagentura.gov.cz\/wp-content\/uploads\/2025\/03\/web-vyzva-optak-iv-avizovyzvy.png\" alt=\"\" width=\"1072\" height=\"500\" srcset=\"https:\/\/apiagentura.gov.cz\/wp-content\/uploads\/2025\/03\/web-vyzva-optak-iv-avizovyzvy.png 1072w, https:\/\/apiagentura.gov.cz\/wp-content\/uploads\/2025\/03\/web-vyzva-optak-iv-avizovyzvy-300x140.png 300w, https:\/\/apiagentura.gov.cz\/wp-content\/uploads\/2025\/03\/web-vyzva-optak-iv-avizovyzvy-1024x478.png 1024w, https:\/\/apiagentura.gov.cz\/wp-content\/uploads\/2025\/03\/web-vyzva-optak-iv-avizovyzvy-768x358.png 768w\" sizes=\"auto, (max-width: 1072px) 100vw, 1072px\" \/><\/td>\n<\/tr>\n<\/tbody>\n<\/table>\n<p><\/p>","protected":false},"excerpt":{"rendered":"<p>Rychl\u00e1 a snadn\u00e1 cesta ke slu\u017eb\u00e1m od v\u00fdzkumn\u00fdch organizac\u00ed nebo akreditovan\u00fdch subjekt\u016f<\/p>\n","protected":false},"author":1,"featured_media":0,"parent":30024,"menu_order":0,"comment_status":"closed","ping_status":"closed","template":"","meta":{"inline_featured_image":false,"footnotes":""},"class_list":["post-42804","page","type-page","status-publish","hentry"],"publishpress_future_action":{"enabled":false,"date":"2026-05-08 19:29:50","action":"change-status","newStatus":"draft","terms":[],"taxonomy":"","extraData":[]},"publishpress_future_workflow_manual_trigger":{"enabledWorkflows":[]},"_links":{"self":[{"href":"https:\/\/apiagentura.gov.cz\/cs\/wp-json\/wp\/v2\/pages\/42804","targetHints":{"allow":["GET"]}}],"collection":[{"href":"https:\/\/apiagentura.gov.cz\/cs\/wp-json\/wp\/v2\/pages"}],"about":[{"href":"https:\/\/apiagentura.gov.cz\/cs\/wp-json\/wp\/v2\/types\/page"}],"author":[{"embeddable":true,"href":"https:\/\/apiagentura.gov.cz\/cs\/wp-json\/wp\/v2\/users\/1"}],"replies":[{"embeddable":true,"href":"https:\/\/apiagentura.gov.cz\/cs\/wp-json\/wp\/v2\/comments?post=42804"}],"version-history":[{"count":4,"href":"https:\/\/apiagentura.gov.cz\/cs\/wp-json\/wp\/v2\/pages\/42804\/revisions"}],"predecessor-version":[{"id":45695,"href":"https:\/\/apiagentura.gov.cz\/cs\/wp-json\/wp\/v2\/pages\/42804\/revisions\/45695"}],"up":[{"embeddable":true,"href":"https:\/\/apiagentura.gov.cz\/cs\/wp-json\/wp\/v2\/pages\/30024"}],"wp:attachment":[{"href":"https:\/\/apiagentura.gov.cz\/cs\/wp-json\/wp\/v2\/media?parent=42804"}],"curies":[{"name":"wp","href":"https:\/\/api.w.org\/{rel}","templated":true}]}}