{"id":43100,"date":"2025-04-16T19:48:31","date_gmt":"2025-04-16T17:48:31","guid":{"rendered":"https:\/\/apiagentura.gov.cz\/?page_id=43100"},"modified":"2026-04-01T13:29:18","modified_gmt":"2026-04-01T11:29:18","slug":"sluzby-infrastruktury-vyzva-ii","status":"publish","type":"page","link":"https:\/\/apiagentura.gov.cz\/cs\/podporovane-aktivity-optak\/sluzby-infrastruktury-optak\/sluzby-infrastruktury-vyzva-ii\/","title":{"rendered":"Slu\u017eby infrastruktury &#8211; v\u00fdzva II"},"content":{"rendered":"<p><\/p>\n<table class=\"call-detail\" style=\"height: 278px; width: 66.9646%;\" width=\"749\">\n<tbody>\n<tr style=\"height: 24px;\">\n<td style=\"width: 33.3333%; height: 24px;\" rowspan=\"2\"><strong>Na co lze z\u00edskat podporu<\/strong>\u00a0(podporovan\u00e9 aktivity):<\/p>\n<p><strong>A: Poskytov\u00e1n\u00ed slu\u017eeb inova\u010dn\u00edm mal\u00fdm<\/strong><br \/>\n<strong>a st\u0159edn\u00edm podnik\u016fm.<\/strong><\/p>\n<ul>\n<li>Stimulace \u010dinnost\u00ed v oblasti VaI, navazov\u00e1n\u00ed a rozv\u00edjen\u00ed v\u00fdzkumn\u00e9 spolupr\u00e1ce.<\/li>\n<li>Podpora transferu v\u011bdeck\u00fdch a technologick\u00fdch poznatk\u016f.<\/li>\n<li>Komercializace v\u00fdsledk\u016f v\u00fdzkumu.<\/li>\n<li>Ochrana a vyu\u017eit\u00ed pr\u00e1v du\u0161evn\u00edho vlastnictv\u00ed.<\/li>\n<li>Zav\u00e1d\u011bn\u00ed a demonstrace nov\u00fdch technologi\u00ed a inovativn\u00edch \u0159e\u0161en\u00ed.<\/li>\n<li>Technick\u00e9 a technologick\u00e9 slu\u017eby.<\/li>\n<li>Strategick\u00e9 \u0159\u00edzen\u00ed a management inovac\u00ed.<\/li>\n<li>Validace nov\u00fdch podnikatelsk\u00fdch model\u016f.<\/li>\n<li>P\u0159\u00edstup k mentor\u016fm, investor\u016fm a rizikov\u00e9mu kapit\u00e1lu.<\/li>\n<\/ul>\n<p><strong>B: Roz\u0161\u00ed\u0159en\u00ed prostor a modernizace otev\u0159en\u00e9 <\/strong><strong>VaI infrastruktury v\u010detn\u011b po\u0159\u00edzen\u00ed nov\u00e9ho <\/strong><strong>vybaven\u00ed nebo budov\u00e1n\u00ed nov\u00e9 otev\u0159en\u00e9 VaI <\/strong><strong>infrastruktury.<\/strong><\/p>\n<p><strong>Kdo m\u016f\u017ee \u017e\u00e1dat<\/strong>\u00a0(p\u0159\u00edjemci podpory):<\/p>\n<ul>\n<li>MSP<\/li>\n<li>velk\u00e9 podniky<\/li>\n<li>v\u00fdzkumn\u00e9 organizace<\/li>\n<li>municipality<\/li>\n<\/ul>\n<p><strong>Syst\u00e9m sb\u011bru \u017e\u00e1dost\u00ed:<\/strong><\/p>\n<ul>\n<li>kolov\u00fd<\/li>\n<\/ul>\n<p><strong>Celkov\u00e1 alokace v\u00fdzvy se d\u011bl\u00ed podle m\u00edsta realizace projektu na maxim\u00e1ln\u011b:<\/strong><\/p>\n<ul>\n<li><strong>600 mil. K\u010d<\/strong> pro m\u00e9n\u011b rozvinut\u00e9 regiony<\/li>\n<li><strong>1 mld. K\u010d<\/strong> pro p\u0159echodov\u00e9 regiony<\/li>\n<\/ul>\n<\/td>\n<td style=\"width: 33.3333%; height: 24px;\"><strong>Kolik lze z\u00edskat na jeden projekt\u00a0<\/strong>(forma a v\u00fd\u0161e podpory):<\/p>\n<p><strong>Pro aktivitu A: <\/strong>dotace na projekt je poskytov\u00e1na minim\u00e1ln\u011b ve v\u00fd\u0161i <strong>10 mil. K\u010d<\/strong> a maxim\u00e1ln\u011b do v\u00fd\u0161e <strong>30 mil. K\u010d<\/strong>.<\/p>\n<p><strong>Pro aktivitu B: <\/strong>dotace na projekt je poskytov\u00e1na minim\u00e1ln\u011b ve v\u00fd\u0161i <strong>5\u00a0mil. K\u010d<\/strong> a maxim\u00e1ln\u011b do v\u00fd\u0161e <strong>250 mil. K\u010d<\/strong>.<\/p>\n<p><strong>M\u00edra podpory:<\/strong><\/p>\n<p><strong>Aktivita A: 75 %<\/strong> celkov\u00fdch ZV.<\/p>\n<p><strong>Aktivita B: 25 % &#8211; 50 %<\/strong> celkov\u00fdch ZV.<\/p>\n<p>Podrobn\u011bj\u0161\u00ed informace viz V\u00fdzva.<\/td>\n<td style=\"width: 33.3333%; height: 24px;\"><img loading=\"lazy\" decoding=\"async\" class=\"alignnone wp-image-30028 size-full\" src=\"https:\/\/apiagentura.gov.cz\/wp-content\/uploads\/2022\/07\/optak-aktivita-1-sluzby-infrastruktury-660x660-1.png\" alt=\"\" width=\"660\" height=\"660\" srcset=\"https:\/\/apiagentura.gov.cz\/wp-content\/uploads\/2022\/07\/optak-aktivita-1-sluzby-infrastruktury-660x660-1.png 660w, https:\/\/apiagentura.gov.cz\/wp-content\/uploads\/2022\/07\/optak-aktivita-1-sluzby-infrastruktury-660x660-1-300x300.png 300w, https:\/\/apiagentura.gov.cz\/wp-content\/uploads\/2022\/07\/optak-aktivita-1-sluzby-infrastruktury-660x660-1-150x150.png 150w\" sizes=\"auto, (max-width: 660px) 100vw, 660px\" \/><\/td>\n<\/tr>\n<tr style=\"height: 24px;\">\n<td style=\"width: 33.3333%; height: 24px;\"><strong>Jak\u00e9 v\u00fddaje je mo\u017en\u00e9 podpo\u0159it\u00a0<\/strong>(zp\u016fsobil\u00e9 v\u00fddaje):<\/p>\n<p><strong>Pro aktivitu A:<\/strong><\/p>\n<ul>\n<li>Osobn\u00ed n\u00e1klady spojen\u00e9 s poskytov\u00e1n\u00edm<br \/>\nspecializovan\u00fdch slu\u017eeb kone\u010dn\u00fdm p\u0159\u00edjemc\u016fm.<\/li>\n<li>N\u00e1kup extern\u00edch specializovan\u00fdch slu\u017eeb.<\/li>\n<li>Dlouhodob\u00fd hmotn\u00fd a nehmotn\u00fd majetek.<\/li>\n<li>Marketing a propagace (de minimis).<\/li>\n<li>Re\u017eijn\u00ed n\u00e1klady (15 % z osobn\u00edch n\u00e1klad\u016f).<\/li>\n<\/ul>\n<p><strong>Pro aktivitu B:<\/strong><\/p>\n<ul>\n<li>V\u00fdzkumn\u00e1 za\u0159\u00edzen\u00ed, technologie a dal\u0161\u00ed vybaven\u00ed, budovy, pozemky, novostavby \u010di technick\u00e9 zhodnocen\u00ed budov apod.<\/li>\n<li>Patenty, licence a know-how, software apod.<\/li>\n<li>Projektov\u00e1 dokumentace (de minimis).<\/li>\n<\/ul>\n<\/td>\n<td style=\"width: 33.3333%; height: 24px;\" rowspan=\"2\"><strong>Specifika a omezen\u00ed:<\/strong><\/p>\n<ul>\n<li>Projekt mus\u00ed b\u00fdt realizov\u00e1n na \u00fazem\u00ed \u010cR mimo NUTS 2 Praha.<\/li>\n<li>V\u00fdzva je rovn\u011b\u017e vyhla\u0161ov\u00e1na pro\u00a0projekty realizovan\u00e9 v\u00a0r\u00e1mci Integrovan\u00e9 \u00fazemn\u00ed investice (ITI).<\/li>\n<li>Ka\u017ed\u00fd \u017eadatel (<strong>1 I\u010c<\/strong>) je v t\u00e9to V\u00fdzv\u011b<br \/>\nopr\u00e1vn\u011bn p\u0159edlo\u017eit <strong>maxim\u00e1ln\u011b jeden<\/strong><br \/>\n<strong>projekt pro ka\u017edou aktivitu<\/strong>. Pro projekty ITI se po\u010det p\u0159edlo\u017een\u00fdch projekt\u016f odv\u00edj\u00ed od alokace Seznamu strategick\u00fdch projekt\u016f dan\u00e9ho Programov\u00e9ho r\u00e1mce.<\/li>\n<\/ul>\n<p><strong style=\"font-family: inherit; font-size: inherit;\">M\u00edra podpory pro aktivitu B:<\/strong><\/p>\n<ul>\n<li><strong>50 %<\/strong> z prok\u00e1zan\u00fdch zp\u016fsobil\u00fdch v\u00fddaj\u016f v p\u0159\u00edpad\u011b, \u017ee roz\u0161i\u0159ovan\u00e1 \u010di nov\u011b budovan\u00e1 VaI infrastruktura spl\u0148uje definici v\u00fdzkumn\u00e9 infrastruktury dle <strong>GBER bodu 91)<\/strong>.<\/li>\n<li><strong>25 % velk\u00fd podnik\/ 35 % st\u0159edn\u00ed podnik \/ 45 % mal\u00fd<\/strong> <strong>podnik<\/strong> v p\u0159\u00edpad\u011b, \u017ee roz\u0161i\u0159ovan\u00e1 \u010di nov\u011b budovan\u00e1 VaI infrastruktura spl\u0148uje definici infrastruktury pro testov\u00e1n\u00ed a experimenty podle <strong>GBER bodu 98a)<\/strong>.<\/li>\n<li>M\u00edru podpory lze zv\u00fd\u0161it o dal\u0161\u00edch <strong>5 procentn\u00edch bod\u016f<\/strong> pro testovac\u00ed a experiment\u00e1ln\u00ed infrastruktury, jejich\u017e alespo\u0148 <strong>80 % ro\u010dn\u00ed kapacity<\/strong> <strong>je p\u0159id\u011bleno mal\u00fdm a st\u0159edn\u00edm podnik\u016fm.<\/strong><\/li>\n<\/ul>\n<p><strong>V\u00fd\u0161e dotace pro aktivitu B:<\/strong><\/p>\n<p><strong>10 &#8211; 250 mil. K\u010d.<\/strong><\/p>\n<ul>\n<li style=\"text-align: left;\">Projekt obsahuj\u00edc\u00ed stavebn\u00ed pr\u00e1ce<\/li>\n<\/ul>\n<p><strong>5 &#8211; 100 mil. K\u010d.<\/strong><\/p>\n<ul>\n<li style=\"text-align: left;\">Projekt neobsahuj\u00edc\u00ed stavebn\u00ed pr\u00e1ce<\/li>\n<\/ul>\n<\/td>\n<\/tr>\n<tr style=\"height: 24px;\">\n<td style=\"width: 66.6666%; height: 24px;\" colspan=\"2\"><img loading=\"lazy\" decoding=\"async\" class=\"alignnone wp-image-43105 size-full\" src=\"https:\/\/apiagentura.gov.cz\/wp-content\/uploads\/2025\/04\/web-vyzva-optak-si-ii.png\" alt=\"\" width=\"1072\" height=\"500\" srcset=\"https:\/\/apiagentura.gov.cz\/wp-content\/uploads\/2025\/04\/web-vyzva-optak-si-ii.png 1072w, https:\/\/apiagentura.gov.cz\/wp-content\/uploads\/2025\/04\/web-vyzva-optak-si-ii-300x140.png 300w, https:\/\/apiagentura.gov.cz\/wp-content\/uploads\/2025\/04\/web-vyzva-optak-si-ii-1024x478.png 1024w, https:\/\/apiagentura.gov.cz\/wp-content\/uploads\/2025\/04\/web-vyzva-optak-si-ii-768x358.png 768w\" sizes=\"auto, (max-width: 1072px) 100vw, 1072px\" \/><\/td>\n<\/tr>\n<\/tbody>\n<\/table>\n<p><\/p>","protected":false},"excerpt":{"rendered":"<p>C\u00edlem v\u00fdzvy je zalo\u017een\u00ed a rozvoj v\u00fdzkumn\u00e9 a inova\u010dn\u00ed infrastruktury s otev\u0159en\u00fdm p\u0159\u00edstupem a zkvalit\u0148ov\u00e1n\u00ed jej\u00edch slu\u017eeb.<\/p>\n","protected":false},"author":1,"featured_media":0,"parent":30027,"menu_order":0,"comment_status":"closed","ping_status":"closed","template":"","meta":{"inline_featured_image":false,"footnotes":""},"class_list":["post-43100","page","type-page","status-publish","hentry"],"publishpress_future_action":{"enabled":false,"date":"2026-05-10 04:11:58","action":"change-status","newStatus":"draft","terms":[],"taxonomy":"","extraData":[]},"publishpress_future_workflow_manual_trigger":{"enabledWorkflows":[]},"_links":{"self":[{"href":"https:\/\/apiagentura.gov.cz\/cs\/wp-json\/wp\/v2\/pages\/43100","targetHints":{"allow":["GET"]}}],"collection":[{"href":"https:\/\/apiagentura.gov.cz\/cs\/wp-json\/wp\/v2\/pages"}],"about":[{"href":"https:\/\/apiagentura.gov.cz\/cs\/wp-json\/wp\/v2\/types\/page"}],"author":[{"embeddable":true,"href":"https:\/\/apiagentura.gov.cz\/cs\/wp-json\/wp\/v2\/users\/1"}],"replies":[{"embeddable":true,"href":"https:\/\/apiagentura.gov.cz\/cs\/wp-json\/wp\/v2\/comments?post=43100"}],"version-history":[{"count":1,"href":"https:\/\/apiagentura.gov.cz\/cs\/wp-json\/wp\/v2\/pages\/43100\/revisions"}],"predecessor-version":[{"id":45658,"href":"https:\/\/apiagentura.gov.cz\/cs\/wp-json\/wp\/v2\/pages\/43100\/revisions\/45658"}],"up":[{"embeddable":true,"href":"https:\/\/apiagentura.gov.cz\/cs\/wp-json\/wp\/v2\/pages\/30027"}],"wp:attachment":[{"href":"https:\/\/apiagentura.gov.cz\/cs\/wp-json\/wp\/v2\/media?parent=43100"}],"curies":[{"name":"wp","href":"https:\/\/api.w.org\/{rel}","templated":true}]}}