{"id":4326,"date":"2017-02-07T17:02:32","date_gmt":"2017-02-07T16:02:32","guid":{"rendered":"https:\/\/www.apiagentura.gov.cz\/?page_id=4326"},"modified":"2019-03-27T08:38:51","modified_gmt":"2019-03-27T07:38:51","slug":"projekty-op-pik-realizovane-api","status":"publish","type":"page","link":"https:\/\/apiagentura.gov.cz\/cs\/projekty-op-pik-realizovane-api\/","title":{"rendered":"Projekty OP PIK realizovan\u00e9 API"},"content":{"rendered":"<p><img loading=\"lazy\" decoding=\"async\" src=\"https:\/\/www.apiagentura.gov.cz\/wp-content\/uploads\/2017\/03\/logo-oppik-e1489679711291.png\" alt=\"\" width=\"800\" height=\"258\" class=\"alignnone size-full wp-image-2384\" \/><\/p>\n<table style=\"width: 950px; height: 40px;\">\n<tbody>\n<tr>\n<td style=\"width: 950px; height: 40px;\">\n<h3>Agentura pro podnik\u00e1n\u00ed a inovace realizuje v r\u00e1mci Opera\u010dn\u00edho programu Podnik\u00e1n\u00ed a inovace pro konkurenceschopnost n\u00e1sleduj\u00edc\u00ed projekty, na n\u011b\u017e je poskytov\u00e1na finan\u010dn\u00ed podpora od Evropsk\u00e9 unie:<\/h3>\n<\/td>\n<\/tr>\n<\/tbody>\n<\/table>\n<p>\n<\/br><\/p>\n<table style=\"width: 950px; height: 40px;\">\n<tbody>\n<tr>\n<td style=\"width: 600px; height: 40px;\"><strong>N\u00e1zev projektu<\/strong><\/td>\n<td style=\"width: 350px; height: 40px;\"><strong>Registra\u010dn\u00ed \u010d\u00edslo projektu<\/strong><\/td>\n<\/tr>\n<tr>\n<td style=\"width: 600px; height: 40px;\"><strong>ZS_EXTERN\u00cd SLU\u017dBY<\/strong><\/td>\n<td style=\"width: 350px; height: 40px;\"><strong>CZ.01.5.125\/0.0\/0.0\/15_020\/0015376<\/strong><\/td>\n<\/tr>\n<\/tbody>\n<\/table>\n<tr>\n<table style=\"width: 950px; height: 40px;\">\n<tbody>\n<tr>\n<td style=\"width: 950px; height: 40px;\">Zaji\u0161t\u011bn\u00ed extern\u00edch slu\u017eeb zprost\u0159edkuj\u00edc\u00edho subjektu v r\u00e1mci implementace OPPIK.<\/td>\n<\/tr>\n<\/tbody>\n<\/table>\n<p>\n<\/br><\/p>\n<table style=\"width: 950px; height: 40px;\">\n<tbody>\n<tr>\n<td style=\"width: 600px; height: 40px;\"><strong>N\u00e1zev projektu<\/strong><\/td>\n<td style=\"width: 350px; height: 40px;\"><strong>Registra\u010dn\u00ed \u010d\u00edslo projektu<\/strong><\/td>\n<\/tr>\n<tr>\n<td style=\"width: 600px; height: 40px;\"><strong>ZS_IT INFRASTRUKTURA &#8211; INVESTICE<\/strong><\/td>\n<td style=\"width: 350px; height: 40px;\"><strong>CZ.01.5.125\/0.0\/0.0\/15_020\/0015024<\/strong><\/td>\n<\/tr>\n<\/tbody>\n<\/table>\n<tr>\n<table style=\"width: 950px; height: 40px;\">\n<tbody>\n<tr>\n<td style=\"width: 950px; height: 40px;\">Zaji\u0161t\u011bn\u00ed IT infrastruktury &#8211; investic zprost\u0159edkuj\u00edc\u00edho subjektu v r\u00e1mci implementace OPPIK.<\/td>\n<\/tr>\n<\/tbody>\n<\/table>\n<p>\n<\/br><\/p>\n<table style=\"width: 950px; height: 40px;\">\n<tbody>\n<tr>\n<td style=\"width: 600px; height: 40px;\"><strong>N\u00e1zev projektu<\/strong><\/td>\n<td style=\"width: 350px; height: 40px;\"><strong>Registra\u010dn\u00ed \u010d\u00edslo projektu<\/strong><\/td>\n<\/tr>\n<tr>\n<td style=\"width: 600px; height: 40px;\"><strong>ZS_IT INFRASTRUKTURA &#8211; PROVOZ<\/strong><\/td>\n<td style=\"width: 350px; height: 40px;\"><strong>CZ.01.5.125\/0.0\/0.0\/15_020\/0015023<\/strong><\/td>\n<\/tr>\n<\/tbody>\n<\/table>\n<tr>\n<table style=\"width: 950px; height: 40px;\">\n<tbody>\n<tr>\n<td style=\"width: 950px; height: 40px;\">Zaji\u0161t\u011bn\u00ed IT infrastruktury &#8211; provozu zprost\u0159edkuj\u00edc\u00edho subjektu v r\u00e1mci implementace OPPIK.<\/td>\n<\/tr>\n<\/tbody>\n<\/table>\n<p>\n<\/br><\/p>\n<table style=\"width: 950px; height: 40px;\">\n<tbody>\n<tr>\n<td style=\"width: 600px; height: 40px;\"><strong>N\u00e1zev projektu<\/strong><\/td>\n<td style=\"width: 350px; height: 40px;\"><strong>Registra\u010dn\u00ed \u010d\u00edslo projektu<\/strong><\/td>\n<\/tr>\n<tr>\n<td style=\"width: 600px; height: 40px;\"><strong>ZS_OSOBN\u00cd N\u00c1KLADY<\/strong><\/td>\n<td style=\"width: 350px; height: 40px;\"><strong>CZ.01.5.125\/0.0\/0.0\/15_020\/0015082<\/strong><\/td>\n<\/tr>\n<\/tbody>\n<\/table>\n<tr>\n<table style=\"width: 950px; height: 40px;\">\n<tbody>\n<tr>\n<td style=\"width: 950px; height: 40px;\">Zaji\u0161t\u011bn\u00ed osobn\u00edch n\u00e1klad\u016f zprost\u0159edkuj\u00edc\u00edho subjektu v r\u00e1mci implementace OPPIK.<\/td>\n<\/tr>\n<\/tbody>\n<\/table>\n<p>\n<\/br><\/p>\n<table style=\"width: 950px; height: 40px;\">\n<tbody>\n<tr>\n<td style=\"width: 600px; height: 40px;\"><strong>N\u00e1zev projektu<\/strong><\/td>\n<td style=\"width: 350px; height: 40px;\"><strong>Registra\u010dn\u00ed \u010d\u00edslo projektu<\/strong><\/td>\n<\/tr>\n<tr>\n<td style=\"width: 600px; height: 40px;\"><strong>ZS_PROVOZ &#8211; DOD\u00c1VKY<\/strong><\/td>\n<td style=\"width: 350px; height: 40px;\"><strong>CZ.01.5.125\/0.0\/0.0\/15_020\/0015309<\/strong><\/td>\n<\/tr>\n<\/tbody>\n<\/table>\n<tr>\n<table style=\"width: 950px; height: 40px;\">\n<tbody>\n<tr>\n<td style=\"width: 950px; height: 40px;\">Zaji\u0161t\u011bn\u00ed provozu &#8211; dod\u00e1vek zprost\u0159edkuj\u00edc\u00edho subjektu v r\u00e1mci implementace OPPIK.<\/td>\n<\/tr>\n<\/tbody>\n<\/table>\n<p>\n<\/br><\/p>\n<table style=\"width: 950px; height: 40px;\">\n<tbody>\n<tr>\n<td style=\"width: 600px; height: 40px;\"><strong>N\u00e1zev projektu<\/strong><\/td>\n<td style=\"width: 350px; height: 40px;\"><strong>Registra\u010dn\u00ed \u010d\u00edslo projektu<\/strong><\/td>\n<\/tr>\n<tr>\n<td style=\"width: 600px; height: 40px;\"><strong>ZS_PROVOZ &#8211; N\u00c1JEM<\/strong><\/td>\n<td style=\"width: 350px; height: 40px;\"><strong>CZ.01.5.125\/0.0\/0.0\/15_020\/0015308<\/strong><\/td>\n<\/tr>\n<\/tbody>\n<\/table>\n<tr>\n<table style=\"width: 950px; height: 40px;\">\n<tbody>\n<tr>\n<td style=\"width: 950px; height: 40px;\">Zaji\u0161t\u011bn\u00ed provozu &#8211; n\u00e1jmu zprost\u0159edkuj\u00edc\u00edho subjektu v r\u00e1mci implementace OPPIK. <\/td>\n<\/tr>\n<\/tbody>\n<\/table>\n<p>\n<\/br><\/p>\n<table style=\"width: 950px; height: 40px;\">\n<tbody>\n<tr>\n<td style=\"width: 600px; height: 40px;\"><strong>N\u00e1zev projektu<\/strong><\/td>\n<td style=\"width: 350px; height: 40px;\"><strong>Registra\u010dn\u00ed \u010d\u00edslo projektu<\/strong><\/td>\n<\/tr>\n<tr>\n<td style=\"width: 600px; height: 40px;\"><strong>ZS_PROVOZ &#8211; SLU\u017dBY<\/strong><\/td>\n<td style=\"width: 350px; height: 40px;\"><strong>CZ.01.5.125\/0.0\/0.0\/15_020\/0015310<\/strong><\/td>\n<\/tr>\n<\/tbody>\n<\/table>\n<tr>\n<table style=\"width: 950px; height: 40px;\">\n<tbody>\n<tr>\n<td style=\"width: 950px; height: 40px;\">Zaji\u0161t\u011bn\u00ed provozu &#8211; slu\u017eeb zprost\u0159edkuj\u00edc\u00edho subjektu v r\u00e1mci implementace OPPIK.<\/td>\n<\/tr>\n<\/tbody>\n<\/table>\n<p>\n<\/br><\/p>\n<table style=\"width: 950px; height: 40px;\">\n<tbody>\n<tr>\n<td style=\"width: 600px; height: 40px;\"><strong>N\u00e1zev projektu<\/strong><\/td>\n<td style=\"width: 350px; height: 40px;\"><strong>Registra\u010dn\u00ed \u010d\u00edslo projektu<\/strong><\/td>\n<\/tr>\n<tr>\n<td style=\"width: 600px; height: 40px;\"><strong>ZS_PROVOZ AUTOPARKU A POJI\u0160T\u011aN\u00cd<\/strong><\/td>\n<td style=\"width: 350px; height: 40px;\"><strong>CZ.01.5.125\/0.0\/0.0\/15_020\/0015377<\/strong><\/td>\n<\/tr>\n<\/tbody>\n<\/table>\n<tr>\n<table style=\"width: 950px; height: 40px;\">\n<tbody>\n<tr>\n<td style=\"width: 950px; height: 40px;\">Zaji\u0161t\u011bn\u00ed provozu autoparku a poji\u0161t\u011bn\u00ed zprost\u0159edkuj\u00edc\u00edho subjektu v r\u00e1mci implementace OPPIK.<\/td>\n<\/tr>\n<\/tbody>\n<\/table>\n<p>\n<\/br><\/p>\n<table style=\"width: 950px; height: 40px;\">\n<tbody>\n<tr>\n<td style=\"width: 600px; height: 40px;\"><strong>N\u00e1zev projektu<\/strong><\/td>\n<td style=\"width: 350px; height: 40px;\"><strong>Registra\u010dn\u00ed \u010d\u00edslo projektu<\/strong><\/td>\n<\/tr>\n<tr>\n<td style=\"width: 600px; height: 40px;\"><strong>ZS_PUBLICITA<\/strong><\/td>\n<td style=\"width: 350px; height: 40px;\"><strong>CZ.01.5.125\/0.0\/0.0\/15_020\/0015375<\/strong><\/td>\n<\/tr>\n<\/tbody>\n<\/table>\n<tr>\n<table style=\"width: 950px; height: 40px;\">\n<tbody>\n<tr>\n<td style=\"width: 950px; height: 40px;\">Zaji\u0161t\u011bn\u00ed publicity zprost\u0159edkuj\u00edc\u00edho subjektu v r\u00e1mci implementace OPPIK.<\/td>\n<\/tr>\n<\/tbody>\n<\/table>\n<p>\n<\/br><\/p>\n<table style=\"width: 950px; height: 40px;\">\n<tbody>\n<tr>\n<td style=\"width: 600px; height: 40px;\"><strong>N\u00e1zev projektu<\/strong><\/td>\n<td style=\"width: 350px; height: 40px;\"><strong>Registra\u010dn\u00ed \u010d\u00edslo projektu<\/strong><\/td>\n<\/tr>\n<tr>\n<td style=\"width: 600px; height: 40px;\"><strong>ZS_TUZEMSK\u00c9 PRACOVN\u00cd CESTY<\/strong><\/td>\n<td style=\"width: 350px; height: 40px;\"><strong>CZ.01.5.125\/0.0\/0.0\/15_020\/0015311<\/strong><\/td>\n<\/tr>\n<\/tbody>\n<\/table>\n<tr>\n<table style=\"width: 950px; height: 40px;\">\n<tbody>\n<tr>\n<td style=\"width: 950px; height: 40px;\">Zaji\u0161t\u011bn\u00ed tuzemsk\u00fdch pracovn\u00edch cest zprost\u0159edkuj\u00edc\u00edho subjektu v r\u00e1mci implementace OPPIK.<\/td>\n<\/tr>\n<\/tbody>\n<\/table>\n<p>\n<\/br><\/p>\n<table style=\"width: 950px; height: 40px;\">\n<tbody>\n<tr>\n<td style=\"width: 600px; height: 40px;\"><strong>N\u00e1zev projektu<\/strong><\/td>\n<td style=\"width: 350px; height: 40px;\"><strong>Registra\u010dn\u00ed \u010d\u00edslo projektu<\/strong><\/td>\n<\/tr>\n<tr>\n<td style=\"width: 600px; height: 40px;\"><strong>ZS_VZD\u011aL\u00c1V\u00c1N\u00cd<\/strong><\/td>\n<td style=\"width: 350px; height: 40px;\"><strong>CZ.01.5.125\/0.0\/0.0\/15_020\/0015374<\/strong><\/td>\n<\/tr>\n<\/tbody>\n<\/table>\n<tr>\n<table style=\"width: 950px; height: 40px;\">\n<tbody>\n<tr>\n<td style=\"width: 950px; height: 40px;\">Zaji\u0161t\u011bn\u00ed vzd\u011bl\u00e1v\u00e1n\u00ed zprost\u0159edkuj\u00edc\u00edho subjektu v r\u00e1mci implementace OPPIK.<\/td>\n<\/tr>\n<\/tbody>\n<\/table>\n<p>\n<\/br><\/p>\n<table style=\"width: 950px; height: 40px;\">\n<tbody>\n<tr>\n<td style=\"width: 600px; height: 40px;\"><strong>N\u00e1zev projektu<\/strong><\/td>\n<td style=\"width: 350px; height: 40px;\"><strong>Registra\u010dn\u00ed \u010d\u00edslo projektu<\/strong><\/td>\n<\/tr>\n<tr>\n<td style=\"width: 600px; height: 40px;\"><strong>ZS_ZAHRANI\u010cN\u00cd PRACOVN\u00cd CESTY<\/strong><\/td>\n<td style=\"width: 350px; height: 40px;\"><strong>CZ.01.5.125\/0.0\/0.0\/15_020\/0015312<\/strong><\/td>\n<\/tr>\n<\/tbody>\n<\/table>\n<tr>\n<table style=\"width: 950px; height: 40px;\">\n<tbody>\n<tr>\n<td style=\"width: 950px; height: 40px;\">Zaji\u0161t\u011bn\u00ed zahrani\u010dn\u00edch pracovn\u00edch cest zprost\u0159edkuj\u00edc\u00edho subjektu v r\u00e1mci implementace OPPIK.<\/td>\n<\/tr>\n<\/tbody>\n<\/table>\n<p>\n<\/br><\/p>\n<table style=\"width: 950px; height: 40px;\">\n<tbody>\n<tr>\n<td style=\"width: 600px; height: 40px;\"><strong>N\u00e1zev projektu<\/strong><\/td>\n<td style=\"width: 350px; height: 40px;\"><strong>Registra\u010dn\u00ed \u010d\u00edslo projektu<\/strong><\/td>\n<\/tr>\n<tr>\n<td style=\"width: 600px; height: 40px;\"><strong>ZS_EXTERN\u00cd SLU\u017dBY_2016-2018<\/strong><\/td>\n<td style=\"width: 350px; height: 40px;\"><strong>CZ.01.5.125\/0.0\/0.0\/15_020\/0005785<\/strong><\/td>\n<\/tr>\n<\/tbody>\n<\/table>\n<tr>\n<table style=\"width: 950px; height: 40px;\">\n<tbody>\n<tr>\n<td style=\"width: 950px; height: 40px;\">Zaji\u0161t\u011bn\u00ed extern\u00edch slu\u017eeb v souvislosti s implementac\u00ed OPPIK, tj. n\u00e1klady na zaji\u0161t\u011bn\u00ed kompletn\u00ed servisn\u00ed \u010dinnosti bezplatn\u00e9 telefonn\u00ed informa\u010dn\u00ed linky (call centra), zaji\u0161t\u011bn\u00ed provozu bezplatn\u00e9 informa\u010dn\u00ed linky, pron\u00e1jem multifunk\u010dn\u00edch za\u0159\u00edzen\u00ed, konzulta\u010dn\u00ed, poradensk\u00e9 a pr\u00e1vn\u00ed slu\u017eby apod.<\/td>\n<\/tr>\n<\/tbody>\n<\/table>\n<p>\n<\/br><\/p>\n<table style=\"width: 950px; height: 40px;\">\n<tbody>\n<tr>\n<td style=\"width: 600px; height: 40px;\"><strong>N\u00e1zev projektu<\/strong><\/td>\n<td style=\"width: 350px; height: 40px;\"><strong>Registra\u010dn\u00ed \u010d\u00edslo projektu<\/strong><\/td>\n<\/tr>\n<tr>\n<td style=\"width: 600px; height: 40px;\"><strong>ZS_PROVOZN\u00cd V\u00ddDAJE_2016-2018<\/strong><\/td>\n<td style=\"width: 350px; height: 40px;\"><strong>CZ.01.5.125\/0.0\/0.0\/15_020\/0005786<\/strong><\/td>\n<\/tr>\n<\/tbody>\n<\/table>\n<tr>\n<table style=\"width: 950px; height: 40px;\">\n<tbody>\n<tr>\n<td style=\"width: 950px; height: 40px;\">N\u00e1klady spojen\u00e9 s technick\u00fdm a provozn\u00edm zaji\u0161t\u011bn\u00edm funkc\u00ed zprost\u0159edkuj\u00edc\u00edho org\u00e1nu, tzn. n\u00e1klady na provoz \u017ditn\u00e1 18,  kancel\u00e1\u0159sk\u00e9 pot\u0159eby, informa\u010dn\u00ed zdroje, servis telekomunika\u010dn\u00edho za\u0159\u00edzen\u00ed, ob\u010derstven\u00ed, cestovn\u00e9 apod. D\u00e1le pl\u00e1novan\u00e9 po\u0159\u00edzen\u00ed kancel\u00e1\u0159sk\u00e9 techniky a za\u0159\u00edzen\u00ed.<\/td>\n<\/tr>\n<\/tbody>\n<\/table>\n<p>\n<\/br><\/p>\n<table style=\"width: 950px; height: 40px;\">\n<tbody>\n<tr>\n<td style=\"width: 600px; height: 40px;\"><strong>N\u00e1zev projektu<\/strong><\/td>\n<td style=\"width: 350px; height: 40px;\"><strong>Registra\u010dn\u00ed \u010d\u00edslo projektu<\/strong><\/td>\n<\/tr>\n<tr>\n<td style=\"width: 600px; height: 40px;\"><strong>ZS_OSOBN\u00cd N\u00c1KLADY_2016<\/strong><\/td>\n<td style=\"width: 350px; height: 40px;\"><strong>CZ.01.5.125\/0.0\/0.0\/15_020\/0005787<\/strong><\/td>\n<\/tr>\n<\/tbody>\n<\/table>\n<tr>\n<table style=\"width: 950px; height: 40px;\">\n<tbody>\n<tr>\n<td style=\"width: 950px; height: 40px;\">N\u00e1klady spojen\u00e9 s odm\u011b\u0148ov\u00e1n\u00edm zam\u011bstnanc\u016f (v\u010detn\u011b z\u00e1konn\u00fdch odvod\u016f) zprost\u0159edkuj\u00edc\u00edho subjektu, kte\u0159\u00ed se pod\u00edlej\u00ed na p\u0159\u00edprav\u011b, implementaci, hodnocen\u00ed a monitorov\u00e1n\u00ed programu a kontrol\u00e1ch.<\/td>\n<\/tr>\n<\/tbody>\n<\/table>\n<p>\n<\/br><\/p>\n<table style=\"width: 950px; height: 40px;\">\n<tbody>\n<tr>\n<td style=\"width: 600px; height: 40px;\"><strong>N\u00e1zev projektu<\/strong><\/td>\n<td style=\"width: 350px; height: 40px;\"><strong>Registra\u010dn\u00ed \u010d\u00edslo projektu<\/strong><\/td>\n<\/tr>\n<tr>\n<td style=\"width: 600px; height: 40px;\"><strong>ZS_KANCEL\u00c1\u0158SK\u00c1 A PROVOZN\u00cd TECHNIKA 2016-2018<\/strong><\/td>\n<td style=\"width: 350px; height: 40px;\"><strong>CZ.01.5.125\/0.0\/0.0\/15_020\/0006100<\/strong><\/td>\n<\/tr>\n<\/tbody>\n<\/table>\n<tr>\n<table style=\"width: 950px; height: 40px;\">\n<tbody>\n<tr>\n<td style=\"width: 950px; height: 40px;\">N\u00e1klady spojen\u00e9 s technick\u00fdm a provozn\u00edm zaji\u0161t\u011bn\u00edm funkc\u00ed zprost\u0159edkuj\u00edc\u00edho subjektu, tzn. n\u00e1klady na po\u0159\u00edzen\u00ed dlouhodob\u00e9ho hmotn\u00e9ho a nehmotn\u00e9ho majetku.<\/td>\n<\/tr>\n<\/tbody>\n<\/table>\n<p>\n<\/br><\/p>\n<table style=\"width: 950px; height: 40px;\">\n<tbody>\n<tr>\n<td style=\"width: 600px; height: 40px;\"><strong>N\u00e1zev projektu<\/strong><\/td>\n<td style=\"width: 350px; height: 40px;\"><strong>Registra\u010dn\u00ed \u010d\u00edslo projektu<\/strong><\/td>\n<\/tr>\n<tr>\n<td style=\"width: 600px; height: 40px;\"><strong>ZS_VZD\u011aL\u00c1V\u00c1N\u00cd IMPLEMENTA\u010cN\u00cd STRUKTURY 2016-2018<\/strong><\/td>\n<td style=\"width: 350px; height: 40px;\"><strong>CZ.01.5.125\/0.0\/0.0\/15_020\/0006101<\/strong><\/td>\n<\/tr>\n<\/tbody>\n<\/table>\n<tr>\n<table style=\"width: 950px; height: 40px;\">\n<tbody>\n<tr>\n<td style=\"width: 950px; height: 40px;\">N\u00e1klady souvisej\u00edc\u00ed se vzd\u011bl\u00e1v\u00e1n\u00edm pracovn\u00edk\u016f zprost\u0159edkuj\u00edc\u00edho subjektu, tj. n\u00e1klady na zaji\u0161t\u011bn\u00ed odborn\u00fdch \u0161kolen\u00ed, semin\u00e1\u0159\u016f, konferenc\u00ed a workshop\u016f jak v zahrani\u010d\u00ed, tak i v \u010cesk\u00e9 Republice.<\/td>\n<\/tr>\n<\/tbody>\n<\/table>\n<p>\n<\/br><\/p>\n<table style=\"width: 950px; height: 40px;\">\n<tbody>\n<tr>\n<td style=\"width: 600px; height: 40px;\"><strong>N\u00e1zev projektu<\/strong><\/td>\n<td style=\"width: 350px; height: 40px;\"><strong>Registra\u010dn\u00ed \u010d\u00edslo projektu<\/strong><\/td>\n<\/tr>\n<tr>\n<td style=\"width: 600px; height: 40px;\"><strong>ZS_PUBLICITA 2016-2018<\/strong><\/td>\n<td style=\"width: 350px; height: 40px;\"><strong>CZ.01.5.125\/0.0\/0.0\/15_020\/0006102<\/strong><\/td>\n<\/tr>\n<\/tbody>\n<\/table>\n<tr>\n<table style=\"width: 950px; height: 40px;\">\n<tbody>\n<tr>\n<td style=\"width: 950px; height: 40px;\">N\u00e1klady souvisej\u00edc\u00ed se zaji\u0161t\u011bn\u00edm informovanosti p\u0159\u00edjemc\u016f podpory a \u0161irok\u00e9 p\u0159edev\u0161\u00edm podnikatelsk\u00e9 ve\u0159ejnosti, komunikace s p\u0159\u00edjemci podpory a ve\u0159ejnost\u00ed. D\u00e1le pak n\u00e1klady souvisej\u00edc\u00ed s propagac\u00ed programu na ve\u0159ejnosti prost\u0159ednictv\u00edm semin\u00e1\u0159\u016f, informa\u010dn\u00edch akc\u00ed, komunikace p\u0159es m\u00e9dia.<\/td>\n<\/tr>\n<\/tbody>\n<\/table>\n<p>\n<\/br><\/p>\n<table style=\"width: 950px; height: 40px;\">\n<tbody>\n<tr>\n<td style=\"width: 600px; height: 40px;\"><strong>N\u00e1zev projektu<\/strong><\/td>\n<td style=\"width: 350px; height: 40px;\"><strong>Registra\u010dn\u00ed \u010d\u00edslo projektu<\/strong><\/td>\n<\/tr>\n<tr>\n<td style=\"width: 600px; height: 40px;\"><strong>ZS_KANCEL\u00c1\u0158SK\u00c1 A PROVOZN\u00cd TECHNIKA 2016-2018_002<\/strong><\/td>\n<td style=\"width: 350px; height: 40px;\"><strong>CZ.01.5.125\/0.0\/0.0\/15_020\/0007199<\/strong><\/td>\n<\/tr>\n<\/tbody>\n<\/table>\n<tr>\n<table style=\"width: 950px; height: 40px;\">\n<tbody>\n<tr>\n<td style=\"width: 950px; height: 40px;\">N\u00e1klady spojen\u00e9 s technick\u00fdm a provozn\u00edm zaji\u0161t\u011bn\u00edm funkc\u00ed zprost\u0159edkuj\u00edc\u00edho subjektu, tzn. zejm\u00e9na n\u00e1klady na po\u0159\u00edzen\u00ed dlouhodob\u00e9ho hmotn\u00e9ho majetku a jeho provoz a udr\u017eov\u00e1n\u00ed.<\/td>\n<\/tr>\n<\/tbody>\n<\/table>\n<p>\n<\/br><\/p>\n<table style=\"width: 950px; height: 40px;\">\n<tbody>\n<tr>\n<td style=\"width: 600px; height: 40px;\"><strong>N\u00e1zev projektu<\/strong><\/td>\n<td style=\"width: 350px; height: 40px;\"><strong>Registra\u010dn\u00ed \u010d\u00edslo projektu<\/strong><\/td>\n<\/tr>\n<tr>\n<td style=\"width: 600px; height: 40px;\"><strong>ZS_OSOBN\u00cd N\u00c1KLADY 2017-2018<\/strong><\/td>\n<td style=\"width: 350px; height: 40px;\"><strong>CZ.01.5.125\/0.0\/0.0\/15_020\/0007518<\/strong><\/td>\n<\/tr>\n<\/tbody>\n<\/table>\n<tr>\n<table style=\"width: 950px; height: 40px;\">\n<tbody>\n<tr>\n<td style=\"width: 950px; height: 40px;\">N\u00e1klady spojen\u00e9 s odm\u011b\u0148ov\u00e1n\u00edm zam\u011bstnanc\u016f (v\u010detn\u011b z\u00e1konn\u00fdch odvod\u016f) zprost\u0159edkuj\u00edc\u00edho subjektu, kte\u0159\u00ed se pod\u00edlej\u00ed na p\u0159\u00edprav\u011b, implementaci, hodnocen\u00ed a monitorov\u00e1n\u00ed programu a kontrol\u00e1ch.<\/td>\n<\/tr>\n<\/tbody>\n<\/table>\n<p>\n<\/br><\/p>\n<table style=\"width: 950px; height: 40px;\">\n<tbody>\n<tr>\n<td style=\"width: 600px; height: 40px;\"><strong>N\u00e1zev projektu<\/strong><\/td>\n<td style=\"width: 350px; height: 40px;\"><strong>Registra\u010dn\u00ed \u010d\u00edslo projektu<\/strong><\/td>\n<\/tr>\n<tr>\n<td style=\"width: 600px; height: 40px;\"><strong>ZS_KANCEL\u00c1\u0158SK\u00c1 A PROVOZN\u00cd TECHNIKA_2017-2023_003<\/strong><\/td>\n<td style=\"width: 350px; height: 40px;\"><strong>CZ.01.5.125\/0.0\/0.0\/15_020\/0010994<\/strong><\/td>\n<\/tr>\n<\/tbody>\n<\/table>\n<tr>\n<table style=\"width: 950px; height: 40px;\">\n<tbody>\n<tr>\n<td style=\"width: 950px; height: 40px;\">Zaji\u0161t\u011bn\u00ed kancel\u00e1\u0159sk\u00e9 a provozn\u00ed techniky zprost\u0159edkuj\u00edc\u00edho subjektu v r\u00e1mci implementace OPPIK.<\/td>\n<\/tr>\n<\/tbody>\n<\/table>\n<p><\/p>","protected":false},"excerpt":{"rendered":"<p>Agentura pro podnik\u00e1n\u00ed a inovace realizuje v r\u00e1mci Opera\u010dn\u00edho programu Podnik\u00e1n\u00ed a inovace pro konkurenceschopnost n\u00e1sleduj\u00edc\u00ed projekty, na n\u011b\u017e je poskytov\u00e1na finan\u010dn\u00ed podpora od Evropsk\u00e9 unie: N\u00e1zev projektu Registra\u010dn\u00ed \u010d\u00edslo projektu ZS_EXTERN\u00cd SLU\u017dBY CZ.01.5.125\/0.0\/0.0\/15_020\/0015376 Zaji\u0161t\u011bn\u00ed extern\u00edch slu\u017eeb zprost\u0159edkuj\u00edc\u00edho subjektu v r\u00e1mci implementace OPPIK. N\u00e1zev projektu Registra\u010dn\u00ed \u010d\u00edslo projektu ZS_IT INFRASTRUKTURA &#8211; INVESTICE CZ.01.5.125\/0.0\/0.0\/15_020\/0015024 Zaji\u0161t\u011bn\u00ed IT [&hellip;]<\/p>\n","protected":false},"author":35,"featured_media":0,"parent":0,"menu_order":0,"comment_status":"closed","ping_status":"closed","template":"","meta":{"inline_featured_image":false,"footnotes":""},"class_list":["post-4326","page","type-page","status-publish","hentry"],"publishpress_future_action":{"enabled":false,"date":"2026-05-11 17:24:14","action":"change-status","newStatus":"draft","terms":[],"taxonomy":"","extraData":[]},"publishpress_future_workflow_manual_trigger":{"enabledWorkflows":[]},"_links":{"self":[{"href":"https:\/\/apiagentura.gov.cz\/cs\/wp-json\/wp\/v2\/pages\/4326","targetHints":{"allow":["GET"]}}],"collection":[{"href":"https:\/\/apiagentura.gov.cz\/cs\/wp-json\/wp\/v2\/pages"}],"about":[{"href":"https:\/\/apiagentura.gov.cz\/cs\/wp-json\/wp\/v2\/types\/page"}],"author":[{"embeddable":true,"href":"https:\/\/apiagentura.gov.cz\/cs\/wp-json\/wp\/v2\/users\/35"}],"replies":[{"embeddable":true,"href":"https:\/\/apiagentura.gov.cz\/cs\/wp-json\/wp\/v2\/comments?post=4326"}],"version-history":[{"count":0,"href":"https:\/\/apiagentura.gov.cz\/cs\/wp-json\/wp\/v2\/pages\/4326\/revisions"}],"wp:attachment":[{"href":"https:\/\/apiagentura.gov.cz\/cs\/wp-json\/wp\/v2\/media?parent=4326"}],"curies":[{"name":"wp","href":"https:\/\/api.w.org\/{rel}","templated":true}]}}