{"id":43543,"date":"2025-06-16T13:32:19","date_gmt":"2025-06-16T11:32:19","guid":{"rendered":"https:\/\/apiagentura.gov.cz\/?page_id=43543"},"modified":"2026-04-10T10:31:40","modified_gmt":"2026-04-10T08:31:40","slug":"partnerstvi-znalostniho-transferu-vyzva-iii","status":"publish","type":"page","link":"https:\/\/apiagentura.gov.cz\/cs\/podporovane-aktivity-optak\/partnerstvi-znalostniho-transferu-optak\/partnerstvi-znalostniho-transferu-vyzva-iii\/","title":{"rendered":"Partnerstv\u00ed znalostn\u00edho transferu &#8211; v\u00fdzva III"},"content":{"rendered":"<p><strong>Upozorn\u011bn\u00ed pro \u017eadatele a p\u0159\u00edjemce:<\/strong><\/p>\n<p><strong>10. 4. 2026:\u00a0<\/strong>\u0158\u00edd\u00edc\u00ed org\u00e1n OP TAK rozhodl o nav\u00fd\u0161en\u00ed alokace pro v\u00fdzvu Partnerstv\u00ed znalostn\u00edho transferu &#8211; III. v\u00fdzva a to ze 150 mil. K\u010d na<strong> 200 mil. K\u010d.<\/strong><\/p>\n<table class=\"call-detail\" style=\"height: 72px; width: 67.4445%;\" width=\"749\">\n<tbody>\n<tr style=\"height: 24px;\">\n<td style=\"width: 33.4315%; height: 48px;\" rowspan=\"2\"><strong>Na co lze z\u00edskat podporu<\/strong>\u00a0(podporovan\u00e9 aktivity):<\/p>\n<p><strong>A)<\/strong> Zav\u00e1d\u011bn\u00ed pokro\u010dil\u00fdch technologi\u00ed v podniku.<\/p>\n<p><strong>B)<\/strong> V\u00fdvoj\/inovace nov\u00fdch produkt\u016f a slu\u017eeb nebo inovace procesu p\u0159i v\u00fdvoji a zav\u00e1d\u011bn\u00ed nov\u00fdch produkt\u016f a slu\u017eeb v\u010detn\u011b designu.<\/p>\n<p><strong>C)<\/strong> Zlep\u0161en\u00ed v\u00fdrobn\u00edch a\/nebo podnikov\u00fdch proces\u016f v\u010detn\u011b procesu produktov\u00e9 certifikace.<\/p>\n<p><strong>Kdo m\u016f\u017ee \u017e\u00e1dat (p\u0159\u00edjemci podpory):<\/strong><\/p>\n<ul>\n<li>mal\u00e9 a st\u0159edn\u00ed podniky<\/li>\n<li>small mid-caps<\/li>\n<li>v\u00fdzkumn\u00e9 organizace (VO), tzv. znalostn\u00ed organizace<\/li>\n<\/ul>\n<p><strong>Syst\u00e9m sb\u011bru \u017e\u00e1dost\u00ed:<\/strong><\/p>\n<ul>\n<li>pr\u016fb\u011b\u017en\u00fd<\/li>\n<\/ul>\n<\/td>\n<td style=\"width: 33.2351%; height: 24px;\"><strong>Kolik lze z\u00edskat na jeden projekt\u00a0<\/strong>(forma a v\u00fd\u0161e podpory):<\/p>\n<ul>\n<li><strong>Celkov\u00e9 zp\u016fsobil\u00e9 v\u00fddaje<\/strong> na projekt mus\u00ed b\u00fdt minim\u00e1ln\u011b ve v\u00fd\u0161i <strong>1,5 mil. K\u010d<\/strong> a maxim\u00e1ln\u011b do v\u00fd\u0161e <strong>12 mil. K\u010d.<\/strong><\/li>\n<\/ul>\n<p><strong>M\u00edra podpory:<\/strong><\/p>\n<ul>\n<li>podnik: <strong>70 %<\/strong><\/li>\n<li>v\u00fdzkumn\u00e1 organizace: <strong>85 % <\/strong><em style=\"font-family: inherit; font-size: inherit;\">(zbyl\u00fdch 15 % hrad\u00ed podnik)<\/em><\/li>\n<\/ul>\n<\/td>\n<td style=\"width: 33.3333%; height: 24px;\"><img loading=\"lazy\" decoding=\"async\" class=\"alignnone size-full wp-image-30034\" src=\"https:\/\/www.apiagentura.gov.cz\/wp-content\/uploads\/2022\/07\/optak-aktivita-1-partnerstvi-znalostniho-transferu-660x660-1.png\" alt=\"\" width=\"660\" height=\"660\" srcset=\"https:\/\/apiagentura.gov.cz\/wp-content\/uploads\/2022\/07\/optak-aktivita-1-partnerstvi-znalostniho-transferu-660x660-1.png 660w, https:\/\/apiagentura.gov.cz\/wp-content\/uploads\/2022\/07\/optak-aktivita-1-partnerstvi-znalostniho-transferu-660x660-1-300x300.png 300w, https:\/\/apiagentura.gov.cz\/wp-content\/uploads\/2022\/07\/optak-aktivita-1-partnerstvi-znalostniho-transferu-660x660-1-150x150.png 150w\" sizes=\"auto, (max-width: 660px) 100vw, 660px\" \/><\/td>\n<\/tr>\n<tr style=\"height: 24px;\">\n<td style=\"width: 33.2351%; height: 24px;\"><strong>Jak\u00e9 v\u00fddaje je mo\u017en\u00e9 podpo\u0159it\u00a0<\/strong>(zp\u016fsobil\u00e9 v\u00fddaje):<\/p>\n<p><strong>Podnik:<\/strong><\/p>\n<ul>\n<li>hardware a s\u00edt\u011b, stroje a za\u0159\u00edzen\u00ed, software a data, materi\u00e1l, osobn\u00ed n\u00e1klady, re\u017eijn\u00ed v\u00fddaje<\/li>\n<\/ul>\n<p><strong>V\u00fdzkumn\u00e1 organizace:<\/strong><\/p>\n<ul>\n<li>osobn\u00ed n\u00e1klady, semin\u00e1\u0159e a workshopy, cestovn\u00e9, slu\u017eby expert\u016f, p\u0159\u00edstup k informac\u00edm, datab\u00e1z\u00edm, re\u017eijn\u00ed v\u00fddaje<\/li>\n<\/ul>\n<\/td>\n<td style=\"width: 33.3333%; height: 48px;\" rowspan=\"2\"><strong>Specifika a omezen\u00ed:<\/strong><\/p>\n<ul>\n<li>Projekt mus\u00ed b\u00fdt realizov\u00e1n na <strong>\u00fazem\u00ed \u010cR mimo NUTS 2 Praha<\/strong>.<\/li>\n<li><strong>Znalostn\u00ed organizace<\/strong> je ve\u0159ejn\u00e1 vysok\u00e1 \u0161kola univerzitn\u00edho i neuniverzitn\u00edho typu\/pracovi\u0161t\u011b Akademie v\u011bd \u010cR, ve\u0159ejn\u00e9 v\u00fdzkumn\u00e9 pracovi\u0161t\u011b.<\/li>\n<li><strong>Znalostn\u00ed transfer<\/strong> = Jedn\u00e1 se o p\u0159enos informac\u00ed, odborn\u00fdch znalost\u00ed a dovednost\u00ed z akademick\u00e9 sf\u00e9ry prost\u0159ednictv\u00edm <strong>asistenta znalostn\u00edho transferu<\/strong> pod veden\u00edm a <strong>dohledem akademick\u00e9ho pracovn\u00edka<\/strong>\u00a0do partnersk\u00e9ho podniku na <strong>z\u00e1klad\u011b smlouvy o partnerstv\u00ed<\/strong>.<\/li>\n<li><strong>Smlouva o partnerstv\u00ed<\/strong> mus\u00ed b\u00fdt podeps\u00e1na a\u017e <strong>po datu registrace \u017e\u00e1dosti<\/strong> o podporu v ISKP21+.<\/li>\n<li><strong>Asistent znalostn\u00edho <\/strong><strong>transferu<\/strong> je absolvent magistersk\u00e9ho nebo doktorsk\u00e9ho studia.<\/li>\n<li>V r\u00e1mci <strong>1 projektu<\/strong> je nutn\u00e9 zam\u011bstnat alespo\u0148 <strong>1 asistenta<\/strong> znalostn\u00edho transferu v rozsahu <strong>min. 1\/2 \u00favazku<\/strong>. <strong>V p\u0159\u00edpad\u011b 2 asistent\u016f nesm\u00ed<\/strong> sou\u010det hodnot \u00favazk\u016f za oba <strong>p\u0159ev\u00fd\u0161it 1,5<\/strong>.<\/li>\n<\/ul>\n<\/td>\n<\/tr>\n<tr style=\"height: 24px;\">\n<td style=\"width: 66.6666%; height: 24px;\" colspan=\"2\"><img loading=\"lazy\" decoding=\"async\" class=\"alignnone wp-image-43558 size-full\" src=\"https:\/\/apiagentura.gov.cz\/wp-content\/uploads\/2025\/06\/web-vyzva-optak-pzt-iii.png\" alt=\"\" width=\"1072\" height=\"500\" srcset=\"https:\/\/apiagentura.gov.cz\/wp-content\/uploads\/2025\/06\/web-vyzva-optak-pzt-iii.png 1072w, https:\/\/apiagentura.gov.cz\/wp-content\/uploads\/2025\/06\/web-vyzva-optak-pzt-iii-300x140.png 300w, https:\/\/apiagentura.gov.cz\/wp-content\/uploads\/2025\/06\/web-vyzva-optak-pzt-iii-1024x478.png 1024w, https:\/\/apiagentura.gov.cz\/wp-content\/uploads\/2025\/06\/web-vyzva-optak-pzt-iii-768x358.png 768w\" sizes=\"auto, (max-width: 1072px) 100vw, 1072px\" \/><\/td>\n<\/tr>\n<\/tbody>\n<\/table>\n<p><\/p>","protected":false},"excerpt":{"rendered":"<p>Podpora spolupr\u00e1ce podniku a v\u00fdzkumn\u00e9 organizace na konkr\u00e9tn\u00ed inovaci v podniku<\/p>\n","protected":false},"author":1,"featured_media":0,"parent":30033,"menu_order":0,"comment_status":"closed","ping_status":"closed","template":"","meta":{"inline_featured_image":false,"footnotes":""},"class_list":["post-43543","page","type-page","status-publish","hentry"],"publishpress_future_action":{"enabled":false,"date":"2026-05-08 13:09:08","action":"change-status","newStatus":"draft","terms":[],"taxonomy":"","extraData":[]},"publishpress_future_workflow_manual_trigger":{"enabledWorkflows":[]},"_links":{"self":[{"href":"https:\/\/apiagentura.gov.cz\/cs\/wp-json\/wp\/v2\/pages\/43543","targetHints":{"allow":["GET"]}}],"collection":[{"href":"https:\/\/apiagentura.gov.cz\/cs\/wp-json\/wp\/v2\/pages"}],"about":[{"href":"https:\/\/apiagentura.gov.cz\/cs\/wp-json\/wp\/v2\/types\/page"}],"author":[{"embeddable":true,"href":"https:\/\/apiagentura.gov.cz\/cs\/wp-json\/wp\/v2\/users\/1"}],"replies":[{"embeddable":true,"href":"https:\/\/apiagentura.gov.cz\/cs\/wp-json\/wp\/v2\/comments?post=43543"}],"version-history":[{"count":2,"href":"https:\/\/apiagentura.gov.cz\/cs\/wp-json\/wp\/v2\/pages\/43543\/revisions"}],"predecessor-version":[{"id":45907,"href":"https:\/\/apiagentura.gov.cz\/cs\/wp-json\/wp\/v2\/pages\/43543\/revisions\/45907"}],"up":[{"embeddable":true,"href":"https:\/\/apiagentura.gov.cz\/cs\/wp-json\/wp\/v2\/pages\/30033"}],"wp:attachment":[{"href":"https:\/\/apiagentura.gov.cz\/cs\/wp-json\/wp\/v2\/media?parent=43543"}],"curies":[{"name":"wp","href":"https:\/\/api.w.org\/{rel}","templated":true}]}}