{"id":44328,"date":"2025-10-15T10:00:58","date_gmt":"2025-10-15T08:00:58","guid":{"rendered":"https:\/\/apiagentura.gov.cz\/?page_id=44328"},"modified":"2026-02-18T12:01:29","modified_gmt":"2026-02-18T11:01:29","slug":"inovace-vyzva-iv","status":"publish","type":"page","link":"https:\/\/apiagentura.gov.cz\/cs\/podporovane-aktivity-optak\/inovace-optak\/inovace-vyzva-iv\/","title":{"rendered":"Inovace &#8211; v\u00fdzva IV"},"content":{"rendered":"<p><strong>Upozorn\u011bn\u00ed pro \u017eadatele a p\u0159\u00edjemce:<\/strong><\/p>\n<p><strong>21. 1. 2026:<\/strong> Ministerstvo pr\u016fmyslu a obchodu informovalo o prodlou\u017een\u00ed doby pod\u00e1v\u00e1n\u00ed \u017e\u00e1dost\u00ed o podporu z 23. 1. 2026 10:00:00 h na <strong>20. 2. 2026 10:00:00 h<\/strong> u aktivity Inovace-v\u00fdzva IV. Zm\u011bna byla provedena z d\u016fvodu nevy\u010derp\u00e1n\u00ed p\u0159id\u011blen\u00e9 alokace.<\/p>\n<p><a class=\"btn\" href=\"https:\/\/www.youtube.com\/watch?v=Pa5y7nCBT6o\">Z\u00c1ZNAM WEBIN\u00c1\u0158E<\/a> p\u0159edstavuj\u00edc\u00ed v\u00fdzvu Inovace &#8211; v\u00fdzva IV<\/p>\n<table class=\"call-detail\" style=\"height: 72px; width: 66.9646%;\" width=\"749\">\n<tbody>\n<tr style=\"height: 24px;\">\n<td style=\"width: 33.3333%; height: 48px;\" rowspan=\"2\"><strong>Na co lze z\u00edskat podporu<\/strong>\u00a0(podporovan\u00e9 aktivity):<\/p>\n<ul>\n<li><strong>Produktov\u00e1 inovace<\/strong> &#8211; zv\u00fd\u0161en\u00ed technick\u00fdch a u\u017eitn\u00fdch hodnot v\u00fdrobk\u016f, technologi\u00ed a slu\u017eeb.<\/li>\n<li><strong>Procesn\u00ed inovace<\/strong> &#8211; zv\u00fd\u0161en\u00ed efektivnosti proces\u016f v\u00fdroby a poskytov\u00e1n\u00ed slu\u017eeb.<\/li>\n<\/ul>\n<p><strong>Kdo m\u016f\u017ee \u017e\u00e1dat (p\u0159\u00edjemci podpory):<\/strong><\/p>\n<ul>\n<li>mal\u00e9 a st\u0159edn\u00ed podniky<\/li>\n<li>small mid-caps<\/li>\n<\/ul>\n<p><strong>Syst\u00e9m sb\u011bru \u017e\u00e1dost\u00ed:<\/strong><\/p>\n<ul>\n<li>kolov\u00fd<\/li>\n<\/ul>\n<\/td>\n<td style=\"width: 33.3333%; height: 24px;\"><strong>Kolik lze z\u00edskat na jeden projekt\u00a0<\/strong>(forma a v\u00fd\u0161e podpory):<\/p>\n<ul>\n<li>dotace na projekt je poskytov\u00e1na minim\u00e1ln\u011b ve v\u00fd\u0161i<strong>\u00a01 mil. K\u010d<\/strong> a maxim\u00e1ln\u011b do v\u00fd\u0161e <strong>60 mil. K\u010d<\/strong>.<\/li>\n<\/ul>\n<p><strong>M\u00edra podpory:<\/strong><\/p>\n<ul>\n<li><strong>15 \u2013 45 %<\/strong> celkov\u00fdch zp\u016fsobil\u00fdch v\u00fddaj\u016f dle velikosti podniku a regionu.<\/li>\n<\/ul>\n<p><em>konkr\u00e9tn\u00ed m\u00edra podpory viz kap. 9.1 v\u00fdzvy<\/em><\/td>\n<td style=\"width: 33.3333%; height: 24px;\"><img loading=\"lazy\" decoding=\"async\" class=\"alignnone wp-image-30020 size-full\" src=\"https:\/\/apiagentura.gov.cz\/wp-content\/uploads\/2022\/07\/optak-aktivita-1-inovace-660x660-1.png\" alt=\"\" width=\"660\" height=\"660\" srcset=\"https:\/\/apiagentura.gov.cz\/wp-content\/uploads\/2022\/07\/optak-aktivita-1-inovace-660x660-1.png 660w, https:\/\/apiagentura.gov.cz\/wp-content\/uploads\/2022\/07\/optak-aktivita-1-inovace-660x660-1-300x300.png 300w, https:\/\/apiagentura.gov.cz\/wp-content\/uploads\/2022\/07\/optak-aktivita-1-inovace-660x660-1-150x150.png 150w\" sizes=\"auto, (max-width: 660px) 100vw, 660px\" \/><\/td>\n<\/tr>\n<tr style=\"height: 24px;\">\n<td style=\"width: 33.3333%; height: 24px;\"><strong>Jak\u00e9 v\u00fddaje je mo\u017en\u00e9 podpo\u0159it\u00a0<\/strong>(zp\u016fsobil\u00e9 v\u00fddaje):<\/p>\n<p><strong>Dlouhodob\u00fd hmotn\u00fd majetek<\/strong><\/p>\n<ul>\n<li>po\u0159\u00edzen\u00ed stroj\u016f<\/li>\n<li>n\u00e1kup hardware<\/li>\n<\/ul>\n<p><strong>Dlouhodob\u00fd nehmotn\u00fd majetek<\/strong><\/p>\n<ul>\n<li>po\u0159\u00edzen\u00ed software a dat<\/li>\n<li>n\u00e1kup pr\u00e1v k u\u017e\u00edv\u00e1n\u00ed du\u0161evn\u00edho vlastnictv\u00ed<\/li>\n<\/ul>\n<p><strong>Neinvesti\u010dn\u00ed v\u00fddaje<\/strong><\/p>\n<ul>\n<li>certifikace produkt\u016f<\/li>\n<\/ul>\n<\/td>\n<td style=\"width: 33.3333%; height: 48px;\" rowspan=\"2\"><strong>Specifika a omezen\u00ed:<\/strong><\/p>\n<ul>\n<li>Projekt mus\u00ed b\u00fdt realizov\u00e1n na \u00fazem\u00ed \u010cR &#8211;\u00a0 <strong>p\u0159echodov\u00e9 regiony <\/strong>NUTS 2: St\u0159edn\u00ed \u010cechy, Jihoz\u00e1pad a Jihov\u00fdchod.<\/li>\n<li>Ve v\u00fdzv\u011b je povolen <strong>neomezen\u00fd po\u010det \u017e\u00e1dost\u00ed o podporu na 1 I\u010c<\/strong>.<\/li>\n<li>Projekt mus\u00ed <strong>vyu\u017e\u00edt v\u00fdsledky v\u00fdzkumu<\/strong> <strong>a v\u00fdvoje<\/strong> (VaV), a\u0165 u\u017e vlastn\u00edho, ve spolupr\u00e1ci nebo formou technologick\u00e9ho transferu.<\/li>\n<li><strong style=\"font-family: inherit; font-size: inherit;\">Technologick\u00fd transfer: <\/strong>p\u0159enos <strong style=\"font-family: inherit; font-size: inherit;\">technologie<\/strong><span style=\"font-family: inherit; font-size: inherit;\"> (prototypy, technologick\u00e9 sou\u010d\u00e1sti apod.) \u010di <\/span><strong style=\"font-family: inherit; font-size: inherit;\">technologick\u00e9ho postupu<\/strong><span style=\"font-family: inherit; font-size: inherit;\"> (patenty, licence apod.) a <\/span><strong style=\"font-family: inherit; font-size: inherit;\">know-how<\/strong><span style=\"font-family: inherit; font-size: inherit;\"> vyvinut\u00fdch v\u00fdzkumnou organizac\u00ed pro \u00fa\u010dely pr\u016fmyslov\u00e9 aplikace u \u017eadatele. <\/span><\/li>\n<li>U ostatn\u00edch subjekt\u016f se pod pojmem transfer technologie rozum\u00ed <strong style=\"font-family: inherit; font-size: inherit;\">p\u0159evod nebo n\u00e1kup patent\u016f, u\u017eitn\u00fdch vzor\u016f \u010di licenc\u00ed <\/strong><span style=\"font-family: inherit; font-size: inherit;\">k jejich vyu\u017eit\u00ed.<\/span><\/li>\n<\/ul>\n<\/td>\n<\/tr>\n<tr style=\"height: 24px;\">\n<td style=\"width: 66.6666%; height: 24px;\" colspan=\"2\"><img loading=\"lazy\" decoding=\"async\" class=\"alignnone wp-image-44335 size-full\" src=\"https:\/\/apiagentura.gov.cz\/wp-content\/uploads\/2025\/10\/web-vyzva-optak-ino-iv.png\" alt=\"\" width=\"1072\" height=\"500\" srcset=\"https:\/\/apiagentura.gov.cz\/wp-content\/uploads\/2025\/10\/web-vyzva-optak-ino-iv.png 1072w, https:\/\/apiagentura.gov.cz\/wp-content\/uploads\/2025\/10\/web-vyzva-optak-ino-iv-300x140.png 300w, https:\/\/apiagentura.gov.cz\/wp-content\/uploads\/2025\/10\/web-vyzva-optak-ino-iv-1024x478.png 1024w, https:\/\/apiagentura.gov.cz\/wp-content\/uploads\/2025\/10\/web-vyzva-optak-ino-iv-768x358.png 768w\" sizes=\"auto, (max-width: 1072px) 100vw, 1072px\" \/><\/td>\n<\/tr>\n<\/tbody>\n<\/table>\n<p><\/p>","protected":false},"excerpt":{"rendered":"<p>Dotace pro mal\u00e9, st\u0159edn\u00ed a small mid-cap podniky na zaveden\u00ed v\u00fdsledk\u016f v\u00fdzkumu a v\u00fdvoje do praxe<\/p>\n","protected":false},"author":1,"featured_media":0,"parent":30018,"menu_order":0,"comment_status":"closed","ping_status":"closed","template":"","meta":{"inline_featured_image":false,"footnotes":""},"class_list":["post-44328","page","type-page","status-publish","hentry"],"publishpress_future_action":{"enabled":false,"date":"2026-05-08 13:09:50","action":"change-status","newStatus":"draft","terms":[],"taxonomy":"","extraData":[]},"publishpress_future_workflow_manual_trigger":{"enabledWorkflows":[]},"_links":{"self":[{"href":"https:\/\/apiagentura.gov.cz\/cs\/wp-json\/wp\/v2\/pages\/44328","targetHints":{"allow":["GET"]}}],"collection":[{"href":"https:\/\/apiagentura.gov.cz\/cs\/wp-json\/wp\/v2\/pages"}],"about":[{"href":"https:\/\/apiagentura.gov.cz\/cs\/wp-json\/wp\/v2\/types\/page"}],"author":[{"embeddable":true,"href":"https:\/\/apiagentura.gov.cz\/cs\/wp-json\/wp\/v2\/users\/1"}],"replies":[{"embeddable":true,"href":"https:\/\/apiagentura.gov.cz\/cs\/wp-json\/wp\/v2\/comments?post=44328"}],"version-history":[{"count":1,"href":"https:\/\/apiagentura.gov.cz\/cs\/wp-json\/wp\/v2\/pages\/44328\/revisions"}],"predecessor-version":[{"id":45202,"href":"https:\/\/apiagentura.gov.cz\/cs\/wp-json\/wp\/v2\/pages\/44328\/revisions\/45202"}],"up":[{"embeddable":true,"href":"https:\/\/apiagentura.gov.cz\/cs\/wp-json\/wp\/v2\/pages\/30018"}],"wp:attachment":[{"href":"https:\/\/apiagentura.gov.cz\/cs\/wp-json\/wp\/v2\/media?parent=44328"}],"curies":[{"name":"wp","href":"https:\/\/api.w.org\/{rel}","templated":true}]}}