{"id":45755,"date":"2026-04-07T14:30:26","date_gmt":"2026-04-07T12:30:26","guid":{"rendered":"https:\/\/apiagentura.gov.cz\/?page_id=45755"},"modified":"2026-04-16T09:01:04","modified_gmt":"2026-04-16T07:01:04","slug":"technologie-pro-mas-clld-vyzva-ii","status":"publish","type":"page","link":"https:\/\/apiagentura.gov.cz\/cs\/podporovane-aktivity-optak\/technologie-pro-mas-optak\/technologie-pro-mas-clld-vyzva-ii\/","title":{"rendered":"Technologie pro MAS (CLLD) &#8211; v\u00fdzva II"},"content":{"rendered":"<p><\/p>\n<table class=\"call-detail\" style=\"height: 278px;\" width=\"749\">\n<tbody>\n<tr style=\"height: 24px;\">\n<td style=\"width: 33.3333%; height: 24px;\" rowspan=\"2\"><strong>Na co lze z\u00edskat podporu<\/strong>\u00a0(podporovan\u00e9 aktivity):<\/p>\n<p>Po\u0159\u00edzen\u00ed nov\u00fdch stroj\u016f, technologick\u00fdch za\u0159\u00edzen\u00ed a vybaven\u00ed, SW \u0159e\u0161en\u00ed, IT infrastruktury a slu\u017eeb s vazbou na:<\/p>\n<ul>\n<li>automatizaci a digitalizaci<\/li>\n<li>robotizaci (manipulace a skladov\u00e1n\u00ed)<\/li>\n<li>web a cloud<\/li>\n<li>ICT infrastrukturu a kybernetickou bezpe\u010dnost<\/li>\n<li>automatizovan\u00e9 a modul\u00e1rn\u00ed prodejny a v\u00fddejn\u00ed boxy 24\/7<\/li>\n<\/ul>\n<p><strong>Po\u0159\u00edzen\u00e1 technologie (stroj, za\u0159\u00edzen\u00ed, SW) mus\u00ed b\u00fdt datov\u011b integrov\u00e1na s nad\u0159azen\u00fdm <\/strong><strong>podnikov\u00fdm informa\u010dn\u00edm syst\u00e9mem.<\/strong><\/p>\n<p><strong>Kdo m\u016f\u017ee \u017e\u00e1dat (p\u0159\u00edjemci podpory):<\/strong><\/p>\n<ul>\n<li>mal\u00e9 a st\u0159edn\u00ed podniky<\/li>\n<\/ul>\n<p><strong>Syst\u00e9m sb\u011bru \u017e\u00e1dost\u00ed:<\/strong><\/p>\n<ul>\n<li>pr\u016fb\u011b\u017en\u00fd<\/li>\n<\/ul>\n<\/td>\n<td style=\"width: 33.3333%; height: 24px;\"><strong>Proces pod\u00e1n\u00ed \u017e\u00e1dosti o podporu:<\/strong><\/p>\n<ol>\n<li>Konkr\u00e9tn\u00ed MAS vyhl\u00e1s\u00ed v\u00fdzvu.<\/li>\n<li>\u017dadatel u t\u00e9to MAS p\u0159edlo\u017e\u00ed z\u00e1m\u011br.<\/li>\n<li>MAS vyd\u00e1 stanovisko o souladu projektu s jej\u00ed schv\u00e1lenou strategi\u00ed.<\/li>\n<li>\u017dadatel pod\u00e1 \u017e\u00e1dost o podporu v ISKP21+.<\/li>\n<\/ol>\n<p><strong>Kolik lze z\u00edskat na jeden projekt\u00a0<\/strong>(forma a v\u00fd\u0161e podpory):<\/p>\n<ul>\n<li>v\u00fd\u0161e celkov\u00fdch zp\u016fsobil\u00fdch v\u00fddaj\u016f na projekt mus\u00ed b\u00fdt minim\u00e1ln\u011b <strong>250 000 K\u010d<\/strong> a maxim\u00e1ln\u011b <strong>2 999 999 K\u010d<\/strong>.<\/li>\n<\/ul>\n<p><strong>M\u00edra podpory:<\/strong><\/p>\n<ul>\n<li><strong>50 %<\/strong>\u00a0celkov\u00fdch zp\u016fsobil\u00fdch v\u00fddaj\u016f<\/li>\n<\/ul>\n<\/td>\n<td style=\"width: 33.3333%; height: 24px;\"><img loading=\"lazy\" decoding=\"async\" class=\"alignnone wp-image-38972 size-full\" src=\"https:\/\/apiagentura.gov.cz\/wp-content\/uploads\/2024\/05\/ico-optak-2-technologie-pro-mas.png\" alt=\"\" width=\"512\" height=\"512\" srcset=\"https:\/\/apiagentura.gov.cz\/wp-content\/uploads\/2024\/05\/ico-optak-2-technologie-pro-mas.png 512w, https:\/\/apiagentura.gov.cz\/wp-content\/uploads\/2024\/05\/ico-optak-2-technologie-pro-mas-300x300.png 300w, https:\/\/apiagentura.gov.cz\/wp-content\/uploads\/2024\/05\/ico-optak-2-technologie-pro-mas-150x150.png 150w\" sizes=\"auto, (max-width: 512px) 100vw, 512px\" \/><\/td>\n<\/tr>\n<tr style=\"height: 24px;\">\n<td style=\"width: 33.3333%; height: 24px;\"><strong>Jak\u00e9 v\u00fddaje je mo\u017en\u00e9 podpo\u0159it\u00a0<\/strong>(zp\u016fsobil\u00e9 v\u00fddaje):<\/p>\n<ul>\n<li>dlouhodob\u00fd hmotn\u00fd majetek<\/li>\n<li>dlouhodob\u00fd nehmotn\u00fd majetek<\/li>\n<li>slu\u017eby<\/li>\n<li>nep\u0159\u00edm\u00e9 n\u00e1klady<em> (max. 7 % zp\u016fsobil\u00fdch v\u00fddaj\u016f)<\/em><\/li>\n<\/ul>\n<\/td>\n<td style=\"width: 33.3333%; height: 24px;\" rowspan=\"2\"><strong>Specifika a omezen\u00ed:<\/strong><\/p>\n<ul>\n<li>C\u00edlov\u00e9 \u00fazem\u00ed: <strong>\u00fazem\u00ed MAS se schv\u00e1len\u00fdm programov\u00fdm r\u00e1mcem<\/strong> mimo obc\u00ed nad 25 tis. obyvatel a hl. m\u011bsta Prahy.<\/li>\n<li><strong>Ka\u017ed\u00fd \u017eadatel<\/strong> (1 I\u010c) je v t\u00e9to v\u00fdzv\u011b opr\u00e1vn\u011bn p\u0159edlo\u017eit <strong>maxim\u00e1ln\u011b 1 projekt<\/strong>.<\/li>\n<li>Projekt je jednoetapov\u00fd a dotace je vypl\u00e1cena ex post.<\/li>\n<li>Podporov\u00e1ny budou pouze <strong>projekty s m\u00edstem realizace na \u00fazem\u00ed MAS<\/strong> se schv\u00e1len\u00fdm programov\u00fdm r\u00e1mcem.<\/li>\n<li><strong>MAS \u2013 M\u00edstn\u00ed ak\u010dn\u00ed skupina.<\/strong> Spole\u010denstv\u00ed slo\u017een\u00e9 ze subjekt\u016f, kter\u00e9 zastupuj\u00ed m\u00edstn\u00ed z\u00e1jmy sv\u00e9ho regionu.<\/li>\n<li><strong>CLLD \u2013\u00a0<\/strong><span class=\"ui-provider gp b c d e f g h i j k l m n o p q r s t u v w x y z ab ac ae af ag ah ai aj ak\" dir=\"ltr\"><strong>Komunitn\u011b veden\u00fd m\u00edstn\u00ed rozvoj<\/strong> \u2013 integrovan\u00fd n\u00e1stroj rozvoje \u00fazem\u00ed veden\u00fd m\u00edstn\u00edmi ak\u010dn\u00edmi skupinami.<\/span><\/li>\n<li><strong>Mapa v\u0161ech MAS v \u010cR<\/strong> je k dispozici na\u00a0<span style=\"text-decoration: underline;\"><strong><a href=\"http:\/\/databaze.nsmascr.cz\/uzemi.php\">www.nsmascr.cz<\/a><\/strong>.<\/span><\/li>\n<\/ul>\n<\/td>\n<\/tr>\n<tr style=\"height: 24px;\">\n<td style=\"width: 33.3333%; height: 24px;\" colspan=\"2\"><img loading=\"lazy\" decoding=\"async\" class=\"alignnone wp-image-45758 size-full\" src=\"https:\/\/apiagentura.gov.cz\/wp-content\/uploads\/2026\/04\/web-vyzva-optak-tech-mas-ii.png\" alt=\"\" width=\"1072\" height=\"500\" srcset=\"https:\/\/apiagentura.gov.cz\/wp-content\/uploads\/2026\/04\/web-vyzva-optak-tech-mas-ii.png 1072w, https:\/\/apiagentura.gov.cz\/wp-content\/uploads\/2026\/04\/web-vyzva-optak-tech-mas-ii-300x140.png 300w, https:\/\/apiagentura.gov.cz\/wp-content\/uploads\/2026\/04\/web-vyzva-optak-tech-mas-ii-1024x478.png 1024w, https:\/\/apiagentura.gov.cz\/wp-content\/uploads\/2026\/04\/web-vyzva-optak-tech-mas-ii-768x358.png 768w\" sizes=\"auto, (max-width: 1072px) 100vw, 1072px\" \/><\/td>\n<\/tr>\n<\/tbody>\n<\/table>\n<p><strong>Alokace v\u00fdzvy se d\u011bl\u00ed podle m\u00edsta realizace projektu:<\/strong><\/p>\n<ul>\n<li><strong>345 mil. K\u010d<\/strong> pro m\u00e9n\u011b rozvinut\u00e9 regiony<\/li>\n<li><strong>195 mil. K\u010d<\/strong> pro p\u0159echodov\u00e9 regiony<\/li>\n<\/ul>\n<p><a href=\"https:\/\/apiagentura.gov.cz\/wp-content\/uploads\/2026\/04\/api-mapa-2024-op-tak-prechodove-regiony-barevne.png\"><img loading=\"lazy\" decoding=\"async\" class=\"alignnone wp-image-46038\" src=\"https:\/\/apiagentura.gov.cz\/wp-content\/uploads\/2026\/04\/api-mapa-2024-op-tak-prechodove-regiony-barevne-300x182.png\" alt=\"\" width=\"632\" height=\"383\" srcset=\"https:\/\/apiagentura.gov.cz\/wp-content\/uploads\/2026\/04\/api-mapa-2024-op-tak-prechodove-regiony-barevne-300x182.png 300w, https:\/\/apiagentura.gov.cz\/wp-content\/uploads\/2026\/04\/api-mapa-2024-op-tak-prechodove-regiony-barevne-1024x621.png 1024w, https:\/\/apiagentura.gov.cz\/wp-content\/uploads\/2026\/04\/api-mapa-2024-op-tak-prechodove-regiony-barevne-768x465.png 768w, https:\/\/apiagentura.gov.cz\/wp-content\/uploads\/2026\/04\/api-mapa-2024-op-tak-prechodove-regiony-barevne-1536x931.png 1536w, https:\/\/apiagentura.gov.cz\/wp-content\/uploads\/2026\/04\/api-mapa-2024-op-tak-prechodove-regiony-barevne-2048x1241.png 2048w\" sizes=\"auto, (max-width: 632px) 100vw, 632px\" \/><\/a><img loading=\"lazy\" decoding=\"async\" class=\"alignnone wp-image-45785\" src=\"https:\/\/apiagentura.gov.cz\/wp-content\/uploads\/2026\/04\/sluzby-infrastruktury-vyzva-ii-final-1.pdf-1.svg\" alt=\"\" width=\"720\" height=\"145\" \/><\/p>","protected":false},"excerpt":{"rendered":"<p>C\u00edlem v\u00fdzvy je podpora mal\u00fdch a st\u0159edn\u00edch podnik\u016f ve venkovsk\u00fdch oblastech prost\u0159ednictv\u00edm M\u00edstn\u00edch ak\u010dn\u00edch skupin se schv\u00e1len\u00fdm programov\u00fdm r\u00e1mcem.<\/p>\n","protected":false},"author":1,"featured_media":0,"parent":30060,"menu_order":0,"comment_status":"closed","ping_status":"closed","template":"","meta":{"inline_featured_image":false,"footnotes":""},"class_list":["post-45755","page","type-page","status-publish","hentry"],"publishpress_future_action":{"enabled":false,"date":"2026-05-08 00:16:42","action":"change-status","newStatus":"draft","terms":[],"taxonomy":"","extraData":[]},"publishpress_future_workflow_manual_trigger":{"enabledWorkflows":[]},"_links":{"self":[{"href":"https:\/\/apiagentura.gov.cz\/cs\/wp-json\/wp\/v2\/pages\/45755","targetHints":{"allow":["GET"]}}],"collection":[{"href":"https:\/\/apiagentura.gov.cz\/cs\/wp-json\/wp\/v2\/pages"}],"about":[{"href":"https:\/\/apiagentura.gov.cz\/cs\/wp-json\/wp\/v2\/types\/page"}],"author":[{"embeddable":true,"href":"https:\/\/apiagentura.gov.cz\/cs\/wp-json\/wp\/v2\/users\/1"}],"replies":[{"embeddable":true,"href":"https:\/\/apiagentura.gov.cz\/cs\/wp-json\/wp\/v2\/comments?post=45755"}],"version-history":[{"count":24,"href":"https:\/\/apiagentura.gov.cz\/cs\/wp-json\/wp\/v2\/pages\/45755\/revisions"}],"predecessor-version":[{"id":46040,"href":"https:\/\/apiagentura.gov.cz\/cs\/wp-json\/wp\/v2\/pages\/45755\/revisions\/46040"}],"up":[{"embeddable":true,"href":"https:\/\/apiagentura.gov.cz\/cs\/wp-json\/wp\/v2\/pages\/30060"}],"wp:attachment":[{"href":"https:\/\/apiagentura.gov.cz\/cs\/wp-json\/wp\/v2\/media?parent=45755"}],"curies":[{"name":"wp","href":"https:\/\/api.w.org\/{rel}","templated":true}]}}