{"id":5131,"date":"2017-04-03T08:44:03","date_gmt":"2017-04-03T07:44:03","guid":{"rendered":"https:\/\/www.apiagentura.gov.cz\/?page_id=5131"},"modified":"2021-11-23T14:34:16","modified_gmt":"2021-11-23T13:34:16","slug":"vysokorychlostni-internet-vyzva-i","status":"publish","type":"page","link":"https:\/\/apiagentura.gov.cz\/cs\/programy-podpory\/vysokorychlostni-internet\/vysokorychlostni-internet-vyzva-i\/","title":{"rendered":"Vysokorychlostn\u00ed internet &#8211; V\u00fdzva I"},"content":{"rendered":"<p><\/p>\n<h2>MPO mapuje dostupnost optick\u00e9 konektivity &#8211; dotazn\u00edk pro podnikatele v oblasti elektronick\u00e9 komunikace v obc\u00edch do 5 000 obyvatel<\/h2>\n<p><strong>MPO m\u00e1 z\u00e1jem, aby v\u0161ichni ob\u010dan\u00e9 \u010cR m\u011bli mo\u017enost u\u017e\u00edvat kvalitn\u00ed vysokorychlostn\u00ed p\u0159ipojen\u00ed k\u00a0internetu.<\/strong><\/p>\n<p>Jedn\u00edm z p\u0159edpoklad\u016f jak tuto mo\u017enost zajistit, je ov\u011b\u0159it, zda v\u00a0dan\u00e9 oblasti je dostupn\u00e9 p\u0159ipojen\u00ed k optick\u00e9 p\u00e1te\u0159n\u00ed, p\u0159\u00edpojn\u00e9, distribu\u010dn\u00ed nebo p\u0159\u00edstupov\u00e9 s\u00edti. MPO se proto rozhodlo, \u017ee shrom\u00e1\u017ed\u00ed informace o existenci vhodn\u00fdch a dostupn\u00fdch p\u0159ed\u00e1vac\u00edch bod\u016f existuj\u00edc\u00edch optick\u00fdch s\u00edt\u00ed, spolu s\u00a0informacemi o jejich komer\u010dn\u00ed vyu\u017eitelnosti.<\/p>\n<p>Sebran\u00e9 informace budou podrobeny d\u016fkladn\u00e9 anal\u00fdze, zam\u011b\u0159en\u00e9 p\u0159edev\u0161\u00edm na dostate\u010dnou dostupnost, kapacitu a komer\u010dn\u00ed vyu\u017eitelnost p\u0159ed\u00e1vac\u00edch bod\u016f a to i ve vztahu k\u00a0jejich geografick\u00e9mu rozlo\u017een\u00ed. N\u00e1sledn\u011b pak MPO identifikuje m\u00edsta nebo oblasti, ve kter\u00fdch pot\u0159ebn\u00e9 prost\u0159edky nejsou v\u00a0po\u017eadovan\u00e9 kvalit\u011b, mno\u017estv\u00ed, nebo kapacit\u011b k\u00a0dispozici.<\/p>\n<p>Platnost, kvalita i v\u00fdsledky anal\u00fdzy sebran\u00fdch informac\u00ed budou ov\u011b\u0159eny ve ve\u0159ejn\u00e9 konzultaci.<\/p>\n<p>V p\u0159\u00edpad\u011b, \u017ee v\u00fdsledkem tohoto procesu budou zji\u0161t\u011bn\u00ed, \u017ee v\u00a0n\u011bkter\u00fdch m\u00edstech nebo oblastech dostupn\u00e9 p\u0159ed\u00e1vac\u00ed body chyb\u00ed a nikdo neprojev\u00ed z\u00e1jem o jejich vybudov\u00e1n\u00ed za b\u011b\u017en\u00fdch komer\u010dn\u00edch podm\u00ednek, zah\u00e1j\u00ed MPO u Evropsk\u00e9 Komise\u00a0notifika\u010dn\u00ed proces, kter\u00fd umo\u017en\u00ed vybudov\u00e1n\u00ed pot\u0159ebn\u00e9 a nezbytn\u00e9 optick\u00e9 konektivity, za p\u0159isp\u011bn\u00ed dota\u010dn\u00edch program\u016f a prost\u0159edk\u016f.<\/p>\n<p>Sb\u011br informac\u00ed MPO zah\u00e1jilo 21. 8. 2019 a je sm\u011brov\u00e1n do\u00a0\u00farovn\u011b obc\u00ed, jejich\u017e velikost nep\u0159esahuje zhruba 5\u00a0000 tis\u00edc obyvatel, proto\u017ee je zjevn\u00e9, \u017ee ve v\u0161ech v\u011bt\u0161\u00edch s\u00eddlech pot\u0159ebn\u00e1 infrastruktura ji\u017e existuje.<\/p>\n<p><em>\u00a0\u201eSpr\u00e1vn\u00fdm vypln\u011bn\u00edm dotazn\u00edku rozes\u00edlan\u00e9ho MPO si podnikatel\u00e9 maj\u00ed mo\u017enost zajistit v\u010dasnou a \u00faplnou ochranu sv\u00fdch realizovan\u00fdch investic v\u00a0t\u00e9to oblasti. Sou\u010dasn\u011b t\u00edm tak\u00e9 dost\u00e1vaj\u00ed mo\u017enost, pokud projev\u00ed sv\u016fj z\u00e1jem, podpo\u0159it jejich vy\u0161\u0161\u00ed komer\u010dn\u00ed vyu\u017eit\u00ed.\u201c<\/em><\/p>\n<p><strong>Podnikatel\u00e9 v oblasti elektronick\u00e9 komunikace v obc\u00edch do 5 000 obyvatel<\/strong> maj\u00ed mo\u017enost vyplnit n\u00ed\u017ee p\u0159ipojen\u00fd formul\u00e1\u0159.<\/p>\n<p>P\u0159\u00edlohy ke sta\u017een\u00ed:<\/p>\n<ul>\n<li><a href=\"https:\/\/www.apiagentura.gov.cz\/wp-content\/uploads\/2019\/08\/formular2019.xlsx\">Formul\u00e1\u0159 2019<\/a><\/li>\n<li><a href=\"https:\/\/www.apiagentura.gov.cz\/wp-content\/uploads\/2019\/08\/mapovani-predavacich-bodu.pdf\">Mapov\u00e1n\u00ed p\u0159ed\u00e1vac\u00edch bod\u016f<\/a><\/li>\n<\/ul>\n<p>Vypln\u011bn\u00fd formul\u00e1\u0159 za\u0161lete pros\u00edm na adresu <a href=\"mailto:mapovani@mpo.cz\">mapovani@mpo.cz<\/a>.<\/p>\n<hr \/>\n<h2>Upozorn\u011bn\u00ed pro \u017eadatele<\/h2>\n<p>Jak\u00e9koli dotazy t\u00fdkaj\u00edc\u00ed se tohoto programu, pros\u00edm, pos\u00edlejte na email: <a href=\"mailto:pripominky@mpo.cz\">pripominky@mpo.cz<\/a><\/p>\n<p>Va\u0161e ot\u00e1zky i odpov\u011bdi jsou pr\u016fb\u011b\u017en\u011b zve\u0159ej\u0148ov\u00e1ny na str\u00e1nce \u201enej\u010dast\u011bj\u0161\u00ed ot\u00e1zky a odpov\u011bdi\u201c, kterou naleznete na internetov\u00fdch str\u00e1nk\u00e1ch Ministerstva pr\u016fmyslu a obchodu <a href=\"https:\/\/www.apiagentura.gov.cz\/wp-content\/uploads\/2017\/07\/FAQ-11-7-17.pdf\" target=\"_blank\" rel=\"noopener\">zde<\/a>.<\/p>\n<hr \/>\n<h3><strong>Z\u00e1kladn\u00ed charakteristiky:<\/strong><\/h3>\n<p><strong>Kdo m\u016f\u017ee \u017e\u00e1dat<\/strong>\u00a0(p\u0159\u00edjemci podpory):<\/p>\n<ul>\n<li>p\u0159\u00edjemcem podpory m\u016f\u017ee b\u00fdt podnikatelsk\u00fd subjekt, kter\u00fd je provozovatelem ve\u0159ejn\u00e9 s\u00edt\u011b elektronick\u00fdch komunikac\u00ed a je dr\u017eitelem v\u0161ech nezbytn\u00fdch opr\u00e1vn\u011bn\u00ed k provozu takov\u00e9 s\u00edt\u011b; je opr\u00e1vn\u011bn k podnik\u00e1n\u00ed odpov\u00eddaj\u00edc\u00edmu podporovan\u00e9 ekonomick\u00e9 \u010dinnosti, k jej\u00edmu\u017e uskute\u010d\u0148ov\u00e1n\u00ed je realizov\u00e1n projekt<\/li>\n<\/ul>\n<p><strong>Kolik lze z\u00edskat na jeden projekt\u00a0<\/strong>(forma a v\u00fd\u0161e podpory):<\/p>\n<ul>\n<li>m\u00edra podpory: max. 75 % zp\u016fsobil\u00fdch v\u00fddaj\u016f<\/li>\n<li>dotace na projekt je poskytov\u00e1na minim\u00e1ln\u011b ve v\u00fd\u0161i 1 mil. K\u010d a maxim\u00e1ln\u011b do v\u00fd\u0161e 200 mil. K\u010d<\/li>\n<\/ul>\n<p><strong>Na co lze z\u00edskat podporu<\/strong>\u00a0(podporovan\u00e9 aktivity):<\/p>\n<ul>\n<li>zaji\u0161t\u011bn\u00ed roz\u0161i\u0159ov\u00e1n\u00ed st\u00e1vaj\u00edc\u00ed infrastruktury p\u0159\u00edstupov\u00fdch s\u00edt\u00ed pro vysokorychlostn\u00ed p\u0159\u00edstup k\u00a0internetu poskytovan\u00fd v\u00a0pevn\u00e9m m\u00edst\u011b s vyu\u017eit\u00edm nov\u00fdch optick\u00fdch prvk\u016f s\u00a0c\u00edlem umo\u017enit koncov\u00e9mu z\u00e1kazn\u00edkovi re\u00e1ln\u00fd vysokorychlostn\u00ed p\u0159\u00edstup k\u00a0internetu p\u0159enosovou rychlost\u00ed alespo\u0148 30 Mbit\/s s\u00a0podm\u00ednkou, \u017ee do budoucna bude mo\u017en\u00e9 umo\u017enit p\u0159enosovou rychlost min. 100\u00a0Mbit\/s\u00a0 pouze prost\u0159ednictv\u00edm v\u00fdm\u011bny aktivn\u00edch prvk\u016f s\u00edt\u011b<\/li>\n<li>z\u0159izov\u00e1n\u00ed nov\u00fdch s\u00edt\u00ed sest\u00e1vaj\u00edc\u00edch z\u010d\u00e1sti nebo pln\u011b z\u00a0optick\u00fdch veden\u00ed pro vysokorychlostn\u00ed p\u0159\u00edstup k\u00a0internetu, poskytovan\u00fd v\u00a0pevn\u00e9m m\u00edst\u011b, umo\u017e\u0148uj\u00edc\u00ed p\u0159enosovou rychlost alespo\u0148 30 Mbit\/s \u00a0za podm\u00ednky, \u017ee do konce roku 2020 mus\u00ed takov\u00e1 s\u00ed\u0165 umo\u017enit re\u00e1lnou p\u0159enosovou rychlost min. 100 Mbit\/s.<\/li>\n<\/ul>\n<p><strong>Jak\u00e9 v\u00fddaje je mo\u017en\u00e9 podpo\u0159it\u00a0(zp\u016fsobil\u00e9 v\u00fddaje):<\/strong><\/p>\n<ul>\n<li>investi\u010dn\u00ed n\u00e1klady na vybudov\u00e1n\u00ed pasivn\u00ed s\u00ed\u0165ov\u00e9 infrastruktury<\/li>\n<li>investi\u010dn\u00ed n\u00e1klady na stavebn\u00ed a in\u017een\u00fdrsk\u00e9 pr\u00e1ce souvisej\u00edc\u00ed se s\u00ed\u0165ovou infrastrukturou, kter\u00fdmi se rozum\u00ed stavebn\u00ed a in\u017een\u00fdrsk\u00e9 pr\u00e1ce nezbytn\u00e9 pro budov\u00e1n\u00ed s\u00edt\u011b vysokorychlostn\u00edho p\u0159\u00edstupu k internetu, nap\u0159\u00edklad zaji\u0161t\u011bn\u00ed zemn\u00edch prac\u00ed s c\u00edlem umo\u017enit um\u00edst\u011bn\u00ed kabelovodu, \u010di z\u0159\u00edzen\u00ed nadzemn\u00edho veden\u00ed s\u00edt\u011b elektronick\u00fdch komunikac\u00ed<\/li>\n<li>investi\u010dn\u00ed n\u00e1klady na vybudov\u00e1n\u00ed p\u0159\u00edstupov\u00fdch s\u00edt\u00ed nov\u00e9 generace (s\u00edt\u011b NGA) v\u010detn\u011b investi\u010dn\u00edch n\u00e1klad\u016f na \u00farovni s\u00ed\u0165ov\u00e9 vrstvy datov\u00e9 komunikace po optick\u00e9, ev. koaxi\u00e1ln\u00ed metalick\u00e9 s\u00edti a souvisej\u00edc\u00ed p\u0159\u00edslu\u0161enstv\u00ed (ODF, pasivn\u00ed prvky s\u00edt\u011b, stojany, street cabinety, rozvodn\u00e9 sk\u0159\u00edn\u011b v\u010d. energetick\u00fdch p\u0159\u00edpojek)<\/li>\n<\/ul>\n<p><strong>Specifika a omezen\u00ed:<\/strong><\/p>\n<ul>\n<li>projekt mus\u00ed b\u00fdt realizov\u00e1n na \u00fazem\u00ed \u010cR mimo hlavn\u00edho m\u011bsta Prahy<\/li>\n<li>projekt se mus\u00ed t\u00fdkat v\u00fdhradn\u011b podporovan\u00fdch aktivit uveden\u00fdch v \u010dl\u00e1nku 3: Podporovan\u00e9 aktivity; tj. mus\u00ed b\u00fdt v souladu s N\u00e1rodn\u00edm pl\u00e1nem rozvoje s\u00edt\u00ed nov\u00e9 generace ve zn\u011bn\u00ed schv\u00e1len\u00e9m vl\u00e1dou<\/li>\n<li>projekt mus\u00ed b\u00fdt v souladu s aspekty, kter\u00e9 jsou prezentov\u00e1ny v\u00a0\u010dl\u00e1nku 2; Technick\u00e9 parametry a provoz infrastruktury mus\u00ed b\u00fdt v souladu s Technicko-provozn\u00edmi aspekty s\u00edt\u00ed NGA z\u0159izovan\u00e9 s ve\u0159ejn\u00fdch zdroj\u016f; velkoobchodn\u00ed nab\u00eddka pro dal\u0161\u00ed oper\u00e1tory a dal\u0161\u00ed souvisej\u00edc\u00ed ekonomick\u00e9 aspekty infrastruktury mus\u00ed b\u00fdt v souladu s Ekonomicko-investi\u010dn\u00edmi aspekty s\u00edt\u00ed NGA z\u0159izovan\u00e9 s ve\u0159ejn\u00fdch zdroj\u016f<\/li>\n<li>projekt mus\u00ed b\u00fdt bezpodm\u00edne\u010dn\u011b realizov\u00e1n na tzv. b\u00edl\u00fdch m\u00edstech, tj. adresn\u00edch m\u00edstech obytn\u00fdch budov, ve kter\u00fdch neexistuje mo\u017enost vysokorychlostn\u00edho p\u0159ipojen\u00ed na s\u00ed\u0165ovou infrastrukturu (NGA s\u00ed\u0165) umo\u017e\u0148uj\u00edc\u00ed slu\u017ebu vysokorychlostn\u00edho p\u0159ipojen\u00ed k internetu alespo\u0148 o rychlosti 30 Mbit\/s a kde je nepravd\u011bpodobn\u00e9, \u017ee tato infrastruktura bude do t\u0159\u00ed let vybudov\u00e1na za komer\u010dn\u00edch podm\u00ednek<\/li>\n<li>shoda projektu s Na\u0301rodn\u00ed vy\u0301zkumnou a inova\u010dn\u00ed strategi\u00ed pro inteligentn\u00ed specializaci \u010cesk\u00e9 republiky bude ov\u011b\u0159ena v ra\u0301mci hodnocen\u00ed projektu<\/li>\n<\/ul>\n<p><strong>Syst\u00e9m sb\u011bru \u017e\u00e1dost\u00ed:<\/strong><\/p>\n<ul>\n<li>kolov\u00fd<\/li>\n<\/ul>\n<p><\/p>","protected":false},"excerpt":{"rendered":"<p>C\u00edlem programu je roz\u0161\u00ed\u0159en\u00ed modern\u00ed infrastruktury umo\u017e\u0148uj\u00edc\u00ed v souladu s podm\u00ednkami N\u00e1rodn\u00edho pl\u00e1nu rozvoje s\u00edt\u00ed nov\u00e9 generace spolehliv\u011b poskytovat vysokorychlostn\u00ed slu\u017eby elektronick\u00fdch komunikac\u00ed.<\/p>\n","protected":false},"author":1,"featured_media":0,"parent":148,"menu_order":0,"comment_status":"closed","ping_status":"closed","template":"","meta":{"inline_featured_image":false,"footnotes":""},"class_list":["post-5131","page","type-page","status-publish","hentry"],"publishpress_future_action":{"enabled":false,"date":"2026-05-02 07:32:54","action":"change-status","newStatus":"draft","terms":[],"taxonomy":"","extraData":[]},"publishpress_future_workflow_manual_trigger":{"enabledWorkflows":[]},"_links":{"self":[{"href":"https:\/\/apiagentura.gov.cz\/cs\/wp-json\/wp\/v2\/pages\/5131","targetHints":{"allow":["GET"]}}],"collection":[{"href":"https:\/\/apiagentura.gov.cz\/cs\/wp-json\/wp\/v2\/pages"}],"about":[{"href":"https:\/\/apiagentura.gov.cz\/cs\/wp-json\/wp\/v2\/types\/page"}],"author":[{"embeddable":true,"href":"https:\/\/apiagentura.gov.cz\/cs\/wp-json\/wp\/v2\/users\/1"}],"replies":[{"embeddable":true,"href":"https:\/\/apiagentura.gov.cz\/cs\/wp-json\/wp\/v2\/comments?post=5131"}],"version-history":[{"count":0,"href":"https:\/\/apiagentura.gov.cz\/cs\/wp-json\/wp\/v2\/pages\/5131\/revisions"}],"up":[{"embeddable":true,"href":"https:\/\/apiagentura.gov.cz\/cs\/wp-json\/wp\/v2\/pages\/148"}],"wp:attachment":[{"href":"https:\/\/apiagentura.gov.cz\/cs\/wp-json\/wp\/v2\/media?parent=5131"}],"curies":[{"name":"wp","href":"https:\/\/api.w.org\/{rel}","templated":true}]}}