{"id":542,"date":"2016-08-10T11:05:01","date_gmt":"2016-08-10T10:05:01","guid":{"rendered":"http:\/\/www.ci-api.stage2.goodshape.cz\/?page_id=542"},"modified":"2019-06-21T08:42:30","modified_gmt":"2019-06-21T06:42:30","slug":"542-2","status":"publish","type":"page","link":"https:\/\/apiagentura.gov.cz\/cs\/programy-podpory\/smart-grids-i\/542-2\/","title":{"rendered":"Smart grids I &#8211; V\u00fdzva I"},"content":{"rendered":"<p><\/p>\n<h3 style=\"text-align: left;\"><strong>Z\u00e1kladn\u00ed charakteristiky:<\/strong><\/h3>\n<p style=\"text-align: left;\"><strong>Kdo m\u016f\u017ee \u017e\u00e1dat<\/strong>\u00a0(p\u0159\u00edjemci podpory):<\/p>\n<ul>\n<li style=\"text-align: left;\">mal\u00e9, st\u0159edn\u00ed a velk\u00e9 podniky<\/li>\n<li style=\"text-align: left;\">typy podporovan\u00fdch pr\u00e1vn\u00edch forem: akciov\u00e1 spole\u010dnost \u2013 a.s.<\/li>\n<\/ul>\n<p style=\"text-align: left;\"><strong>Kolik lze z\u00edskat na jeden projekt\u00a0<\/strong>(forma a v\u00fd\u0161e podpory):<\/p>\n<ul>\n<li style=\"text-align: left;\">m\u00edra podpory: podpora je poskytov\u00e1na a\u017e do v\u00fd\u0161e 40 % ZV<\/li>\n<li style=\"text-align: left;\">m\u00edra podpory na Ekologick\u00e9 studie: podpora je poskytov\u00e1na a\u017e do v\u00fd\u0161e 40 % ZV<\/li>\n<li style=\"text-align: left;\">maxim\u00e1ln\u00ed a minim\u00e1ln\u00ed v\u00fd\u0161e dotace: ka\u017ed\u00e1 podporovan\u00e1 oblast m\u00e1 svou z\u00e1kladn\u00ed alokaci:<\/li>\n<\/ul>\n<p style=\"text-align: left; padding-left: 30px;\">&#8211; v oblasti a, do v\u00fd\u0161e 210 mil. K\u010d<\/p>\n<p style=\"text-align: left; padding-left: 30px;\">&#8211; v oblasti b, do v\u00fd\u0161e 65 mil. K\u010d<\/p>\n<p style=\"text-align: left; padding-left: 30px;\">&#8211; v oblasti c, do v\u00fd\u0161e 95 mil. K\u010d<\/p>\n<p style=\"text-align: left; padding-left: 30px;\">&#8211; v oblasti d, do v\u00fd\u0161e 330 mil. K\u010d<\/p>\n<p style=\"text-align: left;\">Postup vy\u010derp\u00e1n\u00ed alokace: Nejd\u0159\u00edve budou vybr\u00e1ny projekty \u201ez jednotliv\u00fdch podporovan\u00fdch oblast\u00ed\u201c, kter\u00e9 dos\u00e1hnou \u201enejvy\u0161\u0161\u00edho\u201c po\u010dtu bod\u016f a z\u00e1rove\u0148 je jejich po\u017eadovan\u00e1 dotace ze 100 % pokryta z\u00e1kladn\u00ed alokac\u00ed danou podporovanou oblast\u00ed. N\u00e1sledn\u011b budou podpo\u0159eny projekty, kter\u00e9 nebyly podpo\u0159eny z d\u016fvodu, \u017ee na \u010d\u00e1st jejich po\u017eadovan\u00e9 dotace ji\u017e nebyla dosta\u010duj\u00edc\u00ed v\u00fd\u0161e z\u00e1kladn\u00ed alokace dan\u00e9 oblasti. Projekty budou takto uspokojov\u00e1ny v abecedn\u00edm po\u0159ad\u00ed jednotliv\u00fdch podporovan\u00fdch oblast\u00ed \u201emaxim\u00e1ln\u011b\u201c do vy\u010derp\u00e1n\u00ed celkov\u00e9 alokace na tuto v\u00fdzvu ve v\u00fd\u0161i 750 mil. K\u010d.<\/p>\n<ul>\n<li style=\"text-align: left;\">dotace na projekty v jednotliv\u00fdch oblastech jsou poskytov\u00e1ny:<\/li>\n<\/ul>\n<p style=\"text-align: left; padding-left: 30px;\">&#8211; v oblasti a, minim\u00e1ln\u011b ve v\u00fd\u0161i 5 mil. K\u010d a maxim\u00e1ln\u011b do v\u00fd\u0161e 80 mil. K\u010d<\/p>\n<p style=\"text-align: left; padding-left: 30px;\">&#8211; v oblasti b, minim\u00e1ln\u011b ve v\u00fd\u0161i 5 mil. K\u010d a maxim\u00e1ln\u011b do v\u00fd\u0161e 65 mil. K\u010d<\/p>\n<p style=\"text-align: left; padding-left: 30px;\">&#8211; v oblasti c, minim\u00e1ln\u011b ve v\u00fd\u0161i 5 mil. K\u010d a maxim\u00e1ln\u011b do v\u00fd\u0161e 60 mil. K\u010d<\/p>\n<p style=\"text-align: left; padding-left: 30px;\">&#8211; v oblasti d, minim\u00e1ln\u011b ve v\u00fd\u0161i 5 mil. K\u010d a maxim\u00e1ln\u011b do v\u00fd\u0161e 80 mil. K\u010d<\/p>\n<ul>\n<li style=\"text-align: left;\">maxim\u00e1ln\u00ed absolutn\u00ed v\u00fd\u0161e dotace na ekologick\u00e9 studie \u010din\u00ed 500 tis. K\u010d<\/li>\n<\/ul>\n<p style=\"text-align: left;\"><strong>Na co lze z\u00edskat podporu<\/strong>\u00a0(podporovan\u00e9 aktivity):<\/p>\n<p style=\"text-align: left;\"><strong>a) Nasazen\u00ed automatizovan\u00fdch d\u00e1lkov\u011b ovl\u00e1dan\u00fdch prvk\u016f v distribu\u010dn\u00edch soustav\u00e1ch\u00a0<\/strong><\/p>\n<p style=\"text-align: left;\">V r\u00e1mci tohoto typu projekt\u016f budou podporov\u00e1ny n\u00e1sleduj\u00edc\u00ed d\u00edl\u010d\u00ed aktivity, kter\u00e9 mohou b\u00fdt dopln\u011bny podp\u016frn\u00fdmi \u010dinnostmi:<\/p>\n<ul>\n<li style=\"text-align: left;\">Nasazen\u00ed d\u00e1lkov\u011b ovl\u00e1dan\u00fdch \u00fasekov\u00fdch odp\u00edna\u010d\u016f a vyp\u00edna\u010d\u016f na veden\u00edch vn.<\/li>\n<li style=\"text-align: left;\">Realizace d\u00e1lkov\u011b ovl\u00e1dan\u00fdch distribu\u010dn\u00edch stanic vn\/nn.<\/li>\n<li style=\"text-align: left;\">Dopln\u011bn\u00ed st\u00e1vaj\u00edc\u00edch \u00fasekov\u00fdch odp\u00edna\u010d\u016f\/vyp\u00edna\u010d\u016f a distribu\u010dn\u00edch stanic o d\u00e1lkov\u00e9 ovl\u00e1d\u00e1n\u00ed.<\/li>\n<li style=\"text-align: left;\">Nasazen\u00ed za\u0159\u00edzen\u00ed pro d\u00e1lkov\u00e9 sledov\u00e1n\u00ed a vyhodnocov\u00e1n\u00ed klimatick\u00fdch vliv\u016f s n\u00e1slednou automatizac\u00ed prvk\u016f distribu\u010dn\u00ed soustavy.<\/li>\n<li style=\"text-align: left;\">Nasazen\u00ed inteligentn\u00edch prvk\u016f pro \u0159\u00edzen\u00ed a automatizaci v\u00edcenap\u00e1je\u010dov\u00e9 s\u00edt\u011b vn a m\u0159\u00ed\u017eov\u00e9, p\u0159\u00edp. polom\u0159\u00ed\u017eov\u00e9 s\u00edt\u011b nn.<\/li>\n<\/ul>\n<p style=\"text-align: left;\">Mezi podp\u016frn\u00e9 \u010dinnosti pat\u0159\u00ed zaji\u0161t\u011bn\u00ed d\u00e1lkov\u00e9ho ovl\u00e1d\u00e1n\u00ed a komunikace tzn. tyto technologie: d\u00e1lkov\u00e9 ovl\u00e1d\u00e1n\u00ed silov\u00fdch prvk\u016f, RTU (komunika\u010dn\u00ed \u0159\u00edd\u00edc\u00ed jednotky), m\u011b\u0159\u00edc\u00ed senzory, indik\u00e1tory poruchov\u00fdch proud\u016f, nadproud\u016f a zemn\u00edch spojen\u00ed, komunika\u010dn\u00ed jednotky a infrastruktura, zaji\u0161t\u011bn\u00ed nap\u00e1jen\u00ed, \u00fapravy technick\u00e9ho dispe\u010dinku.<\/p>\n<p style=\"text-align: left;\"><strong>b) Nasazen\u00ed technologick\u00fdch prvk\u016f \u0159\u00edzen\u00ed nap\u011bt\u00ed a v\u00fdkonu elektrick\u00e9 energie v distribu\u010dn\u00edch soustav\u00e1ch<\/strong><\/p>\n<p style=\"text-align: left;\">V r\u00e1mci tohoto typu projekt\u016f budou podporov\u00e1ny n\u00e1sleduj\u00edc\u00ed d\u00edl\u010d\u00ed aktivity, kter\u00e9 mohou b\u00fdt dopln\u011bny podp\u016frn\u00fdmi \u010dinnostmi:<\/p>\n<ul>\n<li style=\"text-align: left;\">Osazen\u00ed distribu\u010dn\u00edch transform\u00e1tor\u016f vn\/nn s automatickou regulac\u00ed pod zat\u00ed\u017een\u00edm.<\/li>\n<li style=\"text-align: left;\">Osazen\u00ed linkov\u00fdch kondicion\u00e9r\u016f na veden\u00edch nn.<\/li>\n<li style=\"text-align: left;\">Nasazen\u00ed automatick\u00e9ho \u0159\u00edzen\u00ed \u00farovn\u011b nap\u011bt\u00ed.<\/li>\n<li style=\"text-align: left;\">Realizace syst\u00e9mu regulace jalov\u00e9ho v\u00fdkonu v\u00fdroben na hladin\u011b vn a nn.<\/li>\n<li style=\"text-align: left;\">Nasazen\u00ed automatick\u00e9ho sn\u00ed\u017een\u00ed p\u0159etok\u016f jalov\u00e9ho v\u00fdkonu do nad\u0159azen\u00e9 soustavy.<\/li>\n<\/ul>\n<p style=\"text-align: left;\">Mezi podp\u016frn\u00e9 \u010dinnosti pat\u0159\u00ed zaji\u0161t\u011bn\u00ed d\u00e1lkov\u00e9ho ovl\u00e1d\u00e1n\u00ed a komunikace tzn. tyto technologie: d\u00e1lkov\u00e9 ovl\u00e1d\u00e1n\u00ed silov\u00fdch prvk\u016f, RTU (komunika\u010dn\u00ed \u0159\u00edd\u00edc\u00ed jednotky), m\u011b\u0159\u00edc\u00ed senzory, datov\u00e9 koncentr\u00e1tory, komunika\u010dn\u00ed jednotky a infrastruktura, zaji\u0161t\u011bn\u00ed nap\u00e1jen\u00ed, \u00fapravy technick\u00e9ho dispe\u010dinku.<\/p>\n<p style=\"text-align: left;\"><strong>c) \u0158e\u0161en\u00ed lok\u00e1ln\u00ed bilance \u0159\u00edzen\u00edm tok\u016f v\u00fdkonu mezi odb\u011brateli a provozovatelem distribu\u010dn\u00ed s\u00edt\u011b<\/strong><\/p>\n<p style=\"text-align: left;\">V r\u00e1mci tohoto typu projekt\u016f budou podporov\u00e1ny n\u00e1sleduj\u00edc\u00ed d\u00edl\u010d\u00ed aktivity, kter\u00e9 mohou b\u00fdt dopln\u011bny podp\u016frn\u00fdmi \u010dinnostmi:<\/p>\n<ul>\n<li style=\"text-align: left;\">Realizace technologie inteligentn\u00edho m\u011b\u0159en\u00ed na hladin\u011b nn v\u010detn\u011b komunika\u010dn\u00edch jednotek, ode\u010dtov\u00e9 centr\u00e1ly a \u00faprav technick\u00e9ho dispe\u010dinku.<\/li>\n<li style=\"text-align: left;\">Implementace \u0159\u00eddic\u00edho syst\u00e9mu lok\u00e1ln\u00ed bilance v\u010detn\u011b anal\u00fdzy, predikce a algoritmizace chov\u00e1n\u00ed portfolia odb\u011brn\u00fdch m\u00edst pro \u00fapravu logiky sp\u00edn\u00e1n\u00ed \u0159iditeln\u00e9 z\u00e1t\u011b\u017ee u odb\u011bratel\u016f.<\/li>\n<\/ul>\n<p style=\"text-align: left;\">Mezi podp\u016frn\u00e9 \u010dinnosti pat\u0159\u00ed zaji\u0161t\u011bn\u00ed d\u00e1lkov\u00e9ho ovl\u00e1d\u00e1n\u00ed a komunikace tzn. tyto technologie: osazen\u00ed distribu\u010dn\u00edch stanic vn\/nn m\u011b\u0159ic\u00edmi senzory, sou\u010dtov\u00e9 elektrom\u011bry, datov\u00e9 koncentr\u00e1tory, komunika\u010dn\u00ed jednotky a infrastruktura, zaji\u0161t\u011bn\u00ed nap\u00e1jen\u00ed, implementace a \u00fapravy IT syst\u00e9m\u016f<\/p>\n<p style=\"text-align: left;\"><strong>d) V\u00fdb\u011brov\u00e9 osazen\u00ed m\u011b\u0159en\u00ed kvality elektrick\u00e9 energie v distribu\u010dn\u00edch soustav\u00e1ch<\/strong><\/p>\n<p style=\"text-align: left;\">V r\u00e1mci tohoto typu projekt\u016f budou podporov\u00e1ny n\u00e1sleduj\u00edc\u00ed d\u00edl\u010d\u00ed aktivity, kter\u00e9 mohou b\u00fdt dopln\u011bny podp\u016frn\u00fdmi \u010dinnostmi:<\/p>\n<ul>\n<li style=\"text-align: left;\">Osazen\u00ed technologie pro m\u011b\u0159en\u00ed kvality na distribu\u010dn\u00edch stanic\u00edch vn\/nn.<\/li>\n<\/ul>\n<p style=\"text-align: left;\">Mezi podp\u016frn\u00e9 \u010dinnosti pat\u0159\u00ed zaji\u0161t\u011bn\u00ed d\u00e1lkov\u00e9 komunikace, tzn. tyto technologie: datov\u00e9 koncentr\u00e1tory, komunika\u010dn\u00ed jednotky, routery, SW infrastruktura pro sb\u011br a vyhodnocen\u00ed dat, zaji\u0161t\u011bn\u00ed nap\u00e1jen\u00ed.<\/p>\n<ul>\n<li style=\"text-align: left;\">podporov\u00e1ny jsou projekty, jejich\u017e v\u00fdstupy se projev\u00ed v odv\u011btv\u00edch vymezen\u00fdch v P\u0159\u00edloze \u010d. 3 \u010c\u00e1st A V\u00fdzvy; podporov\u00e1ny nejsou projekty, jejich\u017e v\u00fdstupy se projev\u00ed v n\u011bkter\u00e9m z odv\u011btv\u00ed uveden\u00fdch v P\u0159\u00edloze \u010d. 3 \u010c\u00e1st B V\u00fdzvy<\/li>\n<\/ul>\n<p style=\"text-align: left;\"><strong>Jak\u00e9 v\u00fddaje je mo\u017en\u00e9 podpo\u0159it\u00a0(zp\u016fsobil\u00e9 v\u00fddaje):<\/strong><\/p>\n<ul>\n<li style=\"text-align: left;\">dlouhodob\u00fd hmotn\u00fd majetek; poskytovatel podpory bude v r\u00e1mci po\u0159\u00edzen\u00ed stavebn\u00edch prac\u00ed pova\u017eovat tyto za zp\u016fsobil\u00e9 pouze do \u00farovn\u011b hodnoty cen stavebn\u00edch prac\u00ed dle katalog\u016f \u00daRS\/RTS\/atd. pro dan\u00fd rok, v n\u011bm\u017e byla pod\u00e1na \u017e\u00e1dost o podporu. V t\u00e9to souvislosti je p\u0159\u00edjemce povinen k \u017e\u00e1dosti o podporu p\u0159edlo\u017eit podrobn\u00fd nacen\u011bn\u00fd polo\u017ekov\u00fd rozpo\u010det stavebn\u00edch prac\u00ed pl\u00e1novan\u00fdch k realizaci v r\u00e1mci projektu. Pokud cena za stavebn\u00ed pr\u00e1ce bude vy\u0161\u0161\u00ed, ne\u017e uv\u00e1d\u011bj\u00ed normativy pro ocen\u011bn\u00ed stavebn\u00edch prac\u00ed (\u00daRS\/RTS\/atd.), budou tyto v\u00fddaje kr\u00e1ceny na hodnotu odpov\u00eddaj\u00edc\u00ed normativ\u016fm.<\/li>\n<li style=\"text-align: left;\">dlouhodob\u00fd nehmotn\u00fd majetek (pokud je nezbytn\u00fd k \u0159\u00e1dn\u00e9mu provozov\u00e1n\u00ed dlouhodob\u00e9ho hmotn\u00e9ho majetku)<\/li>\n<li style=\"text-align: left;\">ekologick\u00e9 studie (posudek p\u0159\u00ednos\u016f aplikace prvk\u016f inteligentn\u00edch s\u00edt\u00ed v distribu\u010dn\u00edch soustav\u00e1ch)<\/li>\n<\/ul>\n<p style=\"text-align: left;\"><strong>Specifika a omezen\u00ed:<\/strong><\/p>\n<ul>\n<li style=\"text-align: left;\">projekt mus\u00ed b\u00fdt realizov\u00e1n na \u00fazem\u00ed \u010cR mimo hlavn\u00edho m\u011bsta Prahy<\/li>\n<li style=\"text-align: left;\">\u017eadatel mus\u00ed jednozna\u010dn\u011b prok\u00e1zat vlastnick\u00e1 nebo jin\u00e1 pr\u00e1va k nemovitostem nebo pozemk\u016fm, kde bude projekt realizov\u00e1n<\/li>\n<li style=\"text-align: left;\">projekt mus\u00ed b\u00fdt realizov\u00e1n v distribu\u010dn\u00ed soustav\u011b, jej\u00ed\u017e provozovatel:<\/li>\n<\/ul>\n<p style=\"text-align: left; padding-left: 30px;\">&#8211; nesm\u00ed b\u00fdt soub\u011b\u017en\u00fdm dr\u017eitelem licence na v\u00fdrobu elekt\u0159iny, p\u0159enos elekt\u0159iny, obchod s elekt\u0159inou nebo obchod s plynem v souladu s \u00a7 25, odst. 2 Z\u00e1kona \u010d. 458\/2000 Sb., o podm\u00ednk\u00e1ch podnik\u00e1n\u00ed a o v\u00fdkonu st\u00e1tn\u00ed spr\u00e1vy v energetick\u00fdch odv\u011btv\u00edch a o zm\u011bn\u011b n\u011bkter\u00fdch z\u00e1kon\u016f (energetick\u00fd z\u00e1kon)<\/p>\n<p style=\"text-align: left; padding-left: 30px;\">&#8211; a z\u00e1rove\u0148 m\u00e1 z\u0159\u00edzen technick\u00fd dispe\u010dink v souladu s \u00a7 26, odst. 2 Z\u00e1kona \u010d. 458\/2000 Sb., o podm\u00ednk\u00e1ch podnik\u00e1n\u00ed a o v\u00fdkonu st\u00e1tn\u00ed spr\u00e1vy v energetick\u00fdch odv\u011btv\u00edch a o zm\u011bn\u011b n\u011bkter\u00fdch z\u00e1kon\u016f (energetick\u00fd z\u00e1kon)<\/p>\n<ul>\n<li style=\"text-align: left;\">v r\u00e1mci projektu lze uplatnit v\u00edce m\u00edst realizace v r\u00e1mci jednoho ucelen\u00e9ho \u00fazem\u00ed; tato podm\u00ednka se nevztahuje na p\u0159enos dat do distribu\u010dn\u00edho \u0159\u00eddic\u00edho syst\u00e9mu (D\u0158S) a samotn\u00fd D\u0158S<\/li>\n<\/ul>\n<p style=\"text-align: left;\"><strong>Syst\u00e9m sb\u011bru \u017e\u00e1dost\u00ed:<\/strong><\/p>\n<ul>\n<li style=\"text-align: left;\">kolov\u00fd<\/li>\n<\/ul>\n<p><\/p>","protected":false},"excerpt":{"rendered":"<p>V\u00fdzva I programu Smart grids I podporuje nasazen\u00ed automatizovan\u00fdch d\u00e1lkov\u011b ovl\u00e1dan\u00fdch prvk\u016f v distribu\u010dn\u00edch soustav\u00e1ch, nasazen\u00ed technologick\u00fdch prvk\u016f \u0159\u00edzen\u00ed nap\u011bt\u00ed a v\u00fdkonu elektrick\u00e9 energie v distribu\u010dn\u00edch soustav\u00e1ch, \u0159e\u0161en\u00ed lok\u00e1ln\u00ed bilance \u0159\u00edzen\u00edm tok\u016f v\u00fdkonu mezi odb\u011brateli a provozovatelem distribu\u010dn\u00ed s\u00edt\u011b a v\u00fdb\u011brov\u00e9 osazen\u00ed m\u011b\u0159en\u00ed kvality elektrick\u00e9 energie v distribu\u010dn\u00edch soustav\u00e1ch.<\/p>\n","protected":false},"author":35,"featured_media":0,"parent":140,"menu_order":0,"comment_status":"closed","ping_status":"closed","template":"","meta":{"inline_featured_image":false,"footnotes":""},"class_list":["post-542","page","type-page","status-publish","hentry"],"publishpress_future_action":{"enabled":false,"date":"2026-05-09 00:25:29","action":"change-status","newStatus":"draft","terms":[],"taxonomy":"","extraData":[]},"publishpress_future_workflow_manual_trigger":{"enabledWorkflows":[]},"_links":{"self":[{"href":"https:\/\/apiagentura.gov.cz\/cs\/wp-json\/wp\/v2\/pages\/542","targetHints":{"allow":["GET"]}}],"collection":[{"href":"https:\/\/apiagentura.gov.cz\/cs\/wp-json\/wp\/v2\/pages"}],"about":[{"href":"https:\/\/apiagentura.gov.cz\/cs\/wp-json\/wp\/v2\/types\/page"}],"author":[{"embeddable":true,"href":"https:\/\/apiagentura.gov.cz\/cs\/wp-json\/wp\/v2\/users\/35"}],"replies":[{"embeddable":true,"href":"https:\/\/apiagentura.gov.cz\/cs\/wp-json\/wp\/v2\/comments?post=542"}],"version-history":[{"count":0,"href":"https:\/\/apiagentura.gov.cz\/cs\/wp-json\/wp\/v2\/pages\/542\/revisions"}],"up":[{"embeddable":true,"href":"https:\/\/apiagentura.gov.cz\/cs\/wp-json\/wp\/v2\/pages\/140"}],"wp:attachment":[{"href":"https:\/\/apiagentura.gov.cz\/cs\/wp-json\/wp\/v2\/media?parent=542"}],"curies":[{"name":"wp","href":"https:\/\/api.w.org\/{rel}","templated":true}]}}