{"id":6206,"date":"2017-06-29T10:33:44","date_gmt":"2017-06-29T09:33:44","guid":{"rendered":"https:\/\/www.apiagentura.gov.cz\/?page_id=6206"},"modified":"2021-11-17T20:00:56","modified_gmt":"2021-11-17T19:00:56","slug":"inovacni-vouchery-vyzva-ii","status":"publish","type":"page","link":"https:\/\/apiagentura.gov.cz\/cs\/programy-podpory\/inovacni-vouchery\/inovacni-vouchery-vyzva-ii\/","title":{"rendered":"Inova\u010dn\u00ed vouchery &#8211; V\u00fdzva II"},"content":{"rendered":"<p><\/p>\n<h3 style=\"text-align: left;\">Z\u00e1kladn\u00ed charakteristiky:<\/h3>\n<p style=\"text-align: left;\"><strong>Kdo m\u016f\u017ee \u017e\u00e1dat\u00a0(p\u0159\u00edjemci podpory): \u00a0<\/strong><\/p>\n<ul>\n<li style=\"text-align: left;\">mal\u00e9 a st\u0159edn\u00ed podniky<\/li>\n<\/ul>\n<p style=\"text-align: left;\"><strong>Kolik lze z\u00edskat na jeden projekt\u00a0(forma a v\u00fd\u0161e podpory):<\/strong><\/p>\n<ul>\n<li style=\"text-align: left;\">dotace bude poskytov\u00e1na do maxim\u00e1ln\u00ed v\u00fd\u0161e 75% zp\u016fsobil\u00fdch v\u00fddaj\u016f v\u00a0r\u00e1mci podpory \u201ede minimis\u201c<\/li>\n<li style=\"text-align: left;\">minim\u00e1ln\u00ed absolutn\u00ed dotace pro jeden projekt \u010din\u00ed 50 000 K\u010d<\/li>\n<li style=\"text-align: left;\">maxim\u00e1ln\u00ed absolutn\u00ed dotace pro jeden projekt \u010din\u00ed 299 999 K\u010d<\/li>\n<\/ul>\n<p style=\"text-align: left;\"><strong>Na co lze z\u00edskat podporu (podporovan\u00e9 aktivity):<\/strong><\/p>\n<ul>\n<li style=\"text-align: left;\">n\u00e1kup poradensk\u00fdch, expertn\u00edch a podp\u016frn\u00fdch slu\u017eeb v\u00a0oblasti inovac\u00ed od organizac\u00ed pro v\u00fdzkum a \u0161\u00ed\u0159en\u00ed znalost\u00ed nebo akreditovan\u00fdch laborato\u0159\u00ed s\u00a0c\u00edlem zah\u00e1jen\u00ed \u010di zintenzivn\u011bn\u00ed inova\u010dn\u00edch aktivit MSP<\/li>\n<\/ul>\n<p style=\"text-align: left;\"><strong>Jak\u00e9 v\u00fddaje je mo\u017en\u00e9 podpo\u0159it (zp\u016fsobil\u00e9 v\u00fddaje):<\/strong><\/p>\n<ul>\n<li style=\"text-align: left;\">poradensk\u00e9, expertn\u00ed a podp\u016frn\u00e9 slu\u017eby v\u00a0oblasti inovac\u00ed, tj. zejm\u00e9na m\u011b\u0159en\u00ed, diagnostika, testov\u00e1n\u00ed, zkou\u0161ky, rozbory, anal\u00fdzy, ov\u011b\u0159ov\u00e1n\u00ed, certifikace v\u00fdrobku, v\u00fdpo\u010dty, n\u00e1vrhy nov\u00fdch syst\u00e9m\u016f, technologick\u00fdch postup\u016f, unik\u00e1tn\u00edch konstruk\u010dn\u00edch \u0159e\u0161en\u00ed, modelov\u00e1n\u00ed, v\u00fdvoj softwaru, hardwaru, materi\u00e1lu, za\u0159\u00edzen\u00ed, prvk\u016f syst\u00e9mu, prototypu, funk\u010dn\u00edho vzorku v souvislosti s v\u00fdvojem nebo zav\u00e1d\u011bn\u00edm nov\u00e9ho produktu (v\u00fdrobku, slu\u017eby nebo procesu), optimalizace proces\u016f, vlastnost\u00ed v\u00fdrobk\u016f, slu\u017eeb, metod, parametr\u016f apod.<\/li>\n<\/ul>\n<p style=\"text-align: left;\"><strong>Na co nelze z\u00edskat podporu\u00a0(nepodporovan\u00e9 aktivity):<\/strong><\/p>\n<ul>\n<li style=\"text-align: left;\">aktivity spojen\u00e9 s\u00a0podporou v\u00fdvozu do \u010dlensk\u00fdch st\u00e1t\u016f EU a t\u0159et\u00edch zem\u00ed, a to podporou p\u0159\u00edmo v\u00e1zanou na mno\u017estv\u00ed v\u00fdvozu nebo spojenou se zalo\u017een\u00edm a fungov\u00e1n\u00edm distribu\u010dn\u00ed s\u00edt\u011b nebo jin\u00fdmi b\u011b\u017en\u00fdmi v\u00fddaji souvisej\u00edc\u00edmi s\u00a0v\u00fdvozn\u00edmi aktivitami, a d\u00e1le s\u00a0podporou podmi\u0148uj\u00edc\u00ed pou\u017eit\u00ed dom\u00e1c\u00edho zbo\u017e\u00ed na \u00fakor dov\u00e1\u017een\u00e9ho zbo\u017e\u00ed<\/li>\n<li style=\"text-align: left;\">marketing, design, anal\u00fdzy trhu, audity, \u0161kolen\u00ed, st\u00e1\u017ee, pr\u00e1vn\u00ed slu\u017eby, poradenstv\u00ed v oblasti financ\u00ed a dotac\u00ed, soci\u00e1ln\u00ed inovace, n\u00e1kup majetku apod.<\/li>\n<\/ul>\n<p style=\"text-align: left;\"><strong>Specifika a omezen\u00ed:<\/strong><\/p>\n<ul>\n<li style=\"text-align: left;\">projekt mus\u00ed b\u00fdt realizov\u00e1n na \u00fazem\u00ed \u010cR mimo hl. m\u011bsta Prahy<\/li>\n<li style=\"text-align: left;\">rozhoduj\u00edc\u00ed pro posouzen\u00ed m\u00edstn\u00ed p\u0159ijatelnosti nen\u00ed s\u00eddlo \u017eadatele (p\u0159\u00edjemce), ale skute\u010dn\u00e9 m\u00edsto realizace projektu, tzn. realizace v\u00fddaj\u016f, resp. skute\u010dn\u00e9 m\u00edsto dopadu realizovan\u00e9ho projektu z\u00a0hlediska jeho p\u0159\u00ednos\u016f do p\u0159\u00edslu\u0161n\u00e9ho regionu<\/li>\n<li style=\"text-align: left;\">ka\u017ed\u00fd \u017eadatel je v\u00a0t\u00e9to V\u00fdzv\u011b opr\u00e1vn\u011bn p\u0159edlo\u017eit max. 3 projekty na jedno I\u010c; \u017eadatel m\u016f\u017ee p\u0159edlo\u017eit v r\u00e1mci t\u00e9to V\u00fdzvy maxim\u00e1ln\u011b 3 projekty, nicm\u00e9n\u011b ka\u017ed\u00fd projekt mus\u00ed tvo\u0159it samostatn\u00fd ucelen\u00fd celek; projekty na sebe nemohou navazovat; v p\u0159\u00edpad\u011b, \u017ee bude zji\u0161t\u011bno, \u017ee byl jeden projekt rozd\u011blen do v\u00edce \u017e\u00e1dost\u00ed o podporu, nicm\u00e9n\u011b m\u011bl b\u00fdt pod\u00e1n pouze v jedn\u00e9 \u017e\u00e1dosti o podporu, m\u00e1 API pr\u00e1vo \u017eadatele vyzvat ke slou\u010den\u00ed \u017e\u00e1dost\u00ed o podporu do jedn\u00e9 a od ostatn\u00edch po\u017eadovat odstoupen\u00ed<\/li>\n<li style=\"text-align: left;\">\u017eadatel mus\u00ed n\u00e1klady nap\u0159\u00ed\u010d podan\u00fdmi projekty s\u010d\u00edtat a v\u00a0p\u0159\u00edpad\u011b, \u017ee by se jednalo o shodn\u00e9 nebo obdobn\u00e9 pln\u011bn\u00ed, mus\u00ed vypsat v\u00fdb\u011brov\u00e9 \u0159\u00edzen\u00ed; realizuje-li jeden poskytovatel slu\u017eby\/dodavatel v\u00edce zak\u00e1zek, je na n\u011b zpravidla pohl\u00ed\u017eeno jako na jednu zak\u00e1zku<\/li>\n<li style=\"text-align: left;\">\u017eadatel je podle sv\u00e9ho \u010destn\u00e9ho prohl\u00e1\u0161en\u00ed registrov\u00e1n jako poplatn\u00edk dan\u011b z\u00a0p\u0159\u00edjmu\u00a0v n\u011bkter\u00e9m z \u010dlensk\u00fdch st\u00e1t\u016f EU, a to nep\u0159etr\u017eit\u011b nejm\u00e9n\u011b po dobu dvou zav\u0159en\u00fdch da\u0148ov\u00fdch obdob\u00ed p\u0159edch\u00e1zej\u00edc\u00edch datu pod\u00e1n\u00ed \u017e\u00e1dosti o podporu; \u017eadatel bere na v\u011bdom\u00ed, \u017ee v okam\u017eiku vyplacen\u00ed podpory bude muset m\u00edt v \u010cesk\u00e9 republice zalo\u017eenou provozovnu nebo pobo\u010dku<\/li>\n<\/ul>\n<p style=\"text-align: left;\"><strong>Syst\u00e9m sb\u011bru \u017e\u00e1dost\u00ed:<\/strong><\/p>\n<ul>\n<li style=\"text-align: left;\">jednokolov\u00fd<\/li>\n<\/ul>\n<p><\/p>","protected":false},"excerpt":{"rendered":"<p>C\u00edlem programu podpory Inova\u010dn\u00ed vouchery je rozvoj komunikace a sd\u00edlen\u00ed poznatk\u016f a know-how mezi podnikovou a v\u00fdzkumnou sf\u00e9rou, kter\u00e9 mohou podnikatelsk\u00e9 subjekty vyu\u017e\u00edt pro zah\u00e1jen\u00ed \u010di zintenzivn\u011bn\u00ed vlastn\u00edch inova\u010dn\u00edch aktivit. N\u00e1r\u016fst interakc\u00ed mezi podniky a organizacemi pro v\u00fdzkum a \u0161\u00ed\u0159en\u00ed znalost\u00ed bude m\u00edt p\u0159\u00edm\u00fd dopad na pos\u00edlen\u00ed konkurenceschopnosti MSP.<\/p>\n","protected":false},"author":1,"featured_media":0,"parent":122,"menu_order":0,"comment_status":"closed","ping_status":"closed","template":"","meta":{"inline_featured_image":false,"footnotes":""},"class_list":["post-6206","page","type-page","status-publish","hentry"],"publishpress_future_action":{"enabled":false,"date":"2026-05-07 08:39:22","action":"change-status","newStatus":"draft","terms":[],"taxonomy":"","extraData":[]},"publishpress_future_workflow_manual_trigger":{"enabledWorkflows":[]},"_links":{"self":[{"href":"https:\/\/apiagentura.gov.cz\/cs\/wp-json\/wp\/v2\/pages\/6206","targetHints":{"allow":["GET"]}}],"collection":[{"href":"https:\/\/apiagentura.gov.cz\/cs\/wp-json\/wp\/v2\/pages"}],"about":[{"href":"https:\/\/apiagentura.gov.cz\/cs\/wp-json\/wp\/v2\/types\/page"}],"author":[{"embeddable":true,"href":"https:\/\/apiagentura.gov.cz\/cs\/wp-json\/wp\/v2\/users\/1"}],"replies":[{"embeddable":true,"href":"https:\/\/apiagentura.gov.cz\/cs\/wp-json\/wp\/v2\/comments?post=6206"}],"version-history":[{"count":0,"href":"https:\/\/apiagentura.gov.cz\/cs\/wp-json\/wp\/v2\/pages\/6206\/revisions"}],"up":[{"embeddable":true,"href":"https:\/\/apiagentura.gov.cz\/cs\/wp-json\/wp\/v2\/pages\/122"}],"wp:attachment":[{"href":"https:\/\/apiagentura.gov.cz\/cs\/wp-json\/wp\/v2\/media?parent=6206"}],"curies":[{"name":"wp","href":"https:\/\/api.w.org\/{rel}","templated":true}]}}