{"id":6217,"date":"2017-06-30T13:14:24","date_gmt":"2017-06-30T12:14:24","guid":{"rendered":"https:\/\/www.apiagentura.gov.cz\/?page_id=6217"},"modified":"2021-11-17T21:00:44","modified_gmt":"2021-11-17T20:00:44","slug":"uspory-energie-energeticky-efektivni-budovy-vyzva-i","status":"publish","type":"page","link":"https:\/\/apiagentura.gov.cz\/cs\/programy-podpory\/uspory-energie\/uspory-energie-energeticky-efektivni-budovy-vyzva-i\/","title":{"rendered":"\u00daspory energie &#8211; Energeticky efektivn\u00ed budovy &#8211; V\u00fdzva I"},"content":{"rendered":"<p><\/p>\n<h3 style=\"text-align: left;\">Z\u00e1kladn\u00ed charakteristiky:<\/h3>\n<p style=\"text-align: left;\"><strong>Kdo m\u016f\u017ee \u017e\u00e1dat (p\u0159\u00edjemci podpory):<\/strong><\/p>\n<ul>\n<li style=\"text-align: left;\">mal\u00e9, st\u0159edn\u00ed i velk\u00e9 podniky<\/li>\n<\/ul>\n<p style=\"text-align: left;\"><strong>Kolik lze z\u00edskat na jeden projekt (forma a v\u00fd\u0161e podpory):<\/strong><\/p>\n<ul>\n<li style=\"text-align: left;\">max. m\u00edra podpory: mal\u00fd podnik 80% ZV, st\u0159edn\u00ed podnik 70% ZV, velk\u00fd podnik 60% ZV<\/li>\n<li style=\"text-align: left;\">dotace na projekt je poskytov\u00e1na minim\u00e1ln\u011b ve v\u00fd\u0161i 200 tis. K\u010d a maxim\u00e1ln\u011b do v\u00fd\u0161e 200 tis. \u20ac<\/li>\n<li style=\"text-align: left;\">maxim\u00e1ln\u00ed absolutn\u00ed v\u00fd\u0161e dotace na dokumentaci pro proveden\u00ed stavby &#8211; DPS (jej\u00ed\u017e sou\u010d\u00e1st\u00ed je pr\u016fkaz energetick\u00e9 n\u00e1ro\u010dnosti budovy) a DPS \u010din\u00ed 350 tis. K\u010d a sou\u010dasn\u011b maxim\u00e1ln\u011b 2 % celkov\u00fdch investi\u010dn\u00edch n\u00e1klad\u016f na stavbu<\/li>\n<\/ul>\n<p style=\"text-align: left;\"><strong>Na co lze z\u00edskat podporu (podporovan\u00e9 aktivity):<\/strong><\/p>\n<ul>\n<li style=\"text-align: left;\">podpora v\u00fdstavby nov\u00fdch energeticky efektivn\u00edch budov,<\/li>\n<li style=\"text-align: left;\">podpora v\u00fdstavby n\u00e1staveb a p\u0159\u00edstaveb s\u00a0vy\u0161\u0161\u00edm energetick\u00fdm standardem ke st\u00e1vaj\u00edc\u00edm budov\u00e1m, v\u00a0souladu se z\u00e1konem \u010d. 406\/2000 Sb. o hospoda\u0159en\u00ed energi\u00ed ve zn\u011bn\u00ed pozd\u011bj\u0161\u00edch p\u0159edpis\u016f<\/li>\n<\/ul>\n<p style=\"text-align: left;\"><strong>Jak\u00e9 v\u00fddaje je mo\u017en\u00e9 podpo\u0159it (zp\u016fsobil\u00e9 v\u00fddaje):<\/strong><\/p>\n<ul>\n<li style=\"text-align: left;\">dlouhodob\u00fd hmotn\u00fd majetek<\/li>\n<li style=\"text-align: left;\">dlouhodob\u00fd nehmotn\u00fd majetek (pokud je nezbytn\u00fd k \u0159\u00e1dn\u00e9mu provozov\u00e1n\u00ed dlouhodob\u00e9ho hmotn\u00e9ho majetku)<\/li>\n<li style=\"text-align: left;\">pr\u016fkaz energetick\u00e9 n\u00e1ro\u010dnosti budovy<\/li>\n<li style=\"text-align: left;\">technick\u00fd dozor investora<\/li>\n<li style=\"text-align: left;\">Blower Door Test<\/li>\n<\/ul>\n<p style=\"text-align: left;\"><strong>Specifika a omezen\u00ed:<\/strong><\/p>\n<ul>\n<li style=\"text-align: left;\">projekt mus\u00ed b\u00fdt realizov\u00e1n na \u00fazem\u00ed \u010cR mimo hlavn\u00edho m\u011bsta Prahy<\/li>\n<li style=\"text-align: left;\">nejsou podporov\u00e1na komer\u010dn\u00ed turistick\u00e1 za\u0159\u00edzen\u00ed jako hotely, volno\u010dasov\u00e1 za\u0159\u00edzen\u00ed, l\u00e1zn\u011b, restaurace<\/li>\n<li style=\"text-align: left;\">nejsou podporov\u00e1ny aktivity v\u00fdzkumn\u00fdch, v\u00fdvojov\u00fdch a pilotn\u00edch projekt\u016f<\/li>\n<li style=\"text-align: left;\">nepodporuje se rekonstrukce bytov\u00fdch a rodinn\u00fdch dom\u016f a ve\u0159ejn\u00fdch budov<\/li>\n<li style=\"text-align: left;\">nepodporuj\u00ed se budovy slou\u017e\u00edc\u00ed pro zem\u011bd\u011blskou v\u00fdrobu<\/li>\n<li style=\"text-align: left;\">v r\u00e1mci t\u00e9to v\u00fdzvy lze na jeden ekonomick\u00fd subjekt (jedno I\u010c) podat maxim\u00e1ln\u011b 10 \u017e\u00e1dost\u00ed o dotaci<\/li>\n<li style=\"text-align: left;\">budova mus\u00ed plnit parametry t\u00e9m\u011b\u0159 nulov\u00e9 budovy podle vyhl\u00e1\u0161ky \u010d. 78\/2013 Sb., ve zn\u011bn\u00ed pozd\u011bj\u0161\u00edch p\u0159edpis\u016f<\/li>\n<li style=\"text-align: left;\">pod\u00edl v\u00fdroby energie z\u00a0obnoviteln\u00fdch zdroj\u016f mus\u00ed b\u00fdt min 5 % z\u00a0celkov\u00e9 dodan\u00e9 energie<\/li>\n<li style=\"text-align: left;\">projekt nesm\u00ed b\u00fdt financov\u00e1n provozn\u00ed podporou obnoviteln\u00fdch zdroj\u016f energie<\/li>\n<\/ul>\n<p style=\"text-align: left;\"><strong>Syst\u00e9m sb\u011bru \u017e\u00e1dost\u00ed:<\/strong><\/p>\n<ul>\n<li style=\"text-align: left;\">kolov\u00fd<\/li>\n<\/ul>\n<p><\/p>","protected":false},"excerpt":{"rendered":"<p>C\u00edlem programu a V\u00fdzvy je podpora sn\u00ed\u017een\u00ed energetick\u00e9 n\u00e1ro\u010dnosti podnikatelsk\u00e9ho sektoru. \u00da\u010delem programu je podpora opat\u0159en\u00ed p\u0159isp\u00edvaj\u00edc\u00ed k \u00faspo\u0159e kone\u010dn\u00e9 spot\u0159eby energie.<\/p>\n","protected":false},"author":1,"featured_media":0,"parent":138,"menu_order":0,"comment_status":"closed","ping_status":"closed","template":"","meta":{"inline_featured_image":false,"footnotes":""},"class_list":["post-6217","page","type-page","status-publish","hentry"],"publishpress_future_action":{"enabled":false,"date":"2026-05-06 21:58:11","action":"change-status","newStatus":"draft","terms":[],"taxonomy":"","extraData":[]},"publishpress_future_workflow_manual_trigger":{"enabledWorkflows":[]},"_links":{"self":[{"href":"https:\/\/apiagentura.gov.cz\/cs\/wp-json\/wp\/v2\/pages\/6217","targetHints":{"allow":["GET"]}}],"collection":[{"href":"https:\/\/apiagentura.gov.cz\/cs\/wp-json\/wp\/v2\/pages"}],"about":[{"href":"https:\/\/apiagentura.gov.cz\/cs\/wp-json\/wp\/v2\/types\/page"}],"author":[{"embeddable":true,"href":"https:\/\/apiagentura.gov.cz\/cs\/wp-json\/wp\/v2\/users\/1"}],"replies":[{"embeddable":true,"href":"https:\/\/apiagentura.gov.cz\/cs\/wp-json\/wp\/v2\/comments?post=6217"}],"version-history":[{"count":0,"href":"https:\/\/apiagentura.gov.cz\/cs\/wp-json\/wp\/v2\/pages\/6217\/revisions"}],"up":[{"embeddable":true,"href":"https:\/\/apiagentura.gov.cz\/cs\/wp-json\/wp\/v2\/pages\/138"}],"wp:attachment":[{"href":"https:\/\/apiagentura.gov.cz\/cs\/wp-json\/wp\/v2\/media?parent=6217"}],"curies":[{"name":"wp","href":"https:\/\/api.w.org\/{rel}","templated":true}]}}