{"id":6221,"date":"2017-06-30T13:42:19","date_gmt":"2017-06-30T12:42:19","guid":{"rendered":"https:\/\/www.apiagentura.gov.cz\/?page_id=6221"},"modified":"2021-11-19T08:38:50","modified_gmt":"2021-11-19T07:38:50","slug":"nizkouhlikove-technologie-elektromobilita-vyzva-iii","status":"publish","type":"page","link":"https:\/\/apiagentura.gov.cz\/cs\/programy-podpory\/nizkouhlikove-technologie\/nizkouhlikove-technologie-elektromobilita-vyzva-iii\/","title":{"rendered":"N\u00edzkouhl\u00edkov\u00e9 technologie &#8211; Elektromobilita &#8211; V\u00fdzva III"},"content":{"rendered":"<p><\/p>\n<h3>Z\u00e1kladn\u00ed charakteristiky:<\/h3>\n<p><strong>Kdo m\u016f\u017ee \u017e\u00e1dat\u00a0(p\u0159\u00edjemci podpory):<\/strong><\/p>\n<ul>\n<li>mal\u00e9, st\u0159edn\u00ed, velk\u00e9 podniky; \u017eadatelem mohou b\u00fdt i podniky vlastn\u011bn\u00e9 a\u017e ze 100 % ve\u0159ejn\u00fdm sektorem<\/li>\n<li>typy podporovan\u00fdch pr\u00e1vn\u00edch forem jsou stanoveny v textu V\u00fdzvy<\/li>\n<\/ul>\n<p><strong>Kolik lze z\u00edskat na jeden projekt\u00a0(forma a v\u00fd\u0161e podpory):<\/strong><\/p>\n<p><span style=\"text-decoration: underline;\">M\u00edra podpory:<\/span><\/p>\n<ul>\n<li>je-li p\u0159\u00edjemcem mal\u00fd podnik, je podpora poskytov\u00e1na a\u017e do v\u00fd\u0161e 75 % ZV<\/li>\n<li>je-li p\u0159\u00edjemcem st\u0159edn\u00ed podnik, je podpora poskytov\u00e1na a\u017e do v\u00fd\u0161e 65 % ZV<\/li>\n<li>je-li p\u0159\u00edjemcem velk\u00fd podnik, je podpora poskytov\u00e1na a\u017e do v\u00fd\u0161e 55 % ZV<\/li>\n<\/ul>\n<p><span style=\"text-decoration: underline;\">V\u00fd\u0161e dotace:<\/span><\/p>\n<ul>\n<li>minim\u00e1ln\u00ed v\u00fd\u0161e dotace 50 tis. K\u010d a maxim\u00e1ln\u00ed do v\u00fd\u0161e 5 mil. K\u010d<\/li>\n<\/ul>\n<p><strong>Na co lze z\u00edskat podporu\u00a0(podporovan\u00e9 aktivity):<\/strong><\/p>\n<ul>\n<li>po\u0159\u00edzen\u00ed elektromobil\u016f ve v\u00fdzvou podporovan\u00fdch kategori\u00edch silni\u010dn\u00edch vozidel<\/li>\n<li>po\u0159\u00edzen\u00ed (rychlo)nab\u00edjec\u00edch (neve\u0159ejn\u00fdch) stanic s mo\u017enost\u00ed dopln\u011bn\u00ed o baterii pro elektromobily v r\u00e1mci podnikatelsk\u00e9ho are\u00e1lu pro vlastn\u00ed pot\u0159ebu<\/li>\n<\/ul>\n<p><strong>Jak\u00e9 v\u00fddaje je mo\u017en\u00e9 podpo\u0159it\u00a0(zp\u016fsobil\u00e9 v\u00fddaje):<\/strong><\/p>\n<ul>\n<li>dlouhodob\u00fd hmotn\u00fd majetek<\/li>\n<li>dlouhodob\u00fd nehmotn\u00fd majetek (pokud je nezbytn\u00fd k \u0159\u00e1dn\u00e9mu provozov\u00e1n\u00ed dlouhodob\u00e9ho hmotn\u00e9ho majetku)<\/li>\n<\/ul>\n<p><strong>Specifika a omezen\u00ed:<\/strong><\/p>\n<ul>\n<li>projekt mus\u00ed b\u00fdt realizov\u00e1n na \u00fazem\u00ed \u010cR mimo hlavn\u00edho m\u011bsta Prahy<\/li>\n<li>v r\u00e1mci v\u00fdzvy lze na jeden ekonomick\u00fd subjekt (jedno I\u010c) podat maxim\u00e1ln\u011b 10 \u017e\u00e1dost\u00ed o podporu<\/li>\n<li>p\u0159i hodnocen\u00ed m\u00edry inovativnosti, respektive zp\u016fsobilosti projektu do tohoto specifick\u00e9ho c\u00edle, bude aplikov\u00e1no hodnocen\u00ed Technology Readiness Level (TRL, \u00darove\u0148 p\u0159ipravenosti technologie). Podpo\u0159eny budou projekty n\u00ed\u017ee uveden\u00fdch \u00farovn\u00ed:<\/li>\n<\/ul>\n<p>\u2013 TRL 5 \u2013 technologie ov\u011b\u0159ena v relevantn\u00edm prost\u0159ed\u00ed (pr\u016fmyslov\u011b v\u00fdznamn\u00e9 prost\u0159ed\u00ed v p\u0159\u00edpad\u011b kl\u00ed\u010dov\u00fdch technologi\u00ed)<\/p>\n<p>\u2013 TRL 6 \u2013 technologie demonstrov\u00e1na v dan\u00e9m prost\u0159ed\u00ed (pr\u016fmyslov\u011b v\u00fdznamn\u00e9 prost\u0159ed\u00ed v p\u0159\u00edpad\u011b kl\u00ed\u010dov\u00fdch technologi\u00ed)<\/p>\n<p>\u2013 TRL 7 \u2013 demonstrace syst\u00e9mov\u00e9ho prototypu v provozn\u00edm prost\u0159ed\u00ed<\/p>\n<p>\u2013 TRL 8 \u2013 syst\u00e9m kompletn\u00ed a kvalifikovan\u00fd<\/p>\n<p>\u2013 TRL 9 \u2013 existuj\u00edc\u00ed syst\u00e9m byl ov\u011b\u0159en v provozn\u00edm prost\u0159ed\u00ed<\/p>\n<ul>\n<li>nen\u00ed mo\u017en\u00e9 podporovat po\u0159\u00edzen\u00ed ojet\u00fdch automobil\u016f<\/li>\n<\/ul>\n<p><strong>Syst\u00e9m sb\u011bru \u017e\u00e1dost\u00ed:<\/strong><\/p>\n<ul>\n<li>kolov\u00fd<\/li>\n<\/ul>\n<p><\/p>","protected":false},"excerpt":{"rendered":"<p>C\u00edlem programu N\u00edzkouhl\u00edkov\u00e9 technologie je podpora konkurenceschopnosti podnik\u016f a udr\u017eitelnosti \u010desk\u00e9 ekonomiky prost\u0159ednictv\u00edm zav\u00e1d\u011bn\u00edm inovativn\u00edch technologi\u00ed v oblasti elektromobility, obnoviteln\u00fdch zdroj\u016f energie, nakl\u00e1d\u00e1n\u00ed s energi\u00ed a vyu\u017eit\u00ed druhotn\u00fdch surovin. Dal\u0161\u00edm c\u00edlem je zv\u00fd\u0161en\u00ed vyu\u017eit\u00ed efektivn\u011bj\u0161\u00edch a spolehliv\u011bj\u0161\u00edch n\u00edzkouhl\u00edkov\u00fdch technologi\u00ed, kter\u00e9 se zat\u00edm v \u010cR b\u011b\u017en\u011b neuplat\u0148uj\u00ed. V\u00fdstupem projekt\u016f bude roz\u0161i\u0159ov\u00e1n\u00ed nab\u00edjec\u00ed infrastruktury a po\u010det po\u0159\u00edzen\u00fdch elektromobil\u016f.<\/p>\n","protected":false},"author":1,"featured_media":0,"parent":142,"menu_order":0,"comment_status":"closed","ping_status":"closed","template":"","meta":{"inline_featured_image":false,"footnotes":""},"class_list":["post-6221","page","type-page","status-publish","hentry"],"publishpress_future_action":{"enabled":false,"date":"2026-05-02 07:45:09","action":"change-status","newStatus":"draft","terms":[],"taxonomy":"","extraData":[]},"publishpress_future_workflow_manual_trigger":{"enabledWorkflows":[]},"_links":{"self":[{"href":"https:\/\/apiagentura.gov.cz\/cs\/wp-json\/wp\/v2\/pages\/6221","targetHints":{"allow":["GET"]}}],"collection":[{"href":"https:\/\/apiagentura.gov.cz\/cs\/wp-json\/wp\/v2\/pages"}],"about":[{"href":"https:\/\/apiagentura.gov.cz\/cs\/wp-json\/wp\/v2\/types\/page"}],"author":[{"embeddable":true,"href":"https:\/\/apiagentura.gov.cz\/cs\/wp-json\/wp\/v2\/users\/1"}],"replies":[{"embeddable":true,"href":"https:\/\/apiagentura.gov.cz\/cs\/wp-json\/wp\/v2\/comments?post=6221"}],"version-history":[{"count":0,"href":"https:\/\/apiagentura.gov.cz\/cs\/wp-json\/wp\/v2\/pages\/6221\/revisions"}],"up":[{"embeddable":true,"href":"https:\/\/apiagentura.gov.cz\/cs\/wp-json\/wp\/v2\/pages\/142"}],"wp:attachment":[{"href":"https:\/\/apiagentura.gov.cz\/cs\/wp-json\/wp\/v2\/media?parent=6221"}],"curies":[{"name":"wp","href":"https:\/\/api.w.org\/{rel}","templated":true}]}}