{"id":637,"date":"2016-08-10T15:15:58","date_gmt":"2016-08-10T14:15:58","guid":{"rendered":"http:\/\/www.ci-api.stage2.goodshape.cz\/?page_id=637"},"modified":"2019-06-20T12:40:52","modified_gmt":"2019-06-20T10:40:52","slug":"nizkouhlikove-technologie-vyzva-i","status":"publish","type":"page","link":"https:\/\/apiagentura.gov.cz\/cs\/programy-podpory\/nizkouhlikove-technologie\/nizkouhlikove-technologie-vyzva-i\/","title":{"rendered":"N\u00edzkouhl\u00edkov\u00e9 technologie &#8211; V\u00fdzva I"},"content":{"rendered":"<p><\/p>\n<h3>Ozn\u00e1men\u00ed pro \u017eadatele<\/h3>\n<p><strong>Vzhledem k mo\u017en\u00e9mu nejednozna\u010dn\u00e9mu v\u00fdkladu textu v\u00fdzev PO 3, konkr\u00e9tn\u011b I. V\u00fdzvy programu N\u00edzkouhl\u00edkov\u00e9 technologie, II. a III. V\u00fdzvy programu \u00daspory energie a II. V\u00fdzvy programu \u00daspory energie v SZT, konkr\u00e9tn\u011b kapitoly 9.2. Ostatn\u00ed podm\u00ednky v\u00fdzvy zve\u0159ejnil \u0158\u00edd\u00edc\u00ed org\u00e1n na sv\u00fdch webov\u00fdch str\u00e1nk\u00e1ch n\u00e1sleduj\u00edc\u00ed ozn\u00e1men\u00ed:<\/strong><\/p>\n<p><strong>P\u016fvodn\u00ed text<\/strong><\/p>\n<p>Do zp\u016fsobil\u00fdch v\u00fddaj\u016f projekt\u016f obsahuj\u00edc\u00edch stavebn\u00ed pr\u00e1ce m\u016f\u017ee \u017eadatel\/p\u0159\u00edjemce za\u0159adit n\u00e1klady na po\u0159\u00edzen\u00ed projektov\u00e9 dokumentace stavby a energetick\u00e9ho posudku, pokud tyto n\u00e1klady vznikly po 1. 1. 2014, ale pouze za podm\u00ednky dodr\u017een\u00ed postupu\/podm\u00ednek z\u00e1kona o ve\u0159ejn\u00fdch zak\u00e1zk\u00e1ch nebo Pravidel pro v\u00fdb\u011br dodavatele OP PIK platn\u00fdch v dan\u00e9m obdob\u00ed p\u0159i v\u00fdb\u011bru dodavatele t\u00e9to projektov\u00e9 dokumentace nebo energetick\u00e9ho posudku. Podpora na \u00fahradu t\u011bchto n\u00e1klad\u016f je poskytov\u00e1na podle Na\u0159\u00edzen\u00ed Komise (EU) \u010d. 1407\/2013.<\/p>\n<p><strong>Nov\u00fd, up\u0159es\u0148uj\u00edc\u00ed text:<\/strong><\/p>\n<p><strong>Zp\u016fsobil\u00e9 v\u00fddaje mus\u00ed b\u00fdt vynalo\u017eeny nejd\u0159\u00edve v den p\u0159ijatelnosti projektu &#8211; tj. den pod\u00e1n\u00ed \u017d\u00e1dosti o podporu. Jedinou v\u00fdjimku tvo\u0159\u00ed n\u00e1klady na projektovou dokumentaci a energetick\u00fd posudek p\u0159i spln\u011bn\u00ed podm\u00ednek n\u00e1sleduj\u00edc\u00edho odstavce.<\/strong><\/p>\n<p>Do zp\u016fsobil\u00fdch v\u00fddaj\u016f projekt\u016f m\u016f\u017ee \u017eadatel\/p\u0159\u00edjemce za\u0159adit n\u00e1klady na po\u0159\u00edzen\u00ed projektov\u00e9 dokumentace a energetick\u00e9ho posudku spl\u0148uj\u00edc\u00ed podm\u00ednky uveden\u00e9 v bod\u011b 9.2 V\u00fdzvy, pokud tyto n\u00e1klady vznikly po 1. 1. 2014, ale pouze za podm\u00ednky dodr\u017een\u00ed postupu\/podm\u00ednek z\u00e1kona o ve\u0159ejn\u00fdch zak\u00e1zk\u00e1ch nebo Pravidel pro v\u00fdb\u011br dodavatele OP PIK platn\u00fdch v dan\u00e9m obdob\u00ed p\u0159i v\u00fdb\u011bru dodavatele t\u00e9to projektov\u00e9 dokumentace. Podpora na \u00fahradu t\u011bchto n\u00e1klad\u016f je poskytov\u00e1na v re\u017eimu de minimis podle Na\u0159\u00edzen\u00ed Komise (EU) \u010d. 1407\/2013 ze dne 18. prosince 2013 o pou\u017eit\u00ed \u010dl\u00e1nk\u016f 107 a 108 Smlouvy o fungov\u00e1n\u00ed EU na podporu de minimis (d\u00e1le t\u00e9\u017e &#8222;de minimis&#8220; nebo &#8222;Na\u0159\u00edzen\u00ed Komise (EU) \u010d. 1407\/2013&#8220;).<\/p>\n<p>\u0158\u00eddic\u00ed org\u00e1n OP PIK up\u0159es\u0148uje informaci, \u017ee v\u00fddaje na vypracov\u00e1n\u00ed energetick\u00e9ho posudku\/studie proveditelnosti jsou zp\u016fsobil\u00fdm v\u00fddajem u v\u0161ech typ\u016f projekt\u016f, nejenom u projekt\u016f obsahuj\u00edc\u00edch stavebn\u00ed pr\u00e1ce, a to za spln\u011bn\u00ed ostatn\u00edch v\u00a0textu uveden\u00fdch podm\u00ednek. V\u00a0n\u00e1sleduj\u00edc\u00edch v\u00fdzv\u00e1ch bylo ji\u017e up\u0159esn\u011bno v\u00a0kapitole 5.1 \u201ePodm\u00ednky zp\u016fsobilosti v\u00fddaj\u016f\u201c.<\/p>\n<p>P\u016fvodn\u00ed text ozn\u00e1men\u00ed je dostupn\u00fd na webov\u00fdch str\u00e1nk\u00e1ch <a href=\"https:\/\/www.mpo.cz\/\">Ministerstva pr\u016fmyslu a obchodu<\/a> a to u ka\u017ed\u00e9 v v\u00fd\u0161e zm\u00edn\u011bn\u00fdch v\u00fdzev.<\/p>\n<hr \/>\n<h3 style=\"text-align: left;\">Z\u00e1kladn\u00ed charakteristiky:<\/h3>\n<p style=\"text-align: left;\"><strong>Kdo m\u016f\u017ee \u017e\u00e1dat\u00a0<\/strong>(p\u0159\u00edjemci podpory):<\/p>\n<ul>\n<li style=\"text-align: left;\">mal\u00e9, st\u0159edn\u00ed, velk\u00e9 podniky; \u017eadatelem mohou b\u00fdt i podniky vlastn\u011bn\u00e9 a\u017e z 100% ve\u0159ejn\u00fdm sektorem<\/li>\n<\/ul>\n<p style=\"text-align: left;\"><strong>Kolik lze z\u00edskat na jeden projekt\u00a0<\/strong>(forma a v\u00fd\u0161e podpory):<\/p>\n<p><strong>M\u00edra podpory:<\/strong><\/p>\n<ul>\n<li>Pro aktivitu<strong> a) Elektromobilita:<\/strong><\/li>\n<\/ul>\n<p style=\"padding-left: 30px;\">&#8211; je-li p\u0159\u00edjemcem mal\u00fd podnik, je podpora poskytov\u00e1na a\u017e do v\u00fd\u0161e 70 % ZV<\/p>\n<p style=\"padding-left: 30px;\">&#8211; je-li p\u0159\u00edjemcem st\u0159edn\u00ed podnik, je podpora poskytov\u00e1na a\u017e do v\u00fd\u0161e 60 % ZV<\/p>\n<p style=\"padding-left: 30px;\">&#8211; je-li p\u0159\u00edjemcem velk\u00fd podnik, je podpora poskytov\u00e1na a\u017e do v\u00fd\u0161e 50 % ZV<\/p>\n<ul>\n<li>Pro aktivitu<strong> b) Akumulace energie:<\/strong><\/li>\n<\/ul>\n<p style=\"padding-left: 30px;\">&#8211; je-li p\u0159\u00edjemcem mal\u00fd podnik, je podpora poskytov\u00e1na a\u017e do v\u00fd\u0161e 60 % ZV<\/p>\n<p style=\"padding-left: 30px;\">&#8211; je-li p\u0159\u00edjemcem st\u0159edn\u00ed podnik, je podpora poskytov\u00e1na a\u017e do v\u00fd\u0161e 50 % ZV<\/p>\n<p style=\"padding-left: 30px;\">&#8211; je-li p\u0159\u00edjemcem velk\u00fd podnik, je podpora poskytov\u00e1na a\u017e do v\u00fd\u0161e 40 % ZV<\/p>\n<ul>\n<li>Pro aktivitu<strong> c) Druhotn\u00e9 suroviny:<\/strong><\/li>\n<\/ul>\n<p style=\"padding-left: 30px;\">&#8211; je-li p\u0159\u00edjemcem mal\u00fd podnik, je podpora poskytov\u00e1na a\u017e do v\u00fd\u0161e 45 % ZV<\/p>\n<p style=\"padding-left: 30px;\">&#8211; je-li p\u0159\u00edjemcem st\u0159edn\u00ed podnik, je podpora poskytov\u00e1na a\u017e do v\u00fd\u0161e 35 % ZV<\/p>\n<p style=\"padding-left: 30px;\">&#8211; je-li p\u0159\u00edjemcem velk\u00fd podnik, je podpora poskytov\u00e1na a\u017e do v\u00fd\u0161e 25 % ZV<\/p>\n<p style=\"text-align: left;\"><strong>V\u00fd\u0161e dotace:<\/strong><\/p>\n<ul>\n<li style=\"text-align: left;\">Pro aktivitu<strong> a) Elektromobilita:<\/strong><\/li>\n<\/ul>\n<p style=\"text-align: left; padding-left: 30px;\">&#8211; po\u0159\u00edzen\u00ed elektromobil\u016f<\/p>\n<p style=\"text-align: left; padding-left: 30px;\">&#8211; minim\u00e1ln\u00ed v\u00fd\u0161e dotace 70 tis. K\u010d a maxim\u00e1ln\u00ed do v\u00fd\u0161e 3 mil. K\u010d<\/p>\n<p style=\"text-align: left; padding-left: 30px;\">&#8211; po\u0159\u00edzen\u00ed dob\u00edjec\u00edch (neve\u0159ejn\u00fdch) stanic pro elektromobily v r\u00e1mci podnikatelsk\u00e9ho are\u00e1lu pro vlastn\u00ed pot\u0159ebu<\/p>\n<p style=\"text-align: left; padding-left: 30px;\">&#8211; minim\u00e1ln\u00ed v\u00fd\u0161e dotace 50 tis. K\u010d a maxim\u00e1ln\u00ed do v\u00fd\u0161e dle pravidel ve\u0159ejn\u00e9 podpory de minimis<\/p>\n<ul>\n<li style=\"text-align: left;\">Pro aktivitu<strong> b) Akumulace energie:<\/strong><\/li>\n<\/ul>\n<p style=\"text-align: left; padding-left: 30px;\">&#8211; minim\u00e1ln\u00ed v\u00fd\u0161e dotace 50 tis. K\u010d a maxim\u00e1ln\u00ed do v\u00fd\u0161e dle pravidel ve\u0159ejn\u00e9 podpory de minimis<\/p>\n<ul>\n<li style=\"text-align: left;\">Pro aktivity<strong> c) Druhotn\u00e9 suroviny:<\/strong><\/li>\n<\/ul>\n<p style=\"text-align: left; padding-left: 30px;\">&#8211; minim\u00e1ln\u00ed v\u00fd\u0161e dotace 1 mil. K\u010d a maxim\u00e1ln\u00ed do v\u00fd\u0161e 100 mil. K\u010d<\/p>\n<p style=\"text-align: left;\"><strong>Na co lze z\u00edskat podporu<\/strong>\u00a0(podporovan\u00e9 aktivity):<\/p>\n<ul>\n<li style=\"text-align: left;\">Aktivita<strong> a) Elektromobilita<\/strong><\/li>\n<\/ul>\n<p style=\"text-align: left; padding-left: 30px;\">&#8211; (zav\u00e1d\u011bn\u00ed inovativn\u00edch technologi\u00ed v oblasti n\u00edzkouhl\u00edkov\u00e9 dopravy &#8211; elektromobilita silni\u010dn\u00edch vozidel)<\/p>\n<p style=\"text-align: left; padding-left: 30px;\">&#8211; po\u0159\u00edzen\u00ed elektromobil\u016f<\/p>\n<p style=\"text-align: left; padding-left: 30px;\">&#8211; po\u0159\u00edzen\u00ed dob\u00edjec\u00edch (neve\u0159ejn\u00fdch) stanic pro elektromobily v\u00a0r\u00e1mci podnikatelsk\u00e9ho are\u00e1lu pro vlastn\u00ed pot\u0159ebu<\/p>\n<ul>\n<li style=\"text-align: left;\">Aktivita<strong> b) Akumulace energie<\/strong><\/li>\n<\/ul>\n<p style=\"text-align: left; padding-left: 30px;\">&#8211; pilotn\u00ed projekty na zav\u00e1d\u011bn\u00ed technologi\u00ed akumulace energie<\/p>\n<ul>\n<li style=\"text-align: left;\">Aktivita<strong> c) Druhotn\u00e9 suroviny<\/strong><\/li>\n<\/ul>\n<p style=\"text-align: left; padding-left: 30px;\">&#8211; zav\u00e1d\u011bn\u00ed technologi\u00ed k z\u00edsk\u00e1v\u00e1n\u00ed druhotn\u00fdch surovin v kvalit\u011b vhodn\u00e9 pro dal\u0161\u00ed vyu\u017eit\u00ed v pr\u016fmyslov\u00e9 v\u00fdrob\u011b nap\u0159. z pou\u017eit\u00e9ho pap\u00edru, skla, kov\u016f, pneumatik, textilu, plast\u016f, stavebn\u00edch a demoli\u010dn\u00edch odpad\u016f, vedlej\u0161\u00edch energetick\u00fdch produkt\u016f a \u0159ady dal\u0161\u00edch v\u00fdrobk\u016f s ukon\u010denou \u017eivotnost\u00ed<\/p>\n<p style=\"text-align: left; padding-left: 30px;\">&#8211; zav\u00e1d\u011bn\u00ed inovativn\u00edch technologi\u00ed, kter\u00fdmi se budou z pou\u017eit\u00fdch v\u00fdrobk\u016f z\u00edsk\u00e1vat efektivn\u00edm zp\u016fsobem cenn\u00e9 druhotn\u00e9 suroviny, kter\u00e9 jsou v \u010cR i v EU deficitn\u00ed (zejm\u00e9na kritick\u00e9 suroviny)<\/p>\n<p style=\"text-align: left; padding-left: 30px;\">&#8211; zav\u00e1d\u011bn\u00ed inovativn\u00edch technologi\u00ed na v\u00fdrobu inovativn\u00edch v\u00fdrobk\u016f vyroben\u00fdch z druhotn\u00fdch surovin, v\u010detn\u011b n\u00e1hrad prim\u00e1rn\u00edch zdroj\u016f druhotn\u00fdmi surovinami, tam kde je to ekonomicky v\u00fdhodn\u00e9<\/p>\n<p style=\"text-align: left;\"><strong>Jak\u00e9 v\u00fddaje je mo\u017en\u00e9 podpo\u0159it\u00a0<\/strong>(zp\u016fsobil\u00e9 v\u00fddaje):<\/p>\n<ul>\n<li style=\"text-align: left;\">dlouhodob\u00fd hmotn\u00fd majetek. Poskytovatel podpory bude v r\u00e1mci po\u0159\u00edzen\u00ed stavebn\u00edch prac\u00ed pova\u017eovat za zp\u016fsobil\u00e9 v\u00fddaje pouze investi\u010dn\u00ed n\u00e1klady do \u00farovn\u011b hodnoty cen stavebn\u00edch prac\u00ed dle katalog\u016f \u00daRS\/RTS\/atd. pro dan\u00fd rok, v n\u011bm\u017e byla pod\u00e1na \u017e\u00e1dost o podporu. V t\u00e9to souvislosti je \u017eadatel povinen k \u017e\u00e1dosti o podporu p\u0159edlo\u017eit podrobn\u00fd na cen\u011bn\u00fd polo\u017ekov\u00fd rozpo\u010det stavebn\u00edch prac\u00ed pl\u00e1novan\u00fdch k realizaci v r\u00e1mci projektu. Pokud cena za stavebn\u00ed pr\u00e1ce bude vy\u0161\u0161\u00ed, ne\u017e uv\u00e1d\u011bj\u00ed normativy pro ocen\u011bn\u00ed stavebn\u00edch prac\u00ed (\u00daRS\/RTS\/atd.), budou tyto v\u00fddaje kr\u00e1ceny na hodnotu odpov\u00eddaj\u00edc\u00ed normativ\u016fm<\/li>\n<li style=\"text-align: left;\">dlouhodob\u00fd nehmotn\u00fd majetek (pokud je nezbytn\u00fd k \u0159\u00e1dn\u00e9mu provozov\u00e1n\u00ed dlouhodob\u00e9ho hmotn\u00e9ho majetku)<\/li>\n<li style=\"text-align: left;\">studie proveditelnosti<\/li>\n<\/ul>\n<p style=\"text-align: left;\"><strong>Specifika a omezen\u00ed:<\/strong><\/p>\n<ul>\n<li style=\"text-align: left;\">projekt mus\u00ed b\u00fdt realizov\u00e1n na \u00fazem\u00ed \u010cR mimo hlavn\u00edho m\u011bsta Prahy<\/li>\n<li style=\"text-align: left;\">v r\u00e1mci v\u00fdzvy lze na jeden ekonomick\u00fd subjekt (jedno I\u010c) podat maxim\u00e1ln\u011b 1 \u017e\u00e1dost o podporu<\/li>\n<li style=\"text-align: left;\">p\u0159i hodnocen\u00ed m\u00edry inovativnosti, respektive zp\u016fsobilosti projektu do tohoto specifick\u00e9ho c\u00edle, bude aplikov\u00e1no hodnocen\u00ed Technology Readiness Level (TRL, \u00darove\u0148 p\u0159ipravenosti technologie). Podpo\u0159eny budou projekty n\u00ed\u017ee uveden\u00fdch \u00farovn\u00ed:<\/li>\n<\/ul>\n<p style=\"text-align: left; padding-left: 30px;\">&#8211; TRL 5 \u2013 technologie ov\u011b\u0159ena v relevantn\u00edm prost\u0159ed\u00ed (pr\u016fmyslov\u011b v\u00fdznamn\u00e9 prost\u0159ed\u00ed v p\u0159\u00edpad\u011b kl\u00ed\u010dov\u00fdch technologi\u00ed)<\/p>\n<p style=\"text-align: left; padding-left: 30px;\">&#8211; TRL 6 \u2013 technologie demonstrov\u00e1na v dan\u00e9m prost\u0159ed\u00ed (pr\u016fmyslov\u011b v\u00fdznamn\u00e9 prost\u0159ed\u00ed v p\u0159\u00edpad\u011b kl\u00ed\u010dov\u00fdch technologi\u00ed)<\/p>\n<p style=\"text-align: left; padding-left: 30px;\">&#8211; TRL 7 \u2013 demonstrace syst\u00e9mov\u00e9ho prototypu v provozn\u00edm prost\u0159ed\u00ed<\/p>\n<p style=\"text-align: left; padding-left: 30px;\">&#8211; TRL 8 \u2013 syst\u00e9m kompletn\u00ed a kvalifikovan\u00fd<\/p>\n<p style=\"text-align: left; padding-left: 30px;\">&#8211; TRL 9 \u2013 existuj\u00edc\u00ed syst\u00e9m byl ov\u011b\u0159en v provozn\u00edm prost\u0159ed\u00ed.<\/p>\n<ul>\n<li style=\"text-align: left;\">podpo\u0159en\u00e9 projekty budou m\u00edt povinnost realizovat disemina\u010dn\u00ed aktivity (nap\u0159. \u010dl\u00e1nek v tisku, informace na webu, zhotoven\u00ed let\u00e1ku\/bro\u017eury, polepka auta (logo EU), \u00fa\u010dast na tematick\u00e9 konferenci\/semin\u00e1\u0159i) v r\u00e1mci kter\u00fdch budou prezentovat v\u00fdsledky a v\u00fdstupy projektu nad r\u00e1mec dodr\u017eov\u00e1n\u00ed pravidel pro publicitu. Prezentace v\u00fdsledk\u016f projektu prob\u011bhne v r\u00e1mci obdob\u00ed udr\u017eitelnosti projektu, kter\u00e9 je stanoven\u00e9 v\u00fdzvou. Pokyny pro prezentaci v\u00fdsledk\u016f jsou uvedeny v p\u0159\u00edloze \u010d. 5 Pravidla pro \u017eadatele a p\u0159\u00edjemce \u2013 zvl\u00e1\u0161tn\u00ed \u010d\u00e1st)<\/li>\n<li style=\"text-align: left;\">projekt nesm\u00ed b\u00fdt financov\u00e1n provozn\u00ed podporou obnoviteln\u00fdch zdroj\u016f energie<\/li>\n<\/ul>\n<p style=\"text-align: left;\"><strong>Syst\u00e9m sb\u011bru \u017e\u00e1dost\u00ed:<\/strong><\/p>\n<ul>\n<li style=\"text-align: left;\">kolov\u00fd<\/li>\n<\/ul>\n<p><\/p>","protected":false},"excerpt":{"rendered":"<p>V\u00fdstupem projekt\u016f realizovan\u00fdch v r\u00e1mci t\u00e9to V\u00fdzvy je roz\u0161i\u0159ov\u00e1n\u00ed nab\u00edjec\u00ed infrastruktury, po\u010det po\u0159\u00edzen\u00fdch elektromobil\u016f, vyu\u017eit\u00ed potenci\u00e1lu pro zav\u00e1d\u011bn\u00ed modern\u00edch n\u00edzkouhl\u00edkov\u00fdch technologi\u00ed v oblasti nakl\u00e1d\u00e1n\u00ed energi\u00ed a zv\u00fd\u0161en\u00ed sob\u011bsta\u010dnosti \u010cR v surovinov\u00fdch zdroj\u00edch substituc\u00ed prim\u00e1rn\u00edch zdroj\u016f druhotn\u00fdmi surovinami, \u010d\u00edm\u017e se zvy\u0161uje vedle konkurenceschopnosti rovn\u011b\u017e i celkov\u00fd inova\u010dn\u00ed potenci\u00e1l \u010cR.<\/p>\n","protected":false},"author":35,"featured_media":0,"parent":142,"menu_order":0,"comment_status":"closed","ping_status":"closed","template":"","meta":{"inline_featured_image":false,"footnotes":""},"class_list":["post-637","page","type-page","status-publish","hentry"],"publishpress_future_action":{"enabled":false,"date":"2026-05-02 07:40:20","action":"change-status","newStatus":"draft","terms":[],"taxonomy":"","extraData":[]},"publishpress_future_workflow_manual_trigger":{"enabledWorkflows":[]},"_links":{"self":[{"href":"https:\/\/apiagentura.gov.cz\/cs\/wp-json\/wp\/v2\/pages\/637","targetHints":{"allow":["GET"]}}],"collection":[{"href":"https:\/\/apiagentura.gov.cz\/cs\/wp-json\/wp\/v2\/pages"}],"about":[{"href":"https:\/\/apiagentura.gov.cz\/cs\/wp-json\/wp\/v2\/types\/page"}],"author":[{"embeddable":true,"href":"https:\/\/apiagentura.gov.cz\/cs\/wp-json\/wp\/v2\/users\/35"}],"replies":[{"embeddable":true,"href":"https:\/\/apiagentura.gov.cz\/cs\/wp-json\/wp\/v2\/comments?post=637"}],"version-history":[{"count":0,"href":"https:\/\/apiagentura.gov.cz\/cs\/wp-json\/wp\/v2\/pages\/637\/revisions"}],"up":[{"embeddable":true,"href":"https:\/\/apiagentura.gov.cz\/cs\/wp-json\/wp\/v2\/pages\/142"}],"wp:attachment":[{"href":"https:\/\/apiagentura.gov.cz\/cs\/wp-json\/wp\/v2\/media?parent=637"}],"curies":[{"name":"wp","href":"https:\/\/api.w.org\/{rel}","templated":true}]}}