{"id":642,"date":"2016-08-10T15:18:33","date_gmt":"2016-08-10T14:18:33","guid":{"rendered":"http:\/\/www.ci-api.stage2.goodshape.cz\/?page_id=642"},"modified":"2019-06-20T11:59:00","modified_gmt":"2019-06-20T09:59:00","slug":"inovace-vyzva-i-inovacni-projekt","status":"publish","type":"page","link":"https:\/\/apiagentura.gov.cz\/cs\/programy-podpory\/inovace\/inovace-vyzva-i-inovacni-projekt\/","title":{"rendered":"Inovace &#8211; V\u00fdzva I (inova\u010dn\u00ed projekt)"},"content":{"rendered":"<p><\/p>\n<h3 style=\"text-align: left;\">Z\u00e1kladn\u00ed charakteristiky:<\/h3>\n<p style=\"text-align: left;\"><strong>Kdo m\u016f\u017ee \u017e\u00e1dat\u00a0<\/strong>(p\u0159\u00edjemci podpory):<\/p>\n<ul style=\"text-align: left;\">\n<li>podnikatelsk\u00e9 subjekty, zejm\u00e9na MSP<\/li>\n<\/ul>\n<p style=\"text-align: left;\"><strong>Kolik lze z\u00edskat na jeden projekt\u00a0<\/strong>(forma a v\u00fd\u0161e podpory):<\/p>\n<ul style=\"text-align: left;\">\n<li>dotace 1 mil. \u2013 100 mil. K\u010d \/ 200 mil. K\u010d v hospod\u00e1\u0159sky probl\u00e9mov\u00fdch regionech a \u00fazem\u00edch s vysokou m\u00edrou nezam\u011bstnanosti<\/li>\n<li>max. m\u00edra podpory: mal\u00fd podnik 45 % z\u00a0prok\u00e1zan\u00fdch zp\u016fsobil\u00fdch v\u00fddaj\u016f, st\u0159edn\u00ed podnik 35 % z\u00a0prok\u00e1zan\u00fdch zp\u016fsobil\u00fdch v\u00fddaj\u016f, velk\u00fd podnik 25 % z\u00a0prok\u00e1zan\u00fdch zp\u016fsobil\u00fdch v\u00fddaj\u016f<\/li>\n<\/ul>\n<p style=\"text-align: left;\"><strong>Na co lze z\u00edskat podporu\u00a0<\/strong>(podporovan\u00e9 aktivity):<\/p>\n<ul style=\"text-align: left;\">\n<li>zv\u00fd\u0161en\u00ed technick\u00fdch a u\u017eitn\u00fdch hodnot v\u00fdrobk\u016f, technologi\u00ed a slu\u017eeb (produktov\u00e1 inovace)<\/li>\n<li>zv\u00fd\u0161en\u00ed efektivnosti proces\u016f v\u00fdroby a poskytov\u00e1n\u00ed slu\u017eeb (procesn\u00ed inovace)<\/li>\n<li>zaveden\u00ed nov\u00fdch metod organizace firemn\u00edch proces\u016f prost\u0159ednictv\u00edm zav\u00e1d\u011bn\u00ed nov\u00fdch informa\u010dn\u00edch syst\u00e9m\u016f integruj\u00edc\u00ed a automatizuj\u00edc\u00ed procesy uvnit\u0159 podniku zam\u011b\u0159en\u00e9 p\u0159edev\u0161\u00edm na propojen\u00ed VaV aktivit, inovac\u00ed a v\u00fdroby (organiza\u010dn\u00ed inovace)<\/li>\n<li>zv\u00fd\u0161en\u00ed prodeje v\u00fdrobk\u016f a slu\u017eeb prost\u0159ednictv\u00edm v\u00fdznamn\u00e9 zm\u011bny v designu produktu nebo balen\u00ed, lep\u0161\u00edho adresov\u00e1n\u00ed pot\u0159eb z\u00e1kazn\u00edka, otev\u0159en\u00ed nov\u00fdch trh\u016f nebo zaveden\u00ed nov\u00fdch prodejn\u00edch kan\u00e1l\u016f (marketingov\u00e1 inovace)<\/li>\n<li>podporov\u00e1ny jsou projekty, jejich\u017e v\u00fdstupy se projev\u00ed v odv\u011btv\u00edch vymezen\u00fdch odd\u00edly CZ-NACE C 10, 11, 13 \u2013 33; E 38.32; J 58, 59.20, 60; M 71.2, S 95.1<\/li>\n<\/ul>\n<p style=\"text-align: left;\"><strong>Jak\u00e9 v\u00fddaje je mo\u017en\u00e9 podpo\u0159it<\/strong>\u00a0(zp\u016fsobil\u00e9 v\u00fddaje):<\/p>\n<p style=\"text-align: left;\"><strong>a) Dlouhodob\u00fd hmotn\u00fd majetek<\/strong><\/p>\n<ul style=\"text-align: left;\">\n<li>projektov\u00e1 dokumentace v\u010detn\u011b in\u017een\u00fdrsk\u00e9 \u010dinnosti, stavby, technologie a hardware a s\u00edt\u011b v\u010detn\u011b souvisej\u00edc\u00edho SW, pokud je tento SW sou\u010d\u00e1st\u00ed po\u0159izovac\u00ed ceny technologie<\/li>\n<\/ul>\n<p style=\"text-align: left;\"><strong>b) Dlouhodob\u00fd nehmotn\u00fd majetek<\/strong><\/p>\n<ul style=\"text-align: left;\">\n<li>software a data, pr\u00e1va k u\u017e\u00edv\u00e1n\u00ed du\u0161evn\u00edho vlastnictv\u00ed, certifikace produkt\u016f<\/li>\n<\/ul>\n<p style=\"text-align: left;\"><strong>c) Neinvesti\u010dn\u00ed v\u00fddaje \u2013 slu\u017eby<\/strong><\/p>\n<ul style=\"text-align: left;\">\n<li>certifikace produkt\u016f, v\u00fddaje vynalo\u017een\u00e9 na marketingovou inovaci a n\u00e1klady na povinnou publicitu projektu<\/li>\n<\/ul>\n<p style=\"text-align: left;\"><strong>Specifika a omezen\u00ed:<\/strong><\/p>\n<ul style=\"text-align: left;\">\n<li>projekt mus\u00ed b\u00fdt realizov\u00e1n na \u00fazem\u00ed \u010cR mimo hlavn\u00edho m\u011bsta Prahy<\/li>\n<li>shoda projektu s N\u00e1rodn\u00ed RIS3 strategi\u00ed bude ov\u011b\u0159ena v r\u00e1mci hodnocen\u00ed projektu<\/li>\n<li>ka\u017ed\u00fd \u017eadatel (1 I\u010c) je v t\u00e9to v\u00fdzv\u011b opr\u00e1vn\u011bn p\u0159edlo\u017eit pouze \u010dty\u0159i projekty (tzn. \u010dty\u0159i aktivn\u00ed \u017e\u00e1dosti)<\/li>\n<\/ul>\n<p style=\"text-align: left;\"><strong>Syst\u00e9m sb\u011bru \u017e\u00e1dost\u00ed:<\/strong><\/p>\n<ul>\n<li style=\"text-align: left;\">kontinu\u00e1ln\u00ed<\/li>\n<\/ul>\n<p><\/p>","protected":false},"excerpt":{"rendered":"<p>Jste podnikem, kter\u00fd p\u0159ich\u00e1z\u00ed s nov\u00fdmi n\u00e1pady a uv\u00e1d\u00ed do v\u00fdroby a n\u00e1sledn\u011b na trh inovovan\u00e9 v\u00fdrobky, technologie nebo slu\u017eby? Uva\u017eujete o zlep\u0161en\u00ed organiza\u010dn\u00edch nebo marketingov\u00fdch firemn\u00edch proces\u016f? Pokud ano, pr\u00e1v\u011b pro V\u00e1s je ur\u010den program Inovace \u2013 Inova\u010dn\u00ed projekt.<\/p>\n","protected":false},"author":35,"featured_media":0,"parent":112,"menu_order":2,"comment_status":"closed","ping_status":"closed","template":"","meta":{"inline_featured_image":false,"footnotes":""},"class_list":["post-642","page","type-page","status-publish","hentry"],"publishpress_future_action":{"enabled":false,"date":"2026-05-02 06:34:46","action":"change-status","newStatus":"draft","terms":[],"taxonomy":"","extraData":[]},"publishpress_future_workflow_manual_trigger":{"enabledWorkflows":[]},"_links":{"self":[{"href":"https:\/\/apiagentura.gov.cz\/cs\/wp-json\/wp\/v2\/pages\/642","targetHints":{"allow":["GET"]}}],"collection":[{"href":"https:\/\/apiagentura.gov.cz\/cs\/wp-json\/wp\/v2\/pages"}],"about":[{"href":"https:\/\/apiagentura.gov.cz\/cs\/wp-json\/wp\/v2\/types\/page"}],"author":[{"embeddable":true,"href":"https:\/\/apiagentura.gov.cz\/cs\/wp-json\/wp\/v2\/users\/35"}],"replies":[{"embeddable":true,"href":"https:\/\/apiagentura.gov.cz\/cs\/wp-json\/wp\/v2\/comments?post=642"}],"version-history":[{"count":0,"href":"https:\/\/apiagentura.gov.cz\/cs\/wp-json\/wp\/v2\/pages\/642\/revisions"}],"up":[{"embeddable":true,"href":"https:\/\/apiagentura.gov.cz\/cs\/wp-json\/wp\/v2\/pages\/112"}],"wp:attachment":[{"href":"https:\/\/apiagentura.gov.cz\/cs\/wp-json\/wp\/v2\/media?parent=642"}],"curies":[{"name":"wp","href":"https:\/\/api.w.org\/{rel}","templated":true}]}}