{"id":6752,"date":"2017-08-02T14:26:19","date_gmt":"2017-08-02T13:26:19","guid":{"rendered":"https:\/\/www.apiagentura.gov.cz\/?page_id=6752"},"modified":"2023-05-11T08:58:55","modified_gmt":"2023-05-11T06:58:55","slug":"aplikace-vyzva-iv","status":"publish","type":"page","link":"https:\/\/apiagentura.gov.cz\/cs\/programy-podpory\/aplikace\/aplikace-vyzva-iv\/","title":{"rendered":"Aplikace &#8211; V\u00fdzva IV"},"content":{"rendered":"<p><\/p>\n<h3>Ozn\u00e1men\u00ed pro \u017eadatele<\/h3>\n<p><strong>14.5.2021:<\/strong>\u00a0Do\u0161lo k aktualizaci dokumentu P\u0159\u00edru\u010dka administrace \u017e\u00e1dost\u00ed o platbu.<\/p>\n<p>&nbsp;<\/p>\n<hr \/>\n<p style=\"text-align: justify;\">Pokud jsou v\u00a0r\u00e1mci \u017d\u00e1dosti o platbu n\u00e1rokov\u00e1ny osobn\u00ed n\u00e1klady zam\u011bstnanc\u016f ve zp\u016fsobil\u00fdch v\u00fddaj\u00edch projektu, <strong>jsou \u017eadatel\u00e9 od <\/strong><strong>6.10.2020 povinni dolo\u017eit na z\u00e1klad\u011b v\u00fdzvy projektov\u00e9ho mana\u017eera vzorek mzdov\u00fdch list\u016f<\/strong> n\u00e1rokovan\u00fdch zam\u011bstnanc\u016f.\u00a0Jedn\u00e1 se o n\u00e1pravn\u00e9 opat\u0159en\u00ed pro sn\u00ed\u017een\u00ed chybovosti p\u0159i vypl\u0148ov\u00e1n\u00ed mzdov\u00e9 tabulky ze strany \u017eadatel\u016f.<\/p>\n<p>&nbsp;<\/p>\n<p>V\u00e1\u017een\u00ed \u017eadatel\u00e9,<\/p>\n<p>Ministerstvo pr\u016fmyslu a obchodu oznamuje, \u017ee se poda\u0159ilo vyjednat v\u00fdrazn\u00e9 zjednodu\u0161en\u00ed implementace programu Aplikace, kter\u00e9 se t\u00fdk\u00e1 zejm\u00e9na administrace \u017e\u00e1dost\u00ed o platbu u projekt\u016f, u kter\u00fdch se uplat\u0148uje v\u00edce m\u011br podpory a tzv. sm\u011bsn\u00fd pom\u011br, kter\u00fd spo\u010d\u00edv\u00e1 v\u00a0uplatn\u011bn\u00ed v\u00e1\u017een\u00e9ho pr\u016fm\u011bru, kdy se na po\u010d\u00e1tku projektu vypo\u010dte z\u00a0rozpo\u010dtov\u00fdch polo\u017eek a m\u011br podpor jedna pr\u016fm\u011brn\u00e1 m\u00edra podpory, kter\u00e1 se pot\u00e9 uplat\u0148uje na v\u0161echny v\u00fddaje projektu ve v\u0161ech etap\u00e1ch. Riziko m\u016f\u017ee nastat v\u00a0etap\u00e1ch, kde v\u00fddaje z\u00a0polo\u017eky s\u00a0ni\u017e\u0161\u00ed m\u00edrou podpory (v programu Aplikace experiment\u00e1ln\u00ed v\u00fdvoj) p\u0159eva\u017euj\u00ed nad polo\u017ekami s\u00a0vy\u0161\u0161\u00ed m\u00edrou podpory (v programu Aplikace pr\u016fmyslov\u00fd v\u00fdzkum). V\u00a0takov\u00e9m p\u0159\u00edpad\u011b bude \u0158\u00eddic\u00ed org\u00e1n kr\u00e1tit eventu\u00e1ln\u00ed p\u0159ekompenzaci (p\u0159eplatek) p\u0159i z\u00e1v\u011bre\u010dn\u00e9 \u017e\u00e1dosti o platbu. Auditn\u00ed org\u00e1n bude v\u00a0r\u00e1mci audit\u016f tuto p\u0159ekompenzaci posuzovat jako podporu poskytnutou ex ante na pr\u016fmyslov\u00fd v\u00fdzkum. Odpad\u00e1 tedy nutnost \u0159e\u0161it p\u0159\u00edpadn\u00e9 p\u0159eplatky v\u00a0r\u00e1mci jednotliv\u00fdch etap projektu.<\/p>\n<hr \/>\n<h3>Uplatn\u011bn\u00ed v\u00fdjimky dle ustanoven\u00ed \u00a7 29 Z\u00e1kona \u010d. 134\/2016 Sb. o zad\u00e1v\u00e1n\u00ed ve\u0159ejn\u00fdch zak\u00e1zek, nebo \u00a7 18 z\u00e1kona \u010d. 137\/2006 Sb.<\/h3>\n<p>Uplatn\u011bn\u00ed v\u00fdjimky dle ustanoven\u00ed \u00a7 29 Z\u00e1kona \u010d. 134\/2016 Sb. o zad\u00e1v\u00e1n\u00ed ve\u0159ejn\u00fdch zak\u00e1zek, nebo \u00a7 18 z\u00e1kona \u010d. 137\/2006 Sb., z\u00e1kon o ve\u0159ejn\u00fdch zak\u00e1zk\u00e1ch, se t\u00fdk\u00e1 po\u0159\u00edzen\u00ed slu\u017eeb pro \u00fa\u010dely projektu v\u00a0oblasti v\u00fdzkumu a v\u00fdvoje a umo\u017e\u0148uje \u017eadatel\u016fm o dotaci \/p\u0159\u00edjemc\u016fm dotace upustit od povinnosti vypsat v\u00fdb\u011brov\u00e9 \u0159\u00edzen\u00ed na po\u0159\u00edzen\u00ed v\u00fd\u0161e zm\u00edn\u011bn\u00fdch slu\u017eeb za p\u0159edpokladu spln\u011bn\u00ed podm\u00ednek uveden\u00fdch v \u00a7 29 Z\u00e1kona \u010d. 134\/2016 Sb. o zad\u00e1v\u00e1n\u00ed ve\u0159ejn\u00fdch zak\u00e1zek, resp. \u00a7 18 z\u00e1kona \u010d. 137\/2006 Sb., z\u00e1kon o ve\u0159ejn\u00fdch zak\u00e1zk\u00e1ch. V\u00fdb\u011br z\u00a0t\u011bchto 2 mo\u017enost\u00ed je podm\u00edn\u011bn dobou uzav\u0159en\u00ed smluvn\u00ed dokumentac\u00ed, tj. v\u00a0dob\u011b platnosti z\u00e1kona \u010d. 137\/2006, nebo z\u00e1kona \u010d. 134\/2016, proto\u017ee realizace n\u011bkter\u00fdch projekt\u016f z\u00a0d\u00e1le uveden\u00fdch program\u016f byla ji\u017e zah\u00e1jena. <strong>Ustanoven\u00ed \u0158\u00edd\u00edc\u00edho org\u00e1nu OP PIK tedy teoreticky mohou vyu\u017e\u00edt \u017eadatel\u00e9 o dotaci\/p\u0159\u00edjemci dotace v\u00a0programech Aplikace, Spolupr\u00e1ce \u2013 Klastry \u2013 kolektivn\u00ed v\u00fdzkum a Proof of Concept. D\u00e1le upozor\u0148ujeme na \u00fa\u010dinnost tohoto ozn\u00e1men\u00ed. Je ji t\u0159eba vn\u00edmat tak, \u017ee se vztahuje nejen na v\u0161echny \u017e\u00e1dost\u00ed o platbu (p\u0159\u00edjemce vyu\u017e\u00edv\u00e1 v\u00fdjimku) podan\u00e9 po 26. 3. 2018, ale i pro v\u0161echny ji\u017e podan\u00e9 \u00a0\u017e\u00e1dosti o platbu (p\u0159\u00edjemce vyu\u017e\u00edv\u00e1 v\u00fdjimku), kter\u00fdm nebyla \u017e\u00e1dost o platbu dosud schv\u00e1lena.<\/strong><\/p>\n<p>V\u00edce informac\u00ed naleznete v novince na webu <a href=\"https:\/\/www.apiagentura.gov.cz\/cs\/oznameni-zadatele-prijemce-dotace-programu-op-pik\/\">API<\/a>, p\u0159\u00edpadn\u011b v p\u016fvodn\u00ed zpr\u00e1v\u011b na webov\u00fdch str\u00e1nk\u00e1ch <a href=\"https:\/\/www.mpo.cz\/cz\/podnikani\/dotace-a-podpora-podnikani\/oppik-2014-2020\/evaluace-a-analyzy\/oznameni-pro-zadatele-prijemce-dotace-programu-op-pik---235228\/\">MPO<\/a>.<\/p>\n<hr \/>\n<h3>Z\u00e1kladn\u00ed charakteristiky:<\/h3>\n<p><strong>Kdo m\u016f\u017ee \u017e\u00e1dat<\/strong>\u00a0(p\u0159\u00edjemci podpory):<\/p>\n<ul>\n<li>podnikatelsk\u00e9 subjekty, organizace pro v\u00fdzkum a \u0161\u00ed\u0159en\u00ed znalost\u00ed<\/li>\n<\/ul>\n<p><strong>Kolik lze z\u00edskat na jeden projekt<\/strong>\u00a0(forma a v\u00fd\u0161e podpory):<\/p>\n<ul>\n<li>dotace na projekt je poskytov\u00e1na minim\u00e1ln\u011b ve v\u00fd\u0161i 1 mil. K\u010d a maxim\u00e1ln\u011b do v\u00fd\u0161e 50 mil. K\u010d<\/li>\n<li>pod\u00edl aktivit podnikatelsk\u00fdch subjekt\u016f na celkov\u00fdch aktivit\u00e1ch projektu (zp\u016fsobil\u00fdch v\u00fddaj\u00edch) mus\u00ed b\u00fdt minim\u00e1ln\u011b 50%<\/li>\n<li>maxim\u00e1ln\u00ed m\u00edra podpory za cel\u00fd projekt je omezena na 70 %<\/li>\n<\/ul>\n<p><strong>Na co lze z\u00edskat podporu<\/strong>\u00a0(podporovan\u00e9 aktivity):<\/p>\n<ul>\n<li>realizace pr\u016fmyslov\u00e9ho v\u00fdzkumu a experiment\u00e1ln\u00edho v\u00fdvoje ve smyslu \u010cl\u00e1nku 25 Na\u0159\u00edzen\u00ed Komise (EU) \u010d. 651\/2014 ze dne 17. \u010dervna 2014 (d\u00e1le jen \u201eNa\u0159\u00edzen\u00ed Komise \u010d. 651\/2014\u201c), kter\u00fdm se v souladu s \u010dl\u00e1nky 107 a 108 Smlouvy o ES prohla\u0161uj\u00ed ur\u010dit\u00e9 kategorie podpory za slu\u010diteln\u00e9 s vnit\u0159n\u00edm trhem<\/li>\n<\/ul>\n<p><strong>Jak\u00e9 v\u00fddaje je mo\u017en\u00e9 podpo\u0159it<\/strong>\u00a0(zp\u016fsobil\u00e9 v\u00fddaje):<\/p>\n<ul>\n<li>osobn\u00ed n\u00e1klady: mzdy a pojistn\u00e9 v\u00fdzkumn\u00fdch pracovn\u00edk\u016f, technik\u016f a ostatn\u00edho podp\u016frn\u00e9ho person\u00e1lu v rozsahu nezbytn\u00e9m pro \u00fa\u010dely projektu<\/li>\n<li>n\u00e1klady na n\u00e1stroje, p\u0159\u00edstroje a vybaven\u00ed v podob\u011b odpis\u016f dlouhodob\u00e9ho hmotn\u00e9ho movit\u00e9ho majetku, v rozsahu a po dobu, kdy jsou vyu\u017e\u00edv\u00e1ny pro \u00fa\u010dely projektu<\/li>\n<li>n\u00e1klady na smluvn\u00ed v\u00fdzkum<\/li>\n<li>neinvesti\u010dn\u00ed n\u00e1klady na licence zakoupen\u00e9 nebo po\u0159\u00edzen\u00e9 od t\u0159et\u00edch stran po dobu realizace projektu<\/li>\n<li>n\u00e1klady na poradensk\u00e9 slu\u017eby vyu\u017eit\u00e9 v\u00fdlu\u010dn\u011b pro \u00fa\u010dely projektu<\/li>\n<li>dodate\u010dn\u00e9\u00a0re\u017eijn\u00ed a ostatn\u00ed provozn\u00ed n\u00e1klady v\u010detn\u011b n\u00e1klad\u016f na materi\u00e1l a dod\u00e1vky, kter\u00e9 vznikly bezprost\u0159edn\u011b v d\u016fsledku projektu<\/li>\n<\/ul>\n<p><strong>Specifika a omezen\u00ed:<\/strong><\/p>\n<ul>\n<li>projekt mus\u00ed b\u00fdt realizov\u00e1n na \u00fazem\u00ed \u010cR mimo hlavn\u00edho m\u011bsta Prahy<\/li>\n<li>shoda projektu s\u00a0N\u00e1rodn\u00ed v\u00fdzkumnou a inova\u010dn\u00ed strategi\u00ed pro inteligentn\u00ed specializaci \u010cesk\u00e9 republiky bude ov\u011b\u0159ena v r\u00e1mci hodnocen\u00ed projektu, a to\u00a0z hlediska napl\u0148ov\u00e1n\u00ed v\u00fdb\u011brov\u00fdch krit\u00e9ri\u00ed definovan\u00fdch v t\u00e9to V\u00fdzv\u011b<\/li>\n<li>pokud je \u017eadatel\/partner velk\u00fdm podnikem, je v t\u00e9to V\u00fdzv\u011b opr\u00e1vn\u011bn p\u0159edlo\u017eit pouze jeden projekt (tj. jednu aktivn\u00ed \u017d\u00e1dost o podporu, ve kter\u00fdch vystupuje jako \u017eadatel nebo partner), MSP pak maxim\u00e1ln\u011b dva projekty (tzn. dv\u011b aktivn\u00ed \u017d\u00e1dosti, ve kter\u00fdch vystupuje jako \u017eadatel nebo partner); tato podm\u00ednka se nevztahuje na v\u00fdzkumn\u00e9 organizace vystupuj\u00edc\u00ed v\u00a0roli partnera projektu<\/li>\n<\/ul>\n<p><strong>Syst\u00e9m sb\u011bru \u017e\u00e1dost\u00ed:<\/strong><\/p>\n<ul>\n<li>kolov\u00fd<\/li>\n<\/ul>\n<p><\/p>","protected":false},"excerpt":{"rendered":"<p>Jste podnikatelsk\u00fdm subjektem \u010di organizac\u00ed pro v\u00fdzkum a \u0161\u00ed\u0159en\u00ed znalost\u00ed a m\u00e1te v pl\u00e1nu realizovat pr\u016fmyslov\u00fd v\u00fdzkum a experiment\u00e1ln\u00ed v\u00fdvoj? Jestli\u017ee ano, potom je program Aplikace ur\u010den pr\u00e1v\u011b pro V\u00e1s.<\/p>\n","protected":false},"author":1,"featured_media":0,"parent":114,"menu_order":0,"comment_status":"closed","ping_status":"closed","template":"","meta":{"inline_featured_image":false,"footnotes":""},"class_list":["post-6752","page","type-page","status-publish","hentry"],"publishpress_future_action":{"enabled":false,"date":"2026-05-02 07:40:25","action":"change-status","newStatus":"draft","terms":[],"taxonomy":"","extraData":[]},"publishpress_future_workflow_manual_trigger":{"enabledWorkflows":[]},"_links":{"self":[{"href":"https:\/\/apiagentura.gov.cz\/cs\/wp-json\/wp\/v2\/pages\/6752","targetHints":{"allow":["GET"]}}],"collection":[{"href":"https:\/\/apiagentura.gov.cz\/cs\/wp-json\/wp\/v2\/pages"}],"about":[{"href":"https:\/\/apiagentura.gov.cz\/cs\/wp-json\/wp\/v2\/types\/page"}],"author":[{"embeddable":true,"href":"https:\/\/apiagentura.gov.cz\/cs\/wp-json\/wp\/v2\/users\/1"}],"replies":[{"embeddable":true,"href":"https:\/\/apiagentura.gov.cz\/cs\/wp-json\/wp\/v2\/comments?post=6752"}],"version-history":[{"count":0,"href":"https:\/\/apiagentura.gov.cz\/cs\/wp-json\/wp\/v2\/pages\/6752\/revisions"}],"up":[{"embeddable":true,"href":"https:\/\/apiagentura.gov.cz\/cs\/wp-json\/wp\/v2\/pages\/114"}],"wp:attachment":[{"href":"https:\/\/apiagentura.gov.cz\/cs\/wp-json\/wp\/v2\/media?parent=6752"}],"curies":[{"name":"wp","href":"https:\/\/api.w.org\/{rel}","templated":true}]}}