{"id":689,"date":"2016-08-10T15:35:01","date_gmt":"2016-08-10T14:35:01","guid":{"rendered":"http:\/\/www.ci-api.stage2.goodshape.cz\/?page_id=689"},"modified":"2019-06-21T10:09:01","modified_gmt":"2019-06-21T08:09:01","slug":"uspory-energie-v-szt-vyzva-i","status":"publish","type":"page","link":"https:\/\/apiagentura.gov.cz\/cs\/programy-podpory\/uspory-energie-v-szt\/uspory-energie-v-szt-vyzva-i\/","title":{"rendered":"\u00daspory energie v SZT &#8211; V\u00fdzva I"},"content":{"rendered":"<p><\/p>\n<h3 style=\"text-align: left;\">Z\u00e1kladn\u00ed charakteristiky:<\/h3>\n<p style=\"text-align: left;\"><strong>Kdo m\u016f\u017ee \u017e\u00e1dat<\/strong>\u00a0(p\u0159\u00edjemci podpory):<\/p>\n<ul>\n<li style=\"text-align: left;\">fyzick\u00e9 \u010di pr\u00e1vnick\u00e9 osoby na z\u00e1klad\u011b licence na v\u00fdrobu tepeln\u00e9 energie a\/nebo elektrick\u00e9 energie a licence na rozvod tepeln\u00e9 energie, kter\u00e9 ud\u011bluje Energetick\u00fd regula\u010dn\u00ed \u00fa\u0159ad (ER\u00da) podle \u00a7 5 z\u00e1kona \u010d. 458\/2000 Sb., o podm\u00ednk\u00e1ch podnik\u00e1n\u00ed a o v\u00fdkonu st\u00e1tn\u00ed spr\u00e1vy v energetick\u00fdch odv\u011btv\u00edch a o zm\u011bn\u011b n\u011bkter\u00fdch z\u00e1kon\u016f (energetick\u00fd z\u00e1kon) ve zn\u011bn\u00ed pozd\u011bj\u0161\u00edch p\u0159edpis\u016f<\/li>\n<li style=\"text-align: left;\">v p\u0159\u00edpad\u011b nov\u00e9ho subjektu je nutno p\u0159edlo\u017eit licenci na v\u00fdrobu tepeln\u00e9 energie a\/nebo elektrick\u00e9 energie a licenci na rozvod tepeln\u00e9 energie podle \u00a7 5 z\u00e1kona \u010d. 458\/2000 Sb. nejpozd\u011bji v dob\u011b pod\u00e1n\u00ed \u017e\u00e1dosti o platbu za posledn\u00ed etapu<\/li>\n<li style=\"text-align: left;\">typy podporovan\u00fdch subjekt\u016f: podnikatelsk\u00e9 subjekty, v\u010detn\u011b t\u011bch, kter\u00e9 jsou a\u017e ze 100 % vlastn\u011bny st\u00e1tem<\/li>\n<\/ul>\n<p style=\"text-align: left;\"><strong>Kolik lze z\u00edskat na jeden projekt\u00a0<\/strong>(forma a v\u00fd\u0161e podpory):<\/p>\n<ul>\n<li style=\"text-align: left;\">m\u00edra podpory:<\/li>\n<\/ul>\n<p style=\"text-align: left;\">V p\u0159\u00edpad\u011b opat\u0159en\u00ed t\u00fdkaj\u00edc\u00ed se energeticky \u00fa\u010dinn\u00e9ho d\u00e1lkov\u00e9 vyt\u00e1p\u011bn\u00ed a chlazen\u00ed v\u010detn\u011b instalace plynov\u00fdch KVET plat\u00ed:<\/p>\n<p style=\"text-align: left; padding-left: 30px;\">&#8211; je-li p\u0159\u00edjemcem mal\u00fd podnik, je podpora poskytov\u00e1na a\u017e do v\u00fd\u0161e 50 % ZV<\/p>\n<p style=\"text-align: left; padding-left: 30px;\">&#8211; je-li p\u0159\u00edjemcem st\u0159edn\u00ed podnik, je podpora poskytov\u00e1na a\u017e do v\u00fd\u0161e 40 % ZV<\/p>\n<p style=\"text-align: left; padding-left: 30px;\">&#8211; je-li p\u0159\u00edjemcem velk\u00fd podnik, je podpora poskytov\u00e1na a\u017e do v\u00fd\u0161e 30 % ZV<\/p>\n<ul>\n<li style=\"text-align: left;\">m\u00edra podpory na Ekologick\u00e9 studie \u2013 Energetick\u00fd posudek:<\/li>\n<\/ul>\n<p style=\"text-align: left; padding-left: 30px;\">&#8211; je-li p\u0159\u00edjemcem mal\u00fd podnik, je podpora poskytov\u00e1na a\u017e do v\u00fd\u0161e 50 % ZV<\/p>\n<p style=\"text-align: left; padding-left: 30px;\">&#8211; je-li p\u0159\u00edjemcem st\u0159edn\u00ed podnik, je podpora poskytov\u00e1na a\u017e do v\u00fd\u0161e 40 % ZV<\/p>\n<p style=\"text-align: left; padding-left: 30px;\">&#8211; je-li p\u0159\u00edjemcem velk\u00fd podnik, je podpora poskytov\u00e1na a\u017e do v\u00fd\u0161e 30 % ZV<\/p>\n<ul>\n<li style=\"text-align: left;\">podpora na projekt je poskytov\u00e1na minim\u00e1ln\u011b ve v\u00fd\u0161i 0,5 mil. K\u010d a maxim\u00e1ln\u011b do v\u00fd\u0161e 350 mil. K\u010d.<\/li>\n<li style=\"text-align: left;\">maxim\u00e1ln\u00ed absolutn\u00ed v\u00fd\u0161e podpory na ekologick\u00e9 studie \u2013 energetick\u00fd posudek podle \u00a7 9a odst. 1 pism. e) z\u00e1kona \u010d.406\/2000 Sb., o hospoda\u0159en\u00ed energi\u00ed, v platn\u00e9m zn\u011bn\u00ed a energetick\u00fd posudek podle \u00a7 9a, odst. 1, p\u00edsmeno b), c) nebo d) z\u00e1kona \u010d.406\/2000 Sb. v platn\u00e9m zn\u011bn\u00ed \u010din\u00ed 350 tis. K\u010d<\/li>\n<\/ul>\n<p style=\"text-align: left;\"><strong>Na co lze z\u00edskat podporu\u00a0<\/strong>(podporovan\u00e9 aktivity):<\/p>\n<ul>\n<li style=\"text-align: left;\">v\u00fdstavba, rozvoj a propojov\u00e1n\u00ed existuj\u00edc\u00edch soustav z\u00e1sobov\u00e1n\u00ed tepelnou energi\u00ed v\u010detn\u011b p\u0159ed\u00e1vac\u00edch stanic za \u00fa\u010delem vy\u0161\u0161\u00edho vyu\u017eit\u00ed vysoko\u00fa\u010dinn\u00e9 kombinovan\u00e9 v\u00fdroby elekt\u0159iny a tepla s c\u00edlem dosa\u017een\u00ed \u00faspor prim\u00e1rn\u00ed energie<\/li>\n<li style=\"text-align: left;\">rekonstrukce st\u00e1vaj\u00edc\u00edch soustav z\u00e1sobov\u00e1n\u00ed tepelnou energi\u00ed v\u010detn\u011b p\u0159ed\u00e1vac\u00edch stanic s c\u00edlem maxim\u00e1ln\u00edho dosa\u017een\u00ed \u00faspor prim\u00e1rn\u00ed energie, p\u0159\u00edpadn\u011b vyu\u017eit\u00ed tepla z vysoko\u00fa\u010dinn\u00e9 kombinovan\u00e9 v\u00fdroby elekt\u0159iny a tepla nebo odpadn\u00edho tepla z pr\u016fmyslov\u00fdch proces\u016f<\/li>\n<li style=\"text-align: left;\">instalace sol\u00e1rn\u00edch kolektor\u016f a tepeln\u00fdch \u010derpadel pro p\u0159edeh\u0159ev TUV, kter\u00fd budou sou\u010d\u00e1st\u00ed soustav z\u00e1sobov\u00e1n\u00ed tepelnou energi\u00ed<\/li>\n<li style=\"text-align: left;\">instalace a modernizace technologick\u00fdch za\u0159\u00edzen\u00ed souvisej\u00edc\u00ed s distribuc\u00ed v\u010detn\u011b m\u011b\u0159en\u00ed a regulace v soustav\u00e1ch z\u00e1sobov\u00e1n\u00ed tepelnou energi\u00ed<\/li>\n<li style=\"text-align: left;\">instalace a rekonstrukce vysoko\u00fa\u010dinn\u00fdch plynov\u00fdch kogenera\u010dn\u00edch jednotek v soustav\u00e1ch z\u00e1sobov\u00e1n\u00ed tepelnou energi\u00ed. Toto opat\u0159en\u00ed bude zp\u016fsobil\u00e9, pokud bude sou\u010d\u00e1st\u00ed jak\u00e9koliv kombinace v\u00fd\u0161e podporovan\u00fdch aktivit a); b); c); d) kter\u00e9 budou v r\u00e1mci zp\u016fsobil\u00fdch v\u00fddaj\u016f p\u0159eva\u017eovat.<\/li>\n<li style=\"text-align: left;\">podporov\u00e1ny jsou projekty, jejich\u017e v\u00fdstupy se projev\u00ed v odv\u011btv\u00edch vymezen\u00fdch v P\u0159\u00edloze \u010d. 2 \u010c\u00e1st A V\u00fdzvy; podporov\u00e1ny nejsou projekty, jejich\u017e v\u00fdstupy se projev\u00ed v n\u011bkter\u00e9m z odv\u011btv\u00ed uveden\u00fdch v P\u0159\u00edloze \u010d. 2 \u010c\u00e1st B V\u00fdzvy<\/li>\n<\/ul>\n<p style=\"text-align: left;\"><strong>Jak\u00e9 v\u00fddaje je mo\u017en\u00e9 podpo\u0159it<\/strong>\u00a0(zp\u016fsobil\u00e9 v\u00fddaje):<\/p>\n<ul>\n<li style=\"text-align: left;\">v\u00fddaje na stavbu a technologick\u00e1 za\u0159\u00edzen\u00ed v\u010detn\u011b m\u011b\u0159en\u00ed a regulace v soustav\u00e1ch z\u00e1sobov\u00e1n\u00ed tepelnou energi\u00ed nezbytn\u00e1 pro dosa\u017een\u00ed \u00faspor prim\u00e1rn\u00ed energie<\/li>\n<li style=\"text-align: left;\">dlouhodob\u00fd hmotn\u00fd majetek. Poskytovatel podpory bude v r\u00e1mci po\u0159\u00edzen\u00ed stavebn\u00edch prac\u00ed pova\u017eovat tyto za zp\u016fsobil\u00e9 pouze do \u00farovn\u011b hodnoty cen stavebn\u00edch prac\u00ed dle katalog\u016f \u00daRS\/RTS\/atd. pro dan\u00fd rok, v n\u011bm\u017e byla pod\u00e1na \u017e\u00e1dost o podporu. V t\u00e9to souvislosti je \u017eadatel povinen k \u017e\u00e1dosti o podporu p\u0159edlo\u017eit podrobn\u00fd nacen\u011bn\u00fd polo\u017ekov\u00fd rozpo\u010det stavebn\u00edch prac\u00ed pl\u00e1novan\u00fdch k realizaci v r\u00e1mci projektu. Pokud cena za stavebn\u00ed pr\u00e1ce bude vy\u0161\u0161\u00ed, ne\u017e uv\u00e1d\u011bj\u00ed normativy pro ocen\u011bn\u00ed stavebn\u00edch prac\u00ed (\u00daRS\/RTS\/atd.), budou tyto v\u00fddaje kr\u00e1ceny na hodnotu odpov\u00eddaj\u00edc\u00ed normativ\u016fm.<\/li>\n<li style=\"text-align: left;\">dlouhodob\u00fd nehmotn\u00fd majetek (pokud je nezbytn\u00fd k \u0159\u00e1dn\u00e9mu provozov\u00e1n\u00ed dlouhodob\u00e9ho hmotn\u00e9ho majetku)<\/li>\n<li style=\"text-align: left;\">projektov\u00e1 dokumentace, ekologick\u00e9 studie (v\u010detn\u011b energetick\u00fdch posudk\u016f)<\/li>\n<\/ul>\n<p style=\"text-align: left;\"><strong>Specifika a omezen\u00ed:<\/strong><\/p>\n<ul>\n<li style=\"text-align: left;\">projekt mus\u00ed b\u00fdt realizov\u00e1n na \u00fazem\u00ed \u010cR mimo hlavn\u00edho m\u011bsta Prahy; v r\u00e1mci projektu lze uplatnit pouze jedno m\u00edsto realizace. M\u00edsto realizace by m\u011blo b\u00fdt sou\u010d\u00e1st\u00ed jedn\u00e9 soustavy d\u00e1lkov\u00e9ho vyt\u00e1p\u011bn\u00ed a chlazen\u00ed.<\/li>\n<li style=\"text-align: left;\">\u017eadatel mus\u00ed jednozna\u010dn\u011b prok\u00e1zat vlastnick\u00e1 nebo jin\u00e1 pr\u00e1va k nemovitostem a pozemk\u016fm, kde bude projekt realizov\u00e1n<\/li>\n<\/ul>\n<p style=\"text-align: left;\"><strong>Syst\u00e9m sb\u011bru \u017e\u00e1dost\u00ed:<\/strong><\/p>\n<ul>\n<li style=\"text-align: left;\">kolov\u00fd<\/li>\n<\/ul>\n<p><\/p>","protected":false},"excerpt":{"rendered":"<p>C\u00edlem programu \u00daspory energie v SZT je podpora konkurenceschopnosti a udr\u017eitelnosti \u010desk\u00e9 ekonomiky prost\u0159ednictv\u00edm maxim\u00e1ln\u00edho vyu\u017eit\u00ed kombinovan\u00e9 v\u00fdroby elekt\u0159iny a tepla.<\/p>\n","protected":false},"author":35,"featured_media":0,"parent":144,"menu_order":0,"comment_status":"closed","ping_status":"closed","template":"","meta":{"inline_featured_image":false,"footnotes":""},"class_list":["post-689","page","type-page","status-publish","hentry"],"publishpress_future_action":{"enabled":false,"date":"2026-05-02 07:49:51","action":"change-status","newStatus":"draft","terms":[],"taxonomy":"","extraData":[]},"publishpress_future_workflow_manual_trigger":{"enabledWorkflows":[]},"_links":{"self":[{"href":"https:\/\/apiagentura.gov.cz\/cs\/wp-json\/wp\/v2\/pages\/689","targetHints":{"allow":["GET"]}}],"collection":[{"href":"https:\/\/apiagentura.gov.cz\/cs\/wp-json\/wp\/v2\/pages"}],"about":[{"href":"https:\/\/apiagentura.gov.cz\/cs\/wp-json\/wp\/v2\/types\/page"}],"author":[{"embeddable":true,"href":"https:\/\/apiagentura.gov.cz\/cs\/wp-json\/wp\/v2\/users\/35"}],"replies":[{"embeddable":true,"href":"https:\/\/apiagentura.gov.cz\/cs\/wp-json\/wp\/v2\/comments?post=689"}],"version-history":[{"count":0,"href":"https:\/\/apiagentura.gov.cz\/cs\/wp-json\/wp\/v2\/pages\/689\/revisions"}],"up":[{"embeddable":true,"href":"https:\/\/apiagentura.gov.cz\/cs\/wp-json\/wp\/v2\/pages\/144"}],"wp:attachment":[{"href":"https:\/\/apiagentura.gov.cz\/cs\/wp-json\/wp\/v2\/media?parent=689"}],"curies":[{"name":"wp","href":"https:\/\/api.w.org\/{rel}","templated":true}]}}