{"id":690,"date":"2016-08-10T15:44:33","date_gmt":"2016-08-10T14:44:33","guid":{"rendered":"http:\/\/www.ci-api.stage2.goodshape.cz\/?page_id=690"},"modified":"2019-06-21T09:29:48","modified_gmt":"2019-06-21T07:29:48","slug":"technologie-vyzva-ii","status":"publish","type":"page","link":"https:\/\/apiagentura.gov.cz\/cs\/programy-podpory\/technologie\/technologie-vyzva-ii\/","title":{"rendered":"Technologie &#8211; V\u00fdzva II"},"content":{"rendered":"<p><\/p>\n<p style=\"text-align: left;\"><strong>Upozorn\u011bn\u00ed: Tato v\u00fdzva je ur\u010dena pouze na podporu projekt\u016f schv\u00e1len\u00fdch ve III. v\u00fdzv\u011b, IV. prodlou\u017een\u00ed, programu Rozvoj OPPI v p\u0159\u00edpad\u011b, \u017ee v t\u011bchto projektech nedo\u0161lo k zah\u00e1jen\u00ed prac\u00ed p\u0159ed datem pod\u00e1n\u00ed \u017e\u00e1dosti o podporu do programu Technologie II. v\u00fdzvy.<\/strong><\/p>\n<p style=\"text-align: left;\">Doba p\u0159\u00edjmu \u017e\u00e1dost\u00ed o podporu je stanovena na 21. z\u00e1\u0159\u00ed 2015 od 12:00 hod. do 21. \u0159\u00edjna 2015 do 24:00 hod. Na tuto v\u00fdzvu je pl\u00e1nov\u00e1na alokace 2 mld. K\u010d. Projekty budou vyhodnocov\u00e1ny kontinu\u00e1ln\u011b a Rozhodnut\u00ed o poskytnut\u00ed dotace budou vyd\u00e1v\u00e1na kontinu\u00e1ln\u011b.<\/p>\n<hr \/>\n<h3 style=\"text-align: left;\">Informace pro \u017eadatele &#8211; Prodlou\u017een\u00ed p\u0159\u00edjmu \u017d\u00e1dost\u00ed o podporu:<\/h3>\n<p style=\"text-align: left;\">V\u00e1\u017een\u00ed \u017eadatel\u00e9 z\u00a0programu Technologie \u2013 V\u00fdzva II,<\/p>\n<p style=\"text-align: left;\">u II. V\u00fdzvy programu Technologie do\u0161lo k\u00a0 posunu p\u0159\u00edjmu \u017e\u00e1dost\u00ed o podporu. \u017d\u00e1dosti o podporu jsou p\u0159ij\u00edm\u00e1ny do 21. 10. 2015 do 24:00 hodin.<\/p>\n<hr \/>\n<h3 style=\"text-align: left;\">Z\u00e1kladn\u00ed charakteristiky:<\/h3>\n<p style=\"text-align: left;\"><strong>Kdo m\u016f\u017ee \u017e\u00e1dat\u00a0(p\u0159\u00edjemci podpory):<\/strong><\/p>\n<ul style=\"text-align: left;\">\n<li style=\"text-align: justify;\">mal\u00e9 a st\u0159edn\u00ed podniky (podnikaj\u00edc\u00ed fyzick\u00e9 a pr\u00e1vnick\u00e9 osoby), kter\u00e9 spl\u0148uj\u00ed definici vymezenou v P\u0159\u00edloze \u010d. I. Na\u0159\u00edzen\u00ed Komise (EU) \u010d. 651\/2014<\/li>\n<\/ul>\n<p style=\"text-align: left;\"><strong>Kolik lze z\u00edskat na jeden projekt\u00a0(forma a v\u00fd\u0161e podpory):<\/strong><\/p>\n<ul style=\"text-align: left;\">\n<li style=\"text-align: justify;\">dotace na projekt je poskytov\u00e1na minim\u00e1ln\u011b ve v\u00fd\u0161i 1 mil. K\u010d a maxim\u00e1ln\u011b do v\u00fd\u0161e 30 mil. K\u010d<\/li>\n<li style=\"text-align: justify;\">m\u00edra podpory &#8211; v \u017e\u00e1dosti o podporu bude dotace v\u017edy uvedena jako \u010d\u00e1stka rovnaj\u00edc\u00ed se maxim\u00e1ln\u011b 35 % (st\u0159edn\u00ed podnik) nebo maxim\u00e1ln\u011b 45 % (mal\u00fd podnik) zp\u016fsobil\u00fdch v\u00fddaj\u016f<\/li>\n<\/ul>\n<p style=\"text-align: left;\"><strong>Na co lze z\u00edskat podporu\u00a0(podporovan\u00e9 aktivity):<\/strong><\/p>\n<ul style=\"text-align: left;\">\n<li style=\"text-align: justify;\">po\u0159\u00edzen\u00ed nov\u00fdch stroj\u016f, technologick\u00fdch za\u0159\u00edzen\u00ed a vybaven\u00ed<\/li>\n<li style=\"text-align: justify;\">podporov\u00e1na je ekonomick\u00e1 \u010dinnost vymezen\u00e1 seznamem podporovan\u00fdch ekonomick\u00fdch \u010dinnost\u00ed podle CZ-NACE, kter\u00fd je uveden v P\u0159\u00edloze \u010d. 1 V\u00fdzvy<\/li>\n<\/ul>\n<p style=\"text-align: left;\"><strong>Jak\u00e9 v\u00fddaje je mo\u017en\u00e9 podpo\u0159it\u00a0(zp\u016fsobil\u00e9 v\u00fddaje):<\/strong><\/p>\n<ul style=\"text-align: left;\">\n<li style=\"text-align: justify;\">dlouhodob\u00fd hmotn\u00fd majetek (hmotn\u00fd majetek u p\u0159\u00edjemc\u016f podpory vedouc\u00edch da\u0148ovou evidenci) &#8211; n\u00e1kup stroj\u016f, za\u0159\u00edzen\u00ed, technologi\u00ed, HW, kter\u00e9 nebyly p\u0159edm\u011btem odpisu, v\u010detn\u011b nezbytn\u00e9ho software zaji\u0161\u0165uj\u00edc\u00edho jejich funk\u010dnost<\/li>\n<li style=\"text-align: justify;\">dlouhodob\u00fd nehmotn\u00fd majetek &#8211; n\u00e1klady na po\u0159\u00edzen\u00ed patentov\u00fdch licenc\u00ed, SW nezbytn\u00fdch pro \u0159\u00e1dn\u00fd provoz stroj\u016f a za\u0159\u00edzen\u00ed po\u0159\u00edzen\u00fdch v r\u00e1mci p\u0159edm\u011btn\u00e9ho projektu<\/li>\n<\/ul>\n<p style=\"text-align: left;\"><strong>Specifika a omezen\u00ed:<\/strong><\/p>\n<ul style=\"text-align: left;\">\n<li style=\"text-align: justify;\">projekt mus\u00ed b\u00fdt realizov\u00e1n na \u00fazem\u00ed \u010cR mimo hlavn\u00edho m\u011bsta Prahy; seznam podporovan\u00fdch region\u016f v\u00a0r\u00e1mci V\u00fdzvy je k\u00a0dispozici v\u00a0p\u0159\u00edloze \u010d. 3 V\u00fdzvy<\/li>\n<li style=\"text-align: justify;\">ka\u017ed\u00fd \u017dadatel je v t\u00e9to V\u00fdzv\u011b opr\u00e1vn\u011bn p\u0159edlo\u017eit maxim\u00e1ln\u011b jeden projekt na jedno I\u010c<\/li>\n<\/ul>\n<p style=\"text-align: left;\"><strong>Syst\u00e9m sb\u011bru \u017e\u00e1dost\u00ed:<\/strong><\/p>\n<ul>\n<li style=\"text-align: left;\">kontinu\u00e1ln\u00ed<\/li>\n<\/ul>\n<p><\/p>","protected":false},"excerpt":{"rendered":"<p>Pot\u0159ebujete z\u00edskat nov\u00e9 v\u00fdrobn\u00ed kapacity? Pot\u0159ebujete vyr\u00e1b\u011bt rychleji, s vy\u0161\u0161\u00ed p\u0159esnost\u00ed a efektivn\u011bji? Jste mal\u00fdm \u010di st\u0159edn\u00edm podnikem? Jestli\u017ee ano, pr\u00e1v\u011b pro V\u00e1s je ur\u010den program Technologie.<\/p>\n","protected":false},"author":1,"featured_media":0,"parent":124,"menu_order":0,"comment_status":"closed","ping_status":"closed","template":"","meta":{"inline_featured_image":false,"footnotes":""},"class_list":["post-690","page","type-page","status-publish","hentry"],"publishpress_future_action":{"enabled":false,"date":"2026-05-02 06:18:54","action":"change-status","newStatus":"draft","terms":[],"taxonomy":"","extraData":[]},"publishpress_future_workflow_manual_trigger":{"enabledWorkflows":[]},"_links":{"self":[{"href":"https:\/\/apiagentura.gov.cz\/cs\/wp-json\/wp\/v2\/pages\/690","targetHints":{"allow":["GET"]}}],"collection":[{"href":"https:\/\/apiagentura.gov.cz\/cs\/wp-json\/wp\/v2\/pages"}],"about":[{"href":"https:\/\/apiagentura.gov.cz\/cs\/wp-json\/wp\/v2\/types\/page"}],"author":[{"embeddable":true,"href":"https:\/\/apiagentura.gov.cz\/cs\/wp-json\/wp\/v2\/users\/1"}],"replies":[{"embeddable":true,"href":"https:\/\/apiagentura.gov.cz\/cs\/wp-json\/wp\/v2\/comments?post=690"}],"version-history":[{"count":0,"href":"https:\/\/apiagentura.gov.cz\/cs\/wp-json\/wp\/v2\/pages\/690\/revisions"}],"up":[{"embeddable":true,"href":"https:\/\/apiagentura.gov.cz\/cs\/wp-json\/wp\/v2\/pages\/124"}],"wp:attachment":[{"href":"https:\/\/apiagentura.gov.cz\/cs\/wp-json\/wp\/v2\/media?parent=690"}],"curies":[{"name":"wp","href":"https:\/\/api.w.org\/{rel}","templated":true}]}}