{"id":691,"date":"2016-08-10T15:34:26","date_gmt":"2016-08-10T14:34:26","guid":{"rendered":"http:\/\/www.ci-api.stage2.goodshape.cz\/?page_id=691"},"modified":"2019-06-20T12:00:12","modified_gmt":"2019-06-20T10:00:12","slug":"inovace-vyzva-i-projekt-na-ochranu-prav-prumysloveho-vlastnictvi","status":"publish","type":"page","link":"https:\/\/apiagentura.gov.cz\/cs\/programy-podpory\/inovace\/inovace-vyzva-i-projekt-na-ochranu-prav-prumysloveho-vlastnictvi\/","title":{"rendered":"Inovace &#8211; V\u00fdzva II (projekt na ochranu pr\u00e1v pr\u016fmyslov\u00e9ho vlastnictv\u00ed)"},"content":{"rendered":"<p><\/p>\n<h3>Upozorn\u011bn\u00ed pro \u017eadatele:<\/h3>\n<p>Vzhledem k\u00a0nastaven\u00ed programu Inovace \u2013 V\u00fdzvy II (projekt na ochranu pr\u00e1v pr\u016fmyslov\u00e9ho vlastnictv\u00ed) V\u00e1s \u017e\u00e1d\u00e1me, abyste p\u0159ed <strong>zah\u00e1jen\u00edm editace z\u00e1v\u011bre\u010dn\u00e9 zpr\u00e1vy o realizaci a p\u0159ed zah\u00e1jen\u00edm editace \u017e\u00e1dosti o platbu za posledn\u00ed etapu<\/strong> projektu kontaktovali depe\u0161\u00ed projektov\u00e9ho mana\u017eera s\u00a0informac\u00ed, zda pl\u00e1nujete v\u00a0roce 2017 \u017e\u00e1dat o n\u011bjakou dal\u0161\u00ed konkr\u00e9tn\u00ed ochranu pr\u00e1va pr\u016fmyslov\u00e9ho vlastnictv\u00ed a z\u00e1rove\u0148 \u017e\u00e1dat o podporu na tuto ochranu, tzn., jestli <strong>m\u00e1te v\u00a0\u00famyslu do konce roku 2017 prov\u00e9st \u00fapravy st\u00e1vaj\u00edc\u00ed \u017e\u00e1dosti o podporu.<\/strong><\/p>\n<p>D\u011bkujeme za spolupr\u00e1ci.<\/p>\n<hr \/>\n<h3>Z\u00e1kladn\u00ed charakteristiky:<\/h3>\n<p><strong>Kdo m\u016f\u017ee \u017e\u00e1dat<\/strong>\u00a0(p\u0159\u00edjemci podpory):<\/p>\n<ul>\n<li>mal\u00e9 a st\u0159edn\u00edky podniky spl\u0148uj\u00edc\u00ed podm\u00ednky stanoven\u00e9 v\u00a0Doporu\u010den\u00ed 2003\/361\/ES<\/li>\n<li>ve\u0159ejn\u00e1 v\u00fdzkumn\u00e1 instituce z\u0159\u00edzen\u00e1 podle z\u00e1kona \u010d. 341\/2008 Sb., o ve\u0159ejn\u00fdch v\u00fdzkumn\u00fdch instituc\u00edch, v platn\u00e9m zn\u011bn\u00ed<\/li>\n<li>vysok\u00e1 \u0161kola a ostatn\u00ed instituce terci\u00e1rn\u00edho vzd\u011bl\u00e1v\u00e1n\u00ed vykon\u00e1vaj\u00edc\u00ed \u010dinnost na z\u00e1klad\u011b z\u00e1kona \u010d. 111\/1998 Sb., o vysok\u00fdch \u0161kol\u00e1ch, v platn\u00e9m zn\u011bn\u00ed<\/li>\n<\/ul>\n<p><strong>Kolik lze z\u00edskat na jeden projekt<\/strong>\u00a0(forma a v\u00fd\u0161e podpory):<\/p>\n<ul>\n<li>dotace na projekt je poskytov\u00e1na v\u00a0min. hodnot\u011b 40 tis. K\u010d a maxim\u00e1ln\u011b do v\u00fd\u0161e 1 mil. K\u010d, nerozhodne-li poskytovatel podpory jinak<\/li>\n<li>m\u00edra podpory:<\/li>\n<\/ul>\n<p style=\"padding-left: 30px;\">&#8211; podnikatelsk\u00fd subjekt, kter\u00fd je mal\u00fdm a st\u0159edn\u00edm podnikem: 50 % z\u00a0prok\u00e1zan\u00fdch zp\u016fsobil\u00fdch v\u00fddaj\u016f<br \/>\n&#8211; ve\u0159ejn\u00e1 v\u00fdzkumn\u00e1 instituce: 50 % z\u00a0prok\u00e1zan\u00fdch zp\u016fsobil\u00fdch v\u00fddaj\u016f<br \/>\n&#8211; vysok\u00e1 \u0161kola: 50 % z\u00a0prok\u00e1zan\u00fdch zp\u016fsobil\u00fdch v\u00fddaj\u016f<\/p>\n<p><strong>Na co lze z\u00edskat podporu<\/strong>\u00a0(podporovan\u00e9 aktivity):<\/p>\n<ul>\n<li>zaji\u0161t\u011bn\u00ed ochrany pr\u016fmyslov\u00e9ho vlastnictv\u00ed v\u00a0\u010cesk\u00e9 republice a zahrani\u010d\u00ed ve form\u011b:<\/li>\n<\/ul>\n<p style=\"padding-left: 30px;\">&#8211; vyn\u00e1lez\u016f\/patent\u016f<br \/>\n&#8211; ochrann\u00fdch zn\u00e1mek<br \/>\n&#8211; u\u017eitn\u00fdch vzor\u016f<br \/>\n&#8211; pr\u016fmyslov\u00fdch vzor\u016f<\/p>\n<p><strong>Jak\u00e9 v\u00fddaje je mo\u017en\u00e9 podpo\u0159it\u00a0<\/strong>(zp\u016fsobil\u00e9 v\u00fddaje):<\/p>\n<ul>\n<li>slu\u017eby opr\u00e1vn\u011bn\u00fdch z\u00e1stupc\u016f<\/li>\n<li>p\u0159eklady<\/li>\n<li>spr\u00e1vn\u00ed poplatky<\/li>\n<\/ul>\n<p><strong>Specifika a omezen\u00ed:<\/strong><\/p>\n<ul>\n<li>projekt mus\u00ed b\u00fdt realizov\u00e1n na \u00fazem\u00ed \u010cR mimo hlavn\u00edho m\u011bsta Prahy<\/li>\n<li>shoda projektu s\u00a0N\u00e1rodn\u00ed RIS3 strategi\u00ed bude ov\u011b\u0159ena v\u00a0r\u00e1mci hodnocen\u00ed projektu, a to z hlediska spln\u011bn\u00ed form\u00e1ln\u00edch podm\u00ednek p\u0159ijatelnosti<\/li>\n<\/ul>\n<p><strong>Syst\u00e9m sb\u011bru \u017e\u00e1dost\u00ed:<\/strong><\/p>\n<ul>\n<li>kontinu\u00e1ln\u00ed<\/li>\n<\/ul>\n<p><\/p>","protected":false},"excerpt":{"rendered":"<p>C\u00edlem v\u00fdzvy programu INOVACE \u2013 Projekt na ochranu pr\u00e1v pr\u016fmyslov\u00e9ho vlastnictv\u00ed je pos\u00edlen\u00ed inova\u010dn\u00ed v\u00fdkonnosti dom\u00e1c\u00edch firem a zv\u00fd\u0161en\u00ed jejich konkurenceschopnosti prost\u0159ednictv\u00edm \u00fa\u010dinn\u011bj\u0161\u00ed ochrany du\u0161evn\u00edho vlastnictv\u00ed, zvl\u00e1\u0161t\u011b na zahrani\u010dn\u00edch trz\u00edch a rovn\u011b\u017e zv\u00fd\u0161en\u00ed intenzity vyu\u017e\u00edv\u00e1n\u00ed n\u00e1stroj\u016f ochrany pr\u00e1v pr\u016fmyslov\u00e9ho vlastnictv\u00ed nejen mezi mal\u00fdmi a st\u0159edn\u00edmi podnikateli, ale tak\u00e9 u ve\u0159ejn\u00fdch v\u00fdzkumn\u00fdch instituc\u00ed a vysok\u00fdch \u0161kol.<\/p>\n","protected":false},"author":35,"featured_media":0,"parent":112,"menu_order":4,"comment_status":"closed","ping_status":"closed","template":"","meta":{"inline_featured_image":false,"footnotes":""},"class_list":["post-691","page","type-page","status-publish","hentry"],"publishpress_future_action":{"enabled":false,"date":"2026-05-02 06:41:44","action":"change-status","newStatus":"draft","terms":[],"taxonomy":"","extraData":[]},"publishpress_future_workflow_manual_trigger":{"enabledWorkflows":[]},"_links":{"self":[{"href":"https:\/\/apiagentura.gov.cz\/cs\/wp-json\/wp\/v2\/pages\/691","targetHints":{"allow":["GET"]}}],"collection":[{"href":"https:\/\/apiagentura.gov.cz\/cs\/wp-json\/wp\/v2\/pages"}],"about":[{"href":"https:\/\/apiagentura.gov.cz\/cs\/wp-json\/wp\/v2\/types\/page"}],"author":[{"embeddable":true,"href":"https:\/\/apiagentura.gov.cz\/cs\/wp-json\/wp\/v2\/users\/35"}],"replies":[{"embeddable":true,"href":"https:\/\/apiagentura.gov.cz\/cs\/wp-json\/wp\/v2\/comments?post=691"}],"version-history":[{"count":0,"href":"https:\/\/apiagentura.gov.cz\/cs\/wp-json\/wp\/v2\/pages\/691\/revisions"}],"up":[{"embeddable":true,"href":"https:\/\/apiagentura.gov.cz\/cs\/wp-json\/wp\/v2\/pages\/112"}],"wp:attachment":[{"href":"https:\/\/apiagentura.gov.cz\/cs\/wp-json\/wp\/v2\/media?parent=691"}],"curies":[{"name":"wp","href":"https:\/\/api.w.org\/{rel}","templated":true}]}}