{"id":744,"date":"2016-08-10T16:00:43","date_gmt":"2016-08-10T15:00:43","guid":{"rendered":"http:\/\/www.ci-api.stage2.goodshape.cz\/?page_id=744"},"modified":"2023-05-11T08:54:47","modified_gmt":"2023-05-11T06:54:47","slug":"aplikace-vyzva-i","status":"publish","type":"page","link":"https:\/\/apiagentura.gov.cz\/cs\/programy-podpory\/aplikace\/aplikace-vyzva-i\/","title":{"rendered":"Aplikace \u2013 V\u00fdzva I"},"content":{"rendered":"<p><\/p>\n<h3>Ozn\u00e1men\u00ed pro \u017eadatele<\/h3>\n<p><strong>14.5.2021:<\/strong> Do\u0161lo k aktualizaci dokumentu P\u0159\u00edru\u010dka administrace \u017e\u00e1dost\u00ed o platbu.<\/p>\n<p>&nbsp;<\/p>\n<hr \/>\n<p style=\"text-align: justify;\">Pokud jsou v\u00a0r\u00e1mci \u017d\u00e1dosti o platbu n\u00e1rokov\u00e1ny osobn\u00ed n\u00e1klady zam\u011bstnanc\u016f ve zp\u016fsobil\u00fdch v\u00fddaj\u00edch projektu, <strong>jsou \u017eadatel\u00e9 od <\/strong><strong>6.10.2020 povinni dolo\u017eit na z\u00e1klad\u011b v\u00fdzvy projektov\u00e9ho mana\u017eera vzorek mzdov\u00fdch list\u016f<\/strong> n\u00e1rokovan\u00fdch zam\u011bstnanc\u016f.\u00a0Jedn\u00e1 se o n\u00e1pravn\u00e9 opat\u0159en\u00ed pro sn\u00ed\u017een\u00ed chybovosti p\u0159i vypl\u0148ov\u00e1n\u00ed mzdov\u00e9 tabulky ze strany \u017eadatel\u016f.<\/p>\n<p>V\u00e1\u017een\u00ed \u017eadatel\u00e9,<\/p>\n<p>Ministerstvo pr\u016fmyslu a obchodu oznamuje, \u017ee se poda\u0159ilo vyjednat v\u00fdrazn\u00e9 zjednodu\u0161en\u00ed implementace programu Aplikace, kter\u00e9 se t\u00fdk\u00e1 zejm\u00e9na administrace \u017e\u00e1dost\u00ed o platbu u projekt\u016f, u kter\u00fdch se uplat\u0148uje v\u00edce m\u011br podpory a tzv. sm\u011bsn\u00fd pom\u011br, kter\u00fd spo\u010d\u00edv\u00e1 v\u00a0uplatn\u011bn\u00ed v\u00e1\u017een\u00e9ho pr\u016fm\u011bru, kdy se na po\u010d\u00e1tku projektu vypo\u010dte z\u00a0rozpo\u010dtov\u00fdch polo\u017eek a m\u011br podpor jedna pr\u016fm\u011brn\u00e1 m\u00edra podpory, kter\u00e1 se pot\u00e9 uplat\u0148uje na v\u0161echny v\u00fddaje projektu ve v\u0161ech etap\u00e1ch. Riziko m\u016f\u017ee nastat v\u00a0etap\u00e1ch, kde v\u00fddaje z\u00a0polo\u017eky s\u00a0ni\u017e\u0161\u00ed m\u00edrou podpory (v programu Aplikace experiment\u00e1ln\u00ed v\u00fdvoj) p\u0159eva\u017euj\u00ed nad polo\u017ekami s\u00a0vy\u0161\u0161\u00ed m\u00edrou podpory (v programu Aplikace pr\u016fmyslov\u00fd v\u00fdzkum). V\u00a0takov\u00e9m p\u0159\u00edpad\u011b bude \u0158\u00eddic\u00ed org\u00e1n kr\u00e1tit eventu\u00e1ln\u00ed p\u0159ekompenzaci (p\u0159eplatek) p\u0159i z\u00e1v\u011bre\u010dn\u00e9 \u017e\u00e1dosti o platbu. Auditn\u00ed org\u00e1n bude v\u00a0r\u00e1mci audit\u016f tuto p\u0159ekompenzaci posuzovat jako podporu poskytnutou ex ante na pr\u016fmyslov\u00fd v\u00fdzkum. Odpad\u00e1 tedy nutnost \u0159e\u0161it p\u0159\u00edpadn\u00e9 p\u0159eplatky v\u00a0r\u00e1mci jednotliv\u00fdch etap projektu.<\/p>\n<hr \/>\n<h3>Uplatn\u011bn\u00ed v\u00fdjimky dle ustanoven\u00ed \u00a7 29 Z\u00e1kona \u010d. 134\/2016 Sb. o zad\u00e1v\u00e1n\u00ed ve\u0159ejn\u00fdch zak\u00e1zek, nebo \u00a7 18 z\u00e1kona \u010d. 137\/2006 Sb.<\/h3>\n<p>Uplatn\u011bn\u00ed v\u00fdjimky dle ustanoven\u00ed \u00a7 29 Z\u00e1kona \u010d. 134\/2016 Sb. o zad\u00e1v\u00e1n\u00ed ve\u0159ejn\u00fdch zak\u00e1zek, nebo \u00a7 18 z\u00e1kona \u010d. 137\/2006 Sb., z\u00e1kon o ve\u0159ejn\u00fdch zak\u00e1zk\u00e1ch, se t\u00fdk\u00e1 po\u0159\u00edzen\u00ed slu\u017eeb pro \u00fa\u010dely projektu v\u00a0oblasti v\u00fdzkumu a v\u00fdvoje a umo\u017e\u0148uje \u017eadatel\u016fm o dotaci \/p\u0159\u00edjemc\u016fm dotace upustit od povinnosti vypsat v\u00fdb\u011brov\u00e9 \u0159\u00edzen\u00ed na po\u0159\u00edzen\u00ed v\u00fd\u0161e zm\u00edn\u011bn\u00fdch slu\u017eeb za p\u0159edpokladu spln\u011bn\u00ed podm\u00ednek uveden\u00fdch v \u00a7 29 Z\u00e1kona \u010d. 134\/2016 Sb. o zad\u00e1v\u00e1n\u00ed ve\u0159ejn\u00fdch zak\u00e1zek, resp. \u00a7 18 z\u00e1kona \u010d. 137\/2006 Sb., z\u00e1kon o ve\u0159ejn\u00fdch zak\u00e1zk\u00e1ch. V\u00fdb\u011br z\u00a0t\u011bchto 2 mo\u017enost\u00ed je podm\u00edn\u011bn dobou uzav\u0159en\u00ed smluvn\u00ed dokumentac\u00ed, tj. v\u00a0dob\u011b platnosti z\u00e1kona \u010d. 137\/2006, nebo z\u00e1kona \u010d. 134\/2016, proto\u017ee realizace n\u011bkter\u00fdch projekt\u016f z\u00a0d\u00e1le uveden\u00fdch program\u016f byla ji\u017e zah\u00e1jena. <strong>Ustanoven\u00ed \u0158\u00edd\u00edc\u00edho org\u00e1nu OP PIK tedy teoreticky mohou vyu\u017e\u00edt \u017eadatel\u00e9 o dotaci\/p\u0159\u00edjemci dotace v\u00a0programech Aplikace, Spolupr\u00e1ce \u2013 Klastry \u2013 kolektivn\u00ed v\u00fdzkum a Proof of Concept. D\u00e1le upozor\u0148ujeme na \u00fa\u010dinnost tohoto ozn\u00e1men\u00ed. Je ji t\u0159eba vn\u00edmat tak, \u017ee se vztahuje nejen na v\u0161echny \u017e\u00e1dost\u00ed o platbu (p\u0159\u00edjemce vyu\u017e\u00edv\u00e1 v\u00fdjimku) podan\u00e9 po 26. 3. 2018, ale i pro v\u0161echny ji\u017e podan\u00e9 \u00a0\u017e\u00e1dosti o platbu (p\u0159\u00edjemce vyu\u017e\u00edv\u00e1 v\u00fdjimku), kter\u00fdm nebyla \u017e\u00e1dost o platbu dosud schv\u00e1lena.<\/strong><\/p>\n<p>V\u00edce informac\u00ed naleznete v novince na webu <a href=\"https:\/\/www.apiagentura.gov.cz\/cs\/oznameni-zadatele-prijemce-dotace-programu-op-pik\/\">API<\/a>, p\u0159\u00edpadn\u011b v p\u016fvodn\u00ed zpr\u00e1v\u011b na webov\u00fdch str\u00e1nk\u00e1ch <a href=\"https:\/\/www.mpo.cz\/cz\/podnikani\/dotace-a-podpora-podnikani\/oppik-2014-2020\/evaluace-a-analyzy\/oznameni-pro-zadatele-prijemce-dotace-programu-op-pik---235228\/\">MPO<\/a>.<\/p>\n<hr \/>\n<h3>Informace pro \u017eadatele<\/h3>\n<p>\u0158\u00eddic\u00ed org\u00e1n OP PIK rozhodl na z\u00e1klad\u011b v\u00fdrazn\u00e9ho p\u0159evisu kvalitn\u00edch projekt\u016f v r\u00e1mci Aplikace \u2013 V\u00fdzva I a s ohledem na usnesen\u00ed vl\u00e1dy \u010cR \u010d. 411\/2016 k v\u00fdro\u010dn\u00ed zpr\u00e1v\u011b o implementaci Dohody o partnerstv\u00ed v programov\u00e9m obdob\u00ed let 2014 a\u017e 2020 o <strong>nav\u00fd\u0161en\u00ed alokace V\u00fdzvy I programu Aplikace OP PIK o 2 mld. K\u010d<\/strong>, z nich\u017e 400 mil. K\u010d bude ur\u010deno pro velk\u00e9 podniky. Z nov\u011b stanoven\u00e9 celkov\u00e9 alokace V\u00fdzvy I programu Aplikace (4 mld. K\u010d) bude pro velk\u00e9 podniky ur\u010dena podpora do v\u00fd\u0161e 1,2 mld. K\u010d.<\/p>\n<hr \/>\n<h3>Upozorn\u011bn\u00ed\u00a0pro \u017eadatele<\/h3>\n<p>V\u00e1\u017een\u00ed \u017eadatel\u00e9, V\u00e1\u017een\u00ed p\u0159\u00edjemci podpory,<\/p>\n<p>s ohledem na skute\u010dnost, \u017ee p\u0159\u00edlohou Rozhodnut\u00ed o poskytnut\u00ed dotace je Rozpo\u010det projektu, je nutn\u00e9 sledovat p\u0159ekro\u010den\u00ed\/nedo\u010derp\u00e1n\u00ed v\u00fddaj\u016f uveden\u00fdch u jednotliv\u00fdch rozpo\u010dtov\u00fdch polo\u017eek v r\u00e1mci ka\u017ed\u00e9 etapy.<\/p>\n<p>P\u0159ed zah\u00e1jen\u00edm editace \u017e\u00e1dost\u00ed o platbu je nutn\u00e9 v p\u0159\u00edpad\u011b nesouladu po\u017eadovan\u00fdch v\u00fddaj\u016f v \u017e\u00e1dosti o platbu se schv\u00e1len\u00fdm Rozpo\u010dtem nejd\u0159\u00edve kontaktovat sv\u00e9ho projektov\u00e9ho mana\u017eera prost\u0159ednictv\u00edm depe\u0161e, kter\u00fd navrhne dal\u0161\u00ed postup.<\/p>\n<p>D\u011bkujeme za spolupr\u00e1ci.<\/p>\n<hr \/>\n<h3>Upozorn\u011bn\u00ed\u00a0pro \u017eadatele<\/h3>\n<p>V\u00e1\u017een\u00ed \u017eadatel\u00e9,<\/p>\n<p>Ve V\u00fdzv\u011b I programu Aplikace byla aktualizov\u00e1na p\u0159\u00edloha <strong>V\u00fdkaz pr\u00e1ce projektov\u00e9ho pracovn\u00edka v\u00a0projektu Aplikace<\/strong>. V\u00a0dokumentu byl <strong>dopln\u011bn \u0159\u00e1dek Dovolen\u00e1 PV\/EV s\u00a0koment\u00e1\u0159em<\/strong>, jak vyplnit dovolenou ve V\u00fdkazu pr\u00e1ce projektov\u00e9ho pracovn\u00edka a v\u00a0dokumentu P\u0159edepsan\u00e9 tabulky pro mzdov\u00e9 n\u00e1klady a cestovn\u00e9.<\/p>\n<p>D\u00e1le byl zve\u0159ejn\u011bn nov\u00fd dokument <strong>P\u0159ehled \u0159e\u0161itelsk\u00e9ho t\u00fdmu<\/strong>. Tabulka slou\u017e\u00ed p\u0159edev\u0161\u00edm pro <strong>\u00fa\u010dely \u017e\u00e1dosti o zm\u011bnu<\/strong>, jej\u00edm\u017e p\u0159edm\u011btem je zm\u011bna \u010dlen\u016f \u0159e\u0161itelsk\u00e9ho t\u00fdmu, v\u00fd\u0161e \u00favazk\u016f jednotliv\u00fdch \u010dlen\u016f t\u00fdmu na projektu nebo za etapu, \u010di v\u00fd\u0161e mzdy pracovn\u00edk\u016f za pr\u00e1ci na projektu. \u017dadatele\/p\u0159\u00edjemce podpory, kte\u0159\u00ed pl\u00e1nuj\u00ed podat \u017e\u00e1dost o zm\u011bnu z v\u00fd\u0161e uveden\u00fdch d\u016fvod\u016f, \u017e\u00e1d\u00e1me, aby tabulky vyu\u017e\u00edvali. Vyu\u017e\u00edv\u00e1n\u00ed tabulky jim uleh\u010d\u00ed pr\u00e1ci p\u0159i vypl\u0148ov\u00e1n\u00ed \u017e\u00e1dosti o platbu a projektov\u00fdm mana\u017eer\u016fm zrychl\u00ed proces administrace p\u0159i kontrole t\u011bchto \u017e\u00e1dost\u00ed. D\u011bkujeme za spolupr\u00e1ci.<\/p>\n<hr \/>\n<h3>Z\u00e1kladn\u00ed charakteristiky:<\/h3>\n<p><strong>Kdo m\u016f\u017ee \u017e\u00e1dat<\/strong>\u00a0(p\u0159\u00edjemci podpory):<\/p>\n<ul>\n<li>\u017dadatelem\/i; p\u0159\u00edjemce\/i podpory mohou b\u00fdt podnikatelsk\u00e9 subjekty a organizace pro v\u00fdzkum a \u0161\u00ed\u0159en\u00ed znalost\u00ed (tj. subjekty spl\u0148uj\u00edc\u00ed definici organizace pro v\u00fdzkum a \u0161\u00ed\u0159en\u00ed znalost\u00ed dle \u010dl. 2, bodu 83 Na\u0159\u00edzen\u00ed Komise (EU) \u010d. 651\/2014); \u017e\u00e1dost o podporu mohou p\u0159edkl\u00e1dat individu\u00e1ln\u00ed subjekty (podniky) i konsorcia slo\u017een\u00e1 z v\u00edce partner\u016f z \u0159ad podnik\u016f a organizac\u00ed pro v\u00fdzkum a \u0161\u00ed\u0159en\u00ed znalost\u00ed; v p\u0159\u00edpad\u011b konsorci\u00ed vystupuje jako hlavn\u00ed p\u0159\u00edjemce\/\u017eadatel v\u017edy jeden subjekt z konsorcia, dal\u0161\u00ed subjekty vystupuj\u00ed jako spolup\u0159\u00edjemci, resp. \u00fa\u010dastn\u00edci projektu, kte\u0159\u00ed maj\u00ed vlastn\u00ed rozpo\u010det a p\u0159\u00edpadn\u011b i odli\u0161n\u00e9 m\u00edry podpory.<\/li>\n<\/ul>\n<p><strong>Kolik lze z\u00edskat na jeden projekt<\/strong>\u00a0(forma a v\u00fd\u0161e podpory):<\/p>\n<ul>\n<li>dotace 1mil. &#8211; 100mil. K\u010d<\/li>\n<li>max. m\u00edra podpory za cel\u00fd projekt: 70% ZV<\/li>\n<\/ul>\n<p><strong>Na co lze z\u00edskat podporu<\/strong>\u00a0(podporovan\u00e9 aktivity):<\/p>\n<ul>\n<li>realizace pr\u016fmyslov\u00e9ho v\u00fdzkumu a experiment\u00e1ln\u00edho v\u00fdvoje ve smyslu \u010cl\u00e1nku 25 Na\u0159\u00edzen\u00ed Komise (EU) \u010d. 651\/2014 ze dne 17. \u010dervna 2014, kter\u00fdm se v souladu s \u010dl\u00e1nky 107 a 108 Smlouvy o ES prohla\u0161uj\u00ed ur\u010dit\u00e9 kategorie podpory za slu\u010diteln\u00e9 s vnit\u0159n\u00edm trhem<\/li>\n<li>podporov\u00e1ny jsou projekty, jejich\u017e v\u00fdstupy se projev\u00ed v odv\u011btv\u00edch vymezen\u00fdch odd\u00edly CZ-NACE C 10 \u2013 11, 13 \u2013 18, 20 &#8211; 33; D 35, E 38; F 41 \u2013 43, J 58, 59, 61 &#8211; 63, M 69 \u2013 72, 74, 75, N 78, S 95 (viz p\u0159\u00edloha v\u00fdzvy \u010d. 3)<\/li>\n<\/ul>\n<p><strong>Jak\u00e9 v\u00fddaje je mo\u017en\u00e9 podpo\u0159it<\/strong>\u00a0(zp\u016fsobil\u00e9 v\u00fddaje):<\/p>\n<ul>\n<li>osobn\u00ed n\u00e1klady: mzdy a pojistn\u00e9 v\u00fdzkumn\u00fdch pracovn\u00edk\u016f, technik\u016f a ostatn\u00edho podp\u016frn\u00e9ho person\u00e1lu v rozsahu nezbytn\u00e9m pro \u00fa\u010dely projektu<\/li>\n<li>n\u00e1klady na n\u00e1stroje, p\u0159\u00edstroje a vybaven\u00ed formou odpis\u016f, v rozsahu a po dobu, kdy jsou vyu\u017e\u00edv\u00e1ny pro \u00fa\u010dely projektu<\/li>\n<li>n\u00e1klady na smluvn\u00ed v\u00fdzkum, poznatky a patenty zakoupen\u00e9 nebo po\u0159\u00edzen\u00e9 v r\u00e1mci licence z vn\u011bj\u0161\u00edch zdroj\u016f za obvykl\u00fdch tr\u017en\u00edch podm\u00ednek a rovn\u011b\u017e n\u00e1klady na poradensk\u00e9 a rovnocenn\u00e9 slu\u017eby vyu\u017eit\u00e9 v\u00fdlu\u010dn\u011b pro \u00fa\u010dely projektu<\/li>\n<li>dodate\u010dn\u00e9 re\u017eijn\u00ed a ostatn\u00ed provozn\u00ed n\u00e1klady v\u010detn\u011b n\u00e1klad\u016f na materi\u00e1l, dod\u00e1vky a podobn\u00e9 v\u00fdrobky, kter\u00e9 vznikly bezprost\u0159edn\u011b v d\u016fsledku projektu<\/li>\n<\/ul>\n<p><strong>Specifika a omezen\u00ed:<\/strong><\/p>\n<ul>\n<li>projekt mus\u00ed b\u00fdt realizov\u00e1n na \u00fazem\u00ed \u010cR mimo hlavn\u00edho m\u011bsta Prahy<\/li>\n<li>shoda projektu s N\u00e1rodn\u00ed RIS3 strategi\u00ed13 bude ov\u011b\u0159ena v r\u00e1mci hodnocen\u00ed projektu<\/li>\n<li>Ka\u017ed\u00fd \u017dadatel (1 I\u010c) je v t\u00e9to v\u00fdzv\u011b opr\u00e1vn\u011bn p\u0159edlo\u017eit maxim\u00e1ln\u011b \u010dty\u0159i projekty (tzn. \u010dty\u0159i aktivn\u00ed \u017e\u00e1dosti 14, ve kter\u00fdch vystupuje jako hlavn\u00ed p\u0159\u00edjemce).\u00a0V p\u0159\u00edpad\u011b projekt\u016f, kter\u00e9 budou pod\u00e1ny ekonomicky nebo person\u00e1ln\u011b spojen\u00fdmi osobami, ovl\u00e1daj\u00edc\u00ed a ovl\u00e1danou osobou ve smyslu z\u00e1kona \u010d. 90\/2012 Sb., z\u00e1kon o obchodn\u00edch spole\u010dnostech a dru\u017estvech v platn\u00e9m zn\u011bn\u00ed, bude rovn\u011b\u017e pou\u017eito omezen\u00ed maxim\u00e1ln\u011b \u010dty\u0159 projekt\u016f.<\/li>\n<\/ul>\n<p><strong>Syst\u00e9m sb\u011bru \u017e\u00e1dost\u00ed:<\/strong><\/p>\n<ul>\n<li>kolov\u00fd<\/li>\n<\/ul>\n<p>&nbsp;<\/p>","protected":false},"excerpt":{"rendered":"<p>Jste podnikatelsk\u00fdm subjektem \u010di organizac\u00ed pro v\u00fdzkum a \u0161\u00ed\u0159en\u00ed znalost\u00ed a m\u00e1te v pl\u00e1nu realizovat pr\u016fmyslov\u00fd v\u00fdzkum a experiment\u00e1ln\u00ed v\u00fdvoj? Jestli\u017ee ano, potom je program Aplikace ur\u010den pr\u00e1v\u011b pro V\u00e1s.<\/p>\n","protected":false},"author":35,"featured_media":0,"parent":114,"menu_order":1,"comment_status":"closed","ping_status":"closed","template":"","meta":{"inline_featured_image":false,"footnotes":""},"class_list":["post-744","page","type-page","status-publish","hentry"],"publishpress_future_action":{"enabled":false,"date":"2026-05-02 07:40:20","action":"change-status","newStatus":"draft","terms":[],"taxonomy":"","extraData":[]},"publishpress_future_workflow_manual_trigger":{"enabledWorkflows":[]},"_links":{"self":[{"href":"https:\/\/apiagentura.gov.cz\/cs\/wp-json\/wp\/v2\/pages\/744","targetHints":{"allow":["GET"]}}],"collection":[{"href":"https:\/\/apiagentura.gov.cz\/cs\/wp-json\/wp\/v2\/pages"}],"about":[{"href":"https:\/\/apiagentura.gov.cz\/cs\/wp-json\/wp\/v2\/types\/page"}],"author":[{"embeddable":true,"href":"https:\/\/apiagentura.gov.cz\/cs\/wp-json\/wp\/v2\/users\/35"}],"replies":[{"embeddable":true,"href":"https:\/\/apiagentura.gov.cz\/cs\/wp-json\/wp\/v2\/comments?post=744"}],"version-history":[{"count":0,"href":"https:\/\/apiagentura.gov.cz\/cs\/wp-json\/wp\/v2\/pages\/744\/revisions"}],"up":[{"embeddable":true,"href":"https:\/\/apiagentura.gov.cz\/cs\/wp-json\/wp\/v2\/pages\/114"}],"wp:attachment":[{"href":"https:\/\/apiagentura.gov.cz\/cs\/wp-json\/wp\/v2\/media?parent=744"}],"curies":[{"name":"wp","href":"https:\/\/api.w.org\/{rel}","templated":true}]}}