{"id":8,"date":"2016-05-25T14:19:18","date_gmt":"2016-05-25T13:19:18","guid":{"rendered":"http:\/\/www.ci-api.stage2.goodshape.cz\/?page_id=8"},"modified":"2025-06-26T16:47:16","modified_gmt":"2025-06-26T14:47:16","slug":"o-api","status":"publish","type":"page","link":"https:\/\/apiagentura.gov.cz\/cs\/o-api\/","title":{"rendered":"O API"},"content":{"rendered":"<div id=\"pl-8\"  class=\"panel-layout\" ><div id=\"pg-8-0\"  class=\"panel-grid panel-no-style\" ><div id=\"pgc-8-0-0\"  class=\"panel-grid-cell\" ><div id=\"panel-8-0-0-0\" class=\"so-panel widget widget_sow-editor panel-first-child panel-last-child\" data-index=\"0\" ><div\n\t\t\t\n\t\t\tclass=\"so-widget-sow-editor so-widget-sow-editor-base\"\n\t\t\t\n\t\t>\n<div class=\"siteorigin-widget-tinymce textwidget\">\n\t<p class=\"text20\" style=\"text-align: justify;\">je <strong>st\u00e1tn\u00ed p\u0159\u00edsp\u011bvkov\u00e1 organizace<\/strong> s celost\u00e1tn\u00ed p\u016fsobnost\u00ed <strong>pod\u0159\u00edzen\u00e1 Ministerstvu pr\u016fmyslu a obchodu \u010cR<\/strong>. Je zprost\u0159edkuj\u00edc\u00edm subjektem pro dota\u010dn\u00ed podporu z <a href=\"https:\/\/apiagentura.gov.cz\/cs\/op-tak\/\"><strong>Opera\u010dn\u00edho programu Technologie a aplikace pro konkurenceschopnost<\/strong><\/a> (OP TAK 2021 \u2013 2027).<\/p>\n<p class=\"text20\" style=\"text-align: justify;\">API byla z\u0159\u00edzena z\u00e1konem \u010d. 149\/2016 Sb., kter\u00fdm se m\u011bn\u00ed z\u00e1kon \u010d. 47\/2002 Sb., o podpo\u0159e mal\u00e9ho a st\u0159edn\u00edho podnik\u00e1n\u00ed a o zm\u011bn\u011b z\u00e1kona \u010d. 2\/1969 Sb., o z\u0159\u00edzen\u00ed ministerstev a jin\u00fdch \u00fast\u0159edn\u00edch org\u00e1n\u016f st\u00e1tn\u00ed spr\u00e1vy \u010cesk\u00e9 republiky, ve zn\u011bn\u00ed pozd\u011bj\u0161\u00edch p\u0159edpis\u016f, s \u00fa\u010dinnost\u00ed od 1. \u010dervna 2016.<\/p>\n<p class=\"text20\" style=\"text-align: justify;\">API je slu\u017eebn\u00ed \u00fa\u0159ad, kter\u00fd se \u0159\u00edd\u00ed z\u00e1konem \u010d. 234\/2014 Sb., o st\u00e1tn\u00ed slu\u017eb\u011b, ve zn\u011bn\u00ed pozd\u011bj\u0161\u00edch p\u0159edpis\u016f.<\/p>\n<\/div>\n<\/div><\/div><\/div><\/div><div id=\"pg-8-1\"  class=\"panel-grid panel-has-style\" ><div class=\"panel-row-style panel-row-style-for-8-1\" ><div id=\"pgc-8-1-0\"  class=\"panel-grid-cell\" ><div id=\"panel-8-1-0-0\" class=\"so-panel widget widget_sow-button panel-first-child\" data-index=\"1\" ><div class=\"panel-widget-style panel-widget-style-for-8-1-0-0\" ><div\n\t\t\t\n\t\t\tclass=\"so-widget-sow-button so-widget-sow-button-flat-12014aa9ff0a-8\"\n\t\t\t\n\t\t><div class=\"ow-button-base ow-button-align-left\"\n>\n\t\t\t<a\n\t\t\t\tclass=\"sowb-button ow-icon-placement-left ow-button-hover\" \t>\n\t\t<span>\n\t\t\t\t\t\t\t<div class=\"sow-icon-image\" style=\"background-image: url(https:\/\/apiagentura.gov.cz\/wp-content\/uploads\/2025\/02\/navrh-bez-nazvu-1.svg)\"><\/div>\n\t\t\t\t\n\t\t\tAdministrujeme dota\u010dn\u00ed projekty podpo\u0159en\u00e9 z OP TAK\t\t<\/span>\n\t\t\t<\/a>\n\t<\/div>\n<\/div><\/div><\/div><div id=\"panel-8-1-0-1\" class=\"so-panel widget widget_sow-editor panel-last-child\" data-index=\"2\" ><div class=\"panel-widget-style panel-widget-style-for-8-1-0-1\" ><div\n\t\t\t\n\t\t\tclass=\"so-widget-sow-editor so-widget-sow-editor-base\"\n\t\t\t\n\t\t>\n<div class=\"siteorigin-widget-tinymce textwidget\">\n\t<p style=\"text-align: left;\">Konzultujeme a spravujeme va\u0161e projekty od prvotn\u00edho n\u00e1padu, p\u0159es realizaci, a\u017e po udr\u017eitelnost.<\/p>\n<\/div>\n<\/div><\/div><\/div><\/div><\/div><\/div><div id=\"pg-8-2\"  class=\"panel-grid panel-no-style\" ><div id=\"pgc-8-2-0\"  class=\"panel-grid-cell\" ><div id=\"panel-8-2-0-0\" class=\"so-panel widget widget_sow-button panel-first-child\" data-index=\"3\" ><div class=\"panel-widget-style panel-widget-style-for-8-2-0-0\" ><div\n\t\t\t\n\t\t\tclass=\"so-widget-sow-button so-widget-sow-button-flat-12014aa9ff0a-8\"\n\t\t\t\n\t\t><div class=\"ow-button-base ow-button-align-left\"\n>\n\t\t\t<a\n\t\t\t\tclass=\"sowb-button ow-icon-placement-left ow-button-hover\" \t>\n\t\t<span>\n\t\t\t\t\t\t\t<div class=\"sow-icon-image\" style=\"background-image: url(https:\/\/apiagentura.gov.cz\/wp-content\/uploads\/2025\/02\/navrh-bez-nazvu-1.svg)\"><\/div>\n\t\t\t\t\n\t\t\tPom\u00e1h\u00e1me rozv\u00edjet podnikatelsk\u00e9 a inova\u010dn\u00ed prost\u0159ed\u00ed v \u010cR\t\t<\/span>\n\t\t\t<\/a>\n\t<\/div>\n<\/div><\/div><\/div><div id=\"panel-8-2-0-1\" class=\"so-panel widget widget_sow-editor panel-last-child\" data-index=\"4\" ><div class=\"panel-widget-style panel-widget-style-for-8-2-0-1\" ><div\n\t\t\t\n\t\t\tclass=\"so-widget-sow-editor so-widget-sow-editor-base\"\n\t\t\t\n\t\t>\n<div class=\"siteorigin-widget-tinymce textwidget\">\n\t<p style=\"text-align: justify;\">C\u00edl\u00edme na \u0161irok\u00e9 spektrum rozvojov\u00fdch a inova\u010dn\u00edch pot\u0159eb podnik\u016f v\u0161ech velikost\u00ed. Podporujeme podnikatelsk\u00e9 projekty v oblasti v\u00fdzkumu, v\u00fdvoje a inovac\u00ed, digitalizace a technologick\u00e9ho v\u00fdvoje, \u00faspory energi\u00ed a vyu\u017eit\u00ed obnoviteln\u00fdch zdroj\u016f energi\u00ed, chytr\u00e9 a udr\u017eiteln\u00e9 energetiky nebo cirkul\u00e1rn\u00ed ekonomiky.<\/p>\n<\/div>\n<\/div><\/div><\/div><\/div><\/div><div id=\"pg-8-3\"  class=\"panel-grid panel-no-style\" ><div id=\"pgc-8-3-0\"  class=\"panel-grid-cell\" ><div id=\"panel-8-3-0-0\" class=\"so-panel widget widget_sow-button panel-first-child\" data-index=\"5\" ><div class=\"panel-widget-style panel-widget-style-for-8-3-0-0\" ><div\n\t\t\t\n\t\t\tclass=\"so-widget-sow-button so-widget-sow-button-flat-12014aa9ff0a-8\"\n\t\t\t\n\t\t><div class=\"ow-button-base ow-button-align-left\"\n>\n\t\t\t<a\n\t\t\t\tclass=\"sowb-button ow-icon-placement-left ow-button-hover\" \t>\n\t\t<span>\n\t\t\t\t\t\t\t<div class=\"sow-icon-image\" style=\"background-image: url(https:\/\/apiagentura.gov.cz\/wp-content\/uploads\/2025\/02\/navrh-bez-nazvu-1.svg)\"><\/div>\n\t\t\t\t\n\t\t\tPoskytujeme informa\u010dn\u00ed servis a metodick\u00e9 poradenstv\u00ed\t\t<\/span>\n\t\t\t<\/a>\n\t<\/div>\n<\/div><\/div><\/div><div id=\"panel-8-3-0-1\" class=\"so-panel widget widget_sow-editor panel-last-child\" data-index=\"6\" ><div class=\"panel-widget-style panel-widget-style-for-8-3-0-1\" ><div\n\t\t\t\n\t\t\tclass=\"so-widget-sow-editor so-widget-sow-editor-base\"\n\t\t\t\n\t\t>\n<div class=\"siteorigin-widget-tinymce textwidget\">\n\t<p style=\"text-align: justify;\">Informujeme o mo\u017enostech dota\u010dn\u00ed podpory rozvoje podnik\u00e1n\u00ed z OP TAK. Po\u0159\u00e1d\u00e1me odborn\u00e9 semin\u00e1\u0159e a poskytujeme metodickou podporu.<\/p>\n<\/div>\n<\/div><\/div><\/div><\/div><\/div><div id=\"pg-8-4\"  class=\"panel-grid panel-has-style\" ><div class=\"panel-row-style panel-row-style-for-8-4\" ><div id=\"pgc-8-4-0\"  class=\"panel-grid-cell\" ><div id=\"panel-8-4-0-0\" class=\"so-panel widget widget_sow-editor panel-first-child panel-last-child\" data-index=\"7\" ><div\n\t\t\t\n\t\t\tclass=\"so-widget-sow-editor so-widget-sow-editor-base\"\n\t\t\t\n\t\t>\n<div class=\"siteorigin-widget-tinymce textwidget\">\n\t<h6><strong>Projekty realizovan\u00e9 API v r\u00e1mci OP PIK<\/strong><\/h6>\n<p>Seznam projekt\u016f realizovan\u00fdch API v r\u00e1mci OP PIK k nahl\u00e9dnut\u00ed\u00a0<span style=\"text-decoration: underline;\"><a href=\"https:\/\/www.apiagentura.gov.cz\/wp-content\/uploads\/2021\/02\/seznam-projektu-api-v-oppik.pdf\">zde<\/a><\/span>.<\/p>\n<h6><strong>Projekty realizovan\u00e9 API v r\u00e1mci OP TAK<\/strong><\/h6>\n<p>Seznam projekt\u016f realizovan\u00fdch API v r\u00e1mci OP TAK k nahl\u00e9dnut\u00ed <span style=\"text-decoration: underline;\"><a href=\"https:\/\/www.apiagentura.gov.cz\/wp-content\/uploads\/2024\/02\/seznam-projektu-api-v-op-tak.pdf\">zde<\/a><\/span>.<\/p>\n<h6><strong>Zpracov\u00e1n\u00ed osobn\u00edch \u00fadaj\u016f - GDPR<\/strong><\/h6>\n<p style=\"text-align: justify;\">API zpracov\u00e1v\u00e1 osobn\u00ed \u00fadaje v\u00a0souladu s\u00a0po\u017eadavky Na\u0159\u00edzen\u00ed Evropsk\u00e9ho parlamentu a Rady (EU) \u010d. 2016\/679 o ochran\u011b fyzick\u00fdch osob v\u00a0souvislosti se zpracov\u00e1n\u00edm osobn\u00edch \u00fadaj\u016f a o voln\u00e9m pohybu t\u011bchto \u00fadaj\u016f (Obecn\u00e9 na\u0159\u00edzen\u00ed o ochran\u011b osobn\u00edch \u00fadaj\u016f; GDPR)<\/p>\n<p>Kontaktn\u00ed adresa Pov\u011b\u0159ence pro ochranu osobn\u00edch \u00fadaj\u016f API: tel.: +420 224 851 111, email: <span style=\"text-decoration: underline;\"><a href=\"mailto:poverenec@mpo.gov.cz\">poverenec@mpo.gov.cz<\/a><\/span>.<\/p>\n<h6>Dokumenty<\/h6>\n<ul>\n<li>Prohl\u00e1\u0161en\u00ed o zpracov\u00e1n\u00ed osobn\u00edch \u00fadaj\u016f; k dispozici <span style=\"text-decoration: underline;\"><a href=\"https:\/\/www.apiagentura.gov.cz\/wp-content\/uploads\/2024\/10\/prohlaseni-o-zpracovani-osobnich-udaju.pdf\">zde<\/a><\/span>.<\/li>\n<li>Pr\u00e1va Subjektu \u00fadaj\u016f; k dispozici <span style=\"text-decoration: underline;\"><a href=\"https:\/\/www.apiagentura.gov.cz\/wp-content\/uploads\/2024\/10\/prava-subjektu-udaju.pdf\">zde<\/a><\/span>.<\/li>\n<li>\u017d\u00e1dost Subjektu osobn\u00edch \u00fadaj\u016f; k dispozici <span style=\"text-decoration: underline;\"><a href=\"https:\/\/www.apiagentura.gov.cz\/wp-content\/uploads\/2024\/10\/zadost-subjektu-osobnich-udaju.pdf\">zde<\/a><\/span>.<\/li>\n<li>Z\u00e1znamy o \u010dinnostech zpracov\u00e1n\u00ed osobn\u00edch \u00fadaj\u016f; k dispozici <span style=\"text-decoration: underline;\"><a href=\"https:\/\/www.apiagentura.gov.cz\/wp-content\/uploads\/2024\/10\/zaznam-o-cinnostech-zpracovani-osobnich-udaju.pdf\">zde<\/a><\/span>.<\/li>\n<li>Souhlas se zpracov\u00e1n\u00edm osobn\u00edch \u00fadaj\u016f; k dispozici <span style=\"text-decoration: underline;\"><a href=\"https:\/\/www.apiagentura.gov.cz\/wp-content\/uploads\/2024\/10\/souhlas-se-zpracovanim-osobnich-udaju.pdf\">zde<\/a><\/span>.<\/li>\n<li>Seznam zpracovatel\u016f osobn\u00edch \u00fadaj\u016f veden\u00fdch API; k\u00a0dispozici <span style=\"text-decoration: underline;\"><a href=\"https:\/\/www.apiagentura.gov.cz\/wp-content\/uploads\/2024\/10\/seznam-zpracovatelu-osobnich-udaju-vedenych-api.pdf\">zde<\/a><\/span>.<\/li>\n<\/ul>\n<h6>Transpozice sm\u011brnice Evropsk\u00e9ho parlamentu a Rady (EU) 2019\/1937 o ochran\u011b osob, kter\u00e9 oznamuj\u00ed poru\u0161en\u00ed pr\u00e1va Unie<\/h6>\n<p>K dispozici <span style=\"text-decoration: underline;\"><a href=\"https:\/\/www.apiagentura.gov.cz\/wp-content\/uploads\/2021\/12\/transpozice-smernice-ep-.pdf\">zde<\/a><\/span>.<\/p>\n<\/div>\n<\/div><\/div><\/div><\/div><\/div><\/div>","protected":false},"excerpt":{"rendered":"<p>je st\u00e1tn\u00ed p\u0159\u00edsp\u011bvkov\u00e1 organizace s celost\u00e1tn\u00ed p\u016fsobnost\u00ed pod\u0159\u00edzen\u00e1 Ministerstvu pr\u016fmyslu a obchodu \u010cR. Je zprost\u0159edkuj\u00edc\u00edm subjektem pro dota\u010dn\u00ed podporu z Opera\u010dn\u00edho programu Technologie a aplikace pro konkurenceschopnost (OP TAK 2021 \u2013 2027). API byla z\u0159\u00edzena z\u00e1konem \u010d. 149\/2016 Sb., kter\u00fdm se m\u011bn\u00ed z\u00e1kon \u010d. 47\/2002 Sb., o podpo\u0159e mal\u00e9ho a st\u0159edn\u00edho podnik\u00e1n\u00ed a o zm\u011bn\u011b [&hellip;]<\/p>\n","protected":false},"author":35,"featured_media":0,"parent":0,"menu_order":49,"comment_status":"closed","ping_status":"closed","template":"","meta":{"inline_featured_image":false,"footnotes":""},"class_list":["post-8","page","type-page","status-publish","hentry"],"publishpress_future_action":{"enabled":false,"date":"2026-05-06 16:39:11","action":"change-status","newStatus":"draft","terms":[],"taxonomy":"","extraData":[]},"publishpress_future_workflow_manual_trigger":{"enabledWorkflows":[]},"_links":{"self":[{"href":"https:\/\/apiagentura.gov.cz\/cs\/wp-json\/wp\/v2\/pages\/8","targetHints":{"allow":["GET"]}}],"collection":[{"href":"https:\/\/apiagentura.gov.cz\/cs\/wp-json\/wp\/v2\/pages"}],"about":[{"href":"https:\/\/apiagentura.gov.cz\/cs\/wp-json\/wp\/v2\/types\/page"}],"author":[{"embeddable":true,"href":"https:\/\/apiagentura.gov.cz\/cs\/wp-json\/wp\/v2\/users\/35"}],"replies":[{"embeddable":true,"href":"https:\/\/apiagentura.gov.cz\/cs\/wp-json\/wp\/v2\/comments?post=8"}],"version-history":[{"count":0,"href":"https:\/\/apiagentura.gov.cz\/cs\/wp-json\/wp\/v2\/pages\/8\/revisions"}],"wp:attachment":[{"href":"https:\/\/apiagentura.gov.cz\/cs\/wp-json\/wp\/v2\/media?parent=8"}],"curies":[{"name":"wp","href":"https:\/\/api.w.org\/{rel}","templated":true}]}}