{"id":820,"date":"2016-08-10T16:42:36","date_gmt":"2016-08-10T15:42:36","guid":{"rendered":"http:\/\/www.ci-api.stage2.goodshape.cz\/?page_id=820"},"modified":"2021-11-22T20:03:14","modified_gmt":"2021-11-22T19:03:14","slug":"nemovitosti-vyzva-i","status":"publish","type":"page","link":"https:\/\/apiagentura.gov.cz\/cs\/programy-podpory\/nemovitosti\/nemovitosti-vyzva-i\/","title":{"rendered":"Nemovitosti &#8211; V\u00fdzva I"},"content":{"rendered":"<p><\/p>\n<h3>Upozorn\u011bn\u00ed pro \u017eadatele<\/h3>\n<p>Z\u00a0d\u016fvodu pot\u0159eby \u0158\u00eddic\u00edho org\u00e1nu sledovat a vyhodnocovat na \u00farovni programu Nemovitosti pln\u011bn\u00ed o\u010dek\u00e1van\u00fdch p\u0159\u00ednos\u016f projekt\u016f, kter\u00e9 p\u0159\u00edjemci dotace deklaruj\u00ed v\u00a0r\u00e1mci p\u0159edkl\u00e1dan\u00fdch \u017e\u00e1dost\u00ed o podporu, <strong>doch\u00e1z\u00ed s\u00a0platnost\u00ed od 1. 1. 2019 k\u00a0roz\u0161\u00ed\u0159en\u00ed po\u017eadovan\u00fdch informac\u00ed, kter\u00e9 p\u0159\u00edjemci dotace budou vykazovat v\u00a0r\u00e1mci Zpr\u00e1v o udr\u017eitelnosti<\/strong> (ZoU). Jedn\u00e1 se zejm\u00e9na o n\u00e1sleduj\u00edc\u00ed informace v\u00e1zan\u00e9 k\u00a0zrealizovan\u00e9mu projektu:<\/p>\n<ol>\n<li>zv\u00fd\u0161en\u00ed\/zm\u011bna objemu v\u00fdroby,<\/li>\n<li>zv\u00fd\u0161en\u00ed pod\u00edlu exportu na v\u00fdkonech,<\/li>\n<li>zv\u00fd\u0161en\u00ed\/zm\u011bna po\u010dtu pracovn\u00edch m\u00edst v\u00a0d\u016fsledku projektu,<\/li>\n<li>zv\u00fd\u0161en\u00ed\/zlep\u0161en\u00ed efektivnosti v\u00fdroby.<\/li>\n<\/ol>\n<p>V\u00fd\u0161e zm\u00edn\u011bn\u00e9 informace, a\u0165 ji\u017e pozitivn\u00ed, nebo negativn\u00ed (obsah informace nebude m\u00edt dopad na realizovanou akci), uv\u00e1d\u011bjte, pros\u00edm, do textov\u00e9 \u010d\u00e1sti zpr\u00e1vy. Z\u00e1rove\u0148 sv\u00e1 tvrzen\u00ed podlo\u017ete relevantn\u00edmi podklady, p\u0159\u00edpadn\u011b na n\u011b odka\u017ete, pokud tyto jsou um\u00edst\u011bny nap\u0159. na ve\u0159ejn\u011b dostupn\u00fdch rejst\u0159\u00edc\u00edch.<\/p>\n<hr \/>\n<h3 style=\"text-align: left;\">Upozorn\u011bn\u00ed\u00a0&#8211; Ukon\u010den\u00ed p\u0159\u00edjmu \u017d\u00e1dost\u00ed o podporu:<\/h3>\n<p style=\"text-align: left;\">V\u00e1\u017een\u00ed \u017eadatel\u00e9,<\/p>\n<p style=\"text-align: left;\">dovolujeme si v\u00e1s informovat, \u017ee dne 26. 1. 2016 v\u00a09:00 hod. bude v\u00a0souladu s\u00a0pravidly V\u00fdzvy ukon\u010den p\u0159\u00edjem \u017d\u00e1dost\u00ed o podporu v programu NEMOVITOSTI I. Po\u017eadovan\u00e1 alokace v\u00a0podan\u00fdch \u017e\u00e1dostech ji\u017e dos\u00e1hla hranice 2,5 mld K\u010d.<\/p>\n<hr \/>\n<h3 style=\"text-align: left;\">Z\u00e1kladn\u00ed charakteristiky:<\/h3>\n<p style=\"text-align: left;\"><strong>Kdo m\u016f\u017ee \u017e\u00e1dat\u00a0(p\u0159\u00edjemci podpory):<\/strong><\/p>\n<ul style=\"text-align: left;\">\n<li style=\"text-align: justify;\">podnikatelsk\u00fd subjekt z kategorie mal\u00fd a st\u0159edn\u00ed podnik, kter\u00fd je z\u00e1rove\u0148 vlastn\u00edk a u\u017eivatel nemovitosti a jeho\u017e odv\u011btvov\u00e9 vymezen\u00ed \u010dinnosti je podporovan\u00e9 v\u00a0r\u00e1mci programu<\/li>\n<\/ul>\n<p style=\"text-align: left;\"><strong>Kolik lze z\u00edskat na jeden projekt\u00a0(forma a v\u00fd\u0161e podpory):<\/strong><\/p>\n<ul style=\"text-align: left;\">\n<li style=\"text-align: justify;\">dotace 1 mil. &#8211; 200 mil. K\u010d<\/li>\n<li style=\"text-align: justify;\">max. v\u00fd\u0161e podpory: mal\u00fd podnik 45% ZV, st\u0159edn\u00ed podnik 35% ZV<\/li>\n<\/ul>\n<p style=\"text-align: left;\"><strong>Na co lze z\u00edskat podporu\u00a0(podporovan\u00e9 aktivity):<\/strong><\/p>\n<ul style=\"text-align: left;\">\n<li style=\"text-align: justify;\">modernizace v\u00fdrobn\u00edch provoz\u016f a rekonstrukce st\u00e1vaj\u00edc\u00ed zastaral\u00e9 infrastruktury a rekonstrukce objekt\u016f typu brownfield a jejich p\u0159em\u011bna na modern\u00ed podnikatelsk\u00e9 objekty<\/li>\n<li style=\"text-align: justify;\">v r\u00e1mci programu bude mo\u017en\u00e9 podpo\u0159it investice do stavebn\u00edch \u00faprav v\u010detn\u011b demolice p\u016fvodn\u00edch staveb a v\u00fdstavby novostaveb<\/li>\n<li style=\"text-align: justify;\">podporovan\u00e9 projekty jsou rozd\u011bleny na n\u00e1sleduj\u00edc\u00ed typy projekt\u016f:<\/li>\n<\/ul>\n<p style=\"text-align: left;\"><strong>Projekt revitalizace plochy pro vlastn\u00ed podnik\u00e1n\u00ed<\/strong>\u00a0\u2013 projekt, jeho\u017e realizac\u00ed vzniknou investi\u010dn\u011b p\u0159ipraven\u00e9 plochy v r\u00e1mci v\u00fdstavby nov\u00e9 plochy pro vlastn\u00ed podnik\u00e1n\u00ed nebo jeho\u017e realizac\u00ed dojde ke zv\u00fd\u0161en\u00ed kvality nebo vyu\u017eitelnosti ploch st\u00e1vaj\u00edc\u00edch k\u00a0prov\u00e1d\u011bn\u00ed \u010dinnost\u00ed v\u00a0uveden\u00fdch v\u00a0seznamu podporovan\u00fdch CZ-NACE (P\u0159\u00edloha \u010d. 1).<\/p>\n<p style=\"text-align: left;\"><strong>Projekt rekonstrukce objektu<\/strong>\u00a0\u2013 projekt, jeho\u017e realizac\u00ed dojde k rekonstrukci technicky nevyhovuj\u00edc\u00edho objektu nebo objektu typu brownfield na podnikatelsk\u00fd objekt k\u00a0prov\u00e1d\u011bn\u00ed \u010dinnost\u00ed v\u00a0uveden\u00fdch v\u00a0seznamu podporovan\u00fdch CZ-NACE (P\u0159\u00edloha \u010d. 1).<\/p>\n<p style=\"text-align: left;\"><strong>Jak\u00e9 v\u00fddaje je mo\u017en\u00e9 podpo\u0159it<\/strong>\u00a0(zp\u016fsobil\u00e9 v\u00fddaje)<strong>:<\/strong><\/p>\n<ul style=\"text-align: left;\">\n<li style=\"text-align: justify;\">Dlouhodob\u00fd hmotn\u00fd majetek<\/li>\n<\/ul>\n<p style=\"text-align: left; padding-left: 30px;\">&#8211; n\u00e1kup \u010di \u00faprava pozemk\u016f, n\u00e1kup, rekonstrukce, modernizace, \u00fapravy, v\u00fdstavba \u010di odstran\u011bn\u00ed stavby, in\u017een\u00fdrsk\u00e9 s\u00edt\u011b, komunikace ke stavb\u00e1m, hardware a s\u00edt\u011b, pokud jsou bezprost\u0159edn\u011b nutn\u00e9 pro bezpe\u010dn\u00fd provoz budovy, technick\u00e1 za\u0159\u00edzen\u00ed budov<\/p>\n<p style=\"text-align: left; padding-left: 30px;\">&#8211; dal\u0161\u00ed n\u00e1klady souvisej\u00edc\u00ed se stavbou, kter\u00e9 budou zahrnuty do dlouhodob\u00e9ho hmotn\u00e9ho majetku (zejm\u00e9na slu\u017eby expert\u016f, studie, projektov\u00e1 a in\u017een\u00fdrsk\u00e1 \u010dinnost, kter\u00e1 bezprost\u0159edn\u011b souvis\u00ed s realizac\u00ed projektu)<\/p>\n<p style=\"text-align: left;\"><strong>Specifika a omezen\u00ed:<\/strong><\/p>\n<ul style=\"text-align: left;\">\n<li style=\"text-align: justify;\">projekt mus\u00ed b\u00fdt realizov\u00e1n na \u00fazem\u00ed \u010cR mimo hlavn\u00edho m\u011bsta Prahy<\/li>\n<li style=\"text-align: justify;\">v\u0161echny nemovitosti v r\u00e1mci p\u0159edkl\u00e1dan\u00e9ho projektu mus\u00ed b\u00fdt registrov\u00e1ny v\u00a0N\u00e1rodn\u00ed datab\u00e1zi brownfields (www.brownfieldy.cz)<\/li>\n<li style=\"text-align: justify;\">Ka\u017ed\u00fd \u017dadatel je v\u00a0t\u00e9to V\u00fdzv\u011b opr\u00e1vn\u011bn p\u0159edlo\u017eit maxim\u00e1ln\u011b \u010dty\u0159i projekty (tzn. \u010dty\u0159i aktivn\u00ed \u017e\u00e1dosti) na jedno I\u010c<\/li>\n<\/ul>\n<p style=\"text-align: left;\"><strong>Syst\u00e9m sb\u011bru \u017e\u00e1dost\u00ed:<\/strong><\/p>\n<ul>\n<li style=\"text-align: left;\">kontinu\u00e1ln\u00ed<\/li>\n<\/ul>\n<p><\/p>","protected":false},"excerpt":{"rendered":"<p>Jste mal\u00fdm a st\u0159edn\u00edm podnikem a rozhodli jste se modernizovat Va\u0161i podnikatelskou nemovitost? M\u00e1te v pl\u00e1nu rekonstruovat zastaralou infrastrukturu \u010di p\u0159em\u011bnit brownfield na modern\u00ed podnikatelsk\u00fd objekt? Pr\u00e1v\u011b pro V\u00e1s je ur\u010den program Nemovitosti.<\/p>\n","protected":false},"author":1,"featured_media":0,"parent":130,"menu_order":0,"comment_status":"closed","ping_status":"closed","template":"","meta":{"inline_featured_image":false,"footnotes":""},"class_list":["post-820","page","type-page","status-publish","hentry"],"publishpress_future_action":{"enabled":false,"date":"2026-05-02 07:44:48","action":"change-status","newStatus":"draft","terms":[],"taxonomy":"","extraData":[]},"publishpress_future_workflow_manual_trigger":{"enabledWorkflows":[]},"_links":{"self":[{"href":"https:\/\/apiagentura.gov.cz\/cs\/wp-json\/wp\/v2\/pages\/820","targetHints":{"allow":["GET"]}}],"collection":[{"href":"https:\/\/apiagentura.gov.cz\/cs\/wp-json\/wp\/v2\/pages"}],"about":[{"href":"https:\/\/apiagentura.gov.cz\/cs\/wp-json\/wp\/v2\/types\/page"}],"author":[{"embeddable":true,"href":"https:\/\/apiagentura.gov.cz\/cs\/wp-json\/wp\/v2\/users\/1"}],"replies":[{"embeddable":true,"href":"https:\/\/apiagentura.gov.cz\/cs\/wp-json\/wp\/v2\/comments?post=820"}],"version-history":[{"count":0,"href":"https:\/\/apiagentura.gov.cz\/cs\/wp-json\/wp\/v2\/pages\/820\/revisions"}],"up":[{"embeddable":true,"href":"https:\/\/apiagentura.gov.cz\/cs\/wp-json\/wp\/v2\/pages\/130"}],"wp:attachment":[{"href":"https:\/\/apiagentura.gov.cz\/cs\/wp-json\/wp\/v2\/media?parent=820"}],"curies":[{"name":"wp","href":"https:\/\/api.w.org\/{rel}","templated":true}]}}