{"id":84,"date":"2016-06-27T13:23:30","date_gmt":"2016-06-27T12:23:30","guid":{"rendered":"http:\/\/www.ci-api.dev\/?page_id=84"},"modified":"2023-10-20T14:54:28","modified_gmt":"2023-10-20T12:54:28","slug":"op-pik-obecne","status":"publish","type":"page","link":"https:\/\/apiagentura.gov.cz\/cs\/op-pik-obecne\/","title":{"rendered":"OP PIK"},"content":{"rendered":"<p><\/p>\n<div class=\"methodology-buttons\"><a class=\"btn\" href=\"https:\/\/www.apiagentura.gov.cz\/cs\/programy-podpory\/\">Programy podpory<\/a><br \/>\n<a class=\"btn\" href=\"https:\/\/www.apiagentura.gov.cz\/cs\/metodika\/\">Metodika<\/a><br \/>\n<a class=\"btn\" href=\"https:\/\/www.apiagentura.gov.cz\/cs\/is-kp14\/\">IS KP14+<\/a><br \/>\n<a class=\"btn\" href=\"https:\/\/www.apiagentura.gov.cz\/cs\/op-pik-obecne\/statistiky\/\">Statistiky<\/a><\/div>\n<p style=\"text-align: left;\"><strong>Opera\u010dn\u00ed program Podnik\u00e1n\u00ed a inovace pro konkurenceschopnost (d\u00e1le OP PIK)<\/strong> je st\u011b\u017eejn\u00edm programem pro podporu \u010desk\u00fdch podnikatel\u016f v\u00a0<strong>programov\u00e9m obdob\u00ed 2014 &#8211; 2020<\/strong>.\u00a0Finan\u010dn\u00ed prost\u0159edky z\u00a0n\u011bj mohou \u017eadatel\u00e9 vyu\u017e\u00edt na spolufinancov\u00e1n\u00ed podnikatelsk\u00fdch projekt\u016f ve zpracovatelsk\u00e9m pr\u016fmyslu a souvisej\u00edc\u00edch slu\u017eb\u00e1ch. \u0160anci maj\u00ed projekty realizovan\u00e9 na \u00fazem\u00ed \u010cesk\u00e9 republiky krom\u011b hlavn\u00edho m\u011bsta Prahy. Z\u00a0Evropsk\u00e9ho fondu pro region\u00e1ln\u00ed rozvoj je pro tento opera\u010dn\u00ed program p\u0159ipraveno celkem <strong>4 331 mil. EUR, v\u00a0p\u0159epo\u010dtu cca 110 mld. K\u010d<\/strong>.<\/p>\n<p style=\"text-align: left;\"><span class=\"visualizer-chart-shortcode\" title=\"Click to select\">\u00a0<div class=\"visualizer-front-container\" id=\"chart_wrapper_visualizer-16595-1732590963\"><style type=\"text\/css\" name=\"visualizer-custom-css\" id=\"customcss-visualizer-16595\">.locker,.locker-loader{position:absolute;top:0;left:0;width:100%;height:100%}.locker{z-index:1000;opacity:.8;background-color:#fff;-ms-filter:\"progid:DXImageTransform.Microsoft.Alpha(Opacity=80)\";filter:alpha(opacity=80)}.locker-loader{z-index:1001;background:url(https:\/\/apiagentura.gov.cz\/wp-content\/plugins\/visualizer\/images\/ajax-loader.gif) no-repeat center center}.dt-button{display:none!important}.visualizer-front-container.visualizer-lazy-render{content-visibility: auto;}.google-visualization-controls-categoryfilter label.google-visualization-controls-label {vertical-align: middle;}.google-visualization-controls-categoryfilter li.goog-inline-block {margin: 0 0.2em;}.google-visualization-controls-categoryfilter li {padding: 0 0.2em;}.visualizer-front-container .dataTables_scrollHeadInner{margin: 0 auto;}<\/style><div id=\"visualizer-16595-1732590963\" class=\"visualizer-front  visualizer-front-16595\"><\/div><!-- Not showing structured data for chart 16595 because description is empty --><\/div>\u00a0<\/span><\/p>\n<p style=\"text-align: left;\">\u0158\u00edd\u00edc\u00edm org\u00e1nem\u00a0OP PIK je\u00a0Ministerstvo pr\u016fmyslu a obchodu \u010cR.<strong>\u00a0Agentura pro podnik\u00e1n\u00ed a inovace\u00a0(API) pln\u00ed roli zprost\u0159edkuj\u00edc\u00edho subjektu.<\/strong> Z\u00a0t\u00e9to pozice vykon\u00e1v\u00e1 specifick\u00e9 \u010dinnosti implementace pro dota\u010dn\u00ed podporovan\u00e9 aktivity OP PIK, nap\u0159. hodnocen\u00ed projekt\u016f z hlediska krit\u00e9ri\u00ed p\u0159ijatelnosti a spln\u011bn\u00ed form\u00e1ln\u00edch n\u00e1le\u017eitost\u00ed, administraci \u017e\u00e1dost\u00ed o platbu, monitorov\u00e1n\u00ed projekt\u016f a podobn\u011b. Dal\u0161\u00ed v\u00fdznamnou \u010dinnost\u00ed API je podpora \u017eadatel\u016f a informa\u010dn\u00ed servis o mo\u017enostech z\u00edsk\u00e1n\u00ed finan\u010dn\u00ed podpory a poradenstv\u00ed p\u0159\u00edjemc\u016fm podpory.<\/p>\n<p style=\"text-align: left;\">Opera\u010dn\u00ed program Podnik\u00e1n\u00ed a inovace pro konkurenceschopnost je zam\u011b\u0159en na zv\u00fd\u0161en\u00ed inova\u010dn\u00ed v\u00fdkonnosti podnik\u016f, vyu\u017eit\u00ed v\u00fdsledk\u016f pr\u016fmyslov\u00e9ho v\u00fdzkumu a experiment\u00e1ln\u00edho v\u00fdvoje a rozvoj podnik\u00e1n\u00ed a konkurenceschopnosti mal\u00fdch a st\u0159edn\u00edch podnik\u016f. D\u00e1le podporuje aktivity vedouc\u00ed ke sni\u017eov\u00e1n\u00ed energetick\u00e9 n\u00e1ro\u010dnosti podnikatelsk\u00e9ho sektoru, \u010dinnosti sm\u011b\u0159uj\u00edc\u00ed ke zvy\u0161ov\u00e1n\u00ed pod\u00edlu energie z\u00a0obnoviteln\u00fdch zdroj\u016f, rozvoj distribu\u010dn\u00edch s\u00edt\u00ed a uplatn\u011bn\u00ed nov\u00fdch technologi\u00ed v\u00a0energetice. Mezi dal\u0161\u00ed podporovan\u00e9 oblasti pat\u0159\u00ed roz\u0161\u00ed\u0159en\u00ed vysokorychlostn\u00edch p\u0159\u00edstupov\u00fdch s\u00edt\u00ed k\u00a0internetu a rozvoj informa\u010dn\u00edch a komunika\u010dn\u00edch technologi\u00ed.<\/p>\n<p style=\"text-align: left;\">Podpora je zac\u00edlena p\u0159ednostn\u011b na mal\u00e9 a st\u0159edn\u00ed podniky, nicm\u00e9n\u011b specifick\u00e9 aktivity jsou mj. vhodn\u00e9 takt\u00e9\u017e pro velk\u00e9 podniky, podnikatelsk\u00e1 seskupen\u00ed, v\u00fdzkumn\u00e9 organizace, subjekty inova\u010dn\u00ed infrastruktury, obecn\u011b prosp\u011b\u0161n\u00e9 spole\u010dnosti, neziskov\u00e9 organizace \u010di org\u00e1ny st\u00e1tn\u00ed spr\u00e1vy a samospr\u00e1vy a pro jimi zalo\u017een\u00e9 a z\u0159izovan\u00e9 organizace.<\/p>\n<p style=\"text-align: left;\">Opera\u010dn\u00ed program se skl\u00e1d\u00e1 z\u00a05 prioritn\u00edch os. Jednotliv\u00e9 prioritn\u00ed osy OP PIK pokr\u00fdvaj\u00ed celkem 12 investi\u010dn\u00edch priorit v\u00a0r\u00e1mci 5 tematick\u00fdch c\u00edl\u016f. Prioritn\u00ed osy jsou d\u00e1le rozd\u011bleny na specifick\u00e9 c\u00edle, v\u00a0jejich\u017e r\u00e1mci je stanoveno 23 program\u016f podpory. V\u00fdjimkou je prioritn\u00ed osa 5 Technick\u00e1 pomoc, kter\u00e1 je ur\u010dena pro podporu \u0159\u00edzen\u00ed a implementaci opera\u010dn\u00edho programu.<\/p>\n<p style=\"text-align: left;\"><strong>Prioritn\u00ed osy OP PIK jsou n\u00e1sleduj\u00edc\u00ed:<\/strong><\/p>\n<ul>\n<li style=\"text-align: left;\">PO 1 Rozvoj v\u00fdzkumu a v\u00fdvoje pro inovace<\/li>\n<li style=\"text-align: left;\">PO 2 Rozvoj podnik\u00e1n\u00ed a konkurenceschopnosti mal\u00fdch a st\u0159edn\u00edch podnik\u016f<\/li>\n<li style=\"text-align: left;\">PO 3 \u00da\u010dinn\u00e9 nakl\u00e1d\u00e1n\u00ed energi\u00ed, rozvoj energetick\u00e9 infrastruktury a obnoviteln\u00fdch zdroj\u016f energie, podpora zav\u00e1d\u011bn\u00ed nov\u00fdch,technologi\u00ed v oblasti nakl\u00e1d\u00e1n\u00ed energi\u00ed a druhotn\u00fdch surovin<\/li>\n<li style=\"text-align: left;\">PO 4 Rozvoj vysokorychlostn\u00edch p\u0159\u00edstupov\u00fdch s\u00edt\u00ed k internetu a informa\u010dn\u00edch a komunika\u010dn\u00edch technologi\u00ed<\/li>\n<li style=\"text-align: left;\">PO 5 Technick\u00e1 pomoc<\/li>\n<\/ul>\n<p><span class=\"visualizer-chart-shortcode\" title=\"Click to select\">\u00a0<div class=\"visualizer-front-container\" id=\"chart_wrapper_visualizer-16501-904287250\"><style type=\"text\/css\" name=\"visualizer-custom-css\" id=\"customcss-visualizer-16501\">.locker,.locker-loader{position:absolute;top:0;left:0;width:100%;height:100%}.locker{z-index:1000;opacity:.8;background-color:#fff;-ms-filter:\"progid:DXImageTransform.Microsoft.Alpha(Opacity=80)\";filter:alpha(opacity=80)}.locker-loader{z-index:1001;background:url(https:\/\/apiagentura.gov.cz\/wp-content\/plugins\/visualizer\/images\/ajax-loader.gif) no-repeat center center}.dt-button{display:none!important}.visualizer-front-container.visualizer-lazy-render{content-visibility: auto;}.google-visualization-controls-categoryfilter label.google-visualization-controls-label {vertical-align: middle;}.google-visualization-controls-categoryfilter li.goog-inline-block {margin: 0 0.2em;}.google-visualization-controls-categoryfilter li {padding: 0 0.2em;}.visualizer-front-container .dataTables_scrollHeadInner{margin: 0 auto;}<\/style><div id=\"visualizer-16501-904287250\" class=\"visualizer-front  visualizer-front-16501\"><\/div><!-- Not showing structured data for chart 16501 because description is empty --><\/div>\u00a0<\/span><\/p>","protected":false},"excerpt":{"rendered":"<p>Programy podpory Metodika IS KP14+ Statistiky Opera\u010dn\u00ed program Podnik\u00e1n\u00ed a inovace pro konkurenceschopnost (d\u00e1le OP PIK) je st\u011b\u017eejn\u00edm programem pro podporu \u010desk\u00fdch podnikatel\u016f v\u00a0programov\u00e9m obdob\u00ed 2014 &#8211; 2020.\u00a0Finan\u010dn\u00ed prost\u0159edky z\u00a0n\u011bj mohou \u017eadatel\u00e9 vyu\u017e\u00edt na spolufinancov\u00e1n\u00ed podnikatelsk\u00fdch projekt\u016f ve zpracovatelsk\u00e9m pr\u016fmyslu a souvisej\u00edc\u00edch slu\u017eb\u00e1ch. \u0160anci maj\u00ed projekty realizovan\u00e9 na \u00fazem\u00ed \u010cesk\u00e9 republiky krom\u011b hlavn\u00edho m\u011bsta Prahy. [&hellip;]<\/p>\n","protected":false},"author":35,"featured_media":0,"parent":0,"menu_order":50,"comment_status":"closed","ping_status":"closed","template":"","meta":{"inline_featured_image":false,"footnotes":""},"class_list":["post-84","page","type-page","status-publish","hentry"],"publishpress_future_action":{"enabled":false,"date":"2026-05-02 11:42:59","action":"change-status","newStatus":"draft","terms":[],"taxonomy":"","extraData":[]},"publishpress_future_workflow_manual_trigger":{"enabledWorkflows":[]},"_links":{"self":[{"href":"https:\/\/apiagentura.gov.cz\/cs\/wp-json\/wp\/v2\/pages\/84","targetHints":{"allow":["GET"]}}],"collection":[{"href":"https:\/\/apiagentura.gov.cz\/cs\/wp-json\/wp\/v2\/pages"}],"about":[{"href":"https:\/\/apiagentura.gov.cz\/cs\/wp-json\/wp\/v2\/types\/page"}],"author":[{"embeddable":true,"href":"https:\/\/apiagentura.gov.cz\/cs\/wp-json\/wp\/v2\/users\/35"}],"replies":[{"embeddable":true,"href":"https:\/\/apiagentura.gov.cz\/cs\/wp-json\/wp\/v2\/comments?post=84"}],"version-history":[{"count":0,"href":"https:\/\/apiagentura.gov.cz\/cs\/wp-json\/wp\/v2\/pages\/84\/revisions"}],"wp:attachment":[{"href":"https:\/\/apiagentura.gov.cz\/cs\/wp-json\/wp\/v2\/media?parent=84"}],"curies":[{"name":"wp","href":"https:\/\/api.w.org\/{rel}","templated":true}]}}