{"id":8577,"date":"2017-12-05T18:38:32","date_gmt":"2017-12-05T17:38:32","guid":{"rendered":"https:\/\/www.apiagentura.gov.cz\/?page_id=8577"},"modified":"2019-06-21T09:40:41","modified_gmt":"2019-06-21T07:40:41","slug":"technologie-vyzva-vii","status":"publish","type":"page","link":"https:\/\/apiagentura.gov.cz\/cs\/programy-podpory\/technologie\/technologie-vyzva-vii\/","title":{"rendered":"Technologie &#8211; V\u00fdzva VII"},"content":{"rendered":"<p><\/p>\n<h3>Z\u00e1kladn\u00ed charakteristiky:<\/h3>\n<p><strong>Kdo m\u016f\u017ee \u017e\u00e1dat<\/strong>\u00a0(p\u0159\u00edjemci podpory):<\/p>\n<ul>\n<li>podnikaj\u00edc\u00ed fyzick\u00e1 a pr\u00e1vnick\u00e1 osoba, kter\u00e1\u00a0je mal\u00fdm a st\u0159edn\u00edm podnikem a spl\u0148uje tak definici mal\u00e9ho \u010di st\u0159edn\u00edho podniku vymezenou v P\u0159\u00edloze I. Na\u0159\u00edzen\u00ed Komise (EU) \u010d. 651\/2014<\/li>\n<\/ul>\n<p><strong>Kolik lze z\u00edskat na jeden projekt<\/strong>\u00a0(forma a v\u00fd\u0161e podpory):<\/p>\n<ul>\n<li>m\u00edra podpory: max. 45 % zp\u016fsobil\u00fdch v\u00fddaj\u016f u mal\u00fdch podnik\u016f a max. 35 % zp\u016fsobil\u00fdch v\u00fddaj\u016f u st\u0159edn\u00edch podnik\u016f<\/li>\n<li>dotace na projekt je poskytov\u00e1na minim\u00e1ln\u011b ve v\u00fd\u0161i 1 mil. K\u010d a maxim\u00e1ln\u011b do v\u00fd\u0161e 20 mil. K\u010d<\/li>\n<\/ul>\n<p><strong>Na co lze z\u00edskat podporu\u00a0<\/strong>(podporovan\u00e9 aktivity):<\/p>\n<ul>\n<li>po\u0159\u00edzen\u00ed nov\u00fdch stroj\u016f, technologick\u00fdch za\u0159\u00edzen\u00ed a vybaven\u00ed\u00a0a propojen\u00ed po\u0159izovan\u00fdch nebo st\u00e1vaj\u00edc\u00edch technologi\u00ed autonomn\u00ed obousm\u011brnou komunikac\u00ed do v\u00fdrobn\u00edho procesu. Podporu nelze poskytnout na prostou obnovu st\u00e1vaj\u00edc\u00edho strojn\u00edho za\u0159\u00edzen\u00ed s nulov\u00fdm stupn\u011bm inovace<\/li>\n<\/ul>\n<p><strong>Jak\u00e9 v\u00fddaje je mo\u017en\u00e9 podpo\u0159it\u00a0<\/strong>(zp\u016fsobil\u00e9 v\u00fddaje):<\/p>\n<ul>\n<li>dlouhodob\u00fd hmotn\u00fd majetek (hmotn\u00fd majetek u p\u0159\u00edjemc\u016f vedouc\u00edch da\u0148ovou evidenci) &#8211; n\u00e1kup stroj\u016f, za\u0159\u00edzen\u00ed, technologi\u00ed, HW a vybaven\u00ed, kter\u00e9 nebyly p\u0159edm\u011btem odpisu<\/li>\n<li>dlouhodob\u00fd nehmotn\u00fd majetek &#8211; n\u00e1klady na po\u0159\u00edzen\u00ed patentov\u00fdch licenc\u00ed nezbytn\u00fdch pro \u0159\u00e1dn\u00fd provoz stroj\u016f a za\u0159\u00edzen\u00ed a n\u00e1klady na SW, programy, data, datab\u00e1ze v r\u00e1mci p\u0159edm\u011btn\u00e9ho projektu<\/li>\n<li>v\u00fddaje na po\u0159\u00edzen\u00ed provozn\u00edch soubor\u016f p\u0159i\u010dem\u017e provozn\u00edm souborem se m\u00edn\u00ed souhrn stroj\u016f a za\u0159\u00edzen\u00ed v\u010detn\u011b jejich mont\u00e1\u017e\u00ed a invent\u00e1\u0159e investi\u010dn\u00edho charakteru, kter\u00fd slou\u017e\u00ed k zaji\u0161t\u011bn\u00ed d\u00edl\u010d\u00edho samostatn\u00e9ho technologick\u00e9ho celku a je uv\u00e1d\u011bn do provozu v souvisl\u00e9m \u010dase<\/li>\n<\/ul>\n<p>Zp\u016fsobil\u00e9 v\u00fddaje na v\u00fdrobn\u00ed technologie nesm\u00ed tvo\u0159it v\u00edce ne\u017e 50 % ze zp\u016fsobil\u00fdch v\u00fddaj\u016f na nev\u00fdrobn\u00ed technologie.<\/p>\n<p><strong>Specifika a omezen\u00ed:<\/strong><\/p>\n<ul>\n<li>ka\u017ed\u00fd \u017eadatel (1 I\u010c) je v t\u00e9to V\u00fdzv\u011b opr\u00e1vn\u011bn p\u0159edlo\u017eit maxim\u00e1ln\u011b 1 projekt (tzn. jednu aktivn\u00ed \u017e\u00e1dost o podporu, ve kter\u00e9 vystupuje jako p\u0159\u00edjemce), v\u00fdjimka z tohoto ustanoven\u00ed je pops\u00e1na v \u010dl. 10 V\u00fdzvy<\/li>\n<li>automaticky pod\u00e1van\u00e9 \u017e\u00e1dosti nebudou z d\u016fvodu zachov\u00e1n\u00ed rovn\u00e9ho p\u0159\u00edstupu a omezen\u00e9 alokace v\u00fdzev akceptov\u00e1ny; pokud \u017eadatel zvol\u00ed typ pod\u00e1n\u00ed \u201eautomatick\u00e9\u201c, bude takto podan\u00e1 \u017e\u00e1dost bez dal\u0161\u00edho hodnocen\u00ed vy\u0159azena<\/li>\n<li>skute\u010dn\u00e9 m\u00edsto realizace projektu mus\u00ed b\u00fdt na \u00fazem\u00ed dle kap. 8 V\u00fdzvy<\/li>\n<\/ul>\n<p><strong>Syst\u00e9m sb\u011bru \u017e\u00e1dost\u00ed:<\/strong><\/p>\n<ul>\n<li>kontinu\u00e1ln\u00ed<\/li>\n<\/ul>\n<p><\/p>","protected":false},"excerpt":{"rendered":"<p>C\u00edlem VII. V\u00fdzvy programu Technologie je podpora r\u016fstu a posilov\u00e1n\u00ed konkurenceschopnosti mal\u00fdch a st\u0159edn\u00edch podnik\u016f prost\u0159ednictv\u00edm digit\u00e1ln\u00ed transformace a p\u0159isp\u00edvat tak k rozvoji region\u016f.<\/p>\n","protected":false},"author":1,"featured_media":0,"parent":124,"menu_order":0,"comment_status":"closed","ping_status":"closed","template":"","meta":{"inline_featured_image":false,"footnotes":""},"class_list":["post-8577","page","type-page","status-publish","hentry"],"publishpress_future_action":{"enabled":false,"date":"2026-05-02 06:18:54","action":"change-status","newStatus":"draft","terms":[],"taxonomy":"","extraData":[]},"publishpress_future_workflow_manual_trigger":{"enabledWorkflows":[]},"_links":{"self":[{"href":"https:\/\/apiagentura.gov.cz\/cs\/wp-json\/wp\/v2\/pages\/8577","targetHints":{"allow":["GET"]}}],"collection":[{"href":"https:\/\/apiagentura.gov.cz\/cs\/wp-json\/wp\/v2\/pages"}],"about":[{"href":"https:\/\/apiagentura.gov.cz\/cs\/wp-json\/wp\/v2\/types\/page"}],"author":[{"embeddable":true,"href":"https:\/\/apiagentura.gov.cz\/cs\/wp-json\/wp\/v2\/users\/1"}],"replies":[{"embeddable":true,"href":"https:\/\/apiagentura.gov.cz\/cs\/wp-json\/wp\/v2\/comments?post=8577"}],"version-history":[{"count":0,"href":"https:\/\/apiagentura.gov.cz\/cs\/wp-json\/wp\/v2\/pages\/8577\/revisions"}],"up":[{"embeddable":true,"href":"https:\/\/apiagentura.gov.cz\/cs\/wp-json\/wp\/v2\/pages\/124"}],"wp:attachment":[{"href":"https:\/\/apiagentura.gov.cz\/cs\/wp-json\/wp\/v2\/media?parent=8577"}],"curies":[{"name":"wp","href":"https:\/\/api.w.org\/{rel}","templated":true}]}}