{"id":8638,"date":"2017-12-21T10:30:49","date_gmt":"2017-12-21T09:30:49","guid":{"rendered":"https:\/\/www.apiagentura.gov.cz\/?page_id=8638"},"modified":"2020-08-13T13:59:05","modified_gmt":"2020-08-13T11:59:05","slug":"uspory-energie-fotovoltaicke-systemy-bez-akumulace-vlastni-spotrebu-vyzva-ii","status":"publish","type":"page","link":"https:\/\/apiagentura.gov.cz\/cs\/programy-podpory\/uspory-energie\/uspory-energie-fotovoltaicke-systemy-bez-akumulace-vlastni-spotrebu-vyzva-ii\/","title":{"rendered":"\u00daspory energie &#8211; Fotovoltaick\u00e9 syst\u00e9my s\/bez akumulace pro vlastn\u00ed spot\u0159ebu &#8211; V\u00fdzva II"},"content":{"rendered":"<p><\/p>\n<h3>Ozn\u00e1men\u00ed pro \u017eadatele<\/h3>\n<p><strong>13. 8. 2020 Up\u0159es\u0148uj\u00edc\u00ed informace pro zadavatele k po\u0159\u00edzen\u00ed fotovoltaick\u00fdch syst\u00e9m\u016f:<\/strong><\/p>\n<p>Na z\u00e1klad\u011b st\u00e1le p\u0159etrv\u00e1vaj\u00edc\u00edch nejasnost\u00ed p\u0159i ur\u010den\u00ed spr\u00e1vn\u00e9ho druhu zak\u00e1zky u ve\u0159ejn\u00fdch zak\u00e1zek, jejich\u017e p\u0159edm\u011btem je po\u0159\u00edzen\u00ed fotovoltaick\u00fdch syst\u00e9m\u016f na podnikatelsk\u00e9 budovy, zadavatele upozor\u0148ujeme, \u017ee je nutn\u00e9 zvolit druh zak\u00e1zky podle jej\u00edho hlavn\u00edho p\u0159edm\u011btu. V t\u011bchto p\u0159\u00edpadech je tedy nutn\u00e9 postupovat v souladu s ust. \u00a7 15. odst. 3) ZZVZ, kter\u00fd stanovuje, \u017ee pokud jsou p\u0159edm\u011btem ve\u0159ejn\u00e9 zak\u00e1zky z\u00e1rove\u0148 dod\u00e1vky a stavebn\u00ed pr\u00e1ce, ur\u010d\u00ed se hlavn\u00ed p\u0159edm\u011bt zak\u00e1zky podle z\u00e1kladn\u00edho \u00fa\u010delu ve\u0159ejn\u00e9 zak\u00e1zky. Hlavn\u00edm p\u0159edm\u011btem pln\u011bn\u00ed zak\u00e1zky je v tomto p\u0159\u00edpad\u011b dod\u00e1vka fotovoltaick\u00fdch panel\u016f, jej\u00ed\u017e sou\u010d\u00e1st\u00ed je i vlastn\u00ed instalace syst\u00e9mu. Je nepochybn\u00e9, \u017ee sou\u010d\u00e1st\u00ed v\u011bt\u0161iny zak\u00e1zek na instalaci fotovoltaick\u00fdch panel\u016f jsou i stavebn\u00ed, respektive mont\u00e1\u017en\u00ed pr\u00e1ce, nicm\u00e9n\u011b zejm\u00e9na v p\u0159\u00edpadech, kdy jsou tyto stavebn\u00ed pr\u00e1ce neodd\u011bliteln\u00e9 od hlavn\u00edho p\u0159edm\u011btu zak\u00e1zky, jedn\u00e1\u00a0se o zak\u00e1zku na dod\u00e1vky.<\/p>\n<p>Nutnost zaji\u0161t\u011bn\u00ed stavebn\u00edho povolen\u00ed nem\u016f\u017ee b\u00fdt pova\u017eov\u00e1na za jedin\u00fd faktor ovliv\u0148uj\u00edc\u00ed ur\u010den\u00ed a stanoven\u00ed druhu ve\u0159ejn\u00e9 zak\u00e1zky. Realizovanou zak\u00e1zku na dod\u00e1vky lze pod\u0159adit p\u0159\u00edmo pod CPV k\u00f3d 09331200-0 (Sol\u00e1rn\u00ed fotovoltaick\u00e9 moduly). CPV k\u00f3dy mont\u00e1\u017en\u00edch prac\u00ed, kter\u00e9 jsou \u0159azeny pod zak\u00e1zky na stavebn\u00ed pr\u00e1ce, mohou b\u00fdt vyu\u017eity jako dopl\u0148kov\u00e9 ve vztahu k hlavn\u00edmu p\u0159edm\u011btu zak\u00e1zky.<\/p>\n<p>Na z\u00e1v\u011br je t\u0159eba dodat, \u017ee ka\u017ed\u00fd projekt, respektive ka\u017ed\u00fd p\u0159edm\u011bt pln\u011bn\u00ed konkr\u00e9tn\u00ed ve\u0159ejn\u00e9 zak\u00e1zky, je specifick\u00fd a je nutno v\u017edy individu\u00e1ln\u011b posoudit a zv\u00e1\u017eit, zda se jedn\u00e1 o zak\u00e1zku na stavebn\u00ed pr\u00e1ce \u010di zak\u00e1zku na dod\u00e1vky.<\/p>\n<p>&nbsp;<\/p>\n<p>&nbsp;<\/p>\n<p>\u0158\u00edd\u00edc\u00ed org\u00e1n OP PIK up\u0159es\u0148uje, \u017ee v\u00fddaje na energetick\u00fd posudek a projektovou dokumentaci nejsou zp\u016fsobil\u00e9 v projektech, jejich\u017e v\u00fdstupy se projev\u00ed v oblasti zem\u011bd\u011blstv\u00ed, lesnictv\u00ed, rybolovu a akvakultury (CZ-NACE A 01, A 02, A03). A to vzhledem k tomu, \u017ee podpora de minimis se na dan\u00e1 odv\u011btv\u00ed nevztahuje.<\/p>\n<hr \/>\n<h3 style=\"text-align: left;\">Z\u00e1kladn\u00ed charakteristiky:<\/h3>\n<p style=\"text-align: left;\"><strong>Kdo m\u016f\u017ee \u017e\u00e1dat (p\u0159\u00edjemci podpory):<\/strong><\/p>\n<ul>\n<li style=\"text-align: left;\">mal\u00e9, st\u0159edn\u00ed i velk\u00e9 podniky<\/li>\n<\/ul>\n<p style=\"text-align: left;\"><strong>Kolik lze z\u00edskat na jeden projekt (forma a v\u00fd\u0161e podpory):<\/strong><\/p>\n<ul>\n<li style=\"text-align: left;\">dotace 300 tis. &#8211; 100 mil. K\u010d<\/li>\n<li style=\"text-align: left;\">max. m\u00edra podpory: mal\u00fd podnik 80% ZV, st\u0159edn\u00ed podnik 70% ZV, velk\u00fd podnik 60% ZV<\/li>\n<\/ul>\n<p style=\"text-align: left;\"><strong>Na co lze z\u00edskat podporu (podporovan\u00e9 aktivity):<\/strong><\/p>\n<ul>\n<li style=\"text-align: left;\">Instalace fotovoltaick\u00fdch syst\u00e9m\u016f a instalace fotovoltaick\u00fdch syst\u00e9m\u016f v\u010detn\u011b akumulace elektrick\u00e9 energie pro vlastn\u00ed spot\u0159ebu podniku<\/li>\n<\/ul>\n<p style=\"text-align: left;\"><strong>Jak\u00e9 v\u00fddaje je mo\u017en\u00e9 podpo\u0159it (zp\u016fsobil\u00e9 v\u00fddaje):<\/strong><\/p>\n<ul>\n<li style=\"text-align: left;\">dlouhodob\u00fd hmotn\u00fd majetek,<\/li>\n<li style=\"text-align: left;\">dlouhodob\u00fd nehmotn\u00fd majetek (pokud je nezbytn\u00fd k \u0159\u00e1dn\u00e9mu provozov\u00e1n\u00ed dlouhodob\u00e9ho hmotn\u00e9ho majetku),<\/li>\n<li>projektov\u00e1 dokumentace,<\/li>\n<li>in\u017een\u00fdrsk\u00e1 \u010dinnost,<\/li>\n<li>energetick\u00fd posudek.<\/li>\n<\/ul>\n<p style=\"text-align: left;\"><strong>Specifika a omezen\u00ed:<\/strong><\/p>\n<ul>\n<li style=\"text-align: left;\">projekt mus\u00ed b\u00fdt realizov\u00e1n na \u00fazem\u00ed \u010cR mimo hlavn\u00edho m\u011bsta Prahy<\/li>\n<li style=\"text-align: left;\">nejsou podporov\u00e1na komer\u010dn\u00ed turistick\u00e1 za\u0159\u00edzen\u00ed jako hotely, volno\u010dasov\u00e1 za\u0159\u00edzen\u00ed, l\u00e1zn\u011b, restaurace<\/li>\n<li style=\"text-align: left;\">nejsou podporov\u00e1ny aktivity v\u00fdzkumn\u00fdch, v\u00fdvojov\u00fdch a pilotn\u00edch projekt\u016f<\/li>\n<li style=\"text-align: left;\">nen\u00ed podporov\u00e1na instalace fotovoltaick\u00fdch syst\u00e9m\u016f na bytov\u00fdch a rodinn\u00fdch domech a ve\u0159ejn\u00fdch budov\u00e1ch<\/li>\n<li style=\"text-align: left;\">v r\u00e1mci t\u00e9to v\u00fdzvy lze na jeden ekonomick\u00fd subjekt (jedno I\u010c) podat maxim\u00e1ln\u011b 15 \u017e\u00e1dost\u00ed o dotaci<\/li>\n<li style=\"text-align: left;\">projekt nebude podpo\u0159en, pokud bude m\u00edt m\u011brn\u00e9 zp\u016fsobil\u00e9 v\u00fddaje vy\u0161\u0161\u00ed, ne\u017e 30 tis. K\u010d na \u00fasporu 1 GJ<\/li>\n<\/ul>\n<p style=\"text-align: left;\"><strong>Syst\u00e9m sb\u011bru \u017e\u00e1dost\u00ed:<\/strong><\/p>\n<ul>\n<li style=\"text-align: left;\">pr\u016fb\u011b\u017en\u00fd<\/li>\n<\/ul>\n<p><\/p>","protected":false},"excerpt":{"rendered":"<p>C\u00edlem programu a V\u00fdzvy je podpora sn\u00ed\u017een\u00ed energetick\u00e9 n\u00e1ro\u010dnosti podnikatelsk\u00e9ho sektoru. \u00da\u010delem programu je podpora opat\u0159en\u00ed p\u0159isp\u00edvaj\u00edc\u00ed k \u00faspo\u0159e kone\u010dn\u00e9 spot\u0159eby energie prost\u0159ednictv\u00edm instalace fotovoltaick\u00fdch syst\u00e9m\u016f a instalace fotovoltaick\u00fdch syst\u00e9m\u016f v\u010detn\u011b akumulace energie pro vlastn\u00ed spot\u0159ebu podniku.<\/p>\n","protected":false},"author":1,"featured_media":0,"parent":138,"menu_order":0,"comment_status":"closed","ping_status":"closed","template":"","meta":{"inline_featured_image":false,"footnotes":""},"class_list":["post-8638","page","type-page","status-publish","hentry"],"publishpress_future_action":{"enabled":false,"date":"2026-05-06 23:08:05","action":"change-status","newStatus":"draft","terms":[],"taxonomy":"","extraData":[]},"publishpress_future_workflow_manual_trigger":{"enabledWorkflows":[]},"_links":{"self":[{"href":"https:\/\/apiagentura.gov.cz\/cs\/wp-json\/wp\/v2\/pages\/8638","targetHints":{"allow":["GET"]}}],"collection":[{"href":"https:\/\/apiagentura.gov.cz\/cs\/wp-json\/wp\/v2\/pages"}],"about":[{"href":"https:\/\/apiagentura.gov.cz\/cs\/wp-json\/wp\/v2\/types\/page"}],"author":[{"embeddable":true,"href":"https:\/\/apiagentura.gov.cz\/cs\/wp-json\/wp\/v2\/users\/1"}],"replies":[{"embeddable":true,"href":"https:\/\/apiagentura.gov.cz\/cs\/wp-json\/wp\/v2\/comments?post=8638"}],"version-history":[{"count":0,"href":"https:\/\/apiagentura.gov.cz\/cs\/wp-json\/wp\/v2\/pages\/8638\/revisions"}],"up":[{"embeddable":true,"href":"https:\/\/apiagentura.gov.cz\/cs\/wp-json\/wp\/v2\/pages\/138"}],"wp:attachment":[{"href":"https:\/\/apiagentura.gov.cz\/cs\/wp-json\/wp\/v2\/media?parent=8638"}],"curies":[{"name":"wp","href":"https:\/\/api.w.org\/{rel}","templated":true}]}}