{"id":8701,"date":"2017-12-20T16:11:56","date_gmt":"2017-12-20T15:11:56","guid":{"rendered":"https:\/\/www.apiagentura.gov.cz\/?page_id=8701"},"modified":"2020-01-07T08:34:13","modified_gmt":"2020-01-07T07:34:13","slug":"proof-of-concept-vyzva-i","status":"publish","type":"page","link":"https:\/\/apiagentura.gov.cz\/cs\/programy-podpory\/proof-of-concept\/proof-of-concept-vyzva-i\/","title":{"rendered":"Proof of Concept &#8211; V\u00fdzva I"},"content":{"rendered":"<p><\/p>\n<h3>Uplatn\u011bn\u00ed v\u00fdjimky dle ustanoven\u00ed \u00a7 29 Z\u00e1kona \u010d. 134\/2016 Sb. o zad\u00e1v\u00e1n\u00ed ve\u0159ejn\u00fdch zak\u00e1zek, nebo \u00a7 18 z\u00e1kona \u010d. 137\/2006 Sb.<\/h3>\n<p>Uplatn\u011bn\u00ed v\u00fdjimky dle ustanoven\u00ed \u00a7 29 Z\u00e1kona \u010d. 134\/2016 Sb. o zad\u00e1v\u00e1n\u00ed ve\u0159ejn\u00fdch zak\u00e1zek, nebo \u00a7 18 z\u00e1kona \u010d. 137\/2006 Sb., z\u00e1kon o ve\u0159ejn\u00fdch zak\u00e1zk\u00e1ch, se t\u00fdk\u00e1 po\u0159\u00edzen\u00ed slu\u017eeb pro \u00fa\u010dely projektu v\u00a0oblasti v\u00fdzkumu a v\u00fdvoje a umo\u017e\u0148uje \u017eadatel\u016fm o dotaci \/p\u0159\u00edjemc\u016fm dotace upustit od povinnosti vypsat v\u00fdb\u011brov\u00e9 \u0159\u00edzen\u00ed na po\u0159\u00edzen\u00ed v\u00fd\u0161e zm\u00edn\u011bn\u00fdch slu\u017eeb za p\u0159edpokladu spln\u011bn\u00ed podm\u00ednek uveden\u00fdch v \u00a7 29 Z\u00e1kona \u010d. 134\/2016 Sb. o zad\u00e1v\u00e1n\u00ed ve\u0159ejn\u00fdch zak\u00e1zek, resp. \u00a7 18 z\u00e1kona \u010d. 137\/2006 Sb., z\u00e1kon o ve\u0159ejn\u00fdch zak\u00e1zk\u00e1ch. V\u00fdb\u011br z\u00a0t\u011bchto 2 mo\u017enost\u00ed je podm\u00edn\u011bn dobou uzav\u0159en\u00ed smluvn\u00ed dokumentac\u00ed, tj. v\u00a0dob\u011b platnosti z\u00e1kona \u010d. 137\/2006, nebo z\u00e1kona \u010d. 134\/2016, proto\u017ee realizace n\u011bkter\u00fdch projekt\u016f z\u00a0d\u00e1le uveden\u00fdch program\u016f byla ji\u017e zah\u00e1jena. <strong>Ustanoven\u00ed \u0158\u00edd\u00edc\u00edho org\u00e1nu OP PIK tedy teoreticky mohou vyu\u017e\u00edt \u017eadatel\u00e9 o dotaci\/p\u0159\u00edjemci dotace v\u00a0programech Aplikace, Spolupr\u00e1ce \u2013 Klastry \u2013 kolektivn\u00ed v\u00fdzkum a Proof of Concept. D\u00e1le upozor\u0148ujeme na \u00fa\u010dinnost tohoto ozn\u00e1men\u00ed. Je ji t\u0159eba vn\u00edmat tak, \u017ee se vztahuje nejen na v\u0161echny \u017e\u00e1dost\u00ed o platbu (p\u0159\u00edjemce vyu\u017e\u00edv\u00e1 v\u00fdjimku) podan\u00e9 po 26. 3. 2018, ale i pro v\u0161echny ji\u017e podan\u00e9 \u00a0\u017e\u00e1dosti o platbu (p\u0159\u00edjemce vyu\u017e\u00edv\u00e1 v\u00fdjimku), kter\u00fdm nebyla \u017e\u00e1dost o platbu dosud schv\u00e1lena.<\/strong><\/p>\n<p>V\u00edce informac\u00ed naleznete v novince na webu <a href=\"https:\/\/www.apiagentura.gov.cz\/cs\/oznameni-zadatele-prijemce-dotace-programu-op-pik\/\">API<\/a>, p\u0159\u00edpadn\u011b v p\u016fvodn\u00ed zpr\u00e1v\u011b na webov\u00fdch str\u00e1nk\u00e1ch <a href=\"https:\/\/www.mpo.cz\/cz\/podnikani\/dotace-a-podpora-podnikani\/oppik-2014-2020\/evaluace-a-analyzy\/oznameni-pro-zadatele-prijemce-dotace-programu-op-pik---235228\/\">MPO<\/a>.<\/p>\n<hr \/>\n<h3>Z\u00e1kladn\u00ed charakteristiky:<\/h3>\n<p><strong>Kdo m\u016f\u017ee \u017e\u00e1dat<\/strong>\u00a0(p\u0159\u00edjemci podpory):<\/p>\n<ul>\n<li>podnikatelsk\u00e9 subjekty \u2013 mal\u00e9 a st\u0159edn\u00ed podniky<\/li>\n<\/ul>\n<p><strong>Kolik lze z\u00edskat na jeden projekt<\/strong>\u00a0(forma a v\u00fd\u0161e podpory):<\/p>\n<ul>\n<li>m\u00edra podpory:<\/li>\n<\/ul>\n<p>&#8211; v \u017e\u00e1dosti o podporu bude dotace v\u017edy uvedena jako \u010d\u00e1stka rovnaj\u00edc\u00ed se procentu\u00e1ln\u00edmu pod\u00edlu na zp\u016fsobil\u00fdch v\u00fddaj\u00edch<br \/>\n&#8211; maxim\u00e1ln\u00ed m\u00edra ve\u0159ejn\u00e9 podpory je 60 % celkov\u00fdch zp\u016fsobil\u00fdch v\u00fddaj\u016f projektu vymezen\u00fdch v bod\u011b 5.2. a) V\u00fdzvy pro st\u0159edn\u00ed podniky, resp. 70% pro mal\u00e9 podniky<br \/>\n&#8211; maxim\u00e1ln\u00ed m\u00edra ve\u0159ejn\u00e9 podpory je 50 % celkov\u00fdch zp\u016fsobil\u00fdch v\u00fddaj\u016f projektu vymezen\u00fdch v bod\u011b 5.2. b) a c) V\u00fdzvy<\/p>\n<ul>\n<li>dotace na projekt je poskytov\u00e1na\u00a0minim\u00e1ln\u011b ve v\u00fd\u0161i 300 tis. K\u010d a maxim\u00e1ln\u011b do v\u00fd\u0161e 10 mil. K\u010d<\/li>\n<\/ul>\n<p><strong>Na co lze z\u00edskat podporu\u00a0<\/strong>(podporovan\u00e9 aktivity):<\/p>\n<ul>\n<li>Podporov\u00e1ny budou aktivity souvisej\u00edc\u00ed s ov\u011b\u0159en\u00edm technick\u00e9 proveditelnosti a komer\u010dn\u00edho potenci\u00e1lu v\u00fdzkumu a v\u00fdvoje s c\u00edlem zaveden\u00ed nov\u00e9ho produktu\/slu\u017eby na trh. V\u00fdstupem projektu bude studie proveditelnosti, kter\u00e1 bude slou\u017eit jako podklad pro realizaci dal\u0161\u00ed mo\u017en\u00e9 f\u00e1ze projektu. Studi\u00ed proveditelnosti se rozum\u00ed hodnocen\u00ed a anal\u00fdza potenci\u00e1lu projektu, kter\u00e9 maj\u00ed za c\u00edl podpo\u0159it proces rozhodov\u00e1n\u00ed t\u00edm, \u017ee objektivn\u011b a racion\u00e1ln\u011b zjist\u00ed siln\u00e9 a slab\u00e9 str\u00e1nky projektu, jeho p\u0159\u00edle\u017eitosti a hrozby a ur\u010d\u00ed zdroje pot\u0159ebn\u00e9 pro jeho uskute\u010dn\u011bn\u00ed, jako\u017e i jeho vyhl\u00eddky na \u00fasp\u011bch.<\/li>\n<\/ul>\n<p><strong>Jak\u00e9 v\u00fddaje je mo\u017en\u00e9 podpo\u0159it\u00a0<\/strong>(zp\u016fsobil\u00e9 v\u00fddaje):<\/p>\n<ul>\n<li>n\u00e1klady p\u0159\u00edmo spojen\u00e9 s vytvo\u0159en\u00edm studie proveditelnosti<\/li>\n<li>n\u00e1klady na vysl\u00e1n\u00ed vysoce kvalifikovan\u00fdch pracovn\u00edk\u016f z organizace pro v\u00fdzkum a \u0161\u00ed\u0159en\u00ed znalost\u00ed, kte\u0159\u00ed u p\u0159\u00edjemce podpory pracuj\u00ed na \u010dinnostech v oblasti v\u00fdzkumu, v\u00fdvoje a inovac\u00ed v nov\u011b vytvo\u0159en\u00e9 funkci, av\u0161ak nenahrazuj\u00ed jin\u00e9 pracovn\u00edky<\/li>\n<li>n\u00e1klady na z\u00edsk\u00e1n\u00ed a uzn\u00e1n\u00ed patent\u016f a dal\u0161\u00edch nehmotn\u00fdch aktiv<\/li>\n<\/ul>\n<p><strong>Specifika a omezen\u00ed:<\/strong><\/p>\n<ul>\n<li>shoda projektu s N\u00e1rodn\u00ed v\u00fdzkumnou a inova\u010dn\u00ed strategi\u00ed pro inteligentn\u00ed specializaci \u010cesk\u00e9 republiky bude ov\u011b\u0159ena v r\u00e1mci hodnocen\u00ed projektu, a to z hlediska napl\u0148ov\u00e1n\u00ed v\u00fdb\u011brov\u00fdch krit\u00e9ri\u00ed definovan\u00fdch v t\u00e9to V\u00fdzv\u011b; pro ov\u011b\u0159en\u00ed bude \u017eadatel pou\u017e\u00edvat p\u0159\u00edlohu V\u00fdzvy s n\u00e1zvem \u201ePodkladov\u00fd materi\u00e1l pro implementaci N\u00e1rodn\u00ed RIS3 strategie\u201c.<\/li>\n<li>ka\u017ed\u00fd \u017eadatel (1 I\u010c) je v t\u00e9to V\u00fdzv\u011b opr\u00e1vn\u011bn p\u0159edlo\u017eit maxim\u00e1ln\u011b 2 projekty (tzn. 2 aktivn\u00ed \u017e\u00e1dosti o podporu)<\/li>\n<\/ul>\n<p><strong>Syst\u00e9m sb\u011bru \u017e\u00e1dost\u00ed:<\/strong><\/p>\n<ul>\n<li>kolov\u00fd<\/li>\n<\/ul>\n<p><\/p>","protected":false},"excerpt":{"rendered":"<p>C\u00edlem programu a V\u00fdzvy Proof of concept  je podpora aktivit, kter\u00e9 pomohou zajistit rozvoj transferu technologi\u00ed a znalost\u00ed mezi v\u00fdzkumn\u00fdmi organizacemi a podniky, kter\u00e9 mohou v\u00fdsledky v\u00fdzkumu uplatnit v praxi. Program si klade za c\u00edl pos\u00edlen\u00ed vazeb mezi v\u00fdzkumn\u00fdmi organizacemi (VO) a aplika\u010dn\u00ed sf\u00e9rou, rozvoj ekonomiky a konkurenceschopnosti firem. V\u00fdsledky projekt\u016f budou posilovat p\u0159edpoklad pro jejich dal\u0161\u00ed tr\u017en\u00ed uplatn\u011bn\u00ed.<\/p>\n","protected":false},"author":1,"featured_media":0,"parent":152,"menu_order":0,"comment_status":"closed","ping_status":"closed","template":"","meta":{"inline_featured_image":false,"footnotes":""},"class_list":["post-8701","page","type-page","status-publish","hentry"],"publishpress_future_action":{"enabled":false,"date":"2026-05-06 20:54:34","action":"change-status","newStatus":"draft","terms":[],"taxonomy":"","extraData":[]},"publishpress_future_workflow_manual_trigger":{"enabledWorkflows":[]},"_links":{"self":[{"href":"https:\/\/apiagentura.gov.cz\/cs\/wp-json\/wp\/v2\/pages\/8701","targetHints":{"allow":["GET"]}}],"collection":[{"href":"https:\/\/apiagentura.gov.cz\/cs\/wp-json\/wp\/v2\/pages"}],"about":[{"href":"https:\/\/apiagentura.gov.cz\/cs\/wp-json\/wp\/v2\/types\/page"}],"author":[{"embeddable":true,"href":"https:\/\/apiagentura.gov.cz\/cs\/wp-json\/wp\/v2\/users\/1"}],"replies":[{"embeddable":true,"href":"https:\/\/apiagentura.gov.cz\/cs\/wp-json\/wp\/v2\/comments?post=8701"}],"version-history":[{"count":0,"href":"https:\/\/apiagentura.gov.cz\/cs\/wp-json\/wp\/v2\/pages\/8701\/revisions"}],"up":[{"embeddable":true,"href":"https:\/\/apiagentura.gov.cz\/cs\/wp-json\/wp\/v2\/pages\/152"}],"wp:attachment":[{"href":"https:\/\/apiagentura.gov.cz\/cs\/wp-json\/wp\/v2\/media?parent=8701"}],"curies":[{"name":"wp","href":"https:\/\/api.w.org\/{rel}","templated":true}]}}