{"id":90,"date":"2016-06-27T13:24:49","date_gmt":"2016-06-27T12:24:49","guid":{"rendered":"http:\/\/www.ci-api.dev\/?page_id=90"},"modified":"2023-08-10T12:53:47","modified_gmt":"2023-08-10T10:53:47","slug":"vyber-dodavatele","status":"publish","type":"page","link":"https:\/\/apiagentura.gov.cz\/cs\/metodika\/vyber-dodavatele\/","title":{"rendered":"V\u00fdb\u011br dodavatele"},"content":{"rendered":"<p><\/p>\n<p style=\"text-align: justify;\">Uskute\u010dn\u011bn\u00ed v\u00fdb\u011brov\u00e9ho \u0159\u00edzen\u00ed slou\u017e\u00ed k zaji\u0161t\u011bn\u00ed hospod\u00e1rn\u00e9ho, efektivn\u00edho a \u00fa\u010deln\u00e9ho vyu\u017eit\u00ed poskytnut\u00fdch ve\u0159ejn\u00fdch finan\u010dn\u00edch prost\u0159edk\u016f. Realizace v\u00fdb\u011brov\u00fdch \u0159\u00edzen\u00ed na zak\u00e1zky, na kter\u00e9 bude poskytnuta podpora, podl\u00e9h\u00e1 pravidl\u016fm Opera\u010dn\u00edho programu Podnik\u00e1n\u00ed a inovace pro konkurenceschopnost. \u017dadatel\u00e9 a p\u0159\u00edjemci dotace z\u00a0OP PIK maj\u00ed <strong>povinnost postupovat<\/strong> p\u0159i v\u00fdb\u011bru dodavatele <strong>podle Pravidel pro v\u00fdb\u011br dodavatel\u016f, \u010di podle z\u00e1kona \u010d. 134\/2016 Sb., o\u00a0zad\u00e1v\u00e1n\u00ed ve\u0159ejn\u00fdch zak\u00e1zek.<\/strong><\/p>\n<p style=\"text-align: justify;\">\u010casto kladen\u00e9 dotazy vztahuj\u00edc\u00ed se k\u00a0t\u00e9matu v\u00fdb\u011bru dodavatele v\u00a0OP PIK jsou k\u00a0dispozici v\u00a0sekci <a href=\"\/faq-vyber-dodavatele\/\" target=\"_blank\" rel=\"noopener noreferrer\">Ot\u00e1zky a odpov\u011bdi<\/a>.<\/p>\n<p>&nbsp;<\/p>\n<p><strong><a class=\"btn\" href=\"https:\/\/zakazky.agentura-api.org\/\">DATAB\u00c1ZE VE\u0158EJN\u00ddCH ZAK\u00c1ZEK<\/a><\/strong><\/p>\n<p style=\"text-align: justify;\">Zde uv\u00e1d\u011bn\u00e9 informace jsou pouze z\u00e1kladn\u00edm r\u00e1mcem. Detailn\u00ed informace o jednotliv\u00fdch v\u00fdb\u011brov\u00fdch \u0159\u00edzen\u00edch v\u00a0rozsahu stanoven\u00e9m Pravidly pro v\u00fdb\u011br dodavatel\u016f, naleznete na profilech p\u0159\u00edslu\u0161n\u00fdch zadavatel\u016f. Informace zve\u0159ejn\u011bn\u00e9 na jednotliv\u00fdch profilech jsou pro zpracov\u00e1n\u00ed nab\u00eddek z\u00e1vazn\u00e9.<\/p>\n<p style=\"text-align: justify;\">V\u00fdb\u011brov\u00e1 \u0159\u00edzen\u00ed se na webov\u00fdch str\u00e1nk\u00e1ch datab\u00e1ze mus\u00ed zve\u0159ej\u0148ovat nejpozd\u011bji v\u00a0den zah\u00e1jen\u00ed v\u00fdb\u011brov\u00e9ho \u0159\u00edzen\u00ed. Za spln\u011bn\u00ed t\u00e9to povinnosti je pova\u017eov\u00e1no, pokud ke zve\u0159ejn\u011bn\u00ed informac\u00ed dojde nejpozd\u011bji n\u00e1sleduj\u00edc\u00ed den po zah\u00e1jen\u00ed v\u00fdb\u011brov\u00e9ho \u0159\u00edzen\u00ed. Pokud jsou informace na port\u00e1lu zve\u0159ejn\u011bny pozd\u011bji, k\u00a0poru\u0161en\u00ed Pravidel pro v\u00fdb\u011br dodavatele nedojde, prodlou\u017e\u00ed-li zadavatel lh\u016ftu pro pod\u00e1n\u00ed nab\u00eddek minim\u00e1ln\u011b o stejn\u00fd po\u010det dn\u00ed, kter\u00fd odpov\u00edd\u00e1 zpo\u017ed\u011bn\u00ed, v\u00a0souladu s\u00a0ustanoven\u00edm bodu 20) Pravidel.<\/p>\n<p style=\"text-align: justify;\">Pro dotazy kontaktujte Zelenou linku Agentury pro podnik\u00e1n\u00ed a inovace \u2013 800\u00a0800\u00a0777, <a href=\"mailto:programy@www.apiagentura.gov.cz\">programy@www.apiagentura.gov.cz<\/a>.<\/p>\n<p>&nbsp;<\/p>\n<p>UPOZORN\u011aN\u00cd: <strong>Datab\u00e1ze nepodporuje prohl\u00ed\u017ee\u010d Internet Explorer.<\/strong> Doporu\u010dujeme u\u017eivatel\u016fm otev\u00edrat webov\u00e9 str\u00e1nky datab\u00e1ze prost\u0159ednictv\u00edm prohl\u00ed\u017ee\u010de Google Chrome.<\/p>","protected":false},"excerpt":{"rendered":"<p>Uskute\u010dn\u011bn\u00ed v\u00fdb\u011brov\u00e9ho \u0159\u00edzen\u00ed slou\u017e\u00ed k zaji\u0161t\u011bn\u00ed hospod\u00e1rn\u00e9ho, efektivn\u00edho a \u00fa\u010deln\u00e9ho vyu\u017eit\u00ed poskytnut\u00fdch ve\u0159ejn\u00fdch finan\u010dn\u00edch prost\u0159edk\u016f. Realizace v\u00fdb\u011brov\u00fdch \u0159\u00edzen\u00ed na zak\u00e1zky, na kter\u00e9 bude poskytnuta podpora, podl\u00e9h\u00e1 pravidl\u016fm Opera\u010dn\u00edho programu Podnik\u00e1n\u00ed a inovace pro konkurenceschopnost. \u017dadatel\u00e9 a p\u0159\u00edjemci dotace z\u00a0OP PIK maj\u00ed povinnost postupovat p\u0159i v\u00fdb\u011bru dodavatele podle Pravidel pro v\u00fdb\u011br dodavatel\u016f, \u010di podle z\u00e1kona \u010d. [&hellip;]<\/p>\n","protected":false},"author":35,"featured_media":0,"parent":88,"menu_order":0,"comment_status":"closed","ping_status":"closed","template":"","meta":{"inline_featured_image":false,"footnotes":""},"class_list":["post-90","page","type-page","status-publish","hentry"],"publishpress_future_action":{"enabled":false,"date":"2026-05-02 06:18:32","action":"change-status","newStatus":"draft","terms":[],"taxonomy":"","extraData":[]},"publishpress_future_workflow_manual_trigger":{"enabledWorkflows":[]},"_links":{"self":[{"href":"https:\/\/apiagentura.gov.cz\/cs\/wp-json\/wp\/v2\/pages\/90","targetHints":{"allow":["GET"]}}],"collection":[{"href":"https:\/\/apiagentura.gov.cz\/cs\/wp-json\/wp\/v2\/pages"}],"about":[{"href":"https:\/\/apiagentura.gov.cz\/cs\/wp-json\/wp\/v2\/types\/page"}],"author":[{"embeddable":true,"href":"https:\/\/apiagentura.gov.cz\/cs\/wp-json\/wp\/v2\/users\/35"}],"replies":[{"embeddable":true,"href":"https:\/\/apiagentura.gov.cz\/cs\/wp-json\/wp\/v2\/comments?post=90"}],"version-history":[{"count":0,"href":"https:\/\/apiagentura.gov.cz\/cs\/wp-json\/wp\/v2\/pages\/90\/revisions"}],"up":[{"embeddable":true,"href":"https:\/\/apiagentura.gov.cz\/cs\/wp-json\/wp\/v2\/pages\/88"}],"wp:attachment":[{"href":"https:\/\/apiagentura.gov.cz\/cs\/wp-json\/wp\/v2\/media?parent=90"}],"curies":[{"name":"wp","href":"https:\/\/api.w.org\/{rel}","templated":true}]}}