{"id":919,"date":"2016-08-11T07:39:21","date_gmt":"2016-08-11T06:39:21","guid":{"rendered":"http:\/\/www.ci-api.stage2.goodshape.cz\/?page_id=919"},"modified":"2023-05-11T08:56:15","modified_gmt":"2023-05-11T06:56:15","slug":"aplikace-vyzva-ii","status":"publish","type":"page","link":"https:\/\/apiagentura.gov.cz\/cs\/programy-podpory\/aplikace\/aplikace-vyzva-ii\/","title":{"rendered":"Aplikace \u2013 V\u00fdzva II"},"content":{"rendered":"<p><\/p>\n<h3>Ozn\u00e1men\u00ed pro \u017eadatele<\/h3>\n<p><strong>14.5.2021:<\/strong> Do\u0161lo k aktualizaci dokumentu P\u0159\u00edru\u010dka administrace \u017e\u00e1dost\u00ed o platbu.<\/p>\n<p>&nbsp;<\/p>\n<hr \/>\n<p style=\"text-align: justify;\">Pokud jsou v\u00a0r\u00e1mci \u017d\u00e1dosti o platbu n\u00e1rokov\u00e1ny osobn\u00ed n\u00e1klady zam\u011bstnanc\u016f ve zp\u016fsobil\u00fdch v\u00fddaj\u00edch projektu, <strong>jsou \u017eadatel\u00e9 od <\/strong><strong>6.10.2020 povinni dolo\u017eit na z\u00e1klad\u011b v\u00fdzvy projektov\u00e9ho mana\u017eera vzorek mzdov\u00fdch list\u016f<\/strong> n\u00e1rokovan\u00fdch zam\u011bstnanc\u016f.\u00a0Jedn\u00e1 se o n\u00e1pravn\u00e9 opat\u0159en\u00ed pro sn\u00ed\u017een\u00ed chybovosti p\u0159i vypl\u0148ov\u00e1n\u00ed mzdov\u00e9 tabulky ze strany \u017eadatel\u016f.<\/p>\n<p>V\u00e1\u017een\u00ed \u017eadatel\u00e9,<\/p>\n<p>Ministerstvo pr\u016fmyslu a obchodu oznamuje, \u017ee se poda\u0159ilo vyjednat v\u00fdrazn\u00e9 zjednodu\u0161en\u00ed implementace programu Aplikace, kter\u00e9 se t\u00fdk\u00e1 zejm\u00e9na administrace \u017e\u00e1dost\u00ed o platbu u projekt\u016f, u kter\u00fdch se uplat\u0148uje v\u00edce m\u011br podpory a tzv. sm\u011bsn\u00fd pom\u011br, kter\u00fd spo\u010d\u00edv\u00e1 v\u00a0uplatn\u011bn\u00ed v\u00e1\u017een\u00e9ho pr\u016fm\u011bru, kdy se na po\u010d\u00e1tku projektu vypo\u010dte z\u00a0rozpo\u010dtov\u00fdch polo\u017eek a m\u011br podpor jedna pr\u016fm\u011brn\u00e1 m\u00edra podpory, kter\u00e1 se pot\u00e9 uplat\u0148uje na v\u0161echny v\u00fddaje projektu ve v\u0161ech etap\u00e1ch. Riziko m\u016f\u017ee nastat v\u00a0etap\u00e1ch, kde v\u00fddaje z\u00a0polo\u017eky s\u00a0ni\u017e\u0161\u00ed m\u00edrou podpory (v programu Aplikace experiment\u00e1ln\u00ed v\u00fdvoj) p\u0159eva\u017euj\u00ed nad polo\u017ekami s\u00a0vy\u0161\u0161\u00ed m\u00edrou podpory (v programu Aplikace pr\u016fmyslov\u00fd v\u00fdzkum). V\u00a0takov\u00e9m p\u0159\u00edpad\u011b bude \u0158\u00eddic\u00ed org\u00e1n kr\u00e1tit eventu\u00e1ln\u00ed p\u0159ekompenzaci (p\u0159eplatek) p\u0159i z\u00e1v\u011bre\u010dn\u00e9 \u017e\u00e1dosti o platbu. Auditn\u00ed org\u00e1n bude v\u00a0r\u00e1mci audit\u016f tuto p\u0159ekompenzaci posuzovat jako podporu poskytnutou ex ante na pr\u016fmyslov\u00fd v\u00fdzkum. Odpad\u00e1 tedy nutnost \u0159e\u0161it p\u0159\u00edpadn\u00e9 p\u0159eplatky v\u00a0r\u00e1mci jednotliv\u00fdch etap projektu.<\/p>\n<hr \/>\n<h3>Uplatn\u011bn\u00ed v\u00fdjimky dle ustanoven\u00ed \u00a7 29 Z\u00e1kona \u010d. 134\/2016 Sb. o zad\u00e1v\u00e1n\u00ed ve\u0159ejn\u00fdch zak\u00e1zek, nebo \u00a7 18 z\u00e1kona \u010d. 137\/2006 Sb.<\/h3>\n<p>Uplatn\u011bn\u00ed v\u00fdjimky dle ustanoven\u00ed \u00a7 29 Z\u00e1kona \u010d. 134\/2016 Sb. o zad\u00e1v\u00e1n\u00ed ve\u0159ejn\u00fdch zak\u00e1zek, nebo \u00a7 18 z\u00e1kona \u010d. 137\/2006 Sb., z\u00e1kon o ve\u0159ejn\u00fdch zak\u00e1zk\u00e1ch, se t\u00fdk\u00e1 po\u0159\u00edzen\u00ed slu\u017eeb pro \u00fa\u010dely projektu v\u00a0oblasti v\u00fdzkumu a v\u00fdvoje a umo\u017e\u0148uje \u017eadatel\u016fm o dotaci \/p\u0159\u00edjemc\u016fm dotace upustit od povinnosti vypsat v\u00fdb\u011brov\u00e9 \u0159\u00edzen\u00ed na po\u0159\u00edzen\u00ed v\u00fd\u0161e zm\u00edn\u011bn\u00fdch slu\u017eeb za p\u0159edpokladu spln\u011bn\u00ed podm\u00ednek uveden\u00fdch v \u00a7 29 Z\u00e1kona \u010d. 134\/2016 Sb. o zad\u00e1v\u00e1n\u00ed ve\u0159ejn\u00fdch zak\u00e1zek, resp. \u00a7 18 z\u00e1kona \u010d. 137\/2006 Sb., z\u00e1kon o ve\u0159ejn\u00fdch zak\u00e1zk\u00e1ch. V\u00fdb\u011br z\u00a0t\u011bchto 2 mo\u017enost\u00ed je podm\u00edn\u011bn dobou uzav\u0159en\u00ed smluvn\u00ed dokumentac\u00ed, tj. v\u00a0dob\u011b platnosti z\u00e1kona \u010d. 137\/2006, nebo z\u00e1kona \u010d. 134\/2016, proto\u017ee realizace n\u011bkter\u00fdch projekt\u016f z\u00a0d\u00e1le uveden\u00fdch program\u016f byla ji\u017e zah\u00e1jena. <strong>Ustanoven\u00ed \u0158\u00edd\u00edc\u00edho org\u00e1nu OP PIK tedy teoreticky mohou vyu\u017e\u00edt \u017eadatel\u00e9 o dotaci\/p\u0159\u00edjemci dotace v\u00a0programech Aplikace, Spolupr\u00e1ce \u2013 Klastry \u2013 kolektivn\u00ed v\u00fdzkum a Proof of Concept. D\u00e1le upozor\u0148ujeme na \u00fa\u010dinnost tohoto ozn\u00e1men\u00ed. Je ji t\u0159eba vn\u00edmat tak, \u017ee se vztahuje nejen na v\u0161echny \u017e\u00e1dost\u00ed o platbu (p\u0159\u00edjemce vyu\u017e\u00edv\u00e1 v\u00fdjimku) podan\u00e9 po 26. 3. 2018, ale i pro v\u0161echny ji\u017e podan\u00e9 \u00a0\u017e\u00e1dosti o platbu (p\u0159\u00edjemce vyu\u017e\u00edv\u00e1 v\u00fdjimku), kter\u00fdm nebyla \u017e\u00e1dost o platbu dosud schv\u00e1lena.<\/strong><\/p>\n<p>V\u00edce informac\u00ed naleznete v novince na webu <a href=\"https:\/\/www.apiagentura.gov.cz\/cs\/oznameni-zadatele-prijemce-dotace-programu-op-pik\/\">API<\/a>, p\u0159\u00edpadn\u011b v p\u016fvodn\u00ed zpr\u00e1v\u011b na webov\u00fdch str\u00e1nk\u00e1ch <a href=\"https:\/\/www.mpo.cz\/cz\/podnikani\/dotace-a-podpora-podnikani\/oppik-2014-2020\/evaluace-a-analyzy\/oznameni-pro-zadatele-prijemce-dotace-programu-op-pik---235228\/\">MPO<\/a>.<\/p>\n<hr \/>\n<h3>Upozorn\u011bn\u00ed\u00a0pro \u017eadatele<\/h3>\n<p>V\u00e1\u017een\u00ed \u017eadatel\u00e9, V\u00e1\u017een\u00ed p\u0159\u00edjemci podpory,<\/p>\n<p>s ohledem na skute\u010dnost, \u017ee p\u0159\u00edlohou Rozhodnut\u00ed o poskytnut\u00ed dotace je Rozpo\u010det projektu, je nutn\u00e9 sledovat p\u0159ekro\u010den\u00ed\/nedo\u010derp\u00e1n\u00ed v\u00fddaj\u016f uveden\u00fdch u jednotliv\u00fdch rozpo\u010dtov\u00fdch polo\u017eek v r\u00e1mci ka\u017ed\u00e9 etapy.<\/p>\n<p>P\u0159ed zah\u00e1jen\u00edm editace \u017e\u00e1dost\u00ed o platbu je nutn\u00e9 v p\u0159\u00edpad\u011b nesouladu po\u017eadovan\u00fdch v\u00fddaj\u016f v \u017e\u00e1dosti o platbu se schv\u00e1len\u00fdm Rozpo\u010dtem nejd\u0159\u00edve kontaktovat sv\u00e9ho projektov\u00e9ho mana\u017eera prost\u0159ednictv\u00edm depe\u0161e, kter\u00fd navrhne dal\u0161\u00ed postup.<\/p>\n<p>D\u011bkujeme za spolupr\u00e1ci.<\/p>\n<hr \/>\n<h3>Z\u00e1kladn\u00ed charakteristiky:<\/h3>\n<p><strong>Kdo m\u016f\u017ee \u017e\u00e1dat\u00a0<\/strong>(p\u0159\u00edjemci podpory):<\/p>\n<ul>\n<li>mal\u00e9 a st\u0159edn\u00ed podniky, organizace pro v\u00fdzkum a \u0161\u00ed\u0159en\u00ed znalost\u00ed<\/li>\n<\/ul>\n<p><strong>Kolik lze z\u00edskat na jeden projekt<\/strong>\u00a0(forma a v\u00fd\u0161e podpory):<\/p>\n<ul>\n<li>celkov\u00e1 alokace v\u00fdzvy: 40\u00a0000\u00a0000 K\u010d<\/li>\n<li>dotace na projekt je poskytov\u00e1na minim\u00e1ln\u011b ve v\u00fd\u0161i 1 mil. K\u010d a maxim\u00e1ln\u011b do v\u00fd\u0161e 25 mil. K\u010d<\/li>\n<li>max. m\u00edra podpory za cel\u00fd projekt: 70% zp\u016fsobil\u00fdch v\u00fddaj\u016f<\/li>\n<li>v re\u017eimu nezakl\u00e1daj\u00edc\u00ed ve\u0159ejnou podporu je podpora poskytov\u00e1na v souladu se Sd\u011blen\u00edm Komise R\u00e1mec pro st\u00e1tn\u00ed podporu v\u00fdzkumu, v\u00fdvoje a inovac\u00ed (2014\/C 198\/01)13, a to pro subjekty, kter\u00e9 spl\u0148uj\u00ed definici organizace pro v\u00fdzkum a \u0161\u00ed\u0159en\u00ed znalost\u00ed. Maxim\u00e1ln\u00ed intenzita podpory zde nesm\u00ed p\u0159es\u00e1hnout 75 % z celkov\u00fdch zp\u016fsobil\u00fdch v\u00fddaj\u016f v\u00fdzkumn\u00e9 organizace bez ohledu na velikost v\u00fdzkumn\u00e9 organizace \u010di m\u00edsta realizace<\/li>\n<\/ul>\n<p><strong>Na co lze z\u00edskat podporu\u00a0<\/strong>(podporovan\u00e9 aktivity):<\/p>\n<ul>\n<li>realizace pr\u016fmyslov\u00e9ho v\u00fdzkumu a experiment\u00e1ln\u00edho v\u00fdvoje ve smyslu \u010cl\u00e1nku 25 Na\u0159\u00edzen\u00ed Komise (EU) \u010d. 651\/2014 ze dne 17. \u010dervna 2014, kter\u00fdm se v souladu s \u010dl\u00e1nky 107 a 108 Smlouvy o ES prohla\u0161uj\u00ed ur\u010dit\u00e9 kategorie podpory za slu\u010diteln\u00e9 s vnit\u0159n\u00edm trhem (d\u00e1le jen \u201eNa\u0159\u00edzen\u00ed Komise \u010d. 651\/2014\u201c)<\/li>\n<li>v r\u00e1mci t\u00e9to v\u00fdzvy bude podporov\u00e1na pouze realizace projekt\u016f zapojen\u00fdch do mezin\u00e1rodn\u00ed spolupr\u00e1ce prost\u0159ednictv\u00edm mezin\u00e1rodn\u00ed s\u00edt\u011b IraSME<\/li>\n<li>podporov\u00e1ny jsou projekty, jejich\u017e v\u00fdstupy se projev\u00ed v odv\u011btv\u00edch vymezen\u00fdch odd\u00edly CZ-NACE<br \/>\nC 10 \u2013 11, 13 \u2013 18, 20 &#8211; 33; D 35, E 38; F 41 \u2013 43, J 58, 59, 61 &#8211; 63, M 69 \u2013 72, 74, 75, N 78, S\u00a095<\/li>\n<\/ul>\n<p><strong>Jak\u00e9 v\u00fddaje je mo\u017en\u00e9 podpo\u0159it<\/strong> (zp\u016fsobil\u00e9 v\u00fddaje):<\/p>\n<ul>\n<li>osobn\u00ed n\u00e1klady: mzdy a pojistn\u00e9 v\u00fdzkumn\u00fdch pracovn\u00edk\u016f, technik\u016f a ostatn\u00edho podp\u016frn\u00e9ho person\u00e1lu v rozsahu nezbytn\u00e9m pro \u00fa\u010dely projektu<\/li>\n<li>cestovn\u00e9<\/li>\n<li>n\u00e1klady na n\u00e1stroje, p\u0159\u00edstroje a vybaven\u00ed formou odpis\u016f, v rozsahu a po dobu, kdy jsou vyu\u017e\u00edv\u00e1ny pro \u00fa\u010dely projektu<\/li>\n<li>n\u00e1klady na smluvn\u00ed v\u00fdzkum, poznatky a patenty zakoupen\u00e9 nebo po\u0159\u00edzen\u00e9 v r\u00e1mci licence z vn\u011bj\u0161\u00edch zdroj\u016f za obvykl\u00fdch tr\u017en\u00edch podm\u00ednek a rovn\u011b\u017e n\u00e1klady na poradensk\u00e9 a rovnocenn\u00e9 slu\u017eby vyu\u017eit\u00e9 v\u00fdlu\u010dn\u011b pro \u00fa\u010dely projektu<\/li>\n<li>dodate\u010dn\u00e9 re\u017eijn\u00ed a ostatn\u00ed provozn\u00ed n\u00e1klady v\u010detn\u011b n\u00e1klad\u016f na materi\u00e1l, dod\u00e1vky a podobn\u00e9 v\u00fdrobky, kter\u00e9 vznikly bezprost\u0159edn\u011b v d\u016fsledku projektu<\/li>\n<\/ul>\n<p><strong>Specifika a omezen\u00ed:<\/strong><\/p>\n<ul>\n<li>projekt mus\u00ed b\u00fdt realizov\u00e1n na \u00fazem\u00ed \u010cR mimo hlavn\u00edho m\u011bsta Prahy<\/li>\n<li>hlavn\u00edm \u017eadatelem mus\u00ed b\u00fdt MSP. Partnery projektu (spolup\u0159\u00edjemcem) pak mohou b\u00fdt dal\u0161\u00ed MSP nebo v\u00fdzkumn\u00e9 organizace. Participace v\u00fdzkumn\u00e9 organizace v projektu nen\u00ed povinn\u00e1<\/li>\n<li>doba realizace projektu nesm\u00ed p\u0159ekro\u010dit 3 roky, pokud poskytovatel dotace nerozhodne jinak. Nejzaz\u0161\u00ed term\u00edn pro ukon\u010den\u00ed projektu je 31. 12. 2019<\/li>\n<li>projekt mus\u00ed b\u00fdt zah\u00e1jen do 6 m\u011bs\u00edc\u016f od data ukon\u010den\u00ed p\u0159\u00edjmu \u017e\u00e1dost\u00ed o podporu<\/li>\n<li>ka\u017ed\u00fd \u017eadatel, 1 I\u010c je v t\u00e9to v\u00fdzv\u011b opr\u00e1vn\u011bn p\u0159edlo\u017eit maxim\u00e1ln\u011b t\u0159i projekty (tzn. t\u0159i aktivn\u00ed \u017e\u00e1dosti, ve kter\u00fdch vystupuje jako hlavn\u00ed p\u0159\u00edjemce). V p\u0159\u00edpad\u011b projekt\u016f, kter\u00e9 budou pod\u00e1ny ekonomicky nebo person\u00e1ln\u011b spojen\u00fdmi osobami, ovl\u00e1daj\u00edc\u00ed a ovl\u00e1danou osobou ve smyslu z\u00e1kona \u010d. 90\/2012 Sb., z\u00e1kon o obchodn\u00edch spole\u010dnostech a dru\u017estvech v platn\u00e9m zn\u011bn\u00ed, bude rovn\u011b\u017e pou\u017eito omezen\u00ed maxim\u00e1ln\u011b t\u0159\u00ed projekt\u016f. Tato podm\u00ednka neplat\u00ed pro \u017eadatele spl\u0148uj\u00edc\u00ed definici \u201ev\u00fdzkumn\u00e9 organizace\u201c dle R\u00e1mce, kte\u0159\u00ed jsou v projektu vedeni jako spolup\u0159\u00edjemci \u2013 partne\u0159i s finan\u010dn\u00ed spolu\u00fa\u010dast\u00ed<\/li>\n<\/ul>\n<p><\/p>","protected":false},"excerpt":{"rendered":"<p>C\u00edlem programu podpory Aplikace je z\u00edsk\u00e1v\u00e1n\u00ed nov\u00fdch znalost\u00ed pot\u0159ebn\u00fdch pro v\u00fdvoj nov\u00fdch produkt\u016f, materi\u00e1l\u016f, technologi\u00ed a slu\u017eeb prost\u0159ednictv\u00edm realizace projekt\u016f pr\u016fmyslov\u00e9ho v\u00fdzkumu a experiment\u00e1ln\u00edho v\u00fdvoje. V r\u00e1mci II. V\u00fdzvy bude podporov\u00e1na pouze realizace projekt\u016f zapojen\u00fdch do mezin\u00e1rodn\u00ed spolupr\u00e1ce prost\u0159ednictv\u00edm mezin\u00e1rodn\u00ed s\u00edt\u011b IraSME.<\/p>\n","protected":false},"author":35,"featured_media":0,"parent":114,"menu_order":2,"comment_status":"closed","ping_status":"closed","template":"","meta":{"inline_featured_image":false,"footnotes":""},"class_list":["post-919","page","type-page","status-publish","hentry"],"publishpress_future_action":{"enabled":false,"date":"2026-05-02 07:32:43","action":"change-status","newStatus":"draft","terms":[],"taxonomy":"","extraData":[]},"publishpress_future_workflow_manual_trigger":{"enabledWorkflows":[]},"_links":{"self":[{"href":"https:\/\/apiagentura.gov.cz\/cs\/wp-json\/wp\/v2\/pages\/919","targetHints":{"allow":["GET"]}}],"collection":[{"href":"https:\/\/apiagentura.gov.cz\/cs\/wp-json\/wp\/v2\/pages"}],"about":[{"href":"https:\/\/apiagentura.gov.cz\/cs\/wp-json\/wp\/v2\/types\/page"}],"author":[{"embeddable":true,"href":"https:\/\/apiagentura.gov.cz\/cs\/wp-json\/wp\/v2\/users\/35"}],"replies":[{"embeddable":true,"href":"https:\/\/apiagentura.gov.cz\/cs\/wp-json\/wp\/v2\/comments?post=919"}],"version-history":[{"count":0,"href":"https:\/\/apiagentura.gov.cz\/cs\/wp-json\/wp\/v2\/pages\/919\/revisions"}],"up":[{"embeddable":true,"href":"https:\/\/apiagentura.gov.cz\/cs\/wp-json\/wp\/v2\/pages\/114"}],"wp:attachment":[{"href":"https:\/\/apiagentura.gov.cz\/cs\/wp-json\/wp\/v2\/media?parent=919"}],"curies":[{"name":"wp","href":"https:\/\/api.w.org\/{rel}","templated":true}]}}