{"id":94,"date":"2016-06-27T13:25:22","date_gmt":"2016-06-27T12:25:22","guid":{"rendered":"http:\/\/www.ci-api.dev\/?page_id=94"},"modified":"2023-08-10T13:35:44","modified_gmt":"2023-08-10T11:35:44","slug":"msp","status":"publish","type":"page","link":"https:\/\/apiagentura.gov.cz\/cs\/metodika\/msp\/","title":{"rendered":"Definice mal\u00e9ho a st\u0159edn\u00edho podniku"},"content":{"rendered":"<p><\/p>\n<p style=\"text-align: left;\">Pokud se \u017eadatel rozhodne podat projekt v r\u00e1mci programu podpory OP PIK, kter\u00fd je ur\u010den v\u00fdhradn\u011b pro drobn\u00e9, mal\u00e9 a st\u0159edn\u00ed podniky (MSP), mus\u00ed posoudit, zda jako \u017eadatel tuto podm\u00ednku spl\u0148uje. Z\u00e1kladn\u00edmi krit\u00e9rii pro stanoven\u00ed velikosti podnikatele jsou <strong>po\u010det zam\u011bstnanc\u016f, velikost ro\u010dn\u00edho obratu a bilan\u010dn\u00ed suma ro\u010dn\u00ed rozvahy<\/strong> (velikost aktiv). \u00dadaje, kter\u00e9 se pou\u017e\u00edvaj\u00ed pro stanoven\u00ed po\u010dtu zam\u011bstnanc\u016f a finan\u010dn\u00edch veli\u010din, se vztahuj\u00ed k posledn\u00edmu uzav\u0159en\u00e9mu \u00fa\u010detn\u00edmu\/zda\u0148ovac\u00edmu obdob\u00ed.<\/p>\n<p style=\"text-align: left;\">N\u00ed\u017ee jsou k\u00a0dispozici dokumenty t\u00fdkaj\u00edc\u00ed se vymezen\u00ed pojm\u016f drobn\u00fd, mal\u00fd a st\u0159edn\u00ed podnikatel a postup\u016f pro za\u0159azov\u00e1n\u00ed podnikatel\u016f do jednotliv\u00fdch kategori\u00ed.<\/p>\n<p><\/p>","protected":false},"excerpt":{"rendered":"<p>Pokud se \u017eadatel rozhodne podat projekt v r\u00e1mci programu podpory OP PIK, kter\u00fd je ur\u010den v\u00fdhradn\u011b pro drobn\u00e9, mal\u00e9 a st\u0159edn\u00ed podniky (MSP), mus\u00ed posoudit, zda jako \u017eadatel tuto podm\u00ednku spl\u0148uje. Z\u00e1kladn\u00edmi krit\u00e9rii pro stanoven\u00ed velikosti podnikatele jsou po\u010det zam\u011bstnanc\u016f, velikost ro\u010dn\u00edho obratu a bilan\u010dn\u00ed suma ro\u010dn\u00ed rozvahy (velikost aktiv). \u00dadaje, kter\u00e9 se pou\u017e\u00edvaj\u00ed pro [&hellip;]<\/p>\n","protected":false},"author":35,"featured_media":0,"parent":88,"menu_order":0,"comment_status":"closed","ping_status":"closed","template":"","meta":{"inline_featured_image":false,"footnotes":""},"class_list":["post-94","page","type-page","status-publish","hentry"],"publishpress_future_action":{"enabled":false,"date":"2026-05-07 02:56:07","action":"change-status","newStatus":"draft","terms":[],"taxonomy":"","extraData":[]},"publishpress_future_workflow_manual_trigger":{"enabledWorkflows":[]},"_links":{"self":[{"href":"https:\/\/apiagentura.gov.cz\/cs\/wp-json\/wp\/v2\/pages\/94","targetHints":{"allow":["GET"]}}],"collection":[{"href":"https:\/\/apiagentura.gov.cz\/cs\/wp-json\/wp\/v2\/pages"}],"about":[{"href":"https:\/\/apiagentura.gov.cz\/cs\/wp-json\/wp\/v2\/types\/page"}],"author":[{"embeddable":true,"href":"https:\/\/apiagentura.gov.cz\/cs\/wp-json\/wp\/v2\/users\/35"}],"replies":[{"embeddable":true,"href":"https:\/\/apiagentura.gov.cz\/cs\/wp-json\/wp\/v2\/comments?post=94"}],"version-history":[{"count":0,"href":"https:\/\/apiagentura.gov.cz\/cs\/wp-json\/wp\/v2\/pages\/94\/revisions"}],"up":[{"embeddable":true,"href":"https:\/\/apiagentura.gov.cz\/cs\/wp-json\/wp\/v2\/pages\/88"}],"wp:attachment":[{"href":"https:\/\/apiagentura.gov.cz\/cs\/wp-json\/wp\/v2\/media?parent=94"}],"curies":[{"name":"wp","href":"https:\/\/api.w.org\/{rel}","templated":true}]}}