{"id":959,"date":"2016-08-11T08:03:40","date_gmt":"2016-08-11T07:03:40","guid":{"rendered":"http:\/\/www.ci-api.stage2.goodshape.cz\/?page_id=959"},"modified":"2021-11-23T14:23:28","modified_gmt":"2021-11-23T13:23:28","slug":"spoluprace-klastry-vyzva-i","status":"publish","type":"page","link":"https:\/\/apiagentura.gov.cz\/cs\/programy-podpory\/spoluprace\/spoluprace-klastry-vyzva-i\/","title":{"rendered":"Spolupr\u00e1ce \u2013 Klastry \u2013 V\u00fdzva I"},"content":{"rendered":"<p><\/p>\n<h3>Ozn\u00e1men\u00ed pro \u017eadatele<\/h3>\n<p style=\"text-align: justify;\">Pokud jsou v\u00a0r\u00e1mci \u017d\u00e1dosti o platbu n\u00e1rokov\u00e1ny osobn\u00ed n\u00e1klady zam\u011bstnanc\u016f ve zp\u016fsobil\u00fdch v\u00fddaj\u00edch projektu, <strong>jsou \u017eadatel\u00e9 od <\/strong><strong>6.10.2020 povinni dolo\u017eit na z\u00e1klad\u011b v\u00fdzvy projektov\u00e9ho mana\u017eera vzorek mzdov\u00fdch list\u016f<\/strong> n\u00e1rokovan\u00fdch zam\u011bstnanc\u016f.\u00a0Jedn\u00e1 se o n\u00e1pravn\u00e9 opat\u0159en\u00ed pro sn\u00ed\u017een\u00ed chybovosti p\u0159i vypl\u0148ov\u00e1n\u00ed mzdov\u00e9 tabulky ze strany \u017eadatel\u016f.<\/p>\n<p>&nbsp;<\/p>\n<h3>Uplatn\u011bn\u00ed v\u00fdjimky dle ustanoven\u00ed \u00a7 29 Z\u00e1kona \u010d. 134\/2016 Sb. o zad\u00e1v\u00e1n\u00ed ve\u0159ejn\u00fdch zak\u00e1zek, nebo \u00a7 18 z\u00e1kona \u010d. 137\/2006 Sb.<\/h3>\n<p>Uplatn\u011bn\u00ed v\u00fdjimky dle ustanoven\u00ed \u00a7 29 Z\u00e1kona \u010d. 134\/2016 Sb. o zad\u00e1v\u00e1n\u00ed ve\u0159ejn\u00fdch zak\u00e1zek, nebo \u00a7 18 z\u00e1kona \u010d. 137\/2006 Sb., z\u00e1kon o ve\u0159ejn\u00fdch zak\u00e1zk\u00e1ch, se t\u00fdk\u00e1 po\u0159\u00edzen\u00ed slu\u017eeb pro \u00fa\u010dely projektu v\u00a0oblasti v\u00fdzkumu a v\u00fdvoje a umo\u017e\u0148uje \u017eadatel\u016fm o dotaci \/p\u0159\u00edjemc\u016fm dotace upustit od povinnosti vypsat v\u00fdb\u011brov\u00e9 \u0159\u00edzen\u00ed na po\u0159\u00edzen\u00ed v\u00fd\u0161e zm\u00edn\u011bn\u00fdch slu\u017eeb za p\u0159edpokladu spln\u011bn\u00ed podm\u00ednek uveden\u00fdch v \u00a7 29 Z\u00e1kona \u010d. 134\/2016 Sb. o zad\u00e1v\u00e1n\u00ed ve\u0159ejn\u00fdch zak\u00e1zek, resp. \u00a7 18 z\u00e1kona \u010d. 137\/2006 Sb., z\u00e1kon o ve\u0159ejn\u00fdch zak\u00e1zk\u00e1ch. V\u00fdb\u011br z\u00a0t\u011bchto 2 mo\u017enost\u00ed je podm\u00edn\u011bn dobou uzav\u0159en\u00ed smluvn\u00ed dokumentac\u00ed, tj. v\u00a0dob\u011b platnosti z\u00e1kona \u010d. 137\/2006, nebo z\u00e1kona \u010d. 134\/2016, proto\u017ee realizace n\u011bkter\u00fdch projekt\u016f z\u00a0d\u00e1le uveden\u00fdch program\u016f byla ji\u017e zah\u00e1jena. <strong>Ustanoven\u00ed \u0158\u00edd\u00edc\u00edho org\u00e1nu OP PIK tedy teoreticky mohou vyu\u017e\u00edt \u017eadatel\u00e9 o dotaci\/p\u0159\u00edjemci dotace v\u00a0programech Aplikace, Spolupr\u00e1ce \u2013 Klastry \u2013 kolektivn\u00ed v\u00fdzkum a Proof of Concept. D\u00e1le upozor\u0148ujeme na \u00fa\u010dinnost tohoto ozn\u00e1men\u00ed. Je ji t\u0159eba vn\u00edmat tak, \u017ee se vztahuje nejen na v\u0161echny \u017e\u00e1dost\u00ed o platbu (p\u0159\u00edjemce vyu\u017e\u00edv\u00e1 v\u00fdjimku) podan\u00e9 po 26. 3. 2018, ale i pro v\u0161echny ji\u017e podan\u00e9 \u00a0\u017e\u00e1dosti o platbu (p\u0159\u00edjemce vyu\u017e\u00edv\u00e1 v\u00fdjimku), kter\u00fdm nebyla \u017e\u00e1dost o platbu dosud schv\u00e1lena.<\/strong><\/p>\n<p>V\u00edce informac\u00ed naleznete v novince na webu <a href=\"https:\/\/www.apiagentura.gov.cz\/cs\/oznameni-zadatele-prijemce-dotace-programu-op-pik\/\">API<\/a>, p\u0159\u00edpadn\u011b v p\u016fvodn\u00ed zpr\u00e1v\u011b na webov\u00fdch str\u00e1nk\u00e1ch <a href=\"https:\/\/www.mpo.cz\/cz\/podnikani\/dotace-a-podpora-podnikani\/oppik-2014-2020\/evaluace-a-analyzy\/oznameni-pro-zadatele-prijemce-dotace-programu-op-pik---235228\/\">MPO<\/a>.<\/p>\n<hr \/>\n<h3>Z\u00e1kladn\u00ed charakteristiky:<\/h3>\n<p><strong>Kdo m\u016f\u017ee \u017e\u00e1dat<\/strong>\u00a0(p\u0159\u00edjemci podpory):<\/p>\n<ul>\n<li>mal\u00e9 a st\u0159edn\u00ed podniky<\/li>\n<\/ul>\n<p><strong>Kolik lze z\u00edskat na jeden projekt\u00a0<\/strong>(forma a v\u00fd\u0161e podpory):<\/p>\n<ul>\n<li>min. absolutn\u00ed dotace pro jeden projekt: 500 000 K\u010d<\/li>\n<li>max. absolutn\u00ed dotace pro jeden podprojekt v r\u00e1mci aktivity Kolektivn\u00ed v\u00fdzkum:<\/li>\n<\/ul>\n<p style=\"padding-left: 30px;\">&#8211; 16\u00a0000 000 K\u010d pro excelentn\u00ed klastry<\/p>\n<p style=\"padding-left: 30px;\">&#8211; 11 000 000 K\u010d pro rozvinut\u00e9 klastry<\/p>\n<ul>\n<li>max. absolutn\u00ed dotace pro jeden projekt v r\u00e1mci Sd\u00edlen\u00e1 infrastruktura:<\/li>\n<\/ul>\n<p style=\"padding-left: 30px;\">&#8211; 15 000 000 K\u010d pro excelentn\u00ed klastry<\/p>\n<p style=\"padding-left: 30px;\">&#8211; 10 000 000 K\u010d pro rozvinut\u00e9 klastry<\/p>\n<ul>\n<li>max. absolutn\u00ed dotace pro jeden projekt v r\u00e1mci aktivity Internacionalizace klastru a Rozvoj klastrov\u00e9 organizace:<\/li>\n<\/ul>\n<p style=\"padding-left: 30px;\">&#8211; 5 000 000 K\u010d pro excelentn\u00ed klastry<\/p>\n<p style=\"padding-left: 30px;\">&#8211; 4 000 000 K\u010d pro rozvinut\u00e9 klastry<\/p>\n<p style=\"padding-left: 30px;\">&#8211; 3 000 000 K\u010d pro nezral\u00e9 klastry<\/p>\n<ul>\n<li>max. m\u00edra podpory:<\/li>\n<\/ul>\n<p style=\"padding-left: 30px;\">&#8211; pro aktivitu Kolektivn\u00ed v\u00fdzkum 45% ZV pro mal\u00e9 podniky, 35% ZV pro st\u0159edn\u00ed podniky;<\/p>\n<p style=\"padding-left: 30px;\">&#8211; pro aktivity Sd\u00edlen\u00e1 infrastruktura, Internacionalizace klastru a Rozvoj klastrov\u00e9 organizace 50% ZV<\/p>\n<p><strong>Na co lze z\u00edskat podporu<\/strong> (podporovan\u00e9 aktivity):<\/p>\n<ul>\n<li><strong>kolektivn\u00ed v\u00fdzkum<\/strong>\u00a0\u2013 Podprojekty mus\u00ed spl\u0148ovat podm\u00ednky stanoven\u00e9 v definici kolektivn\u00edho a p\u0159edkonkuren\u010dn\u00edho v\u00fdzkumu. \u017dadatel u ka\u017ed\u00e9ho n\u00e1vrhu podprojektu mus\u00ed dolo\u017eit alespo\u0148 3 potenci\u00e1ln\u00ed u\u017eivatele v\u00fdsledk\u016f podprojektu (mal\u00e9 a st\u0159edn\u00ed podniky), kte\u0159\u00ed sestav\u00ed tzv. u\u017eivatelsk\u00fd v\u00fdbor, kter\u00fd dohl\u00ed\u017e\u00ed na pr\u016fb\u011bh realizace projektu a m\u016f\u017ee korigovat sm\u011br v\u00fdzkumu s ohledem na vyu\u017eitelnost v\u00fdsledk\u016f. Podprojekty mus\u00ed b\u00fdt \u0159e\u0161eny ve spolupr\u00e1ci s v\u00fdzkumn\u00fdmi a v\u00fdvojov\u00fdmi pracovi\u0161ti formou zad\u00e1n\u00ed smluvn\u00edho v\u00fdzkumu. Podporov\u00e1na je tak\u00e9 realizace projekt\u016f kolektivn\u00edho v\u00fdzkumu v r\u00e1mci mezin\u00e1rodn\u00ed s\u00edt\u011b Cornet.<\/li>\n<li><strong>sd\u00edlen\u00e1 infrastruktura\u00a0<\/strong>\u2013 zalo\u017een\u00ed\/rozvoj a vybaven\u00ed centra klastru s otev\u0159en\u00fdm p\u0159\u00edstupem pro \u00fa\u010dely pr\u016fmyslov\u00e9ho v\u00fdzkumu, v\u00fdvoje a inovac\u00ed<\/li>\n<li><strong>internacionalizace klastru\u00a0<\/strong>\u2013 navazov\u00e1n\u00ed spolupr\u00e1ce v evropsk\u00e9m v\u00fdzkumn\u00e9m prostoru, zapojov\u00e1n\u00ed se do p\u0159eshrani\u010dn\u00edch s\u00edt\u00ed excelentn\u00edch klastr\u016f (s d\u016frazem na budouc\u00ed v\u00fdzvy a kl\u00ed\u010dov\u00e9 technologie), koordinovan\u00fd p\u0159\u00edstup na t\u0159et\u00ed trhy, apod.<\/li>\n<li><strong>rozvoj klastrov\u00e9 organizace<\/strong>\u00a0\u2013 aktivity vedouc\u00ed k roz\u0161i\u0159ov\u00e1n\u00ed klastru a zv\u00fd\u0161en\u00ed kvality jeho \u0159\u00edzen\u00ed, zlep\u0161en\u00ed spolupr\u00e1ce, sd\u00edlen\u00ed znalost\u00ed, marketing, networking, apod.<\/li>\n<li>podporov\u00e1ny jsou projekty, jejich\u017e v\u00fdstupy se projev\u00ed v odv\u011btv\u00edch vymezen\u00fdch odd\u00edly CZ-NACE C10, 11, 13 \u2013 33; E 38.32; J 58, 59, 60, 62, 63, M 71.2, 72, 73.2, 74.1 S 95.1<\/li>\n<\/ul>\n<p><strong>Jak\u00e9 v\u00fddaje je mo\u017en\u00e9 podpo\u0159it<\/strong>\u00a0(zp\u016fsobil\u00e9 v\u00fddaje):<\/p>\n<p><strong>a) V\u00a0p\u0159\u00edpad\u011b aktivity Kolektivn\u00ed v\u00fdzkum<\/strong><\/p>\n<ul>\n<li>osobn\u00ed n\u00e1klady, extern\u011b po\u0159izovan\u00e9 slu\u017eby ve v\u00fdzkumu a v\u00fdvoji (smluvn\u00ed v\u00fdzkum, konzulta\u010dn\u00ed slu\u017eby), dodate\u010dn\u00e9 re\u017eijn\u00ed a provozn\u00ed n\u00e1klady<\/li>\n<li>zak\u00e1zky na extern\u011b po\u0159izovan\u00e9 slu\u017eby ve v\u00fdzkumu a v\u00fdvoji nelze zadat person\u00e1ln\u011b ani ekonomicky propojen\u00e9 osob\u011b<\/li>\n<\/ul>\n<p><strong>b) V\u00a0p\u0159\u00edpad\u011b aktivity Sd\u00edlen\u00e1 infrastruktura<\/strong><\/p>\n<ul>\n<li>n\u00e1kup staveb, technick\u00e9 zhodnocen\u00ed staveb, stroje a za\u0159\u00edzen\u00ed, software a data, pr\u00e1va du\u0161evn\u00edho vlastnictv\u00ed, n\u00e1jem<\/li>\n<\/ul>\n<p><strong>c) V\u00a0p\u0159\u00edpad\u011b aktivity Internacionalizace klastru<\/strong><\/p>\n<ul>\n<li>mzdy a pojistn\u00e9, cestovn\u00e9, slu\u017eby poradc\u016f, expert\u016f, studie, marketing a propagace, semin\u00e1\u0159e, konference<\/li>\n<\/ul>\n<p><strong>d) V\u00a0p\u0159\u00edpad\u011b aktivity Rozvoj klastrov\u00e9 organizace<\/strong><\/p>\n<ul>\n<li>mzdy a pojistn\u00e9, cestovn\u00e9, marketing a propagace, semin\u00e1\u0159e, konference, n\u00e1jem, spr\u00e1va za\u0159\u00edzen\u00ed klastru, materi\u00e1l<\/li>\n<\/ul>\n<p><strong>Specifika a omezen\u00ed:<\/strong><\/p>\n<ul>\n<li>projekt mus\u00ed b\u00fdt realizov\u00e1n na \u00fazem\u00ed \u010cR mimo hlavn\u00edho m\u011bsta Prahy<\/li>\n<li>shoda projektu s N\u00e1rodn\u00ed RIS3 strategi\u00ed bude ov\u011b\u0159ena v r\u00e1mci hodnocen\u00ed projektu<\/li>\n<li>na ka\u017edou podporovanou aktivitu mus\u00ed \u017eadatel v t\u00e9to v\u00fdzv\u011b podat samostatn\u00fd projekt, jednotliv\u00e9 podporovan\u00e9 aktivity nelze kombinovat v r\u00e1mci jednoho projektu. P\u0159\u00edjemce podpory m\u016f\u017ee na 1 I\u010c v r\u00e1mci t\u00e9to v\u00fdzvy podat 4 projekty<\/li>\n<li>\u017eadatel vypln\u00ed u registra\u010dn\u00ed \u017e\u00e1dosti formul\u00e1\u0159 Indik\u00e1tory pro hodnocen\u00ed klastrov\u00e9 organizace (p\u0159\u00edloha v\u00fdzvy), na z\u00e1klad\u011b kter\u00e9ho bude ohodnocena v\u00fdkonnost klastrov\u00e9 organizace. Jestli\u017ee bude klastr na z\u00e1klad\u011b tohoto hodnocen\u00ed za\u0159azen do kategorie rozvinut\u00fd klastr, m\u016f\u017ee podat max. 2 VaV projekty na aktivitu kolektivn\u00edho v\u00fdzkumu v r\u00e1mci jedn\u00e9 v\u00fdzvy a jedn\u00e9 projektov\u00e9 \u017e\u00e1dosti. \u017dadatel, kter\u00fd byl na z\u00e1klad\u011b hodnocen\u00ed za\u0159azen do kategorie excelentn\u00ed klastr, m\u016f\u017ee podat max. 3 VaV projekty. VaV projekty, kter\u00e9 jsou pod\u00e1van\u00e9 p\u0159es mezin\u00e1rodn\u00ed s\u00ed\u0165 kolektivn\u00edho v\u00fdzkumu CORNET, se do tohoto omezen\u00ed nezapo\u010d\u00edt\u00e1vaj\u00ed<\/li>\n<li>\u017eadatel, kter\u00fd byl na z\u00e1klad\u011b hodnocen\u00ed v\u00fdkonnosti klastrov\u00e9 organizace za\u0159azen do kategorie nezral\u00fd klastr, m\u016f\u017ee podat projekty pouze k podporovan\u00fdm aktivit\u00e1m Internacionalizace klastru a Rozvoj klastrov\u00e9 organizace<\/li>\n<\/ul>\n<p><strong>Syst\u00e9m sb\u011bru \u017e\u00e1dost\u00ed:<\/strong><\/p>\n<ul>\n<li>kolov\u00fd<\/li>\n<\/ul>\n<p><\/p>","protected":false},"excerpt":{"rendered":"<p>Program Spolupr\u00e1ce je zam\u011b\u0159en\u00fd na podporu rozvoje inova\u010dn\u00edch s\u00edt\u00ed \u2013 klastr\u016f, technologick\u00fdch platforem a dal\u0161\u00edch typ\u016f koopera\u010dn\u00edch s\u00edt\u00ed. Prvn\u00ed v\u00fdzva tohoto programu bude zam\u011b\u0159ena na klastry. Obecn\u00fdm c\u00edlem programu je zv\u00fd\u0161en\u00ed intenzity spole\u010dn\u00fdch v\u00fdzkumn\u00fdch, v\u00fdvojov\u00fdch a inova\u010dn\u00edch aktivit mezi podnikatelsk\u00fdmi subjekty a v\u00fdzkumnou sf\u00e9rou.<\/p>\n","protected":false},"author":35,"featured_media":0,"parent":118,"menu_order":0,"comment_status":"closed","ping_status":"closed","template":"","meta":{"inline_featured_image":false,"footnotes":""},"class_list":["post-959","page","type-page","status-publish","hentry"],"publishpress_future_action":{"enabled":false,"date":"2026-05-06 17:15:49","action":"change-status","newStatus":"draft","terms":[],"taxonomy":"","extraData":[]},"publishpress_future_workflow_manual_trigger":{"enabledWorkflows":[]},"_links":{"self":[{"href":"https:\/\/apiagentura.gov.cz\/cs\/wp-json\/wp\/v2\/pages\/959","targetHints":{"allow":["GET"]}}],"collection":[{"href":"https:\/\/apiagentura.gov.cz\/cs\/wp-json\/wp\/v2\/pages"}],"about":[{"href":"https:\/\/apiagentura.gov.cz\/cs\/wp-json\/wp\/v2\/types\/page"}],"author":[{"embeddable":true,"href":"https:\/\/apiagentura.gov.cz\/cs\/wp-json\/wp\/v2\/users\/35"}],"replies":[{"embeddable":true,"href":"https:\/\/apiagentura.gov.cz\/cs\/wp-json\/wp\/v2\/comments?post=959"}],"version-history":[{"count":0,"href":"https:\/\/apiagentura.gov.cz\/cs\/wp-json\/wp\/v2\/pages\/959\/revisions"}],"up":[{"embeddable":true,"href":"https:\/\/apiagentura.gov.cz\/cs\/wp-json\/wp\/v2\/pages\/118"}],"wp:attachment":[{"href":"https:\/\/apiagentura.gov.cz\/cs\/wp-json\/wp\/v2\/media?parent=959"}],"curies":[{"name":"wp","href":"https:\/\/api.w.org\/{rel}","templated":true}]}}