{"id":975,"date":"2016-08-11T08:14:21","date_gmt":"2016-08-11T07:14:21","guid":{"rendered":"http:\/\/www.ci-api.stage2.goodshape.cz\/?page_id=975"},"modified":"2020-10-08T15:55:19","modified_gmt":"2020-10-08T13:55:19","slug":"spoluprace-technologicke-platformy-vyzva-i","status":"publish","type":"page","link":"https:\/\/apiagentura.gov.cz\/cs\/programy-podpory\/spoluprace\/spoluprace-technologicke-platformy-vyzva-i\/","title":{"rendered":"Spolupr\u00e1ce \u2013 Technologick\u00e9 platformy &#8211; V\u00fdzva I"},"content":{"rendered":"<p><\/p>\n<h3>Ozn\u00e1men\u00ed pro \u017eadatele<\/h3>\n<p style=\"text-align: justify;\">Pokud jsou v\u00a0r\u00e1mci \u017d\u00e1dosti o platbu n\u00e1rokov\u00e1ny osobn\u00ed n\u00e1klady zam\u011bstnanc\u016f ve zp\u016fsobil\u00fdch v\u00fddaj\u00edch projektu, <strong>jsou \u017eadatel\u00e9 od <\/strong><strong>6.10.2020 povinni dolo\u017eit na z\u00e1klad\u011b v\u00fdzvy projektov\u00e9ho mana\u017eera vzorek mzdov\u00fdch list\u016f<\/strong> n\u00e1rokovan\u00fdch zam\u011bstnanc\u016f.\u00a0Jedn\u00e1 se o n\u00e1pravn\u00e9 opat\u0159en\u00ed pro sn\u00ed\u017een\u00ed chybovosti p\u0159i vypl\u0148ov\u00e1n\u00ed mzdov\u00e9 tabulky ze strany \u017eadatel\u016f.<\/p>\n<p>&nbsp;<\/p>\n<h3 style=\"text-align: left;\">Z\u00e1kladn\u00ed charakteristiky:<\/h3>\n<p style=\"text-align: left;\"><strong>Kdo m\u016f\u017ee \u017e\u00e1dat<\/strong>\u00a0(p\u0159\u00edjemci podpory):<\/p>\n<ul>\n<li style=\"text-align: left;\">obecn\u011b prosp\u011b\u0161n\u00e1 spole\u010dnost, spolek, pobo\u010dn\u00fd spolek, komora (hospod\u00e1\u0159sk\u00e1, agr\u00e1rn\u00ed), z\u00e1jmov\u00e9 sdru\u017een\u00ed pr\u00e1vnick\u00fdch osob<\/li>\n<\/ul>\n<p style=\"text-align: left;\"><strong>Kolik lze z\u00edskat na jeden projekt<\/strong>\u00a0(forma a v\u00fd\u0161e podpory):<\/p>\n<ul>\n<li style=\"text-align: left;\">dotace je poskytov\u00e1na do maxim\u00e1ln\u00ed v\u00fd\u0161e 75% zp\u016fsobil\u00fdch v\u00fddaj\u016f<\/li>\n<li style=\"text-align: left;\">min. absolutn\u00ed dotace pro jeden projekt:\u00a0 500 000 K\u010d<\/li>\n<li style=\"text-align: left;\">max. absolutn\u00ed dotace pro jeden projekt: 5\u00a0000\u00a0000 K\u010d<\/li>\n<\/ul>\n<p style=\"text-align: left;\"><strong>Na co lze z\u00edskat podporu<\/strong>\u00a0(podporovan\u00e9 aktivity):<\/p>\n<ul>\n<li style=\"text-align: left;\">podpora rozvoje n\u00e1rodn\u00edch technologick\u00fdch platforem (TP) vedouc\u00ed k propojen\u00ed ve\u0159ejn\u00e9ho a soukrom\u00e9ho sektoru ve\u00a0 v\u00fdzkumu, v\u00fdvoji a inovac\u00edch v\u00a0technologick\u00fdch oblastech v\u00fdznamn\u00fdch pro podnikatelskou sf\u00e9ru. Podporov\u00e1ny jsou koordina\u010dn\u00ed \u010dinnosti technologick\u00e9 platformy, a to zejm\u00e9na:<\/li>\n<\/ul>\n<p style=\"text-align: left; padding-left: 30px;\">&#8211; v oblasti \u0159e\u0161en\u00ed pr\u016fmyslov\u00fdch (a souvisej\u00edc\u00edch spole\u010densk\u00fdch) v\u00fdzev dan\u00e9ho odv\u011btv\u00ed a uplatn\u011bn\u00ed nov\u00fdch technologi\u00ed (technologick\u00fd foresight)<\/p>\n<p style=\"text-align: left; padding-left: 30px;\">&#8211; nav\u00e1z\u00e1n\u00ed hlub\u0161\u00ed spolupr\u00e1ce TP s evropsk\u00fdmi technologick\u00fdmi platformami (ETP) a zapojov\u00e1n\u00ed \u010desk\u00fdch v\u00fdzkumn\u00fdch organizac\u00ed a podnik\u016f do jejich \u010dinnosti<\/p>\n<p style=\"text-align: left; padding-left: 30px;\">&#8211; koordinace \u010desk\u00fdch podnikatelsk\u00fdch subjekt\u016f a v\u00fdzkumn\u00fdch organizac\u00ed v p\u0159\u00edstupu do programu Horizont 2020 a dal\u0161\u00edch evropsk\u00fdch program\u016f<\/p>\n<ul>\n<li style=\"text-align: left;\">podporov\u00e1ny jsou d\u00e1le aktivity sm\u011b\u0159uj\u00edc\u00ed k\u00a0rozvoji oboru a TP, zlep\u0161en\u00ed inova\u010dn\u00edho prost\u0159ed\u00ed, odstra\u0148ov\u00e1n\u00ed identifikovan\u00fdch bari\u00e9r jeho rozvoje, sd\u00edlen\u00ed znalost\u00ed a informac\u00ed, dal\u0161\u00ed rozpracov\u00e1n\u00ed\/aktualizace strategick\u00fdch dokument\u016f, a iniciace v\u00fdzkumn\u00fdch a v\u00fdvojov\u00fdch projekt\u016f v oblastech definovan\u00fdch v\u00a0SVA a IAP jako kl\u00ed\u010dov\u00fdch pro budouc\u00ed konkurenceschopnost a udr\u017eiteln\u00fd rozvoj<\/li>\n<\/ul>\n<p style=\"text-align: left;\"><strong>Jak\u00e9 v\u00fddaje je mo\u017en\u00e9 podpo\u0159it<\/strong>\u00a0(zp\u016fsobil\u00e9 v\u00fddaje):<\/p>\n<ul>\n<li style=\"text-align: left;\">mzdy a pojistn\u00e9, cestovn\u00e9, slu\u017eby poradc\u016f, expert\u016f, studie, marketing a propagace, semin\u00e1\u0159e, konference, n\u00e1jem, materi\u00e1l, hardware a software<\/li>\n<li style=\"text-align: left;\">poskytovatel podpory bude v r\u00e1mci mezd, slu\u017eeb poradc\u016f, expert\u016f a n\u00e1klad\u016f na studie pova\u017eovat tyto za zp\u016fsobil\u00e9 pouze do \u00farovn\u011b hodnoty cen obvykl\u00fdch na trhu<\/li>\n<\/ul>\n<p style=\"text-align: left;\"><strong>Specifika a omezen\u00ed:<\/strong><\/p>\n<ul>\n<li style=\"text-align: left;\">projekt mus\u00ed b\u00fdt realizov\u00e1n na \u00fazem\u00ed \u010cR mimo hlavn\u00edho m\u011bsta Prahy a z\u00e1rove\u0148 v\u011bt\u0161ina \u010dlen\u016f technologick\u00e9 platformy mus\u00ed m\u00edt s\u00eddlo na \u00fazem\u00ed \u010cR mimo hlavn\u00edho m\u011bsta Prahy<\/li>\n<li style=\"text-align: left;\">shoda projektu s\u00a0N\u00e1rodn\u00ed RIS3 strategi\u00ed bude ov\u011b\u0159ena v\u00a0r\u00e1mci hodnocen\u00ed projektu, a to z hlediska napl\u0148ov\u00e1n\u00ed krit\u00e9ri\u00ed pro hodnocen\u00ed definovan\u00fdch v\u00a0t\u00e9to v\u00fdzv\u011b<\/li>\n<li style=\"text-align: left;\">\u017eadatel m\u016f\u017ee na 1 I\u010c v\u00a0r\u00e1mci t\u00e9to v\u00fdzvy podat 1 projekt<\/li>\n<\/ul>\n<p style=\"text-align: left;\"><strong>Syst\u00e9m sb\u011bru \u017e\u00e1dost\u00ed:<\/strong><\/p>\n<ul>\n<li style=\"text-align: left;\">kolov\u00fd<\/li>\n<\/ul>\n<p><\/p>","protected":false},"excerpt":{"rendered":"<p>C\u00edlem programu podpory Spolupr\u00e1ce \u2013 Technologick\u00e9 platformy je podpo\u0159it rozvoj inova\u010dn\u00edch s\u00edt\u00ed \u2013 technologick\u00fdch platforem jako n\u00e1stroje pro zv\u00fd\u0161en\u00ed intenzity spole\u010dn\u00fdch v\u00fdzkumn\u00fdch, v\u00fdvojov\u00fdch a inova\u010dn\u00edch aktivit mezi podnikatelsk\u00fdmi subjekty a v\u00fdzkumnou sf\u00e9rou.<\/p>\n","protected":false},"author":35,"featured_media":0,"parent":118,"menu_order":0,"comment_status":"closed","ping_status":"closed","template":"","meta":{"inline_featured_image":false,"footnotes":""},"class_list":["post-975","page","type-page","status-publish","hentry"],"publishpress_future_action":{"enabled":false,"date":"2026-05-11 19:58:22","action":"change-status","newStatus":"draft","terms":[],"taxonomy":"","extraData":[]},"publishpress_future_workflow_manual_trigger":{"enabledWorkflows":[]},"_links":{"self":[{"href":"https:\/\/apiagentura.gov.cz\/cs\/wp-json\/wp\/v2\/pages\/975","targetHints":{"allow":["GET"]}}],"collection":[{"href":"https:\/\/apiagentura.gov.cz\/cs\/wp-json\/wp\/v2\/pages"}],"about":[{"href":"https:\/\/apiagentura.gov.cz\/cs\/wp-json\/wp\/v2\/types\/page"}],"author":[{"embeddable":true,"href":"https:\/\/apiagentura.gov.cz\/cs\/wp-json\/wp\/v2\/users\/35"}],"replies":[{"embeddable":true,"href":"https:\/\/apiagentura.gov.cz\/cs\/wp-json\/wp\/v2\/comments?post=975"}],"version-history":[{"count":0,"href":"https:\/\/apiagentura.gov.cz\/cs\/wp-json\/wp\/v2\/pages\/975\/revisions"}],"up":[{"embeddable":true,"href":"https:\/\/apiagentura.gov.cz\/cs\/wp-json\/wp\/v2\/pages\/118"}],"wp:attachment":[{"href":"https:\/\/apiagentura.gov.cz\/cs\/wp-json\/wp\/v2\/media?parent=975"}],"curies":[{"name":"wp","href":"https:\/\/api.w.org\/{rel}","templated":true}]}}