{"id":98,"date":"2016-06-27T13:25:44","date_gmt":"2016-06-27T12:25:44","guid":{"rendered":"http:\/\/www.ci-api.dev\/?page_id=98"},"modified":"2024-12-12T13:05:15","modified_gmt":"2024-12-12T12:05:15","slug":"is-kp14","status":"publish","type":"page","link":"https:\/\/apiagentura.gov.cz\/cs\/is-kp14\/","title":{"rendered":"IS KP14+"},"content":{"rendered":"<p><\/p>\n<p style=\"text-align: justify;\"><strong>\u017d\u00e1dosti do dota\u010dn\u00edch program\u016f OP PIK jsou\u00a0pod\u00e1v\u00e1ny prost\u0159ednictv\u00edm internetov\u00e9ho port\u00e1lu, tzv.\u00a0Informa\u010dn\u00edho syst\u00e9mu koncov\u00e9ho p\u0159\u00edjemce (IS KP14+). Tato aplikace je ur\u010dena pro elektronick\u00e9 zad\u00e1v\u00e1n\u00ed \u017e\u00e1dost\u00ed o podporu a spr\u00e1vu projektu po celou dobu jeho \u017eivotn\u00edho cyklu. IS KP14+ je sou\u010d\u00e1st\u00ed jednotn\u00e9ho monitorovac\u00edho syst\u00e9mu MS2014+ pro administraci evropsk\u00fdch dotac\u00ed.<\/strong><\/p>\n<p style=\"text-align: justify;\">\u017d\u00e1dost o podporu vypl\u0148uj\u00ed \u017eadatel\u00e9 prost\u0159ednictv\u00edm aplikace IS KP14+. Prost\u0159ednictv\u00edm t\u00e9to aplikace prob\u00edh\u00e1 elektronick\u00e9 pod\u00e1n\u00ed \u017e\u00e1dosti o podporu (pod\u00e1n\u00ed, resp. podpis \u017e\u00e1dosti o\u00a0podporu prob\u00edh\u00e1 v\u00fdhradn\u011b prost\u0159ednictv\u00edm kvalifikovan\u00e9ho elektronick\u00e9ho podpisu) a administrace projektu ze strany \u017eadatele. \u017dadatel\u00e9 nemus\u00ed do po\u010d\u00edta\u010de instalovat \u017e\u00e1dn\u00fd program a \u017e\u00e1dost o podporu vypl\u0148uj\u00ed p\u0159\u00edmo v\u00a0okn\u011b internetov\u00e9ho prohl\u00ed\u017ee\u010de. Pro p\u0159\u00edstup do port\u00e1lu IS KP14+ je nutn\u00e9 prov\u00e9st registraci nov\u00e9ho u\u017eivatele p\u0159es tla\u010d\u00edtko Registrace na \u00favodn\u00ed str\u00e1nce.<\/p>\n<p style=\"text-align: justify;\">Pro <strong>technick\u00e9 dotazy<\/strong> \u017eadatel\u016f k aplikaci IS KP14+ je ur\u010dena hromadn\u00e1 e-mailov\u00e1 adresa <strong><a title=\"mailto:podpora_ms2014@ms2014.mssf.cz\" href=\"mailto:podpora_ms2014@ms2014.mssf.cz\" data-linkindex=\"3\">podpora_ms2014@ms2014.mssf.cz<\/a><\/strong><\/p>\n<p>&nbsp;<\/p>\n<p><a href=\"https:\/\/www.apiagentura.gov.cz\/cs\/is-kp14\/videonavody-is-kp14\/\"><strong>Videon\u00e1vody k IS KP14+<\/strong><\/a><\/p>","protected":false},"excerpt":{"rendered":"<p>\u017d\u00e1dosti do dota\u010dn\u00edch program\u016f OP PIK jsou\u00a0pod\u00e1v\u00e1ny prost\u0159ednictv\u00edm internetov\u00e9ho port\u00e1lu, tzv.\u00a0Informa\u010dn\u00edho syst\u00e9mu koncov\u00e9ho p\u0159\u00edjemce (IS KP14+). Tato aplikace je ur\u010dena pro elektronick\u00e9 zad\u00e1v\u00e1n\u00ed \u017e\u00e1dost\u00ed o podporu a spr\u00e1vu projektu po celou dobu jeho \u017eivotn\u00edho cyklu. IS KP14+ je sou\u010d\u00e1st\u00ed jednotn\u00e9ho monitorovac\u00edho syst\u00e9mu MS2014+ pro administraci evropsk\u00fdch dotac\u00ed. \u017d\u00e1dost o podporu vypl\u0148uj\u00ed \u017eadatel\u00e9 prost\u0159ednictv\u00edm aplikace IS [&hellip;]<\/p>\n","protected":false},"author":35,"featured_media":0,"parent":0,"menu_order":46,"comment_status":"closed","ping_status":"closed","template":"page-iskp.php","meta":{"inline_featured_image":false,"footnotes":""},"class_list":["post-98","page","type-page","status-publish","hentry"],"publishpress_future_action":{"enabled":false,"date":"2026-05-02 04:58:49","action":"change-status","newStatus":"draft","terms":[],"taxonomy":"","extraData":[]},"publishpress_future_workflow_manual_trigger":{"enabledWorkflows":[]},"_links":{"self":[{"href":"https:\/\/apiagentura.gov.cz\/cs\/wp-json\/wp\/v2\/pages\/98","targetHints":{"allow":["GET"]}}],"collection":[{"href":"https:\/\/apiagentura.gov.cz\/cs\/wp-json\/wp\/v2\/pages"}],"about":[{"href":"https:\/\/apiagentura.gov.cz\/cs\/wp-json\/wp\/v2\/types\/page"}],"author":[{"embeddable":true,"href":"https:\/\/apiagentura.gov.cz\/cs\/wp-json\/wp\/v2\/users\/35"}],"replies":[{"embeddable":true,"href":"https:\/\/apiagentura.gov.cz\/cs\/wp-json\/wp\/v2\/comments?post=98"}],"version-history":[{"count":0,"href":"https:\/\/apiagentura.gov.cz\/cs\/wp-json\/wp\/v2\/pages\/98\/revisions"}],"wp:attachment":[{"href":"https:\/\/apiagentura.gov.cz\/cs\/wp-json\/wp\/v2\/media?parent=98"}],"curies":[{"name":"wp","href":"https:\/\/api.w.org\/{rel}","templated":true}]}}