{"id":988,"date":"2016-08-11T08:27:30","date_gmt":"2016-08-11T07:27:30","guid":{"rendered":"http:\/\/www.ci-api.stage2.goodshape.cz\/?page_id=988"},"modified":"2020-10-08T15:57:40","modified_gmt":"2020-10-08T13:57:40","slug":"spoluprace-klastry-vyzva-ii","status":"publish","type":"page","link":"https:\/\/apiagentura.gov.cz\/cs\/programy-podpory\/spoluprace\/spoluprace-klastry-vyzva-ii\/","title":{"rendered":"Spolupr\u00e1ce &#8211; Klastry &#8211; V\u00fdzva II"},"content":{"rendered":"<p><\/p>\n<h3>Ozn\u00e1men\u00ed pro \u017eadatele<\/h3>\n<p style=\"text-align: justify;\">Pokud jsou v\u00a0r\u00e1mci \u017d\u00e1dosti o platbu n\u00e1rokov\u00e1ny osobn\u00ed n\u00e1klady zam\u011bstnanc\u016f ve zp\u016fsobil\u00fdch v\u00fddaj\u00edch projektu, <strong>jsou \u017eadatel\u00e9 od <\/strong><strong>6.10.2020 povinni dolo\u017eit na z\u00e1klad\u011b v\u00fdzvy projektov\u00e9ho mana\u017eera vzorek mzdov\u00fdch list\u016f<\/strong> n\u00e1rokovan\u00fdch zam\u011bstnanc\u016f.\u00a0Jedn\u00e1 se o n\u00e1pravn\u00e9 opat\u0159en\u00ed pro sn\u00ed\u017een\u00ed chybovosti p\u0159i vypl\u0148ov\u00e1n\u00ed mzdov\u00e9 tabulky ze strany \u017eadatel\u016f.<\/p>\n<p>&nbsp;<\/p>\n<h3>Uplatn\u011bn\u00ed v\u00fdjimky dle ustanoven\u00ed \u00a7 29 Z\u00e1kona \u010d. 134\/2016 Sb. o zad\u00e1v\u00e1n\u00ed ve\u0159ejn\u00fdch zak\u00e1zek, nebo \u00a7 18 z\u00e1kona \u010d. 137\/2006 Sb.<\/h3>\n<p>Uplatn\u011bn\u00ed v\u00fdjimky dle ustanoven\u00ed \u00a7 29 Z\u00e1kona \u010d. 134\/2016 Sb. o zad\u00e1v\u00e1n\u00ed ve\u0159ejn\u00fdch zak\u00e1zek, nebo \u00a7 18 z\u00e1kona \u010d. 137\/2006 Sb., z\u00e1kon o ve\u0159ejn\u00fdch zak\u00e1zk\u00e1ch, se t\u00fdk\u00e1 po\u0159\u00edzen\u00ed slu\u017eeb pro \u00fa\u010dely projektu v\u00a0oblasti v\u00fdzkumu a v\u00fdvoje a umo\u017e\u0148uje \u017eadatel\u016fm o dotaci \/p\u0159\u00edjemc\u016fm dotace upustit od povinnosti vypsat v\u00fdb\u011brov\u00e9 \u0159\u00edzen\u00ed na po\u0159\u00edzen\u00ed v\u00fd\u0161e zm\u00edn\u011bn\u00fdch slu\u017eeb za p\u0159edpokladu spln\u011bn\u00ed podm\u00ednek uveden\u00fdch v \u00a7 29 Z\u00e1kona \u010d. 134\/2016 Sb. o zad\u00e1v\u00e1n\u00ed ve\u0159ejn\u00fdch zak\u00e1zek, resp. \u00a7 18 z\u00e1kona \u010d. 137\/2006 Sb., z\u00e1kon o ve\u0159ejn\u00fdch zak\u00e1zk\u00e1ch. V\u00fdb\u011br z\u00a0t\u011bchto 2 mo\u017enost\u00ed je podm\u00edn\u011bn dobou uzav\u0159en\u00ed smluvn\u00ed dokumentac\u00ed, tj. v\u00a0dob\u011b platnosti z\u00e1kona \u010d. 137\/2006, nebo z\u00e1kona \u010d. 134\/2016, proto\u017ee realizace n\u011bkter\u00fdch projekt\u016f z\u00a0d\u00e1le uveden\u00fdch program\u016f byla ji\u017e zah\u00e1jena. <strong>Ustanoven\u00ed \u0158\u00edd\u00edc\u00edho org\u00e1nu OP PIK tedy teoreticky mohou vyu\u017e\u00edt \u017eadatel\u00e9 o dotaci\/p\u0159\u00edjemci dotace v\u00a0programech Aplikace, Spolupr\u00e1ce \u2013 Klastry \u2013 kolektivn\u00ed v\u00fdzkum a Proof of Concept. D\u00e1le upozor\u0148ujeme na \u00fa\u010dinnost tohoto ozn\u00e1men\u00ed. Je ji t\u0159eba vn\u00edmat tak, \u017ee se vztahuje nejen na v\u0161echny \u017e\u00e1dost\u00ed o platbu (p\u0159\u00edjemce vyu\u017e\u00edv\u00e1 v\u00fdjimku) podan\u00e9 po 26. 3. 2018, ale i pro v\u0161echny ji\u017e podan\u00e9 \u00a0\u017e\u00e1dosti o platbu (p\u0159\u00edjemce vyu\u017e\u00edv\u00e1 v\u00fdjimku), kter\u00fdm nebyla \u017e\u00e1dost o platbu dosud schv\u00e1lena.<\/strong><\/p>\n<p>V\u00edce informac\u00ed naleznete v novince na webu <a href=\"https:\/\/www.apiagentura.gov.cz\/cs\/oznameni-zadatele-prijemce-dotace-programu-op-pik\/\">API<\/a>, p\u0159\u00edpadn\u011b v p\u016fvodn\u00ed zpr\u00e1v\u011b na webov\u00fdch str\u00e1nk\u00e1ch <a href=\"https:\/\/www.mpo.cz\/cz\/podnikani\/dotace-a-podpora-podnikani\/oppik-2014-2020\/evaluace-a-analyzy\/oznameni-pro-zadatele-prijemce-dotace-programu-op-pik---235228\/\">MPO<\/a>.<\/p>\n<hr \/>\n<h3>Z\u00e1kladn\u00ed charakteristiky:<\/h3>\n<p><strong>Kdo m\u016f\u017ee \u017e\u00e1dat<\/strong>\u00a0(p\u0159\u00edjemci podpory):<\/p>\n<ul>\n<li>mal\u00e9 a st\u0159edn\u00ed podniky, v\u00fdzkumn\u00e9 organizace<\/li>\n<\/ul>\n<p><strong>Kolik lze z\u00edskat na jeden projekt<\/strong>\u00a0(forma a v\u00fd\u0161e podpory):<\/p>\n<ul>\n<li>min. absolutn\u00ed dotace pro jeden projekt: 500 000 K\u010d<\/li>\n<li>max. absolutn\u00ed dotace pro jeden projekt:<\/li>\n<\/ul>\n<p style=\"padding-left: 30px;\">&#8211; 15 000 000 K\u010d pro excelentn\u00ed klastry<\/p>\n<p style=\"padding-left: 30px;\">&#8211; 12 000 000 K\u010d pro rozvinut\u00e9 klastry<\/p>\n<p style=\"padding-left: 30px;\">&#8211; 8 mil. K\u010d pro nezral\u00e9 klastry<\/p>\n<ul>\n<li>max. m\u00edra podpory: 60 % zp\u016fsobil\u00fdch v\u00fddaj\u016f pro mal\u00e9 podniky, 50 % pro st\u0159edn\u00ed podniky<\/li>\n<\/ul>\n<p><strong>Na co lze z\u00edskat podporu<\/strong>\u00a0(podporovan\u00e9 aktivity):<\/p>\n<ul>\n<li><strong>kolektivn\u00ed v\u00fdzkum<\/strong> \u2013 projekty mus\u00ed spl\u0148ovat podm\u00ednky stanoven\u00e9 v definici kolektivn\u00edho a p\u0159edkonkuren\u010dn\u00edho v\u00fdzkumu. \u017dadatel o podporu mus\u00ed u ka\u017ed\u00e9ho n\u00e1vrhu projektu dolo\u017eit alespo\u0148 3 potenci\u00e1ln\u00ed u\u017eivatele v\u00fdsledk\u016f projektu (mal\u00e9 a st\u0159edn\u00ed podniky), kte\u0159\u00ed sestav\u00ed tzv. u\u017eivatelsk\u00fd v\u00fdbor, kter\u00fd dohl\u00ed\u017e\u00ed na pr\u016fb\u011bh realizace projektu a m\u016f\u017ee korigovat sm\u011br v\u00fdzkumu s ohledem na vyu\u017eitelnost v\u00fdsledk\u016f. Projekty mus\u00ed b\u00fdt \u0159e\u0161eny ve spolupr\u00e1ci s\u00a0v\u00fdzkumn\u00fdmi a v\u00fdvojov\u00fdmi pracovi\u0161ti formou zad\u00e1n\u00ed smluvn\u00edho v\u00fdzkumu. V r\u00e1mci t\u00e9to v\u00fdzvy bude podporov\u00e1na pouze realizace projekt\u016f kolektivn\u00edho v\u00fdzkumu prost\u0159ednictv\u00edm mezin\u00e1rodn\u00ed s\u00edt\u011b CORNET, tj. \u017eadatel mus\u00ed podat p\u0159ihl\u00e1\u0161ku na spole\u010dn\u00fd VaV projekt se zahrani\u010dn\u00edm partnerem do aktu\u00e1ln\u00ed v\u00fdzvy CORNET<\/li>\n<li>podporov\u00e1ny jsou projekty, jejich\u017e v\u00fdstupy se projev\u00ed v\u00a0odv\u011btv\u00edch vymezen\u00fdch odd\u00edly CZ-NACE CZ C10, 11, 13 \u2013 33; E 38.32; J 58, 59, 60, 62, 63, M 71.2, 72, 73.2, 74.1 S\u00a095.1<\/li>\n<\/ul>\n<p><strong>Jak\u00e9 v\u00fddaje je mo\u017en\u00e9 podpo\u0159it<\/strong> (zp\u016fsobil\u00e9 v\u00fddaje):<\/p>\n<ul>\n<li>osobn\u00ed n\u00e1klady, extern\u011b po\u0159izovan\u00e9 slu\u017eby ve v\u00fdzkumu a v\u00fdvoji (smluvn\u00ed v\u00fdzkum, konzulta\u010dn\u00ed slu\u017eby), dodate\u010dn\u00e9 re\u017eijn\u00ed a provozn\u00ed n\u00e1klady<\/li>\n<li>zak\u00e1zky na extern\u011b po\u0159izovan\u00e9 slu\u017eby ve v\u00fdzkumu a v\u00fdvoji nelze zadat person\u00e1ln\u011b ani ekonomicky propojen\u00e9 osob\u011b<\/li>\n<li>v\u00fddaje pro tuto aktivitu jsou zp\u016fsobil\u00e9 pouze za podm\u00ednky, \u017ee projekt \u010di jeho podpo\u0159en\u00e1 \u010d\u00e1st zcela spad\u00e1 do kategorie pr\u016fmyslov\u00e9ho v\u00fdzkumu, resp. experiment\u00e1ln\u00edho v\u00fdvoje<\/li>\n<\/ul>\n<p><strong>Specifika a omezen\u00ed:<\/strong><\/p>\n<ul>\n<li>projekt mus\u00ed b\u00fdt realizov\u00e1n na \u00fazem\u00ed \u010cR mimo hlavn\u00edho m\u011bsta Prahy<\/li>\n<li>shoda projektu s N\u00e1rodn\u00ed RIS3 strategi\u00ed bude ov\u011b\u0159ena v r\u00e1mci hodnocen\u00ed projektu<\/li>\n<li>p\u0159\u00edjemce m\u016f\u017ee na 1 I\u010c v r\u00e1mci t\u00e9to V\u00fdzvy podat max. 3 projekty. Ka\u017ed\u00fd projekt mus\u00ed b\u00fdt p\u0159ihl\u00e1\u0161en k realizaci do mezin\u00e1rodn\u00ed s\u00edt\u011b kolektivn\u00edho v\u00fdzkumu CORNET. Projekty kolektivn\u00edho v\u00fdzkumu p\u0159edpokl\u00e1daj\u00ed dosa\u017een\u00ed alespo\u0148 jednoho z v\u00fdsledk\u016f: funk\u010dn\u00ed vzorek, poloprovoz, ov\u011b\u0159en\u00e1 technologie, software, u\u017eitn\u00fd nebo pr\u016fmyslov\u00fd vzor<\/li>\n<li>v\u00fdzkumn\u00e9 a v\u00fdvojov\u00e9 pracovi\u0161t\u011b jako \u0159e\u0161itel \u010di spolu\u0159e\u0161itel projektu nesm\u00ed b\u00fdt ekonomicky ani person\u00e1ln\u011b propojen\u00e9 s p\u0159\u00edjemcem<\/li>\n<\/ul>\n<p><strong>Syst\u00e9m sb\u011bru \u017e\u00e1dost\u00ed:<\/strong><\/p>\n<ul>\n<li>kolov\u00fd<\/li>\n<\/ul>\n<p><\/p>","protected":false},"excerpt":{"rendered":"<p>Program Spolupr\u00e1ce je zam\u011b\u0159en\u00fd na podporu rozvoje inova\u010dn\u00edch s\u00edt\u00ed \u2013 klastr\u016f, technologick\u00fdch platforem a dal\u0161\u00edch typ\u016f koopera\u010dn\u00edch s\u00edt\u00ed. V r\u00e1mci II. V\u00fdzvy bude podporov\u00e1na pouze realizace projekt\u016f zapojen\u00fdch do mezin\u00e1rodn\u00ed spolupr\u00e1ce prost\u0159ednictv\u00edm mezin\u00e1rodn\u00ed s\u00edt\u011b Cornet. Obecn\u00fdm c\u00edlem programu je zv\u00fd\u0161en\u00ed intenzity spole\u010dn\u00fdch v\u00fdzkumn\u00fdch, v\u00fdvojov\u00fdch a inova\u010dn\u00edch aktivit mezi podnikatelsk\u00fdmi subjekty a v\u00fdzkumnou sf\u00e9rou.<\/p>\n","protected":false},"author":35,"featured_media":0,"parent":118,"menu_order":0,"comment_status":"closed","ping_status":"closed","template":"","meta":{"inline_featured_image":false,"footnotes":""},"class_list":["post-988","page","type-page","status-publish","hentry"],"publishpress_future_action":{"enabled":false,"date":"2026-05-06 12:59:08","action":"change-status","newStatus":"draft","terms":[],"taxonomy":"","extraData":[]},"publishpress_future_workflow_manual_trigger":{"enabledWorkflows":[]},"_links":{"self":[{"href":"https:\/\/apiagentura.gov.cz\/cs\/wp-json\/wp\/v2\/pages\/988","targetHints":{"allow":["GET"]}}],"collection":[{"href":"https:\/\/apiagentura.gov.cz\/cs\/wp-json\/wp\/v2\/pages"}],"about":[{"href":"https:\/\/apiagentura.gov.cz\/cs\/wp-json\/wp\/v2\/types\/page"}],"author":[{"embeddable":true,"href":"https:\/\/apiagentura.gov.cz\/cs\/wp-json\/wp\/v2\/users\/35"}],"replies":[{"embeddable":true,"href":"https:\/\/apiagentura.gov.cz\/cs\/wp-json\/wp\/v2\/comments?post=988"}],"version-history":[{"count":0,"href":"https:\/\/apiagentura.gov.cz\/cs\/wp-json\/wp\/v2\/pages\/988\/revisions"}],"up":[{"embeddable":true,"href":"https:\/\/apiagentura.gov.cz\/cs\/wp-json\/wp\/v2\/pages\/118"}],"wp:attachment":[{"href":"https:\/\/apiagentura.gov.cz\/cs\/wp-json\/wp\/v2\/media?parent=988"}],"curies":[{"name":"wp","href":"https:\/\/api.w.org\/{rel}","templated":true}]}}