{"id":19941,"date":"2019-12-16T11:27:07","date_gmt":"2019-12-16T10:27:07","guid":{"rendered":"https:\/\/www.apiagentura.gov.cz\/?page_id=19941"},"modified":"2019-12-16T11:43:48","modified_gmt":"2019-12-16T10:43:48","slug":"vyrocni-konference-op-pik","status":"publish","type":"page","link":"https:\/\/apiagentura.gov.cz\/en\/novinky\/vyrocni-konference-op-pik\/","title":{"rendered":"V\u00fdro\u010dn\u00ed konference OP PIK"},"content":{"rendered":"<p class=\"qtranxs-available-languages-message qtranxs-available-languages-message-en\">Sorry, this entry is only available in <a href=\"https:\/\/apiagentura.gov.cz\/cs\/wp-json\/wp\/v2\/pages\/19941\" class=\"qtranxs-available-language-link qtranxs-available-language-link-cs\" title=\"\u010ce\u0161tina\">\u010ce\u0161tina<\/a>.<\/p>","protected":false},"excerpt":{"rendered":"<p class=\"qtranxs-available-languages-message qtranxs-available-languages-message-en\">Sorry, this entry is only available in <a href=\"https:\/\/apiagentura.gov.cz\/cs\/wp-json\/wp\/v2\/pages\/19941\" class=\"qtranxs-available-language-link qtranxs-available-language-link-cs\" title=\"\u010ce\u0161tina\">\u010ce\u0161tina<\/a>.<\/p>\n","protected":false},"author":1,"featured_media":19910,"parent":79,"menu_order":0,"comment_status":"closed","ping_status":"closed","template":"","meta":{"inline_featured_image":false,"footnotes":""},"class_list":["post-19941","page","type-page","status-publish","has-post-thumbnail","hentry"],"publishpress_future_action":{"enabled":false,"date":"2026-05-07 16:26:19","action":"change-status","newStatus":"draft","terms":[],"taxonomy":"","extraData":[]},"publishpress_future_workflow_manual_trigger":{"enabledWorkflows":[]},"_links":{"self":[{"href":"https:\/\/apiagentura.gov.cz\/en\/wp-json\/wp\/v2\/pages\/19941","targetHints":{"allow":["GET"]}}],"collection":[{"href":"https:\/\/apiagentura.gov.cz\/en\/wp-json\/wp\/v2\/pages"}],"about":[{"href":"https:\/\/apiagentura.gov.cz\/en\/wp-json\/wp\/v2\/types\/page"}],"author":[{"embeddable":true,"href":"https:\/\/apiagentura.gov.cz\/en\/wp-json\/wp\/v2\/users\/1"}],"replies":[{"embeddable":true,"href":"https:\/\/apiagentura.gov.cz\/en\/wp-json\/wp\/v2\/comments?post=19941"}],"version-history":[{"count":0,"href":"https:\/\/apiagentura.gov.cz\/en\/wp-json\/wp\/v2\/pages\/19941\/revisions"}],"up":[{"embeddable":true,"href":"https:\/\/apiagentura.gov.cz\/en\/wp-json\/wp\/v2\/pages\/79"}],"wp:featuredmedia":[{"embeddable":true,"href":"https:\/\/apiagentura.gov.cz\/en\/wp-json\/wp\/v2\/media\/19910"}],"wp:attachment":[{"href":"https:\/\/apiagentura.gov.cz\/en\/wp-json\/wp\/v2\/media?parent=19941"}],"curies":[{"name":"wp","href":"https:\/\/api.w.org\/{rel}","templated":true}]}}