{"id":2,"date":"2016-05-25T11:01:56","date_gmt":"2016-05-25T10:01:56","guid":{"rendered":"http:\/\/www.ci-api.stage2.goodshape.cz\/?page_id=2"},"modified":"2019-05-15T18:55:34","modified_gmt":"2019-05-15T16:55:34","slug":"zkusebni-stranka","status":"publish","type":"page","link":"https:\/\/apiagentura.gov.cz\/en\/","title":{"rendered":"Home page"},"content":{"rendered":"<p style=\"text-align: justify;\">Agentura pro podnik\u00e1n\u00ed a\u00a0inovace (API) je st\u00e1tn\u00ed p\u0159\u00edsp\u011bvkov\u00e1 organizace pod\u0159\u00edzen\u00e1 Ministerstvu pr\u016fmyslu a obchodu \u010cR. Pln\u00ed roli zprost\u0159edkuj\u00edc\u00edho subjektu pro dota\u010dn\u00ed programy Opera\u010dn\u00edho programu Podnik\u00e1n\u00ed a inovace pro konkurenceschopnost (OP PIK), pomoc\u00ed kter\u00e9ho lze spolufinancovat podnikatelsk\u00e9 projekty ve zpracovatelsk\u00e9m pr\u016fmyslu a souvisej\u00edc\u00edch slu\u017eb\u00e1ch.<\/p>\n","protected":false},"excerpt":{"rendered":"<p>Prost\u0159ednictv\u00edm Opera\u010dn\u00edho programu Podnik\u00e1n\u00ed a inovace pro\u00a0konkurenceschopnost podporujeme rozvoj Va\u0161eho podnik\u00e1n\u00ed.<\/p>\n","protected":false},"author":35,"featured_media":0,"parent":0,"menu_order":45,"comment_status":"closed","ping_status":"closed","template":"","meta":{"inline_featured_image":false,"footnotes":""},"class_list":["post-2","page","type-page","status-publish","hentry"],"publishpress_future_action":{"enabled":false,"date":"2026-05-07 00:10:58","action":"change-status","newStatus":"draft","terms":[],"taxonomy":"","extraData":[]},"publishpress_future_workflow_manual_trigger":{"enabledWorkflows":[]},"_links":{"self":[{"href":"https:\/\/apiagentura.gov.cz\/en\/wp-json\/wp\/v2\/pages\/2","targetHints":{"allow":["GET"]}}],"collection":[{"href":"https:\/\/apiagentura.gov.cz\/en\/wp-json\/wp\/v2\/pages"}],"about":[{"href":"https:\/\/apiagentura.gov.cz\/en\/wp-json\/wp\/v2\/types\/page"}],"author":[{"embeddable":true,"href":"https:\/\/apiagentura.gov.cz\/en\/wp-json\/wp\/v2\/users\/35"}],"replies":[{"embeddable":true,"href":"https:\/\/apiagentura.gov.cz\/en\/wp-json\/wp\/v2\/comments?post=2"}],"version-history":[{"count":0,"href":"https:\/\/apiagentura.gov.cz\/en\/wp-json\/wp\/v2\/pages\/2\/revisions"}],"wp:attachment":[{"href":"https:\/\/apiagentura.gov.cz\/en\/wp-json\/wp\/v2\/media?parent=2"}],"curies":[{"name":"wp","href":"https:\/\/api.w.org\/{rel}","templated":true}]}}