{"id":22996,"date":"2020-07-01T14:01:22","date_gmt":"2020-07-01T12:01:22","guid":{"rendered":"https:\/\/www.apiagentura.gov.cz\/?page_id=22996"},"modified":"2023-01-09T13:02:07","modified_gmt":"2023-01-09T12:02:07","slug":"inovacni-vouchery-vyzva-vi","status":"publish","type":"page","link":"https:\/\/apiagentura.gov.cz\/en\/programy-podpory\/inovacni-vouchery\/inovacni-vouchery-vyzva-vi\/","title":{"rendered":"Inova\u010dn\u00ed vouchery &#8211; V\u00fdzva VI (OP PIK)"},"content":{"rendered":"<p><\/p>\n<h4>Upozorn\u011bn\u00ed pro \u017eadatele a p\u0159\u00edjemce<\/h4>\n<p><strong>9. 5. 2022: <\/strong>Ministerstvo pr\u016fmyslu a\u00a0obchodu jako \u0158\u00eddic\u00ed org\u00e1n OP PIK (\u0158O) informuje o\u00a0zm\u011bn\u011b V\u00fdzvy VI programu Inova\u010dn\u00ed vouchery. V\u00a0souladu s\u00a0Opera\u010dn\u00edm manu\u00e1lem OP PIK a s\u00a0parametry i textem V\u00fdzvy VI programu Inova\u010dn\u00ed vouchery\u00a0<strong>\u0158O navy\u0161uje alokaci t\u00e9to V\u00fdzvy VI o\u00a030 mil. K\u010d na celkovou sumu 180 mil. K\u010d (z p\u016fvodn\u00ed sumy 150 mil. K\u010d).<\/strong><\/p>\n<p>Z\u00e1jem o tento obl\u00edben\u00fd a procesn\u011b jednoduch\u00fd program je enormn\u00ed, nav\u00fd\u0161en\u00ed alokace umo\u017en\u00ed podpo\u0159it projekty podan\u00e9 ve 2. pololet\u00ed roku 2022 bez omezen\u00ed.<\/p>\n<table class=\"call-detail\" style=\"height: 999px;\" width=\"646\">\n<tbody>\n<tr style=\"height: 448px;\">\n<td style=\"width: 175px; height: 730px;\" rowspan=\"2\"><strong>Na co lze z\u00edskat podporu<\/strong>\u00a0(podporovan\u00e9 aktivity):<\/p>\n<ul>\n<li>n\u00e1kup poradensk\u00fdch, expertn\u00edch a podp\u016frn\u00fdch slu\u017eeb v oblasti inovac\u00ed od organizac\u00ed pro<br \/>\nv\u00fdzkum a \u0161\u00ed\u0159en\u00ed znalost\u00ed nebo akreditovan\u00fdch laborato\u0159\u00ed s c\u00edlem zah\u00e1jen\u00ed \u010di zintenzivn\u011bn\u00ed inova\u010dn\u00edch aktivit mal\u00fdch a st\u0159edn\u00edch podnik\u016f<\/li>\n<\/ul>\n<p><strong>Kdo m\u016f\u017ee \u017e\u00e1dat<\/strong>\u00a0(p\u0159\u00edjemci podpory):<\/p>\n<ul>\n<li>mal\u00e9 a st\u0159edn\u00ed podniky<\/li>\n<\/ul>\n<p><strong>FAQ<\/strong><\/p>\n<ul>\n<li>\u010dasto kladen\u00e9 dotazy k programu Inova\u010dn\u00ed vouchery k dispozici\u00a0<a href=\"https:\/\/www.apiagentura.gov.cz\/cs\/radce\/faq\/faq-inovacni-vouchery\/\">ZDE<\/a><\/li>\n<\/ul>\n<p><strong>Syst\u00e9m sb\u011bru \u017e\u00e1dost\u00ed:<\/strong><\/p>\n<ul>\n<li>pr\u016fb\u011b\u017en\u00fd<\/li>\n<\/ul>\n<\/td>\n<td style=\"width: 285px; height: 448px;\"><strong>J<strong style=\"font-family: inherit; font-size: inherit;\">ak\u00e9<\/strong><strong style=\"font-family: inherit; font-size: inherit;\">\u00a0v\u00fddaje je mo\u017en\u00e9 podpo\u0159it\u00a0<\/strong><\/strong>(zp\u016fsobil\u00e9 v\u00fddaje):<\/p>\n<ul>\n<li>poradensk\u00e9, expertn\u00ed a podp\u016frn\u00e9 slu\u017eby v oblasti inovac\u00ed<\/li>\n<li>m\u011b\u0159en\u00ed, diagnostika, testov\u00e1n\u00ed, zkou\u0161ky, rozbory, anal\u00fdzy,\u00a0 ov\u011b\u0159ov\u00e1n\u00ed, certifikace v\u00fdrobku, v\u00fdpo\u010dty, n\u00e1vrhy nov\u00fdch syst\u00e9m\u016f, technologick\u00fdch postup\u016f, unik\u00e1tn\u00edch konstruk\u010dn\u00edch \u0159e\u0161en\u00ed<\/li>\n<li>modelov\u00e1n\u00ed, v\u00fdvoj softwaru, hardwaru, materi\u00e1lu, za\u0159\u00edzen\u00ed, prvk\u016f syst\u00e9mu, prototypu, funk\u010dn\u00edho vzorku v souvislosti s v\u00fdvojem nebo zav\u00e1d\u011bn\u00edm nov\u00e9ho produktu<\/li>\n<\/ul>\n<\/td>\n<td style=\"width: 164px; height: 448px;\"><img loading=\"lazy\" decoding=\"async\" class=\"alignnone size-full wp-image-23002\" src=\"https:\/\/www.apiagentura.gov.cz\/wp-content\/uploads\/2020\/07\/inovacni-vouchery-768.png\" alt=\"\" width=\"768\" height=\"768\" srcset=\"https:\/\/apiagentura.gov.cz\/wp-content\/uploads\/2020\/07\/inovacni-vouchery-768.png 768w, https:\/\/apiagentura.gov.cz\/wp-content\/uploads\/2020\/07\/inovacni-vouchery-768-150x150.png 150w, https:\/\/apiagentura.gov.cz\/wp-content\/uploads\/2020\/07\/inovacni-vouchery-768-300x300.png 300w, https:\/\/apiagentura.gov.cz\/wp-content\/uploads\/2020\/07\/inovacni-vouchery-768-50x50.png 50w, https:\/\/apiagentura.gov.cz\/wp-content\/uploads\/2020\/07\/inovacni-vouchery-768-500x500.png 500w\" sizes=\"auto, (max-width: 768px) 100vw, 768px\" \/><\/td>\n<\/tr>\n<tr style=\"height: 282px;\">\n<td style=\"width: 285px; height: 282px;\"><b>Specifika a omezen\u00ed:<\/b><\/p>\n<ul>\n<li>projekt mus\u00ed b\u00fdt realizov\u00e1n na \u00fazem\u00ed \u010cR mimo NUTS 2 Praha<\/li>\n<li>ka\u017ed\u00fd \u017eadatel (1 I\u010c) je opr\u00e1vn\u011bn p\u0159edlo\u017eit maxim\u00e1ln\u011b 3 projekty<\/li>\n<\/ul>\n<p>&nbsp;<\/td>\n<td style=\"width: 164px; height: 551px;\" rowspan=\"2\"><strong>Kolik lze z\u00edskat na jeden projekt\u00a0<\/strong>(forma a v\u00fd\u0161e podpory):<\/p>\n<p>Podpora je poskytov\u00e1na pro mal\u00e9 a st\u0159edn\u00ed podniky ve t\u0159ech re\u017eimech, v z\u00e1vislosti na po\u017eadovan\u00e9 v\u00fd\u0161i<br \/>\nzp\u016fsobil\u00fdch v\u00fddaj\u016f projektu, tj. v re\u017eimech m\u00edry podpory 50 %, 75 % a 85 % z prok\u00e1zan\u00fdch zp\u016fsobil\u00fdch v\u00fddaj\u016f<\/p>\n<p><strong>Maxim\u00e1ln\u00ed v\u00fd\u0161e po\u017eadovan\u00fdch zp\u016fsobil\u00fdch v\u00fddaj\u016f v rozp\u011bt\u00ed od 58 824 K\u010d do 499 999 K\u010d<\/strong><\/p>\n<ul>\n<li>85 % z prok\u00e1zan\u00fdch zp\u016fsobil\u00fdch v\u00fddaj\u016f v p\u0159\u00edpad\u011b projektu zab\u00fdvaj\u00edc\u00edch se problematikou sucha<\/li>\n<li>75 % z prok\u00e1zan\u00fdch zp\u016fsobil\u00fdch<br \/>\nv\u00fddaj\u016f v p\u0159\u00edpad\u011b projekt\u016f nezab\u00fdvaj\u00edc\u00edch se problematikou sucha (viz bod 8.1. V\u00fdzvy)<\/li>\n<\/ul>\n<p><strong>Maxim\u00e1ln\u00ed v\u00fd\u0161e po\u017eadovan\u00fdch zp\u016fsobil\u00fdch v\u00fddaj\u016f v rozp\u011bt\u00ed od 500 000 K\u010d do 1 999 999 K\u010d<\/strong><\/p>\n<ul>\n<li>50 % z prok\u00e1zan\u00fdch zp\u016fsobil\u00fdch v\u00fddaj\u016f<\/li>\n<\/ul>\n<\/td>\n<\/tr>\n<tr style=\"height: 269px;\">\n<td style=\"width: 466px; height: 269px;\" colspan=\"2\">\u00a0<img loading=\"lazy\" decoding=\"async\" class=\"alignnone size-large wp-image-23001\" src=\"https:\/\/www.apiagentura.gov.cz\/wp-content\/uploads\/2020\/07\/novinka-ino-vouchery-vi-1280x656-1024x525.png\" alt=\"\" width=\"1024\" height=\"525\" srcset=\"https:\/\/apiagentura.gov.cz\/wp-content\/uploads\/2020\/07\/novinka-ino-vouchery-vi-1280x656-1024x525.png 1024w, https:\/\/apiagentura.gov.cz\/wp-content\/uploads\/2020\/07\/novinka-ino-vouchery-vi-1280x656-300x154.png 300w, https:\/\/apiagentura.gov.cz\/wp-content\/uploads\/2020\/07\/novinka-ino-vouchery-vi-1280x656-768x394.png 768w, https:\/\/apiagentura.gov.cz\/wp-content\/uploads\/2020\/07\/novinka-ino-vouchery-vi-1280x656-150x77.png 150w, https:\/\/apiagentura.gov.cz\/wp-content\/uploads\/2020\/07\/novinka-ino-vouchery-vi-1280x656-500x256.png 500w, https:\/\/apiagentura.gov.cz\/wp-content\/uploads\/2020\/07\/novinka-ino-vouchery-vi-1280x656.png 1280w\" sizes=\"auto, (max-width: 1024px) 100vw, 1024px\" \/><\/td>\n<\/tr>\n<\/tbody>\n<\/table>\n<p><\/p>","protected":false},"excerpt":{"rendered":"<p>C\u00edlem v\u00fdzvy je rozvoj komunikace a sd\u00edlen\u00ed poznatk\u016f a know-how mezi podnikovou a v\u00fdzkumnou sf\u00e9rou, kter\u00e9 mohou podnikatelsk\u00e9 subjekty vyu\u017e\u00edt pro zah\u00e1jen\u00ed \u010di zintenzivn\u011bn\u00ed vlastn\u00edch inova\u010dn\u00edch aktivit.<\/p>\n","protected":false},"author":1,"featured_media":0,"parent":122,"menu_order":0,"comment_status":"closed","ping_status":"closed","template":"","meta":{"inline_featured_image":false,"footnotes":""},"class_list":["post-22996","page","type-page","status-publish","hentry"],"publishpress_future_action":{"enabled":false,"date":"2026-05-02 10:41:56","action":"change-status","newStatus":"draft","terms":[],"taxonomy":"","extraData":[]},"publishpress_future_workflow_manual_trigger":{"enabledWorkflows":[]},"_links":{"self":[{"href":"https:\/\/apiagentura.gov.cz\/en\/wp-json\/wp\/v2\/pages\/22996","targetHints":{"allow":["GET"]}}],"collection":[{"href":"https:\/\/apiagentura.gov.cz\/en\/wp-json\/wp\/v2\/pages"}],"about":[{"href":"https:\/\/apiagentura.gov.cz\/en\/wp-json\/wp\/v2\/types\/page"}],"author":[{"embeddable":true,"href":"https:\/\/apiagentura.gov.cz\/en\/wp-json\/wp\/v2\/users\/1"}],"replies":[{"embeddable":true,"href":"https:\/\/apiagentura.gov.cz\/en\/wp-json\/wp\/v2\/comments?post=22996"}],"version-history":[{"count":0,"href":"https:\/\/apiagentura.gov.cz\/en\/wp-json\/wp\/v2\/pages\/22996\/revisions"}],"up":[{"embeddable":true,"href":"https:\/\/apiagentura.gov.cz\/en\/wp-json\/wp\/v2\/pages\/122"}],"wp:attachment":[{"href":"https:\/\/apiagentura.gov.cz\/en\/wp-json\/wp\/v2\/media?parent=22996"}],"curies":[{"name":"wp","href":"https:\/\/api.w.org\/{rel}","templated":true}]}}