{"id":39618,"date":"2024-05-28T11:40:42","date_gmt":"2024-05-28T09:40:42","guid":{"rendered":"https:\/\/www.apiagentura.gov.cz\/?page_id=39618"},"modified":"2026-04-16T13:43:00","modified_gmt":"2026-04-16T11:43:00","slug":"zadost-o-platbu-a-zpravy-o-realizaci","status":"publish","type":"page","link":"https:\/\/apiagentura.gov.cz\/en\/metodika-op-tak\/zadost-o-platbu-a-zpravy-o-realizaci\/","title":{"rendered":"\u017d\u00e1dost o platbu a zpr\u00e1vy o realizaci"},"content":{"rendered":"<p class=\"qtranxs-available-languages-message qtranxs-available-languages-message-en\">Sorry, this entry is only available in <a href=\"https:\/\/apiagentura.gov.cz\/cs\/wp-json\/wp\/v2\/pages\/39618\" class=\"qtranxs-available-language-link qtranxs-available-language-link-cs\" title=\"\u010ce\u0161tina\">\u010ce\u0161tina<\/a>.<\/p>","protected":false},"excerpt":{"rendered":"<p>Sorry, this entry is only available in \u010ce\u0161tina.<\/p>\n","protected":false},"author":35,"featured_media":0,"parent":30215,"menu_order":0,"comment_status":"closed","ping_status":"closed","template":"","meta":{"inline_featured_image":false,"footnotes":""},"class_list":["post-39618","page","type-page","status-publish","hentry"],"publishpress_future_action":{"enabled":false,"date":"2026-05-07 12:37:52","action":"change-status","newStatus":"draft","terms":[],"taxonomy":"","extraData":[]},"publishpress_future_workflow_manual_trigger":{"enabledWorkflows":[]},"_links":{"self":[{"href":"https:\/\/apiagentura.gov.cz\/en\/wp-json\/wp\/v2\/pages\/39618","targetHints":{"allow":["GET"]}}],"collection":[{"href":"https:\/\/apiagentura.gov.cz\/en\/wp-json\/wp\/v2\/pages"}],"about":[{"href":"https:\/\/apiagentura.gov.cz\/en\/wp-json\/wp\/v2\/types\/page"}],"author":[{"embeddable":true,"href":"https:\/\/apiagentura.gov.cz\/en\/wp-json\/wp\/v2\/users\/35"}],"replies":[{"embeddable":true,"href":"https:\/\/apiagentura.gov.cz\/en\/wp-json\/wp\/v2\/comments?post=39618"}],"version-history":[{"count":0,"href":"https:\/\/apiagentura.gov.cz\/en\/wp-json\/wp\/v2\/pages\/39618\/revisions"}],"up":[{"embeddable":true,"href":"https:\/\/apiagentura.gov.cz\/en\/wp-json\/wp\/v2\/pages\/30215"}],"wp:attachment":[{"href":"https:\/\/apiagentura.gov.cz\/en\/wp-json\/wp\/v2\/media?parent=39618"}],"curies":[{"name":"wp","href":"https:\/\/api.w.org\/{rel}","templated":true}]}}