{"id":40413,"date":"2024-09-20T12:40:27","date_gmt":"2024-09-20T10:40:27","guid":{"rendered":"https:\/\/www.apiagentura.gov.cz\/?page_id=40413"},"modified":"2026-04-07T13:27:25","modified_gmt":"2026-04-07T11:27:25","slug":"aplikace-mezinarodni-spoluprace","status":"publish","type":"page","link":"https:\/\/apiagentura.gov.cz\/en\/podporovane-aktivity-optak\/aplikace-optak\/aplikace-mezinarodni-spoluprace\/","title":{"rendered":"Aplikace &#8211; Mezin\u00e1rodn\u00ed spolupr\u00e1ce"},"content":{"rendered":"<p class=\"qtranxs-available-languages-message qtranxs-available-languages-message-en\">Sorry, this entry is only available in <a href=\"https:\/\/apiagentura.gov.cz\/cs\/wp-json\/wp\/v2\/pages\/40413\" class=\"qtranxs-available-language-link qtranxs-available-language-link-cs\" title=\"\u010ce\u0161tina\">\u010ce\u0161tina<\/a>.<\/p>","protected":false},"excerpt":{"rendered":"<p class=\"qtranxs-available-languages-message qtranxs-available-languages-message-en\">Sorry, this entry is only available in <a href=\"https:\/\/apiagentura.gov.cz\/cs\/wp-json\/wp\/v2\/pages\/40413\" class=\"qtranxs-available-language-link qtranxs-available-language-link-cs\" title=\"\u010ce\u0161tina\">\u010ce\u0161tina<\/a>.<\/p>\n","protected":false},"author":1,"featured_media":0,"parent":30015,"menu_order":0,"comment_status":"closed","ping_status":"closed","template":"","meta":{"inline_featured_image":false,"footnotes":""},"class_list":["post-40413","page","type-page","status-publish","hentry"],"publishpress_future_action":{"enabled":false,"date":"2026-05-07 21:59:12","action":"change-status","newStatus":"draft","terms":[],"taxonomy":"","extraData":[]},"publishpress_future_workflow_manual_trigger":{"enabledWorkflows":[]},"_links":{"self":[{"href":"https:\/\/apiagentura.gov.cz\/en\/wp-json\/wp\/v2\/pages\/40413","targetHints":{"allow":["GET"]}}],"collection":[{"href":"https:\/\/apiagentura.gov.cz\/en\/wp-json\/wp\/v2\/pages"}],"about":[{"href":"https:\/\/apiagentura.gov.cz\/en\/wp-json\/wp\/v2\/types\/page"}],"author":[{"embeddable":true,"href":"https:\/\/apiagentura.gov.cz\/en\/wp-json\/wp\/v2\/users\/1"}],"replies":[{"embeddable":true,"href":"https:\/\/apiagentura.gov.cz\/en\/wp-json\/wp\/v2\/comments?post=40413"}],"version-history":[{"count":0,"href":"https:\/\/apiagentura.gov.cz\/en\/wp-json\/wp\/v2\/pages\/40413\/revisions"}],"up":[{"embeddable":true,"href":"https:\/\/apiagentura.gov.cz\/en\/wp-json\/wp\/v2\/pages\/30015"}],"wp:attachment":[{"href":"https:\/\/apiagentura.gov.cz\/en\/wp-json\/wp\/v2\/media?parent=40413"}],"curies":[{"name":"wp","href":"https:\/\/api.w.org\/{rel}","templated":true}]}}