{"id":42153,"date":"2025-02-05T13:25:37","date_gmt":"2025-02-05T12:25:37","guid":{"rendered":"https:\/\/apiagentura.gov.cz\/?page_id=42153"},"modified":"2026-04-07T13:13:51","modified_gmt":"2026-04-07T11:13:51","slug":"aplikace-vyzva-ii-vyvoj-digitalnich-reseni","status":"publish","type":"page","link":"https:\/\/apiagentura.gov.cz\/en\/podporovane-aktivity-optak\/aplikace-optak\/aplikace-vyzva-ii-vyvoj-digitalnich-reseni\/","title":{"rendered":"Aplikace \u2013 v\u00fdzva II &#8211; v\u00fdvoj digit\u00e1ln\u00edch \u0159e\u0161en\u00ed"},"content":{"rendered":"<p class=\"qtranxs-available-languages-message qtranxs-available-languages-message-en\">Sorry, this entry is only available in <a href=\"https:\/\/apiagentura.gov.cz\/cs\/wp-json\/wp\/v2\/pages\/42153\" class=\"qtranxs-available-language-link qtranxs-available-language-link-cs\" title=\"\u010ce\u0161tina\">\u010ce\u0161tina<\/a>.<\/p>","protected":false},"excerpt":{"rendered":"<p class=\"qtranxs-available-languages-message qtranxs-available-languages-message-en\">Sorry, this entry is only available in <a href=\"https:\/\/apiagentura.gov.cz\/cs\/wp-json\/wp\/v2\/pages\/42153\" class=\"qtranxs-available-language-link qtranxs-available-language-link-cs\" title=\"\u010ce\u0161tina\">\u010ce\u0161tina<\/a>.<\/p>\n","protected":false},"author":1,"featured_media":0,"parent":30015,"menu_order":0,"comment_status":"closed","ping_status":"closed","template":"","meta":{"inline_featured_image":false,"footnotes":""},"class_list":["post-42153","page","type-page","status-publish","hentry"],"publishpress_future_action":{"enabled":false,"date":"2026-05-07 17:07:13","action":"change-status","newStatus":"draft","terms":[],"taxonomy":"","extraData":[]},"publishpress_future_workflow_manual_trigger":{"enabledWorkflows":[]},"_links":{"self":[{"href":"https:\/\/apiagentura.gov.cz\/en\/wp-json\/wp\/v2\/pages\/42153","targetHints":{"allow":["GET"]}}],"collection":[{"href":"https:\/\/apiagentura.gov.cz\/en\/wp-json\/wp\/v2\/pages"}],"about":[{"href":"https:\/\/apiagentura.gov.cz\/en\/wp-json\/wp\/v2\/types\/page"}],"author":[{"embeddable":true,"href":"https:\/\/apiagentura.gov.cz\/en\/wp-json\/wp\/v2\/users\/1"}],"replies":[{"embeddable":true,"href":"https:\/\/apiagentura.gov.cz\/en\/wp-json\/wp\/v2\/comments?post=42153"}],"version-history":[{"count":0,"href":"https:\/\/apiagentura.gov.cz\/en\/wp-json\/wp\/v2\/pages\/42153\/revisions"}],"up":[{"embeddable":true,"href":"https:\/\/apiagentura.gov.cz\/en\/wp-json\/wp\/v2\/pages\/30015"}],"wp:attachment":[{"href":"https:\/\/apiagentura.gov.cz\/en\/wp-json\/wp\/v2\/media?parent=42153"}],"curies":[{"name":"wp","href":"https:\/\/api.w.org\/{rel}","templated":true}]}}