{"id":422,"date":"2016-08-09T06:53:08","date_gmt":"2016-08-09T05:53:08","guid":{"rendered":"http:\/\/www.ci-api.stage2.goodshape.cz\/?page_id=422"},"modified":"2024-09-09T12:18:23","modified_gmt":"2024-09-09T10:18:23","slug":"faq","status":"publish","type":"page","link":"https:\/\/apiagentura.gov.cz\/en\/faq\/","title":{"rendered":"FAQ"},"content":{"rendered":"<p>&nbsp;<\/p>\n<table style=\"width: 1000px; height: 705px;\">\n<tbody>\n<tr style=\"height: 125px;\">\n<td class=\"Prebarveni\" style=\"width: 184px; height: 125px; text-align: center; background-color: #124b89;\"><a href=\"\/1137-2\/\"><span style=\"color: #ffffff;\">Obecn\u00e9 dotazy<br \/>\nk OP PIK<\/span><\/a><\/td>\n<td style=\"width: 20px; height: 125px;\"><\/td>\n<td class=\"Prebarveni\" style=\"width: 184px; height: 125px; text-align: center; background-color: #1459a5;\"><a href=\"\/faq-cba\/\"> <span style=\"color: #ffffff;\">CBA &#8211; Anal\u00fdza<br \/>\nn\u00e1klad\u016f <\/span><span style=\"color: #ffffff;\">a p\u0159\u00ednos\u016f<\/span><\/a><\/td>\n<td style=\"width: 20px; height: 125px;\"><\/td>\n<td class=\"Prebarveni\" style=\"width: 184px; height: 125px; text-align: center; background-color: #1b63b1;\"><a href=\"\/faq-povinna-publicita-projektu\/\"> <span style=\"color: #ffffff;\">Povinn\u00e1 publicita projektu<\/span><\/a><\/td>\n<td style=\"width: 20px; height: 125px;\"><\/td>\n<td class=\"Prebarveni\" style=\"width: 184px; height: 125px; text-align: center; background-color: #246cbb;\"><a href=\"\/faq-vyber-dodavatele\/\"> <span style=\"color: #ffffff;\">V\u00fdb\u011br dodavatele<\/span><\/a><\/td>\n<td style=\"width: 20px; height: 125px;\"><\/td>\n<td class=\"Prebarveni\" style=\"width: 184px; height: 125px; text-align: center; background-color: #2d75c4;\"><a href=\"\/faq-zadost-o-platbu\/\"> <span style=\"color: #ffffff;\">\u017d\u00e1dost o platbu<\/span><\/a><\/td>\n<\/tr>\n<tr style=\"height: 20px;\">\n<td style=\"width: 184px; height: 20px;\"><\/td>\n<td style=\"width: 20px; height: 20px;\"><\/td>\n<td style=\"width: 184px; height: 20px;\"><\/td>\n<td style=\"width: 20px; height: 20px;\"><\/td>\n<td style=\"width: 184px; height: 20px;\"><\/td>\n<td style=\"width: 20px; height: 20px;\"><\/td>\n<td style=\"width: 184px; height: 20px;\"><\/td>\n<td style=\"width: 20px; height: 20px;\"><\/td>\n<td style=\"width: 184px; height: 20px;\"><\/td>\n<\/tr>\n<tr style=\"height: 125px;\">\n<td class=\"Prebarveni\" style=\"width: 184px; height: 125px; text-align: center; background-color: #1459a5;\"> <a href=\"\/faq-monitoring-projektu-v-op-pik\/\"><span style=\"color: #ffffff;\">Monitoring projektu<\/span><\/a><\/td>\n<td style=\"width: 20px; height: 125px;\"><\/td>\n<td class=\"Prebarveni\" style=\"width: 184px; height: 125px; text-align: center; background-color: #1b63b1;\"> <a href=\"\/faq-program-inovace-inovacni-projekt\/\"><span style=\"color: #ffffff;\">Program Inovace<br \/>\n&#8211; Inova\u010dn\u00ed projekt<\/span><\/a><\/td>\n<td style=\"width: 20px; height: 125px;\"><\/td>\n<td class=\"Prebarveni\" style=\"width: 184px; height: 125px; text-align: center; background-color: #246cbb;\"> <a href=\"\/faq-program-inovace-projekt-na-ochranu-prav-prumysloveho-vlastnictvi\/\"><span style=\"color: #ffffff;\">Program Inovace \u2013 projekt na ochranu pr\u00e1v pr\u016fmyslov\u00e9ho vlastnictv\u00ed<\/span><\/a><\/td>\n<td style=\"width: 20px; height: 125px;\"><\/td>\n<td class=\"Prebarveni\" style=\"width: 184px; height: 125px; text-align: center; background-color: #2d75c4;\"> <a href=\"\/faq-program-potencial\/\"><span style=\"color: #ffffff;\">Program<br \/>\nPotenci\u00e1l<\/span><\/a><\/td>\n<td style=\"width: 20px; height: 125px;\"><\/td>\n<td class=\"Prebarveni\" style=\"width: 184px; height: 125px; text-align: center; background-color: #3b7fc9;\"> <a href=\"\/faq-program-aplikace\/\"><span style=\"color: #ffffff;\">Program<br \/>\nAplikace<\/span><\/a><\/td>\n<\/tr>\n<tr style=\"height: 20px;\">\n<td style=\"width: 184px; height: 20px;\"><\/td>\n<td style=\"width: 20px; height: 20px;\"><\/td>\n<td style=\"width: 184px; height: 20px;\"><\/td>\n<td style=\"width: 20px; height: 20px;\"><\/td>\n<td style=\"width: 184px; height: 20px;\"><\/td>\n<td style=\"width: 20px; height: 20px;\"><\/td>\n<td style=\"width: 184px; height: 20px;\"><\/td>\n<td style=\"width: 20px; height: 20px;\"><\/td>\n<td style=\"width: 184px; height: 20px;\"><\/td>\n<\/tr>\n<tr style=\"height: 125px;\">\n<td class=\"Prebarveni\" style=\"width: 184px; height: 125px; text-align: center; background-color: #1b63b1;\"> <a href=\"\/faq-program-partnerstvi-znalostniho-transferu\/\"><span style=\"color: #ffffff;\">Program Partnerstv\u00ed znalostn\u00edho transferu<\/span><\/a><\/td>\n<td style=\"width: 20px; height: 125px;\"><\/td>\n<td class=\"Prebarveni\" style=\"width: 184px; height: 125px; text-align: center; background-color: #246cbb;\"> <a href=\"\/faq-program-spoluprace-klastry\/\"><span style=\"color: #ffffff;\">Program Spolupr\u00e1ce<br \/>\n&#8211; klastry<\/span><\/a><\/td>\n<td style=\"width: 20px; height: 125px;\"><\/td>\n<td class=\"Prebarveni\" style=\"width: 184px; height: 125px; text-align: center; background-color: #2d75c4;\"> <a href=\"\/faq-program-spoluprace-technologicke-platformy\/\"><span style=\"color: #ffffff;\">Program Spolupr\u00e1ce &#8211; technologick\u00e9 platformy<\/span><\/a><\/td>\n<td style=\"width: 20px; height: 125px;\"><\/td>\n<td class=\"Prebarveni\" style=\"width: 184px; height: 125px; text-align: center; background-color: #3b7fc9;\"><span style=\"color: #ffffff;\"> <a style=\"color: #ffffff;\" href=\"\/faq-program-sluzby-infrastruktury\/\">Program Slu\u017eby infrastruktury<\/a><\/span><\/td>\n<td style=\"width: 20px; height: 125px;\"><\/td>\n<td class=\"Prebarveni\" style=\"width: 184px; height: 125px; text-align: center; background-color: #5089c7;\"><a href=\"\/faq-program-technologie\/\"> <span style=\"color: #ffffff;\">Program Technologie<\/span><\/a><\/td>\n<\/tr>\n<tr style=\"height: 20px;\">\n<td style=\"width: 184px; height: 20px;\"><\/td>\n<td style=\"width: 20px; height: 20px;\"><\/td>\n<td style=\"width: 184px; height: 20px;\"><\/td>\n<td style=\"width: 20px; height: 20px;\"><\/td>\n<td style=\"width: 184px; height: 20px;\"><\/td>\n<td style=\"width: 20px; height: 20px;\"><\/td>\n<td style=\"width: 184px; height: 20px;\"><\/td>\n<td style=\"width: 20px; height: 20px;\"><\/td>\n<td style=\"width: 184px; height: 20px;\"><\/td>\n<\/tr>\n<tr style=\"height: 125px;\">\n<td class=\"Prebarveni\" style=\"width: 184px; height: 125px; text-align: center; background-color: #246cbb;\"><a href=\"\/faq-program-marketing\/\"> <span style=\"color: #ffffff;\">Program<br \/>\nMarketing<\/span><\/a><\/td>\n<td style=\"width: 20px; height: 125px;\"><\/td>\n<td class=\"Prebarveni\" style=\"width: 184px; height: 125px; text-align: center; background-color: #2d75c4;\"> <a href=\"\/faq-program-nemovitosti\/\"><span style=\"color: #ffffff;\">Program Nemovitosti<\/span><\/a><\/td>\n<td style=\"width: 20px; height: 125px;\"><\/td>\n<td class=\"Prebarveni\" style=\"width: 184px; height: 125px; text-align: center; background-color: #3b7fc9;\"><span style=\"color: #ffffff;\"> <a href=\"\/faq-program-skolici-strediska\/\"><span style=\"color: #ffffff;\">Program<\/span> <span style=\"color: #ffffff;\">\u0160kolic\u00ed st\u0159ediska<\/span><\/a><\/span><\/td>\n<td style=\"width: 20px; height: 125px;\"><\/td>\n<td class=\"Prebarveni\" style=\"width: 184px; height: 125px; text-align: center; background-color: #5089c7;\"> <a href=\"\/faq-program-nizkouhlikove-technologie\/\"><span style=\"color: #ffffff;\">Program<br \/>\nN\u00edzkouhl\u00edkov\u00e9 technologie<\/span><\/a><\/td>\n<td style=\"width: 20px; height: 125px;\"><\/td>\n<td class=\"Prebarveni\" style=\"width: 184px; height: 125px; text-align: center; background-color: #6493c5;\"> <a href=\"\/faq-ict-sdilene-sluzby\/\"><span style=\"color: #ffffff;\">Program<br \/>\nICT a sd\u00edlen\u00e9 slu\u017eby<\/span><\/a><\/td>\n<\/tr>\n<tr style=\"height: 20px;\">\n<td style=\"width: 184px; height: 20px;\"><\/td>\n<td style=\"width: 20px; height: 20px;\"><\/td>\n<td style=\"width: 184px; height: 20px;\"><\/td>\n<td style=\"width: 20px; height: 20px;\"><\/td>\n<td style=\"width: 184px; height: 20px;\"><\/td>\n<td style=\"width: 20px; height: 20px;\"><\/td>\n<td style=\"width: 184px; height: 20px;\"><\/td>\n<td style=\"width: 20px; height: 20px;\"><\/td>\n<td style=\"width: 184px; height: 20px;\"><\/td>\n<\/tr>\n<tr style=\"height: 125px;\">\n<td class=\"Prebarveni\" style=\"width: 184px; height: 125px; text-align: center; background-color: #2d75c4;\"> <a href=\"\/faq-inovacni-vouchery\/\"><span style=\"color: #ffffff;\">Program<br \/>\nInova\u010dn\u00ed vouchery<\/span><\/a><\/td>\n<td style=\"width: 20px; height: 125px;\"><\/td>\n<td class=\"Prebarveni\" style=\"width: 184px; height: 125px; text-align: center; background-color: #3b7fc9;\"><a href=\"\/faq-program-uspory-energie\/\"><span style=\"color: #ffffff;\">Program \u00daspory energie<\/span><\/a><\/td>\n<td style=\"width: 20px; height: 125px;\"><\/td>\n<td class=\"Prebarveni\" style=\"width: 184px; height: 125px; text-align: center; background-color: #5089c7;\"><a href=\"\/faq-uspory-energie-fotovoltaicke-systemy\/\"><span style=\"color: #ffffff;\">Program \u00daspory energie &#8211; Fotovoltaick\u00e9 syst\u00e9my<\/span><\/a><\/td>\n<td style=\"width: 20px; height: 125px;\"><\/td>\n<td class=\"Prebarveni\" style=\"width: 184px; height: 125px; text-align: center; background-color: #6493c5;\"><a href=\"\/faq-program-uspory-energie-energeticky-efektivni-budovy\/\"><span style=\"color: #ffffff;\">Program \u00daspory energie &#8211; Energeticky efektivn\u00ed budovy<\/span><\/a><\/td>\n<td style=\"width: 20px; height: 125px;\"><\/td>\n<td class=\"Prebarveni\" style=\"width: 184px; height: 125px; text-align: center; background-color: #6493c5;\"><a href=\"https:\/\/www.apiagentura.gov.cz\/faq-zvyseni-transparentnosti-v-oblasti-dotaci\/\"><span style=\"color: #ffffff;\">Zv\u00fd\u0161en\u00ed transparentnosti v oblasti dotac\u00ed<\/span><\/a><\/td>\n<td style=\"width: 184px; height: 125px;\"><\/td>\n<\/tr>\n<\/tbody>\n<\/table>\n<h3><\/h3>\n<p>&nbsp;<\/p>\n<h3>Slovn\u00ed\u010dek pojm\u016f OP PIK<\/h3>\n<table style=\"width: 995px; height: 415px;\">\n<tbody>\n<tr style=\"height: 125px;\">\n<td class=\"Prebarveni\" style=\"width: 125px; height: 125px; text-align: center; background-color: #002e60;\">\n<h1><a href=\"\/slovnicek-pojmu-a\/\"><span style=\"color: #ffffff;\">A<\/span><\/a><\/h1>\n<\/td>\n<td style=\"width: 20px; height: 125px;\"><\/td>\n<td class=\"Prebarveni\" style=\"width: 125px; height: 125px; text-align: center; background-color: #002e60;\">\n<h1><a href=\"\/slovnicek-pojmu-b\/\"><span style=\"color: #ffffff;\">B<\/span><\/a><\/h1>\n<\/td>\n<td style=\"width: 20px; height: 125px;\"><\/td>\n<td class=\"Prebarveni\" style=\"width: 125px; height: 125px; text-align: center; background-color: #002e60;\">\n<h1><a href=\"\/slovnicek-pojmu-c\/\"><span style=\"color: #ffffff;\">C<\/span><\/a><\/h1>\n<\/td>\n<td style=\"width: 20px; height: 125px;\"><\/td>\n<td class=\"Prebarveni\" style=\"width: 125px; height: 125px; background-color: #002e60;\">\n<h1 style=\"text-align: center;\"><a href=\"\/slovnicek-pojmu-d\/\"><span style=\"color: #ffffff;\">D<\/span><\/a><\/h1>\n<\/td>\n<td style=\"width: 20px; height: 125px;\"><\/td>\n<td class=\"Prebarveni\" style=\"width: 125px; height: 125px; background-color: #002e60;\">\n<h1 style=\"text-align: center;\"><a href=\"\/slovnicek-pojmu-e\/\"><span style=\"color: #ffffff;\">E<\/span><\/a><\/h1>\n<\/td>\n<td style=\"width: 20px; height: 125px;\"><\/td>\n<td class=\"Prebarveni\" style=\"width: 125px; height: 125px; text-align: center; background-color: #002e60;\">\n<h1><a href=\"\/slovnicek-pojmu-f\/\"><span style=\"color: #ffffff;\">F<\/span><\/a><\/h1>\n<\/td>\n<td style=\"width: 20px; height: 125px;\"><\/td>\n<td class=\"Prebarveni\" style=\"width: 125px; height: 125px; text-align: center; background-color: #002e60;\">\n<h1><a href=\"\/slovnicek-pojmu-h\/\"><span style=\"color: #ffffff;\">H<\/span><\/a><\/h1>\n<\/td>\n<\/tr>\n<tr style=\"height: 20px;\">\n<td style=\"width: 125px; height: 20px;\"><\/td>\n<td style=\"width: 20px; height: 20px;\"><\/td>\n<td style=\"width: 125px; height: 20px;\"><\/td>\n<td style=\"width: 20px; height: 20px;\"><\/td>\n<td style=\"width: 125px; height: 20px;\"><\/td>\n<td style=\"width: 20px; height: 20px;\"><\/td>\n<td style=\"width: 125px; height: 20px;\"><\/td>\n<td style=\"width: 20px; height: 20px;\"><\/td>\n<td style=\"width: 125px; height: 20px;\"><\/td>\n<td style=\"width: 20px; height: 20px;\"><\/td>\n<td style=\"width: 125px; height: 20px;\"><\/td>\n<td style=\"width: 20px; height: 20px;\"><\/td>\n<td style=\"width: 125px; height: 20px;\"><\/td>\n<\/tr>\n<tr style=\"height: 125px;\">\n<td class=\"Prebarveni\" style=\"width: 125px; height: 125px; text-align: center; background-color: #002e60;\">\n<h1><a href=\"\/slovnicek-pojmu-i\/\"><span style=\"color: #ffffff;\">I<\/span><\/a><\/h1>\n<\/td>\n<td style=\"width: 20px; height: 125px;\"><\/td>\n<td class=\"Prebarveni\" style=\"width: 125px; height: 125px; background-color: #002e60;\">\n<h1 style=\"text-align: center;\"><a href=\"\/slovnicek-pojmu-k\/\"><span style=\"color: #ffffff;\">K<\/span><\/a><\/h1>\n<\/td>\n<td style=\"width: 20px; height: 125px;\"><\/td>\n<td class=\"Prebarveni\" style=\"width: 125px; height: 125px; text-align: center; background-color: #002e60;\">\n<h1><a href=\"\/slovnicek-pojmu-m\/\"><span style=\"color: #ffffff;\">M<\/span><\/a><\/h1>\n<\/td>\n<td style=\"width: 20px; height: 125px;\"><\/td>\n<td class=\"Prebarveni\" style=\"width: 125px; height: 125px; text-align: center; background-color: #002e60;\">\n<h1><a href=\"\/slovnicek-pojmu-n\/\"><span style=\"color: #ffffff;\">N<\/span><\/a><\/h1>\n<\/td>\n<td style=\"width: 20px; height: 125px;\"><\/td>\n<td class=\"Prebarveni\" style=\"width: 125px; height: 125px; background-color: #002e60;\">\n<h1 style=\"text-align: center;\"><a href=\"\/slovnicek-pojmu-o\/\"><span style=\"color: #ffffff;\">O<\/span><\/a><\/h1>\n<\/td>\n<td style=\"width: 20px; height: 125px;\"><\/td>\n<td class=\"Prebarveni\" style=\"width: 125px; height: 125px; text-align: center; background-color: #002e60;\">\n<h1><a href=\"\/slovnicek-pojmu-p\/\"><span style=\"color: #ffffff;\">P<\/span><\/a><\/h1>\n<\/td>\n<td style=\"width: 20px; height: 125px;\"><\/td>\n<td class=\"Prebarveni\" style=\"width: 125px; height: 125px; background-color: #002e60;\">\n<h1 style=\"text-align: center;\"><a href=\"\/slovnicek-pojmu-r\/\"><span style=\"color: #ffffff;\">R<\/span><\/a><\/h1>\n<\/td>\n<\/tr>\n<tr style=\"height: 20px;\">\n<td style=\"width: 125px; height: 20px;\"><\/td>\n<td style=\"width: 20px; height: 20px;\"><\/td>\n<td style=\"width: 125px; height: 20px;\"><\/td>\n<td style=\"width: 20px; height: 20px;\"><\/td>\n<td style=\"width: 125px; height: 20px;\"><\/td>\n<td style=\"width: 20px; height: 20px;\"><\/td>\n<td style=\"width: 125px; height: 20px;\"><\/td>\n<td style=\"width: 20px; height: 20px;\"><\/td>\n<td style=\"width: 125px; height: 20px;\"><\/td>\n<td style=\"width: 20px; height: 20px;\"><\/td>\n<td style=\"width: 125px; height: 20px;\"><\/td>\n<td style=\"width: 20px; height: 20px;\"><\/td>\n<td style=\"width: 125px; height: 20px;\"><\/td>\n<\/tr>\n<tr style=\"height: 125px;\">\n<td class=\"Prebarveni\" style=\"width: 125px; height: 125px; background-color: #002e60;\">\n<h1 style=\"text-align: center;\"><a href=\"\/slovnicek-pojmu-r-2\/\"><span style=\"color: #ffffff;\">\u0158<\/span><\/a><\/h1>\n<\/td>\n<td style=\"width: 20px; height: 125px;\"><\/td>\n<td class=\"Prebarveni\" style=\"width: 125px; height: 125px; text-align: center; background-color: #002e60;\">\n<h1><a href=\"\/slovnicek-pojmu-s\/\"><span style=\"color: #ffffff;\">S<\/span><\/a><\/h1>\n<\/td>\n<td style=\"width: 20px; height: 125px;\"><\/td>\n<td class=\"Prebarveni\" style=\"width: 125px; height: 125px; text-align: center; background-color: #002e60;\">\n<h1><a href=\"\/slovnicek-pojmu-t\/\"><span style=\"color: #ffffff;\">T<\/span><\/a><\/h1>\n<\/td>\n<td style=\"width: 20px; height: 125px;\"><\/td>\n<td class=\"Prebarveni\" style=\"width: 125px; height: 125px; text-align: center; background-color: #002e60;\">\n<h1><a href=\"\/slovnicek-pojmu-u\/\"><span style=\"color: #ffffff;\">U<\/span><\/a><\/h1>\n<\/td>\n<td style=\"width: 20px; height: 125px;\"><\/td>\n<td class=\"Prebarveni\" style=\"width: 125px; height: 125px; background-color: #002e60;\">\n<h1 style=\"text-align: center;\"><a href=\"\/slovnicek-pojmu-v\/\"><span style=\"color: #ffffff;\">V<\/span><\/a><\/h1>\n<\/td>\n<td style=\"width: 20px; height: 125px;\"><\/td>\n<td class=\"Prebarveni\" style=\"width: 125px; height: 125px; text-align: center; background-color: #002e60;\">\n<h1><a href=\"\/slovnicek-pojmu-z\/\"><span style=\"color: #ffffff;\">Z<\/span><\/a><\/h1>\n<\/td>\n<td style=\"width: 20px; height: 125px;\"><\/td>\n<td class=\"Prebarveni\" style=\"width: 125px; height: 125px; text-align: center; background-color: #002e60;\">\n<h1><a href=\"\/slovnicek-pojmu-z-2\/\"><span style=\"color: #ffffff;\">\u017d<\/span><\/a><\/h1>\n<\/td>\n<\/tr>\n<\/tbody>\n<\/table>\n<p>&nbsp;<br \/>\n&nbsp; <\/p>\n<style> \n.Prebarveni{ \n\/\/background-color: #002e60; \n} \n.Prebarveni:hover{ \nbackground-color: #db002f !important; \n} \na:link { \ntext-decoration: none; \n} \n<\/style>\n<p> <\/p>","protected":false},"excerpt":{"rendered":"<p>&nbsp; Obecn\u00e9 dotazy k OP PIK CBA &#8211; Anal\u00fdza n\u00e1klad\u016f a p\u0159\u00ednos\u016f Povinn\u00e1 publicita projektu V\u00fdb\u011br dodavatele \u017d\u00e1dost o platbu Monitoring projektu Program Inovace &#8211; Inova\u010dn\u00ed projekt Program Inovace \u2013 projekt na ochranu pr\u00e1v pr\u016fmyslov\u00e9ho vlastnictv\u00ed Program Potenci\u00e1l Program Aplikace Program Partnerstv\u00ed znalostn\u00edho transferu Program Spolupr\u00e1ce &#8211; klastry Program Spolupr\u00e1ce &#8211; technologick\u00e9 platformy Program Slu\u017eby [&hellip;]<\/p>\n","protected":false},"author":35,"featured_media":0,"parent":0,"menu_order":44,"comment_status":"closed","ping_status":"closed","template":"","meta":{"inline_featured_image":false,"footnotes":""},"class_list":["post-422","page","type-page","status-publish","hentry"],"publishpress_future_action":{"enabled":false,"date":"2026-05-09 07:15:01","action":"change-status","newStatus":"draft","terms":[],"taxonomy":"","extraData":[]},"publishpress_future_workflow_manual_trigger":{"enabledWorkflows":[]},"_links":{"self":[{"href":"https:\/\/apiagentura.gov.cz\/en\/wp-json\/wp\/v2\/pages\/422","targetHints":{"allow":["GET"]}}],"collection":[{"href":"https:\/\/apiagentura.gov.cz\/en\/wp-json\/wp\/v2\/pages"}],"about":[{"href":"https:\/\/apiagentura.gov.cz\/en\/wp-json\/wp\/v2\/types\/page"}],"author":[{"embeddable":true,"href":"https:\/\/apiagentura.gov.cz\/en\/wp-json\/wp\/v2\/users\/35"}],"replies":[{"embeddable":true,"href":"https:\/\/apiagentura.gov.cz\/en\/wp-json\/wp\/v2\/comments?post=422"}],"version-history":[{"count":0,"href":"https:\/\/apiagentura.gov.cz\/en\/wp-json\/wp\/v2\/pages\/422\/revisions"}],"wp:attachment":[{"href":"https:\/\/apiagentura.gov.cz\/en\/wp-json\/wp\/v2\/media?parent=422"}],"curies":[{"name":"wp","href":"https:\/\/api.w.org\/{rel}","templated":true}]}}